{"id":336,"date":"2025-03-24T14:55:20","date_gmt":"2025-03-24T17:55:20","guid":{"rendered":"https:\/\/www.ufpb.br\/comconf\/?page_id=336"},"modified":"2025-03-24T14:56:10","modified_gmt":"2025-03-24T17:56:10","slug":"comite-de-governanca-controle-interno-e-gestao-de-riscos","status":"publish","type":"page","link":"https:\/\/www.ufpb.br\/comconf\/comgov\/comite-de-governanca-controle-interno-e-gestao-de-riscos\/","title":{"rendered":"Comit\u00ea de Governan\u00e7a, Controle Interno e Gest\u00e3o de Riscos"},"content":{"rendered":"\n<p>O Comit\u00ea de Governan\u00e7a, Controle Interno e Gest\u00e3o de Riscos (ConGov) da Universidade Federal da Para\u00edba tem o prop\u00f3sito de adotar medidas para a sistematiza\u00e7\u00e3o de pr\u00e1ticas relacionadas \u00e0 governan\u00e7a, aos controles internos e a gest\u00e3o de riscos da UFPB. Foi criado pela&nbsp;<a href=\"https:\/\/sig-arq.ufpb.br\/arquivos\/2018025034186d1155721626c2e0e7dec\/Runi38_2018.pdf\" target=\"_blank\" rel=\"noreferrer noopener\">RESOLU\u00c7\u00c3O N\u00ba 38\/2018<\/a> do&nbsp;CONSELHO UNIVERSIT\u00c1RIO DA UNIVERSIDADE FEDERAL DA PARA\u00cdBA (Consuni).<\/p>\n\n\n\n<p><strong>\u00c9 constitu\u00eddo por:<\/strong><\/p>\n\n\n\n<p>I \u2013 Reitor (a), que o presidir\u00e1;<\/p>\n\n\n\n<p>II \u2013 Vice-Reitor (a);<\/p>\n\n\n\n<p>III \u2013 Pr\u00f3-reitores;<\/p>\n\n\n\n<p>III \u2013 Procurador-Chefe;<\/p>\n\n\n\n<p>IV \u2013 Auditor-Chefe;<\/p>\n\n\n\n<p>V \u2013 Coordenador de Conformidade Interna.<\/p>\n\n\n\n<p><strong>Suas compet\u00eancias s\u00e3o:<\/strong><\/p>\n\n\n\n<p>I \u2013 promover pr\u00e1ticas e princ\u00edpios de conduta e padr\u00f5es de comportamentos;<\/p>\n\n\n\n<p>II \u2013 institucionalizar estruturas adequadas de governan\u00e7a, controles internos e gest\u00e3o de riscos;<\/p>\n\n\n\n<p>III \u2013 promover o desenvolvimento cont\u00ednuo dos agentes p\u00fablicos e incentivar a ado\u00e7\u00e3o de boas pr\u00e1ticas de governan\u00e7a, controles internos e gest\u00e3o de riscos;<\/p>\n\n\n\n<p>IV \u2013 garantir a ader\u00eancia \u00e0s regulamenta\u00e7\u00f5es, leis, c\u00f3digos, normas e padr\u00f5es, com vistas \u00e0 condu\u00e7\u00e3o das pol\u00edticas e \u00e0 presta\u00e7\u00e3o de servi\u00e7os de interesse p\u00fablico;<\/p>\n\n\n\n<p>V \u2013 promover a integra\u00e7\u00e3o dos agentes respons\u00e1veis pela governan\u00e7a, controle interno e gest\u00e3o de riscos;<\/p>\n\n\n\n<p>VI \u2013 promover a ado\u00e7\u00e3o de pr\u00e1ticas que institucionalizem a responsabilidade dos agentes p\u00fablicos na presta\u00e7\u00e3o de contas, na transpar\u00eancia e na efetividade das informa\u00e7\u00f5es;<\/p>\n\n\n\n<p>VII \u2013 aprovar pol\u00edtica, diretrizes, metodologias e mecanismos para comunica\u00e7\u00e3o e institucionaliza\u00e7\u00e3o da gest\u00e3o de riscos e dos controles internos;<\/p>\n\n\n\n<p>VIII \u2013 supervisionar o mapeamento e avalia\u00e7\u00e3o dos riscos-chave em n\u00edvel institucional que podem comprometer a presta\u00e7\u00e3o de servi\u00e7os de interesse p\u00fablico;<\/p>\n\n\n\n<p>IX \u2013 liderar e supervisionar a institucionaliza\u00e7\u00e3o da gest\u00e3o de riscos e dos controles internos, oferecendo suporte necess\u00e1rio para sua efetiva implementa\u00e7\u00e3o na institui\u00e7\u00e3o;<\/p>\n\n\n\n<p>X \u2013 estabelecer limites de exposi\u00e7\u00e3o a riscos globais da UFPB, bem com os limites das unidades, pol\u00edticas p\u00fablicas, ou atividades;<\/p>\n\n\n\n<p>XI \u2013 aprovar e supervisionar m\u00e9todo de prioriza\u00e7\u00e3o de temas e macroprocessos para gerenciamento de riscos e implementa\u00e7\u00e3o dos controles internos da gest\u00e3o;<\/p>\n\n\n\n<p>XII \u2013 emitir recomenda\u00e7\u00e3o para o aprimoramento da governan\u00e7a, do controle interno e da gest\u00e3o de riscos;&nbsp;<\/p>\n\n\n\n<p>XIII \u2013 monitorar as recomenda\u00e7\u00f5es e orienta\u00e7\u00f5es deliberadas pelo Comit\u00ea.<\/p>\n","protected":false},"excerpt":{"rendered":"<p>O Comit\u00ea de Governan\u00e7a, Controle Interno e Gest\u00e3o de Riscos (ConGov) da Universidade Federal da Para\u00edba tem o prop\u00f3sito de adotar medidas para a sistematiza\u00e7\u00e3o de pr\u00e1ticas relacionadas \u00e0 governan\u00e7a, aos controles internos e a gest\u00e3o de riscos da UFPB. Foi criado pela&nbsp;RESOLU\u00c7\u00c3O N\u00ba 38\/2018 do&nbsp;CONSELHO UNIVERSIT\u00c1RIO DA UNIVERSIDADE FEDERAL DA PARA\u00cdBA (Consuni). \u00c9 constitu\u00eddo [&hellip;]<\/p>\n","protected":false},"author":240,"featured_media":0,"parent":332,"menu_order":0,"comment_status":"closed","ping_status":"closed","template":"","meta":{"footnotes":""},"class_list":["post-336","page","type-page","status-publish","hentry"],"_links":{"self":[{"href":"https:\/\/www.ufpb.br\/comconf\/wp-json\/wp\/v2\/pages\/336","targetHints":{"allow":["GET"]}}],"collection":[{"href":"https:\/\/www.ufpb.br\/comconf\/wp-json\/wp\/v2\/pages"}],"about":[{"href":"https:\/\/www.ufpb.br\/comconf\/wp-json\/wp\/v2\/types\/page"}],"author":[{"embeddable":true,"href":"https:\/\/www.ufpb.br\/comconf\/wp-json\/wp\/v2\/users\/240"}],"replies":[{"embeddable":true,"href":"https:\/\/www.ufpb.br\/comconf\/wp-json\/wp\/v2\/comments?post=336"}],"version-history":[{"count":1,"href":"https:\/\/www.ufpb.br\/comconf\/wp-json\/wp\/v2\/pages\/336\/revisions"}],"predecessor-version":[{"id":337,"href":"https:\/\/www.ufpb.br\/comconf\/wp-json\/wp\/v2\/pages\/336\/revisions\/337"}],"up":[{"embeddable":true,"href":"https:\/\/www.ufpb.br\/comconf\/wp-json\/wp\/v2\/pages\/332"}],"wp:attachment":[{"href":"https:\/\/www.ufpb.br\/comconf\/wp-json\/wp\/v2\/media?parent=336"}],"curies":[{"name":"wp","href":"https:\/\/api.w.org\/{rel}","templated":true}]}}