{"id":354,"date":"2025-03-24T15:07:15","date_gmt":"2025-03-24T18:07:15","guid":{"rendered":"https:\/\/www.ufpb.br\/comconf\/?page_id=354"},"modified":"2025-04-03T10:41:59","modified_gmt":"2025-04-03T13:41:59","slug":"portarias-do-comgov","status":"publish","type":"page","link":"https:\/\/www.ufpb.br\/comconf\/comgov\/portarias-do-comgov\/","title":{"rendered":"Portarias"},"content":{"rendered":"\n<p><a href=\"http:\/\/www.ufpb.br\/comconf\/wp-content\/uploads\/sites\/79\/sites\/212\/2025\/03\/portaria_312-2022_-_publicacao_decisao_segunda_reunio.pdf\" data-type=\"page\" data-id=\"364\">PORTARIA\u00a0N\u00b0 311, DE 12 DE AGOSTO DE 2022<\/a> &#8211; Aprova decis\u00e3o do ComGov\/UFPB\u00a0(<a href=\"https:\/\/sig-arq.ufpb.br\/arquivos\/202200105602ff4492473026fb2b7bed8\/BS_53-2022.pdf\" target=\"_blank\" rel=\"noreferrer noopener\">BOLETIM DE SERVI\u00c7O &#8211; N\u00ba 53\/2022<\/a>): Designa a CEP\/UFPB para exercer as atribui\u00e7\u00f5es prevista no inciso II a IV, do art. 5\u00b0 da Portaria Interministerial n\u00b0 333, de 19\/09\/2013.<\/p>\n\n\n\n<p><a href=\"http:\/\/www.ufpb.br\/comconf\/wp-content\/uploads\/sites\/79\/sites\/212\/2025\/03\/portaria_312-2022_-_publicacao_decisao_segunda_reunio.pdf\" data-type=\"page\" data-id=\"363\">PORTARIA\u00a0N\u00b0 312, DE 12 DE AGOSTO DE 2022<\/a> &#8211; Aprova decis\u00e3o do ComGov\/UFPB\u00a0(<a href=\"https:\/\/sig-arq.ufpb.br\/arquivos\/202200105602ff4492473026fb2b7bed8\/BS_53-2022.pdf\" target=\"_blank\" rel=\"noreferrer noopener\">BOLETIM DE SERVI\u00c7O &#8211; N\u00ba 53\/2022<\/a>):\u00a0Aprova a minuta de revis\u00e3o da Resolu\u00e7\u00e3o 13\/2020 &#8211; Pol\u00edtica de Gest\u00e3o de Risco da UFPB.<\/p>\n\n\n\n<p><a href=\"http:\/\/www.ufpb.br\/comconf\/wp-content\/uploads\/sites\/79\/sites\/212\/2025\/03\/portaria-288-de-22-de-junho-de-2022.pdf\" data-type=\"link\" data-id=\"http:\/\/www.ufpb.br\/comconf\/wp-content\/uploads\/sites\/79\/sites\/212\/2025\/03\/portaria-288-de-22-de-junho-de-2022.pdf\">PORTARIA N\u00ba 288, DE 22 DE JUNHO DE 2022<\/a> &#8211;\u00a0\u00a0Aprova decis\u00f5es do Comit\u00ea de Governan\u00e7a,\u00a0Controle Interno e Gest\u00e3o de Riscos da UFPB\u00a0 (<a href=\"http:\/\/sig-arq.ufpb.br\/arquivos\/20221732223f8043760754781d60824eb\/BS_45-2022.pdf\" target=\"_blank\" rel=\"noreferrer noopener\">BOLETIM DE SERVI\u00c7O &#8211; N\u00ba\u00a045\/2022<\/a>):<\/p>\n\n\n\n<p>&nbsp;I &#8211; Calend\u00e1rio bimestral de reuni\u00f5es do ComGov.<\/p>\n\n\n\n<p>II &#8211; Relat\u00f3rio Anual do Plano Anual de Conformidade Administrativa Institucional da UFPB de 2021.<\/p>\n\n\n\n<p>III &#8211; Plano Anual de Conformidade Administrativa Institucional da UFPB de 2022.<\/p>\n\n\n\n<p><a href=\"http:\/\/www.ufpb.br\/comconf\/wp-content\/uploads\/sites\/79\/sites\/212\/2025\/03\/portaria-217-e-218-bs_31-2022-grupo-de-trabalho.pdf\" data-type=\"link\" data-id=\"http:\/\/www.ufpb.br\/comconf\/wp-content\/uploads\/sites\/79\/sites\/212\/2025\/03\/portaria-217-e-218-bs_31-2022-grupo-de-trabalho.pdf\">PORTARIA N\u00ba 218, DE 03 DE MAIO DE 2022<\/a>\u00a0 &#8211;\u00a0Instituir a cria\u00e7\u00e3o de grupo de trabalho para revis\u00e3o\u00a0da Pol\u00edtica de Gest\u00e3o de Riscos da UFPB (<a href=\"https:\/\/sig-arq.ufpb.br\/arquivos\/20202032010a842527970e76d79ae2915\/Res_13.2020_Consuni.pdf\" target=\"_blank\" rel=\"noreferrer noopener\">Resolu\u00e7\u00e3o 13\/2020<\/a>)\u00a0\u00a0(<a href=\"https:\/\/sig-arq.ufpb.br\/arquivos\/2022245210b7b74199975d340f861e558\/BS_31-2022.pdf\" target=\"_blank\" rel=\"noreferrer noopener\">BOLETIM DE SERVI\u00c7O &#8211; N\u00ba 31\/2022<\/a>)<\/p>\n\n\n\n<p><a href=\"http:\/\/www.ufpb.br\/comconf\/wp-content\/uploads\/sites\/79\/sites\/212\/2025\/03\/portaria-217-e-218-bs_31-2022-grupo-de-trabalho.pdf\" data-type=\"link\" data-id=\"http:\/\/www.ufpb.br\/comconf\/wp-content\/uploads\/sites\/79\/sites\/212\/2025\/03\/portaria-217-e-218-bs_31-2022-grupo-de-trabalho.pdf\">PORTARIA N\u00ba 217, DE 03 DE MAIO DE 2022<\/a>\u00a0 &#8211;\u00a0 Instituir Grupo de Trabalho Governan\u00e7a, Controle Interno e Gest\u00e3o de Risco. (<a href=\"https:\/\/sig-arq.ufpb.br\/arquivos\/2022245210b7b74199975d340f861e558\/BS_31-2022.pdf\" target=\"_blank\" rel=\"noreferrer noopener\">BOLETIM DE SERVI\u00c7O &#8211; N\u00ba 31\/2022<\/a>)<\/p>\n\n\n\n<p><\/p>\n","protected":false},"excerpt":{"rendered":"<p>PORTARIA\u00a0N\u00b0 311, DE 12 DE AGOSTO DE 2022 &#8211; Aprova decis\u00e3o do ComGov\/UFPB\u00a0(BOLETIM DE SERVI\u00c7O &#8211; N\u00ba 53\/2022): Designa a CEP\/UFPB para exercer as atribui\u00e7\u00f5es prevista no inciso II a IV, do art. 5\u00b0 da Portaria Interministerial n\u00b0 333, de 19\/09\/2013. PORTARIA\u00a0N\u00b0 312, DE 12 DE AGOSTO DE 2022 &#8211; Aprova decis\u00e3o do ComGov\/UFPB\u00a0(BOLETIM DE [&hellip;]<\/p>\n","protected":false},"author":240,"featured_media":0,"parent":332,"menu_order":0,"comment_status":"closed","ping_status":"closed","template":"","meta":{"footnotes":""},"class_list":["post-354","page","type-page","status-publish","hentry"],"_links":{"self":[{"href":"https:\/\/www.ufpb.br\/comconf\/wp-json\/wp\/v2\/pages\/354","targetHints":{"allow":["GET"]}}],"collection":[{"href":"https:\/\/www.ufpb.br\/comconf\/wp-json\/wp\/v2\/pages"}],"about":[{"href":"https:\/\/www.ufpb.br\/comconf\/wp-json\/wp\/v2\/types\/page"}],"author":[{"embeddable":true,"href":"https:\/\/www.ufpb.br\/comconf\/wp-json\/wp\/v2\/users\/240"}],"replies":[{"embeddable":true,"href":"https:\/\/www.ufpb.br\/comconf\/wp-json\/wp\/v2\/comments?post=354"}],"version-history":[{"count":6,"href":"https:\/\/www.ufpb.br\/comconf\/wp-json\/wp\/v2\/pages\/354\/revisions"}],"predecessor-version":[{"id":565,"href":"https:\/\/www.ufpb.br\/comconf\/wp-json\/wp\/v2\/pages\/354\/revisions\/565"}],"up":[{"embeddable":true,"href":"https:\/\/www.ufpb.br\/comconf\/wp-json\/wp\/v2\/pages\/332"}],"wp:attachment":[{"href":"https:\/\/www.ufpb.br\/comconf\/wp-json\/wp\/v2\/media?parent=354"}],"curies":[{"name":"wp","href":"https:\/\/api.w.org\/{rel}","templated":true}]}}