{"id":372,"date":"2025-03-24T15:23:35","date_gmt":"2025-03-24T18:23:35","guid":{"rendered":"https:\/\/www.ufpb.br\/comconf\/?page_id=372"},"modified":"2026-03-23T11:46:52","modified_gmt":"2026-03-23T14:46:52","slug":"transparencia","status":"publish","type":"page","link":"https:\/\/www.ufpb.br\/comconf\/transparencia\/","title":{"rendered":"Transpar\u00eancia"},"content":{"rendered":"\n<p><a href=\"https:\/\/www.ufpb.br\/comconf\/transparencia\/relatorios-dos-processos-tratados-no-sistema-sipac-conecta-tcu-e-e-cgu\/\" data-type=\"link\" data-id=\"https:\/\/www.ufpb.br\/comconf\/transparencia\/relatorios-dos-processos-tratados-no-sistema-sipac-conecta-tcu-e-e-cgu\/\">Relat\u00f3rios dos Processos Tratados no Sistema SIPAC, Conecta TCU e E-CGU<\/a><\/p>\n\n\n\n<p><a href=\"https:\/\/www.ufpb.br\/comconf\/wp-admin\/post.php?post=784&amp;action=edit\">Relat\u00f3rios de Trabalho<\/a><\/p>\n\n\n\n<p><\/p>\n\n\n\n<p><strong>ATAS DA COMISS\u00c3O DE CONFORMIDADE &#8211; 2025\/2026 <\/strong><\/p>\n\n\n\n<p><a href=\"https:\/\/www.ufpb.br\/comconf\/wp-content\/uploads\/sites\/79\/sites\/212\/2026\/03\/ATA_20_2025_COMCONF5289590797872992142.pdf\" data-type=\"attachment\" data-id=\"854\">Ata 20\/2025 de 14 de agosto de 2025<\/a><\/p>\n\n\n\n<p><a href=\"https:\/\/www.ufpb.br\/comconf\/wp-content\/uploads\/sites\/79\/sites\/212\/2026\/03\/ATA_1_2026_COMCONF8075169537806884324.pdf\" data-type=\"attachment\" data-id=\"853\">Ata 1\/2026 de 09 de janeiro de 2026<\/a><\/p>\n\n\n\n<p><a href=\"https:\/\/www.ufpb.br\/comconf\/wp-content\/uploads\/sites\/79\/sites\/212\/2026\/03\/ATA_3_2026_COMCONF3692482400263925010.pdf\" data-type=\"attachment\" data-id=\"852\">Ata 3\/2026 de 10 de fevereiro de 2026 <\/a><\/p>\n\n\n\n<p><\/p>\n","protected":false},"excerpt":{"rendered":"<p>Relat\u00f3rios dos Processos Tratados no Sistema SIPAC, Conecta TCU e E-CGU Relat\u00f3rios de Trabalho ATAS DA COMISS\u00c3O DE CONFORMIDADE &#8211; 2025\/2026 Ata 20\/2025 de 14 de agosto de 2025 Ata 1\/2026 de 09 de janeiro de 2026 Ata 3\/2026 de 10 de fevereiro de 2026<\/p>\n","protected":false},"author":240,"featured_media":0,"parent":0,"menu_order":0,"comment_status":"closed","ping_status":"closed","template":"","meta":{"footnotes":""},"class_list":["post-372","page","type-page","status-publish","hentry"],"_links":{"self":[{"href":"https:\/\/www.ufpb.br\/comconf\/wp-json\/wp\/v2\/pages\/372","targetHints":{"allow":["GET"]}}],"collection":[{"href":"https:\/\/www.ufpb.br\/comconf\/wp-json\/wp\/v2\/pages"}],"about":[{"href":"https:\/\/www.ufpb.br\/comconf\/wp-json\/wp\/v2\/types\/page"}],"author":[{"embeddable":true,"href":"https:\/\/www.ufpb.br\/comconf\/wp-json\/wp\/v2\/users\/240"}],"replies":[{"embeddable":true,"href":"https:\/\/www.ufpb.br\/comconf\/wp-json\/wp\/v2\/comments?post=372"}],"version-history":[{"count":6,"href":"https:\/\/www.ufpb.br\/comconf\/wp-json\/wp\/v2\/pages\/372\/revisions"}],"predecessor-version":[{"id":858,"href":"https:\/\/www.ufpb.br\/comconf\/wp-json\/wp\/v2\/pages\/372\/revisions\/858"}],"wp:attachment":[{"href":"https:\/\/www.ufpb.br\/comconf\/wp-json\/wp\/v2\/media?parent=372"}],"curies":[{"name":"wp","href":"https:\/\/api.w.org\/{rel}","templated":true}]}}