{"id":381,"date":"2025-03-24T15:30:59","date_gmt":"2025-03-24T18:30:59","guid":{"rendered":"https:\/\/www.ufpb.br\/comconf\/?page_id=381"},"modified":"2025-03-24T15:48:42","modified_gmt":"2025-03-24T18:48:42","slug":"legislacao","status":"publish","type":"page","link":"https:\/\/www.ufpb.br\/comconf\/legislacao\/","title":{"rendered":"Legisla\u00e7\u00e3o"},"content":{"rendered":"\n<h2 class=\"wp-block-heading\">DECRETOS<\/h2>\n\n\n\n<ul class=\"wp-block-list\">\n<li><strong><a href=\"http:\/\/www.ufpb.br\/comconf\/wp-content\/uploads\/sites\/79\/sites\/212\/2025\/03\/decreto-no-11-529-de-16-de-maio-de-2023-decreto-no-11-529-de-16-de-maio-de-2023-dou-imprensa-nacional.pdf\" target=\"_blank\" rel=\"noreferrer noopener\">DECRETO N\u00ba 11.529, DE 16 DE MAIO DE 2023<\/a><\/strong> &#8211;&nbsp;Institui o Sistema de Integridade, Transpar\u00eancia e Acesso \u00e0 Informa\u00e7\u00e3o da Administra\u00e7\u00e3o P\u00fablica Federal e a Pol\u00edtica de Transpar\u00eancia e Acesso \u00e0 Informa\u00e7\u00e3o da Administra\u00e7\u00e3o P\u00fablica Federal.<\/li>\n<\/ul>\n\n\n\n<ul class=\"wp-block-list\">\n<li><strong><a href=\"http:\/\/www.in.gov.br\/en\/web\/dou\/-\/decreto-n-10.756-de-27-de-julho-de-2021-334837774\" target=\"_blank\" rel=\"noreferrer noopener\">DECRETO N\u00ba 10.756, DE 27 DE JULHO DE 2021<\/a><\/strong> &#8211;&nbsp;Institui o Sistema de Integridade P\u00fablica do Poder Executivo Federal.<\/li>\n\n\n\n<li><strong><a href=\"http:\/\/www.planalto.gov.br\/ccivil_03\/_ato2015-2018\/2017\/decreto\/d9203.htm\" target=\"_blank\" rel=\"noreferrer noopener\">DECRETO N\u00ba 9.203, DE 22 DE NOVEMBRO DE 2017<\/a>&nbsp;&#8211;&nbsp;<\/strong>Disp\u00f5e sobre a pol\u00edtica de governan\u00e7a da administra\u00e7\u00e3o p\u00fablica federal direta, aut\u00e1rquica e fundacional.<\/li>\n\n\n\n<li><strong><a href=\"http:\/\/www.planalto.gov.br\/ccivil_03\/_ato2019-2022\/2019\/decreto\/D9901.htm\" target=\"_blank\" rel=\"noreferrer noopener\">DECRETO N\u00ba 9.901, DE&nbsp;8 DE JULHO DE 2019<\/a>&nbsp;&#8211;&nbsp;<\/strong>Altera o Decreto n\u00ba 9.203, de 22 novembro de 2017, que disp\u00f5e sobre a pol\u00edtica de governan\u00e7a da administra\u00e7\u00e3o p\u00fablica federal direta, aut\u00e1rquica e fundacional.<\/li>\n<\/ul>\n\n\n\n<h2 class=\"wp-block-heading\">&nbsp;<strong>RESOLU\u00c7\u00d5ES<\/strong><\/h2>\n\n\n\n<ul class=\"wp-block-list\">\n<li><strong><a href=\"https:\/\/sig-arq.ufpb.br\/arquivos\/201807619206211155719f60660a14e18\/Runi36_2018.pdf\" target=\"_blank\" rel=\"noreferrer noopener\">RESOLU\u00c7\u00c3O N\u00ba 36\/2018<\/a><\/strong>&nbsp;&#8211;&nbsp;Cria a Comiss\u00e3o de Conformidade na Universidade Federal da Para\u00edba e d\u00e1 outras provid\u00eancias.<\/li>\n\n\n\n<li><strong><a href=\"https:\/\/sig-arq.ufpb.br\/arquivos\/20180881554a2d1155720d4d2d0b2e385\/Runi37_2018.pdf\" target=\"_blank\" rel=\"noreferrer noopener\">RESOLU\u00c7\u00c3O N\u00ba 37\/2018<\/a><\/strong>&nbsp;&#8211;&nbsp;Cria o Comit\u00ea de Gest\u00e3o da Integridade na Universidade Federal da Para\u00edba e d\u00e1 outras provid\u00eancias.&nbsp;&nbsp;<\/li>\n\n\n\n<li><strong><a href=\"https:\/\/sig-arq.ufpb.br\/arquivos\/2018025034186d1155721626c2e0e7dec\/Runi38_2018.pdf\" target=\"_blank\" rel=\"noreferrer noopener\">RESOLU\u00c7\u00c3O N\u00ba 38\/2018<\/a>&nbsp;<\/strong>&#8211;&nbsp;Cria o Comit\u00ea de Governan\u00e7a, Controle Interno e Gest\u00e3o de Riscos na Universidade Federal da Para\u00edba e d\u00e1 outras provid\u00eancias.<\/li>\n\n\n\n<li><strong><a href=\"https:\/\/sig-arq.ufpb.br\/arquivos\/20200891021bb918818007f2cc03087bd\/consuni01.20.pdf\" target=\"_blank\" rel=\"noreferrer noopener\">RESOLU\u00c7\u00c3O N.\u00ba 01\/2020<\/a><\/strong>&nbsp;&#8211;&nbsp;Altera a reda\u00e7\u00e3o do inciso VI do art. 3\u00ba da Resolu\u00e7\u00e3o n\u00ba 37\/2018 que cria o Comit\u00ea de Gest\u00e3o da Integridade na Universidade Federal da Para\u00edba.<\/li>\n\n\n\n<li><strong><a href=\"http:\/\/www.ufpb.br\/comconf\/wp-content\/uploads\/sites\/79\/sites\/212\/2025\/03\/bs_34-2024-gestao-de-riscos-da-ufpb-1.pdf\" target=\"_blank\" rel=\"noreferrer noopener\">RESOLU\u00c7\u00c3O N.\u00ba 07\/2024<\/a><\/strong> &#8211; Aprova a nova Pol\u00edtica de Gest\u00e3o de Riscos da Universidade Federal da Para\u00edba.<\/li>\n<\/ul>\n\n\n\n<h2 class=\"wp-block-heading\">INSTRU\u00c7\u00d5ES NORMATIVAS<\/h2>\n\n\n\n<ul class=\"wp-block-list\">\n<li><strong><a href=\"https:\/\/www.in.gov.br\/materia\/-\/asset_publisher\/Kujrw0TZC2Mb\/content\/id\/21519355\/do1-2016-05-11-instrucao-normativa-conjunta-n-1-de-10-de-maio-de-2016-21519197\" target=\"_blank\" rel=\"noreferrer noopener\">INSTRU\u00c7\u00c3O NORMATIVA CONJUNTA N\u00ba 1, DE 10 DE MAIO DE 2016<\/a><\/strong> &#8211;&nbsp;Disp\u00f5e sobre controles internos, gest\u00e3o de riscos e governan\u00e7a no \u00e2mbito do Poder Executivo federal.<\/li>\n<\/ul>\n\n\n\n<h2 class=\"wp-block-heading\">PORTARIAS<\/h2>\n\n\n\n<ul class=\"wp-block-list\">\n<li><strong><a href=\"https:\/\/www.in.gov.br\/materia\/-\/asset_publisher\/Kujrw0TZC2Mb\/content\/id\/58029864\" target=\"_blank\" rel=\"noreferrer noopener\">PORTARIA N\u00ba 57, DE 4 DE JANEIRO DE 2019<\/a><\/strong> &#8211;&nbsp;Altera a Portaria CGU n\u00ba 1.089, de 25 de abril de 2018, que estabelece orienta\u00e7\u00f5es para que os \u00f3rg\u00e3os e as entidades da administra\u00e7\u00e3o p\u00fablica federal direta, aut\u00e1rquica e fundacional adotem procedimentos para a estrutura\u00e7\u00e3o, a execu\u00e7\u00e3o e o monitoramento de seus programas de integridade e d\u00e1 outras provid\u00eancias.<\/li>\n\n\n\n<li><strong><a href=\"http:\/\/www.ufpb.br\/comconf\/wp-content\/uploads\/sites\/79\/sites\/212\/2025\/03\/portaria-de-nomeacao-coordenadora-comconf-fabiana-21_05_2021-1.pdf\">PORTARIA N\u00ba 1115 \/ 2021 &#8211; PROGEP-SCRF<\/a><\/strong>&nbsp;&nbsp;&#8211; Designa\u00e7\u00e3o de Coordenador da Comiss\u00e3o de Conformidade\/ REITORIA.<\/li>\n\n\n\n<li><strong><a href=\"http:\/\/www.ufpb.br\/comconf\/wp-content\/uploads\/sites\/79\/sites\/212\/2025\/03\/portaria-de-nomeacao-coordenador-adjunto-comconf-franklin-21_05_2021-1.pdf\">PORTARIA N\u00ba 1116 \/ 2021 &#8211; PROGEP-SCRF<\/a><\/strong>&nbsp;&#8211; Designa\u00e7\u00e3o de Coordenador Adjunto da Comiss\u00e3o de Conformidade\/ REITORIA.<\/li>\n\n\n\n<li><strong><a href=\"http:\/\/www.ufpb.br\/comconf\/wp-content\/uploads\/sites\/79\/sites\/212\/2025\/03\/portaria_5_2023_reitoria_-agente-e-secretaria-da-conformidade.pdf\">PORTARIA N\u00ba 5\/2023 &#8211; REITORIA &#8211; SGA<\/a><\/strong>&nbsp; &#8211; Designa\u00e7\u00e3o de Secret\u00e1ria e Agente de Conformidade da Comiss\u00e3o de Conformidade\/REITORIA.<\/li>\n\n\n\n<li><strong><a href=\"http:\/\/www.ufpb.br\/comconf\/wp-content\/uploads\/sites\/79\/sites\/212\/2025\/03\/portaria-037-anti-nepotismo.pdf\" target=\"_blank\" rel=\"noreferrer noopener\">PORTARIA N\u00ba 037\/2023 &#8211; REITORIA<\/a><\/strong> &#8211;&nbsp;Estabelece orienta\u00e7\u00f5es e procedimentos para preven\u00e7\u00e3o ao nepotismo no \u00e2mbito da Universidade Federal da Para\u00edba.<\/li>\n\n\n\n<li><strong><a href=\"http:\/\/www.ufpb.br\/comconf\/wp-content\/uploads\/sites\/79\/sites\/212\/2025\/03\/portaria-no-092-reitoria.pdf\" target=\"_blank\" rel=\"noreferrer noopener\">PORTARIA N\u00ba 092\/2023 &#8211; REITORIA<\/a><\/strong><a href=\"http:\/\/plone.ufpb.br\/comconf\/contents\/documentos\/portarias-e-resolucoes\/portaria-no-092-reitoria.pdf\" target=\"_blank\" rel=\"noreferrer noopener\">&nbsp;<\/a>&#8211;&nbsp;Institui o procedimento de consulta sobre a exist\u00eancia de conflitos&nbsp;de interesses e o pedido de autoriza\u00e7\u00e3o para exerc\u00edcio de atividade privada para os servidores da Universidade Federal da Para\u00edba.<\/li>\n\n\n\n<li><strong><a href=\"http:\/\/www.ufpb.br\/comconf\/wp-content\/uploads\/sites\/79\/sites\/212\/2025\/03\/portaria_56-2023_agentes_de_-conformidade.pdf\" target=\"_blank\" rel=\"noreferrer noopener\">PORTARIA N\u00ba 056\/2023 &#8211; REITORIA<\/a>&nbsp;&#8211; <\/strong>Designa os agentes de conformidade das unidades administrativas da Universidade Federal da Para\u00edba.<\/li>\n\n\n\n<li><strong><a href=\"http:\/\/www.ufpb.br\/comconf\/wp-content\/uploads\/sites\/79\/sites\/212\/2025\/03\/PORTARIA-102_2023.pdf\" target=\"_blank\" rel=\"noreferrer noopener\">PORTARIA N\u00ba 102\/2023 &#8211; REITORIA&nbsp;&#8211; SGA<\/a> &#8211;&nbsp;<\/strong>Designa a agente de conformidade da Comiss\u00e3o de Conformidade\/REITORIA.<\/li>\n\n\n\n<li><strong><a href=\"http:\/\/www.ufpb.br\/comconf\/wp-content\/uploads\/sites\/79\/sites\/212\/2025\/03\/PORTARIA_118_2023_REITORIA_SGA.pdf\" target=\"_blank\" rel=\"noreferrer noopener\">PORTARIA N\u00ba 118\/2023 &#8211; REITORIA &#8211; SGA<\/a><\/strong>&#8211;&nbsp;Referenda a aprova\u00e7\u00e3o do Programa e Plano de Integridade da UFPB, bi\u00eanio 2023-2024.<\/li>\n\n\n\n<li><strong><a href=\"http:\/\/www.ufpb.br\/comconf\/wp-content\/uploads\/sites\/79\/sites\/212\/2025\/03\/portaria-127-gr.pdf\" target=\"_blank\" rel=\"noreferrer noopener\">PORTARIA N\u00ba 127 &#8211; REITORIA<\/a><\/strong> &#8211;&nbsp;Referenda a aprova\u00e7\u00e3o do Programa e Plano de Conformidade da UFPB, bi\u00eanio&nbsp;2023-2024.<\/li>\n<\/ul>\n","protected":false},"excerpt":{"rendered":"<p>DECRETOS &nbsp;RESOLU\u00c7\u00d5ES INSTRU\u00c7\u00d5ES NORMATIVAS PORTARIAS<\/p>\n","protected":false},"author":240,"featured_media":0,"parent":0,"menu_order":0,"comment_status":"closed","ping_status":"closed","template":"","meta":{"footnotes":""},"class_list":["post-381","page","type-page","status-publish","hentry"],"_links":{"self":[{"href":"https:\/\/www.ufpb.br\/comconf\/wp-json\/wp\/v2\/pages\/381","targetHints":{"allow":["GET"]}}],"collection":[{"href":"https:\/\/www.ufpb.br\/comconf\/wp-json\/wp\/v2\/pages"}],"about":[{"href":"https:\/\/www.ufpb.br\/comconf\/wp-json\/wp\/v2\/types\/page"}],"author":[{"embeddable":true,"href":"https:\/\/www.ufpb.br\/comconf\/wp-json\/wp\/v2\/users\/240"}],"replies":[{"embeddable":true,"href":"https:\/\/www.ufpb.br\/comconf\/wp-json\/wp\/v2\/comments?post=381"}],"version-history":[{"count":5,"href":"https:\/\/www.ufpb.br\/comconf\/wp-json\/wp\/v2\/pages\/381\/revisions"}],"predecessor-version":[{"id":399,"href":"https:\/\/www.ufpb.br\/comconf\/wp-json\/wp\/v2\/pages\/381\/revisions\/399"}],"wp:attachment":[{"href":"https:\/\/www.ufpb.br\/comconf\/wp-json\/wp\/v2\/media?parent=381"}],"curies":[{"name":"wp","href":"https:\/\/api.w.org\/{rel}","templated":true}]}}