{"id":416,"date":"2025-03-25T10:50:36","date_gmt":"2025-03-25T13:50:36","guid":{"rendered":"https:\/\/www.ufpb.br\/comconf\/?page_id=416"},"modified":"2026-03-25T15:10:07","modified_gmt":"2026-03-25T18:10:07","slug":"integridade","status":"publish","type":"page","link":"https:\/\/www.ufpb.br\/comconf\/integridade\/","title":{"rendered":"Integridade"},"content":{"rendered":"\n<p><a href=\"https:\/\/www.ufpb.br\/comconf\/integridade\/campanhas-de-integridade\/\" data-type=\"link\" data-id=\"https:\/\/www.ufpb.br\/comconf\/integridade\/campanhas-de-integridade\/\">Campanhas de Integridade<\/a><\/p>\n\n\n\n<p><a href=\"https:\/\/www.ufpb.br\/comconf\/integridade\/programa-de-integridade\/\" data-type=\"link\" data-id=\"https:\/\/www.ufpb.br\/comconf\/integridade\/programa-de-integridade\/\">Programa de Integridade<\/a><\/p>\n\n\n\n<p><a href=\"https:\/\/www.ufpb.br\/comconf\/831-2\/\" data-type=\"link\" data-id=\"https:\/\/www.ufpb.br\/comconf\/831-2\/\">Compet\u00eancias necess\u00e1rias para o desenvolvimento de atividades em Integridade<\/a><\/p>\n\n\n\n<p>Calend\u00e1rio de Reuni\u00f5es do CGI &#8211; 2026<\/p>\n\n\n\n<p><\/p>\n","protected":false},"excerpt":{"rendered":"<p>Campanhas de Integridade Programa de Integridade Compet\u00eancias necess\u00e1rias para o desenvolvimento de atividades em Integridade Calend\u00e1rio de Reuni\u00f5es do CGI &#8211; 2026<\/p>\n","protected":false},"author":240,"featured_media":0,"parent":0,"menu_order":0,"comment_status":"closed","ping_status":"closed","template":"","meta":{"footnotes":""},"class_list":["post-416","page","type-page","status-publish","hentry"],"_links":{"self":[{"href":"https:\/\/www.ufpb.br\/comconf\/wp-json\/wp\/v2\/pages\/416","targetHints":{"allow":["GET"]}}],"collection":[{"href":"https:\/\/www.ufpb.br\/comconf\/wp-json\/wp\/v2\/pages"}],"about":[{"href":"https:\/\/www.ufpb.br\/comconf\/wp-json\/wp\/v2\/types\/page"}],"author":[{"embeddable":true,"href":"https:\/\/www.ufpb.br\/comconf\/wp-json\/wp\/v2\/users\/240"}],"replies":[{"embeddable":true,"href":"https:\/\/www.ufpb.br\/comconf\/wp-json\/wp\/v2\/comments?post=416"}],"version-history":[{"count":7,"href":"https:\/\/www.ufpb.br\/comconf\/wp-json\/wp\/v2\/pages\/416\/revisions"}],"predecessor-version":[{"id":865,"href":"https:\/\/www.ufpb.br\/comconf\/wp-json\/wp\/v2\/pages\/416\/revisions\/865"}],"wp:attachment":[{"href":"https:\/\/www.ufpb.br\/comconf\/wp-json\/wp\/v2\/media?parent=416"}],"curies":[{"name":"wp","href":"https:\/\/api.w.org\/{rel}","templated":true}]}}