{"id":831,"date":"2026-03-18T12:01:11","date_gmt":"2026-03-18T15:01:11","guid":{"rendered":"https:\/\/www.ufpb.br\/comconf\/?page_id=831"},"modified":"2026-03-18T12:06:47","modified_gmt":"2026-03-18T15:06:47","slug":"831-2","status":"publish","type":"page","link":"https:\/\/www.ufpb.br\/comconf\/831-2\/","title":{"rendered":""},"content":{"rendered":"\n<p class=\"has-vivid-cyan-blue-color has-text-color has-link-color has-large-font-size wp-elements-65ab94cb17fabfabae1a23552a7f8688\"><strong>Compet\u00eancias necess\u00e1rias para o desenvolvimento de atividades em Integridade<\/strong><\/p>\n\n\n\n<p><\/p>\n\n\n\n<p><strong>I &#8211; Compet\u00eancias T\u00e9cnicas<\/strong><\/p>\n\n\n\n<p><\/p>\n\n\n\n<ul class=\"wp-block-list\">\n<li>Conhecimento em governan\u00e7a p\u00fablica, gest\u00e3o de riscos e controles internos;<\/li>\n\n\n\n<li>Conhecimento da legisla\u00e7\u00e3o e normativos relacionados \u00e0 integridade, \u00e9tica e compliance no setor p\u00fablico;<\/li>\n\n\n\n<li>Capacidade de elabora\u00e7\u00e3o, acompanhamento e avalia\u00e7\u00e3o de planos, programas e relat\u00f3rios institucionais;<\/li>\n\n\n\n<li>Habilidade em an\u00e1lise de dados e produ\u00e7\u00e3o de informa\u00e7\u00f5es gerenciais;<\/li>\n\n\n\n<li>Conhecimento dos processos administrativos e fluxos institucionais da UFPB;<\/li>\n\n\n\n<li>Programas de Preven\u00e7\u00e3o \u00e0 Corrup\u00e7\u00e3o (PNPC);<\/li>\n\n\n\n<li>Conhecimento em programas, pol\u00edticas e planos de preven\u00e7\u00e3o de ass\u00e9dio e discrimina\u00e7\u00e3o;<\/li>\n\n\n\n<li>Conhecimento em programas de Privacidade e Seguran\u00e7a da Informa\u00e7\u00e3o (PPSI);<\/li>\n\n\n\n<li>Conhecimento dos sistemas institucionais externo (Conecta-TCU e E-CGU;<\/li>\n\n\n\n<li>Conhecimento em temas, programas, pol\u00edtica e planos relacionados \u00e0 Integridade P\u00fablica;<\/li>\n\n\n\n<li>Conhecimento em referenciais t\u00e9cnicos da CGU (Portaria Normativa 234\/2025)<\/li>\n<\/ul>\n\n\n\n<p><strong>I &#8211; Compet\u00eancias Comportamentais<\/strong><\/p>\n\n\n\n<ul class=\"wp-block-list\">\n<li>\u00c9tica e compromisso com a integridade institucional;<\/li>\n\n\n\n<li>Capacidade anal\u00edtica e pensamento cr\u00edtico;<\/li>\n\n\n\n<li>Comunica\u00e7\u00e3o clara, objetiva e assertiva;<\/li>\n\n\n\n<li>Trabalho colaborativo e articula\u00e7\u00e3o intersetorial;<\/li>\n\n\n\n<li>Proatividade e capacidade de resolu\u00e7\u00e3o de problemas.<\/li>\n<\/ul>\n\n\n\n<p><\/p>\n","protected":false},"excerpt":{"rendered":"<p>Compet\u00eancias necess\u00e1rias para o desenvolvimento de atividades em Integridade I &#8211; Compet\u00eancias T\u00e9cnicas I &#8211; Compet\u00eancias Comportamentais<\/p>\n","protected":false},"author":446,"featured_media":0,"parent":0,"menu_order":0,"comment_status":"closed","ping_status":"closed","template":"","meta":{"footnotes":""},"class_list":["post-831","page","type-page","status-publish","hentry"],"_links":{"self":[{"href":"https:\/\/www.ufpb.br\/comconf\/wp-json\/wp\/v2\/pages\/831","targetHints":{"allow":["GET"]}}],"collection":[{"href":"https:\/\/www.ufpb.br\/comconf\/wp-json\/wp\/v2\/pages"}],"about":[{"href":"https:\/\/www.ufpb.br\/comconf\/wp-json\/wp\/v2\/types\/page"}],"author":[{"embeddable":true,"href":"https:\/\/www.ufpb.br\/comconf\/wp-json\/wp\/v2\/users\/446"}],"replies":[{"embeddable":true,"href":"https:\/\/www.ufpb.br\/comconf\/wp-json\/wp\/v2\/comments?post=831"}],"version-history":[{"count":5,"href":"https:\/\/www.ufpb.br\/comconf\/wp-json\/wp\/v2\/pages\/831\/revisions"}],"predecessor-version":[{"id":836,"href":"https:\/\/www.ufpb.br\/comconf\/wp-json\/wp\/v2\/pages\/831\/revisions\/836"}],"wp:attachment":[{"href":"https:\/\/www.ufpb.br\/comconf\/wp-json\/wp\/v2\/media?parent=831"}],"curies":[{"name":"wp","href":"https:\/\/api.w.org\/{rel}","templated":true}]}}