{"id":1071,"date":"2025-12-18T10:49:15","date_gmt":"2025-12-18T13:49:15","guid":{"rendered":"https:\/\/www.ufpb.br\/comu\/?page_id=1071"},"modified":"2026-04-17T11:03:56","modified_gmt":"2026-04-17T14:03:56","slug":"mulheres-da-ufpb-em-numeros","status":"publish","type":"page","link":"https:\/\/www.ufpb.br\/comu\/mulheres-da-ufpb-em-numeros\/","title":{"rendered":"Mulheres UFPB em N\u00fameros"},"content":{"rendered":"\n<figure class=\"wp-block-gallery has-nested-images columns-default is-cropped wp-block-gallery-1 is-layout-flex wp-block-gallery-is-layout-flex\">\n<figure class=\"wp-block-image size-large\"><img loading=\"lazy\" decoding=\"async\" width=\"1024\" height=\"307\" data-id=\"1244\" src=\"https:\/\/www.ufpb.br\/comu\/wp-content\/uploads\/sites\/79\/sites\/269\/2026\/03\/CABECALHO-1024x307.jpg\" alt=\"\" class=\"wp-image-1244\" srcset=\"https:\/\/www.ufpb.br\/comu\/wp-content\/uploads\/sites\/79\/sites\/269\/2026\/03\/CABECALHO-1024x307.jpg 1024w, https:\/\/www.ufpb.br\/comu\/wp-content\/uploads\/sites\/79\/sites\/269\/2026\/03\/CABECALHO-300x90.jpg 300w, https:\/\/www.ufpb.br\/comu\/wp-content\/uploads\/sites\/79\/sites\/269\/2026\/03\/CABECALHO-768x230.jpg 768w, https:\/\/www.ufpb.br\/comu\/wp-content\/uploads\/sites\/79\/sites\/269\/2026\/03\/CABECALHO-1536x461.jpg 1536w, https:\/\/www.ufpb.br\/comu\/wp-content\/uploads\/sites\/79\/sites\/269\/2026\/03\/CABECALHO.jpg 2000w\" sizes=\"auto, (max-width: 1024px) 100vw, 1024px\" \/><\/figure>\n<\/figure>\n\n\n\n<h2 class=\"wp-block-heading\"><div class=\"linha-header\"><strong>Confira os Indicadores detalhados:<\/strong><\/div><\/h2>\n\n\n\n<p><a href=\"https:\/\/metabase.ufpb.br\/public\/dashboard\/35e2ddbf-fba8-48cc-9c17-e81a370b11fa\" target=\"_blank\" rel=\"noreferrer noopener\">Dicentes &#8211; Distribui\u00e7\u00e3o por g\u00eanero e por grau de forma\u00e7\u00e3o<\/a><\/p>\n\n\n\n<p><a href=\"https:\/\/metabase.ufpb.br\/public\/dashboard\/fbb8d249-32db-43db-ae30-096cb4db6a32?ano=&amp;g%25C3%25AAnero=&amp;m%25C3%25AAs=\" target=\"_blank\" rel=\"noreferrer noopener\">Docentes Efetivas(os) &#8211; Distribui\u00e7\u00e3o por g\u00eanero e por ter de titula\u00e7\u00e3o<\/a> <\/p>\n\n\n\n<p><a href=\"https:\/\/metabase.ufpb.br\/public\/dashboard\/76ea6c90-b9ab-43c4-af9d-e11d622c59bf?ano=&amp;g%25C3%25AAnero=\" target=\"_blank\" rel=\"noreferrer noopener\">T\u00e9cnicas(os)-administrativas(os) &#8211; Distribui\u00e7\u00e3o por g\u00eanero e por ter de titula\u00e7\u00e3o<\/a><\/p>\n\n\n\n<p><a href=\"https:\/\/metabase.ufpb.br\/public\/dashboard\/9697606e-47f6-42b2-a2f2-655cfcdbd2f0?ano=&amp;departamento=&amp;g%25C3%25AAnero=&amp;m%25C3%25AAs=\" target=\"_blank\" rel=\"noreferrer noopener\">Docentes e T\u00e9cnicas(os)-Administrativas(os) &#8211; Distribui\u00e7\u00e3o por g\u00eanero e por Unidade de Lota\u00e7\u00e3o<\/a><\/p>\n\n\n\n<p><strong>Obs.:<\/strong><\/p>\n\n\n\n<ul class=\"wp-block-list\">\n<li>\u2060Os dados de discentes s\u00e3o atualizados automaticamente todos os s\u00e1bados.<\/li>\n\n\n\n<li>Os dados referente \u00e0s categorias docentes e t\u00e9cnicas-administrativas s\u00e3o atualizados automaticamente no dia 28 de cada m\u00eas.<\/li>\n<\/ul>\n\n\n\n<p>Painel elaborado em parceria entre a CoMu e a STI<\/p>\n","protected":false},"excerpt":{"rendered":"<p>Confira os Indicadores detalhados: Dicentes &#8211; Distribui\u00e7\u00e3o por g\u00eanero e por grau de forma\u00e7\u00e3o Docentes [&hellip;]<\/p>\n","protected":false},"author":137,"featured_media":1244,"parent":0,"menu_order":0,"comment_status":"closed","ping_status":"closed","template":"","meta":{"footnotes":""},"class_list":["post-1071","page","type-page","status-publish","has-post-thumbnail","hentry"],"_links":{"self":[{"href":"https:\/\/www.ufpb.br\/comu\/wp-json\/wp\/v2\/pages\/1071","targetHints":{"allow":["GET"]}}],"collection":[{"href":"https:\/\/www.ufpb.br\/comu\/wp-json\/wp\/v2\/pages"}],"about":[{"href":"https:\/\/www.ufpb.br\/comu\/wp-json\/wp\/v2\/types\/page"}],"author":[{"embeddable":true,"href":"https:\/\/www.ufpb.br\/comu\/wp-json\/wp\/v2\/users\/137"}],"replies":[{"embeddable":true,"href":"https:\/\/www.ufpb.br\/comu\/wp-json\/wp\/v2\/comments?post=1071"}],"version-history":[{"count":9,"href":"https:\/\/www.ufpb.br\/comu\/wp-json\/wp\/v2\/pages\/1071\/revisions"}],"predecessor-version":[{"id":1414,"href":"https:\/\/www.ufpb.br\/comu\/wp-json\/wp\/v2\/pages\/1071\/revisions\/1414"}],"wp:featuredmedia":[{"embeddable":true,"href":"https:\/\/www.ufpb.br\/comu\/wp-json\/wp\/v2\/media\/1244"}],"wp:attachment":[{"href":"https:\/\/www.ufpb.br\/comu\/wp-json\/wp\/v2\/media?parent=1071"}],"curies":[{"name":"wp","href":"https:\/\/api.w.org\/{rel}","templated":true}]}}