{"id":1283,"date":"2026-03-18T07:46:44","date_gmt":"2026-03-18T10:46:44","guid":{"rendered":"https:\/\/www.ufpb.br\/comu\/?page_id=1283"},"modified":"2026-04-09T11:39:58","modified_gmt":"2026-04-09T14:39:58","slug":"banco-vermelho","status":"publish","type":"page","link":"https:\/\/www.ufpb.br\/comu\/banco-vermelho\/","title":{"rendered":"Banco Vermelho na UFPB"},"content":{"rendered":"\n<p class=\"has-text-align-center\"><\/p>\n\n\n<div class=\"wp-block-image\">\n<figure class=\"alignleft size-large is-resized\"><img loading=\"lazy\" decoding=\"async\" width=\"1208\" height=\"806\" src=\"https:\/\/www.ufpb.br\/comu\/wp-content\/uploads\/sites\/79\/sites\/269\/2026\/04\/image-edited.png\" alt=\"\" class=\"wp-image-1385\" style=\"aspect-ratio:1.49878160701288;width:345px;height:auto\" srcset=\"https:\/\/www.ufpb.br\/comu\/wp-content\/uploads\/sites\/79\/sites\/269\/2026\/04\/image-edited.png 1208w, https:\/\/www.ufpb.br\/comu\/wp-content\/uploads\/sites\/79\/sites\/269\/2026\/04\/image-edited-300x200.png 300w, https:\/\/www.ufpb.br\/comu\/wp-content\/uploads\/sites\/79\/sites\/269\/2026\/04\/image-edited-1024x683.png 1024w, https:\/\/www.ufpb.br\/comu\/wp-content\/uploads\/sites\/79\/sites\/269\/2026\/04\/image-edited-768x512.png 768w, https:\/\/www.ufpb.br\/comu\/wp-content\/uploads\/sites\/79\/sites\/269\/2026\/04\/image-edited-272x182.png 272w\" sizes=\"auto, (max-width: 1208px) 100vw, 1208px\" \/><\/figure>\n<\/div>\n\n\n<details class=\"wp-block-details is-layout-flow wp-block-details-is-layout-flow\"><summary>Quer fazer o banco vermelho na sua unidade da UFPB?<\/summary>\n<p><strong>Placa A5 (14,8cm X 21 cm)<\/strong> &#8211; Arquivo dispon\u00edvel abaixo:<\/p>\n\n\n\n<div data-wp-interactive=\"core\/file\" class=\"wp-block-file\"><object data-wp-bind--hidden=\"!state.hasPdfPreview\" hidden class=\"wp-block-file__embed\" data=\"https:\/\/www.ufpb.br\/comu\/wp-content\/uploads\/sites\/79\/sites\/269\/2026\/04\/258-Placa-A5-Banco-Vermelho.pdf\" type=\"application\/pdf\" style=\"width:100%;height:290px\" aria-label=\"Incorporado de 258 - Placa A5 - Banco Vermelho.\"><\/object><a id=\"wp-block-file--media-7acd1be8-1541-424c-8570-447d4d361ded\" href=\"https:\/\/www.ufpb.br\/comu\/wp-content\/uploads\/sites\/79\/sites\/269\/2026\/04\/258-Placa-A5-Banco-Vermelho.pdf\">258 &#8211; Placa A5 &#8211; Banco Vermelho<\/a><a href=\"https:\/\/www.ufpb.br\/comu\/wp-content\/uploads\/sites\/79\/sites\/269\/2026\/04\/258-Placa-A5-Banco-Vermelho.pdf\" class=\"wp-block-file__button wp-element-button\" download aria-describedby=\"wp-block-file--media-7acd1be8-1541-424c-8570-447d4d361ded\">Baixar<\/a><\/div>\n\n\n\n<p><strong>Placa A5 (1m x 0,17m)<\/strong> &#8211; Arquivo dispon\u00edvel abaixo:<\/p>\n\n\n\n<div data-wp-interactive=\"core\/file\" class=\"wp-block-file\"><object data-wp-bind--hidden=\"!state.hasPdfPreview\" hidden class=\"wp-block-file__embed\" data=\"https:\/\/www.ufpb.br\/comu\/wp-content\/uploads\/sites\/79\/sites\/269\/2026\/04\/258-Placa-Horizontal-Banco-Vermelho.pdf\" type=\"application\/pdf\" style=\"width:100%;height:250px\" aria-label=\"Incorporado de 258 - Placa Horizontal - Banco Vermelho.\"><\/object><a id=\"wp-block-file--media-cdd226dc-049f-47a7-9bc3-c9408c574ea2\" href=\"https:\/\/www.ufpb.br\/comu\/wp-content\/uploads\/sites\/79\/sites\/269\/2026\/04\/258-Placa-Horizontal-Banco-Vermelho.pdf\">258 &#8211; Placa Horizontal &#8211; Banco Vermelho<\/a><a href=\"https:\/\/www.ufpb.br\/comu\/wp-content\/uploads\/sites\/79\/sites\/269\/2026\/04\/258-Placa-Horizontal-Banco-Vermelho.pdf\" class=\"wp-block-file__button wp-element-button\" download aria-describedby=\"wp-block-file--media-cdd226dc-049f-47a7-9bc3-c9408c574ea2\">Baixar<\/a><\/div>\n\n\n\n<p><strong>Orienta\u00e7\u00f5es para fixa\u00e7\u00e3o das duas placas no banco:<\/strong><\/p>\n\n\n\n<ul class=\"wp-block-list\">\n<li>A placa A5 (14,8cm X 21cm) deve ser colocada no encosto do banco, no lado esquerdo de quem est\u00e1 olhando para o banco.<\/li>\n\n\n\n<li>A placa com a frase (1m x 0,17m) deve ser colocada no encosto do banco, de forma centralizada.<\/li>\n\n\n\n<li>Cada placa deve ser \u201cparafusada nas 04 extremidades no banco ou colocada com lacre ou mesmo colada de forma que fique segura\u201d (IBV);<\/li>\n<\/ul>\n\n\n\n<p><\/p>\n<\/details>\n\n\n\n<p><\/p>\n\n\n\n<p><\/p>\n\n\n\n<p><\/p>\n\n\n\n<p><\/p>\n\n\n\n<p><\/p>\n\n\n\n<p>Iniciativa promovida pela Reitoria da UFPB, <strong>em parceria com a CoMu<\/strong>, com o objetivo de sensibilizar a comunidade universit\u00e1ria e a sociedade para as viol\u00eancias contra as mulheres.<\/p>\n\n\n\n<p>No \u00e2mbito das universidades federais, a ades\u00e3o ocorre por meio de parceria entre o Instituto Banco Vermelho e a ANDIFES, com lan\u00e7amento previsto para o m\u00eas de mar\u00e7o e car\u00e1ter permanente como a\u00e7\u00e3o institucional de sensibiliza\u00e7\u00e3o e enfrentamento \u00e0 viol\u00eancia contra as mulheres. A a\u00e7\u00e3o integra uma estrat\u00e9gia de comunica\u00e7\u00e3o e educa\u00e7\u00e3o permanente, utilizando espa\u00e7os p\u00fablicos como instrumentos de reflex\u00e3o e conscientiza\u00e7\u00e3o.<\/p>\n\n\n\n<p><strong>O Projeto Banco Vermelho, institu\u00eddo pela <a href=\"https:\/\/www.planalto.gov.br\/ccivil_03\/_ato2023-2026\/2024\/lei\/L14942.htm\" data-type=\"link\" data-id=\"https:\/\/www.planalto.gov.br\/ccivil_03\/_ato2023-2026\/2024\/lei\/L14942.htm\" target=\"_blank\" rel=\"noreferrer noopener\">Lei 14.942\/2024<\/a>, integra as a\u00e7\u00f5es nacionais de conscientiza\u00e7\u00e3o pelo fim da viol\u00eancia contra a mulher, previstas na Lei n\u00ba 14.448\/2022<\/strong>. A iniciativa consiste na instala\u00e7\u00e3o de bancos vermelhos em espa\u00e7os p\u00fablicos de grande circula\u00e7\u00e3o, contendo mensagens de reflex\u00e3o e informa\u00e7\u00f5es de apoio, como o n\u00famero da Central de Atendimento \u00e0 Mulher (Ligue 180) e emerg\u00eancia 190.<\/p>\n\n\n\n<p>A campanha tem sido adotada por diversas institui\u00e7\u00f5es p\u00fablicas em todo o pa\u00eds. Na Para\u00edba, j\u00e1 aderiram \u00e0 iniciativa o Minist\u00e9rio P\u00fablico da Para\u00edba (MPPB), o Minist\u00e9rio P\u00fablico Federal (MPF) e o Tribunal de Justi\u00e7a da Para\u00edba (TJPB).<\/p>\n\n\n\n<p><\/p>\n\n\n<div class=\"wp-block-image\">\n<figure class=\"aligncenter size-large is-resized\"><img loading=\"lazy\" decoding=\"async\" width=\"1024\" height=\"554\" src=\"https:\/\/www.ufpb.br\/comu\/wp-content\/uploads\/sites\/79\/sites\/269\/2026\/04\/WhatsApp-Image-2026-04-09-at-11.38.35-1024x554.jpeg\" alt=\"\" class=\"wp-image-1410\" style=\"aspect-ratio:1.8484961564295843;width:680px;height:auto\" srcset=\"https:\/\/www.ufpb.br\/comu\/wp-content\/uploads\/sites\/79\/sites\/269\/2026\/04\/WhatsApp-Image-2026-04-09-at-11.38.35-1024x554.jpeg 1024w, https:\/\/www.ufpb.br\/comu\/wp-content\/uploads\/sites\/79\/sites\/269\/2026\/04\/WhatsApp-Image-2026-04-09-at-11.38.35-300x162.jpeg 300w, https:\/\/www.ufpb.br\/comu\/wp-content\/uploads\/sites\/79\/sites\/269\/2026\/04\/WhatsApp-Image-2026-04-09-at-11.38.35-768x416.jpeg 768w, https:\/\/www.ufpb.br\/comu\/wp-content\/uploads\/sites\/79\/sites\/269\/2026\/04\/WhatsApp-Image-2026-04-09-at-11.38.35-1536x831.jpeg 1536w, https:\/\/www.ufpb.br\/comu\/wp-content\/uploads\/sites\/79\/sites\/269\/2026\/04\/WhatsApp-Image-2026-04-09-at-11.38.35.jpeg 1600w\" sizes=\"auto, (max-width: 1024px) 100vw, 1024px\" \/><\/figure>\n<\/div>\n\n\n<p><\/p>\n\n\n\n<p>At\u00e9 o momento presente, <strong>a UFPB possui 11 bancos vermelhos distribu\u00eddos por todos os campis<\/strong>, sendo as suas localiza\u00e7\u00f5es:<\/p>\n\n\n<div class=\"wp-block-image\">\n<figure class=\"alignleft size-large is-resized\"><img loading=\"lazy\" decoding=\"async\" width=\"819\" height=\"1024\" src=\"https:\/\/www.ufpb.br\/comu\/wp-content\/uploads\/sites\/79\/sites\/269\/2026\/04\/CoMunicacao-2026-819x1024.png\" alt=\"\" class=\"wp-image-1402\" style=\"aspect-ratio:0.8000675732747698;width:287px;height:auto\" srcset=\"https:\/\/www.ufpb.br\/comu\/wp-content\/uploads\/sites\/79\/sites\/269\/2026\/04\/CoMunicacao-2026-819x1024.png 819w, https:\/\/www.ufpb.br\/comu\/wp-content\/uploads\/sites\/79\/sites\/269\/2026\/04\/CoMunicacao-2026-240x300.png 240w, https:\/\/www.ufpb.br\/comu\/wp-content\/uploads\/sites\/79\/sites\/269\/2026\/04\/CoMunicacao-2026-768x960.png 768w, https:\/\/www.ufpb.br\/comu\/wp-content\/uploads\/sites\/79\/sites\/269\/2026\/04\/CoMunicacao-2026-1229x1536.png 1229w, https:\/\/www.ufpb.br\/comu\/wp-content\/uploads\/sites\/79\/sites\/269\/2026\/04\/CoMunicacao-2026-1639x2048.png 1639w, https:\/\/www.ufpb.br\/comu\/wp-content\/uploads\/sites\/79\/sites\/269\/2026\/04\/CoMunicacao-2026-scaled.png 2048w\" sizes=\"auto, (max-width: 819px) 100vw, 819px\" \/><\/figure>\n<\/div>\n\n\n<p><strong><em>Campus I<\/em><\/strong><strong>:<\/strong>&nbsp;<\/p>\n\n\n\n<ul class=\"wp-block-list\">\n<li>Jo\u00e3o Pessoa:&nbsp;Estacionamento em frente \u00e0 Central de Aulas \u2013 Bloco D,  Instituto Paraibano de Envelhecimento (IPE), em frente ao Ambulat\u00f3rio do HULW, Pracinha CTDR;<\/li>\n\n\n\n<li>Santa Rita: Escadaria que d\u00e1 acesso ao p\u00e1tio.<\/li>\n<\/ul>\n\n\n\n<p><em><strong>Campus II (Areia)<\/strong><\/em>:<\/p>\n\n\n\n<ul class=\"wp-block-list\">\n<li>Orquid\u00e1rio do Pr\u00e9dio Central do CCA;<\/li>\n\n\n\n<li>Central de Aulas do pr\u00e9dio da mata;<\/li>\n\n\n\n<li>Entrada da Biblioteca Setorial.<\/li>\n<\/ul>\n\n\n\n<p><\/p>\n\n\n\n<p><strong><em>Campus III (Bananeiras)<\/em><\/strong><strong>:<\/strong>&nbsp;<\/p>\n\n\n\n<ul class=\"wp-block-list\">\n<li> Pra\u00e7a entre CCHSA e CAVN.<\/li>\n<\/ul>\n\n\n\n<p><strong><em>Campus IV (Mamanguape e Rio Tinto)<\/em><\/strong><strong>:<\/strong>&nbsp;<\/p>\n\n\n\n<ul class=\"wp-block-list\">\n<li>Mamanguape: Em frente \u00e0 Biblioteca;<\/li>\n\n\n\n<li>Rio Tinto: Em frente ao Bloco C e Estacionamento.<\/li>\n<\/ul>\n","protected":false},"excerpt":{"rendered":"<p>Iniciativa promovida pela Reitoria da UFPB, em parceria com a CoMu, com o objetivo de [&hellip;]<\/p>\n","protected":false},"author":137,"featured_media":1385,"parent":0,"menu_order":0,"comment_status":"closed","ping_status":"closed","template":"","meta":{"footnotes":""},"class_list":["post-1283","page","type-page","status-publish","has-post-thumbnail","hentry"],"_links":{"self":[{"href":"https:\/\/www.ufpb.br\/comu\/wp-json\/wp\/v2\/pages\/1283","targetHints":{"allow":["GET"]}}],"collection":[{"href":"https:\/\/www.ufpb.br\/comu\/wp-json\/wp\/v2\/pages"}],"about":[{"href":"https:\/\/www.ufpb.br\/comu\/wp-json\/wp\/v2\/types\/page"}],"author":[{"embeddable":true,"href":"https:\/\/www.ufpb.br\/comu\/wp-json\/wp\/v2\/users\/137"}],"replies":[{"embeddable":true,"href":"https:\/\/www.ufpb.br\/comu\/wp-json\/wp\/v2\/comments?post=1283"}],"version-history":[{"count":14,"href":"https:\/\/www.ufpb.br\/comu\/wp-json\/wp\/v2\/pages\/1283\/revisions"}],"predecessor-version":[{"id":1411,"href":"https:\/\/www.ufpb.br\/comu\/wp-json\/wp\/v2\/pages\/1283\/revisions\/1411"}],"wp:featuredmedia":[{"embeddable":true,"href":"https:\/\/www.ufpb.br\/comu\/wp-json\/wp\/v2\/media\/1385"}],"wp:attachment":[{"href":"https:\/\/www.ufpb.br\/comu\/wp-json\/wp\/v2\/media?parent=1283"}],"curies":[{"name":"wp","href":"https:\/\/api.w.org\/{rel}","templated":true}]}}