{"id":143,"date":"2025-08-13T16:08:47","date_gmt":"2025-08-13T19:08:47","guid":{"rendered":"https:\/\/www.ufpb.br\/comu\/?page_id=143"},"modified":"2026-03-26T14:06:37","modified_gmt":"2026-03-26T17:06:37","slug":"portarias-e-resolucoes-ufpb","status":"publish","type":"page","link":"https:\/\/www.ufpb.br\/comu\/portarias-e-resolucoes-ufpb\/","title":{"rendered":""},"content":{"rendered":"\n<div class=\"wp-block-cover aligncenter\" style=\"min-height:223px;aspect-ratio:unset;\"><img loading=\"lazy\" decoding=\"async\" width=\"800\" height=\"533\" class=\"wp-block-cover__image-background wp-image-1293\" alt=\"\" src=\"https:\/\/www.ufpb.br\/comu\/wp-content\/uploads\/sites\/79\/sites\/269\/2026\/03\/image.png\" style=\"object-position:45% 70%\" data-object-fit=\"cover\" data-object-position=\"45% 70%\" srcset=\"https:\/\/www.ufpb.br\/comu\/wp-content\/uploads\/sites\/79\/sites\/269\/2026\/03\/image.png 800w, https:\/\/www.ufpb.br\/comu\/wp-content\/uploads\/sites\/79\/sites\/269\/2026\/03\/image-300x200.png 300w, https:\/\/www.ufpb.br\/comu\/wp-content\/uploads\/sites\/79\/sites\/269\/2026\/03\/image-768x512.png 768w, https:\/\/www.ufpb.br\/comu\/wp-content\/uploads\/sites\/79\/sites\/269\/2026\/03\/image-272x182.png 272w\" sizes=\"auto, (max-width: 800px) 100vw, 800px\" \/><span aria-hidden=\"true\" class=\"wp-block-cover__background has-background-dim\"><\/span><div class=\"wp-block-cover__inner-container is-layout-flow wp-block-cover-is-layout-flow\">\n<p class=\"has-text-align-center has-large-font-size\">Portarias e Resolu\u00e7\u00f5es da UFPB &#8211; Direitos das Mulheres<\/p>\n<\/div><\/div>\n\n\n\n<p><\/p>\n\n\n\n<h2 class=\"wp-block-heading has-text-align-left has-black-color has-text-color has-link-color wp-elements-d7bd2afa92dbb56383b7474555637a03\" style=\"font-size:21px\"><div class=\"linha-header\"><\/div><\/h2>\n\n\n\n<p><\/p>\n\n\n\n<p class=\"has-text-align-center has-pale-pink-background-color has-background\"><strong>A cria\u00e7\u00e3o e atua\u00e7\u00e3o da CoMu \u2013 Equipamento Institucional de Enfrentamento \u00e0s Viol\u00eancias contra as Mulheres da UFPB<\/strong><\/p>\n\n\n\n<div class=\"wp-block-columns is-layout-flex wp-container-core-columns-is-layout-9d6595d7 wp-block-columns-is-layout-flex\">\n<div class=\"wp-block-column is-layout-flow wp-block-column-is-layout-flow\" style=\"flex-basis:100%\">\n<div class=\"wp-block-group is-layout-grid wp-container-core-group-is-layout-9649a0d9 wp-block-group-is-layout-grid\">\n<ul class=\"wp-block-list wp-container-content-69bc4bdf\">\n<li><a href=\"https:\/\/sig-arq.ufpb.br\/arquivos\/2018232090ca211122232d30444d5d439\/Runi26_2018.pdf\" target=\"_blank\" rel=\"noreferrer noopener\"><strong>\u00a0Resolu\u00e7\u00e3o 26\/2018 CONSUNI\/UFPB<\/strong><\/a><strong>&#8211; <\/strong>Cria\u00e7\u00e3o e Regulamenta\u00e7\u00e3o da CoMu &#8211; Comit\u00ea de Pol\u00edticas de Preven\u00e7\u00e3o e Enfrentamento \u00e0 Viol\u00eancia Contra as Mulheres na UFPB (CoMu), \u00f3rg\u00e3o assessor da Pr\u00f3-Reitoria de Extens\u00e3o e Assuntos Comunit\u00e1rios \u2013 PRAC<\/li>\n<\/ul>\n\n\n\n<ul class=\"wp-block-list\">\n<li><a href=\"https:\/\/sig-arq.ufpb.br\/arquivos\/2020148154ccb82360870c3d0cf34d8ff\/Res_06.2020_Consuni.pdf\" target=\"_blank\" rel=\"noreferrer noopener\"><strong>\u00a0Resolu\u00e7\u00e3o 06\/2020 CONSUNI\/UFPB<\/strong><\/a> &#8211; Cria o Regimento da Ouvidoria Geral da UFPB. [Art. 31 &#8211; Reconhece a CoMu como canal de den\u00fancia para casos de viol\u00eancia contra a mulher.]\u00b7\u00a0 \u00a0 \u00a0 \u00a0<\/li>\n<\/ul>\n\n\n\n<ul class=\"wp-block-list\">\n<li><a href=\"https:\/\/sig-arq.ufpb.br\/arquivos\/2025127181068579156988a1677ab84d4\/Resoluo_n._18.2025_Consuni.pdf\" target=\"_blank\" rel=\"noreferrer noopener\"><strong>Resolu\u00e7\u00e3o 18\/2025 CONSUNI\/UFPB<\/strong><\/a> &#8211; Revoga a Resolu\u00e7\u00e3o n\u00ba 26\/2018, cria e regulamenta o Centro de Refer\u00eancia de Pol\u00edticas de Preven\u00e7\u00e3o e Enfrentamento \u00e0s Viol\u00eancias contra as Mulheres da UFPB (CoMu)<\/li>\n<\/ul>\n<\/div>\n<\/div>\n<\/div>\n\n\n\n<div class=\"wp-block-columns is-layout-flex wp-container-core-columns-is-layout-9d6595d7 wp-block-columns-is-layout-flex\">\n<div class=\"wp-block-column is-layout-flow wp-block-column-is-layout-flow\" style=\"flex-basis:100%\">\n<div class=\"wp-block-group is-layout-grid wp-container-core-group-is-layout-9649a0d9 wp-block-group-is-layout-grid\">\n<ul class=\"wp-block-list\">\n<li><a href=\"https:\/\/sig-arq.ufpb.br\/arquivos\/2018232090ca211122232d30444d5d439\/Runi26_2018.pdf\" target=\"_blank\" rel=\"noreferrer noopener\"><strong>Resolu\u00e7\u00e3o 26\/2018 CONSUNI\/UFPB<\/strong><\/a><strong>&#8211; <\/strong>Cria\u00e7\u00e3o e Regulamenta\u00e7\u00e3o da CoMu &#8211; Comit\u00ea de Pol\u00edticas de Preven\u00e7\u00e3o e Enfrentamento \u00e0 Viol\u00eancia Contra as Mulheres na UFPB (CoMu), \u00f3rg\u00e3o assessor da Pr\u00f3-Reitoria de Extens\u00e3o e Assuntos Comunit\u00e1rios \u2013 PRAC<\/li>\n<\/ul>\n\n\n\n<ul class=\"wp-block-list\">\n<li><a href=\"https:\/\/sig-arq.ufpb.br\/arquivos\/2020148154ccb82360870c3d0cf34d8ff\/Res_06.2020_Consuni.pdf\" target=\"_blank\" rel=\"noreferrer noopener\"><strong>\u00a0Resolu\u00e7\u00e3o 06\/2020 CONSUNI\/UFPB<\/strong><\/a> &#8211; Cria o Regimento da Ouvidoria Geral da UFPB. [Art. 31 &#8211; Reconhece a CoMu como canal de den\u00fancia para casos de viol\u00eancia contra a mulher.]<\/li>\n<\/ul>\n\n\n\n<ul class=\"wp-block-list\">\n<li><a href=\"https:\/\/sig-arq.ufpb.br\/arquivos\/2025127181068579156988a1677ab84d4\/Resoluo_n._18.2025_Consuni.pdf\" target=\"_blank\" rel=\"noreferrer noopener\"><strong>Resolu\u00e7\u00e3o 18\/2025 CONSUNI\/UFPB<\/strong><\/a> &#8211; Revoga a Resolu\u00e7\u00e3o n\u00ba 26\/2018, cria e regulamenta o Centro de Refer\u00eancia de Pol\u00edticas de Preven\u00e7\u00e3o e Enfrentamento \u00e0s Viol\u00eancias contra as Mulheres da UFPB (CoMu)<\/li>\n<\/ul>\n<\/div>\n<\/div>\n<\/div>\n\n\n\n<p class=\"has-text-align-center has-pale-pink-background-color has-background\"><strong>Normativos e a\u00e7\u00f5es em vigor na UFPB que garantem direitos \u00e0s mulheres e promovem cultura de respeito \u00e0s mulheridades e pol\u00edticas de equidade na UFPB:<\/strong><\/p>\n\n\n\n<div class=\"wp-block-group is-layout-grid wp-container-core-group-is-layout-1bf68da8 wp-block-group-is-layout-grid\">\n<ul class=\"wp-block-list\">\n<li><strong><a href=\"https:\/\/www.ufpb.br\/noticias\/ufpb-aprova-minuta-de-politica-maternal-e-parental\/\" data-type=\"link\" data-id=\"https:\/\/www.ufpb.br\/noticias\/ufpb-aprova-minuta-de-politica-maternal-e-parental\/\" target=\"_blank\" rel=\"noreferrer noopener\">Pol\u00edtica Institucional Materna e Parental da UFPB.<\/a> <\/strong>Aprovada pelo Conselho Universit\u00e1rio (CONSUNI) em 19\/03\/2026. A pol\u00edtica estabelece diretrizes institucionais voltadas \u00e0 promo\u00e7\u00e3o da equidade, ao cuidado e \u00e0 perman\u00eancia de estudantes e servidoras com responsabilidades maternas e parentais no \u00e2mbito da universidade. A proposta tramitou por meio do processo SIPAC\/UFPB 23074.019081\/2026-32, tendo como origem o processo 23074.030809\/2025-84.<a href=\"https:\/\/www.ufpb.br\/noticias\/ufpb-aprova-minuta-de-politica-maternal-e-parental\/\"><\/a><\/li>\n<\/ul>\n\n\n\n<ul class=\"wp-block-list\">\n<li><strong><a href=\"https:\/\/www.ufpb.br\/noticias\/ufpb-lanca-plano-de-prevencao-e-enfrentamento-ao-assedio\/\" data-type=\"link\" data-id=\"https:\/\/www.ufpb.br\/noticias\/ufpb-lanca-plano-de-prevencao-e-enfrentamento-ao-assedio\/\" target=\"_blank\" rel=\"noreferrer noopener\">Plano UFPB de Preven\u00e7\u00e3o e Enfrentamento do Ass\u00e9dio, da Discrimina\u00e7\u00e3o e de Outras Viol\u00eancias,<\/a><\/strong> lan\u00e7ado em 11\/02\/2026 e publicado no<a href=\"https:\/\/sig-arq.ufpb.br\/arquivos\/2026143028aab885379925989ea9dbf79\/BS_11-2026.pdf\" data-type=\"link\" data-id=\"https:\/\/sig-arq.ufpb.br\/arquivos\/2026143028aab885379925989ea9dbf79\/BS_11-2026.pdf\" target=\"_blank\" rel=\"noreferrer noopener\">Boletim de Servi\u00e7o Eletr\u00f4nico -BSE- n. 11\/2026, p\u00e1ginas 04-26<\/a><\/li>\n<\/ul>\n\n\n\n<ul class=\"wp-block-list\">\n<li><strong><a href=\"https:\/\/sig-arq.ufpb.br\/arquivos\/2026165182349f8333923fd93d7790d49\/Res._n._66.2025_Consepe.pdf\" data-type=\"link\" data-id=\"https:\/\/sig-arq.ufpb.br\/arquivos\/2026165182349f8333923fd93d7790d49\/Res._n._66.2025_Consepe.pdf\" target=\"_blank\" rel=\"noreferrer noopener\">Resolu\u00e7\u00e3o 66\/2025 CONSEPE\/UFPB <\/a>&#8211; <\/strong>Institui o Processo Seletivo Pr\u00f3prio (PSP) e o Processo Seletivo Espec\u00edfico (PSE) e d\u00e1 outras provid\u00eancias<strong>com vagas destinadas para\u00a0 &#8220;pessoa trans&#8221;, travestis e transg\u00eaneras \u2013 transmasculinas, transfemininas, trans n\u00e3o bin\u00e1rias<\/strong>.<\/li>\n<\/ul>\n\n\n\n<ul class=\"wp-block-list\">\n<li><a href=\"https:\/\/www.prape.ufpb.br\/wp-content\/uploads\/sites\/207\/sites\/207\/2025\/11\/RU-parentalidade-Reitoria.pdf\" target=\"_blank\" rel=\"noreferrer noopener\"><strong>Portaria 276, de 7 de novembro de 2025<\/strong><\/a> &#8211; Institui o benef\u00edcio do Restaurante Universit\u00e1rio parentalidade na UFPB.<\/li>\n<\/ul>\n\n\n\n<ul class=\"wp-block-list\">\n<li>Encaminhamentos para aplica\u00e7\u00e3o da Cota: Mulheres em Situa\u00e7\u00e3o de Viol\u00eancia Dom\u00e9stica e Familiar nas Contrata\u00e7\u00f5es Terceirizadas da UFPB (efetiva\u00e7\u00e3o do Decreto n\u00ba 11.430\/2023).<\/li>\n<\/ul>\n\n\n\n<ul class=\"wp-block-list\">\n<li><a href=\"https:\/\/sig-arq.ufpb.br\/arquivos\/2025103157660a78128198cff9b14cfd0\/Resoluo_Consepe_n_38.2025.pdf\" target=\"_blank\" rel=\"noreferrer noopener\">Resolu\u00e7\u00e3o 38\/2025 CONSEPE\/UFPB<\/a> &#8211; Insere, nas Resolu\u00e7\u00f5es n\u00ba 44\/2014, n\u00ba 54\/2006, n\u00ba 27\/2001 e n\u00ba 06\/2001 CONSEPE\/UFPB, artigos que asseguram a contagem do tempo de interst\u00edcio e a atribui\u00e7\u00e3o de pontua\u00e7\u00e3o proporcional, nos processos de progress\u00e3o docente da UFPB, durante os per\u00edodos de Licen\u00e7a Gestante, Maternidade, Adotante e Sa\u00fade.<\/li>\n<\/ul>\n\n\n\n<ul class=\"wp-block-list\">\n<li><a href=\"https:\/\/sig-arq.ufpb.br\/arquivos\/20240471748006633202118637a38f46e\/Resoluo_n_01.2024_Consuni.pdf\" target=\"_blank\" rel=\"noreferrer noopener\">Resolu\u00e7\u00e3o 01\/2024 CONSUNI\/UFPB<\/a> &#8211; Garante o direito \u00e0 utiliza\u00e7\u00e3o dos sanit\u00e1rios localizados na Universidade Federal da Para\u00edba de acordo com a identidade de g\u00eanero, independentemente do Registro Civil.<\/li>\n<\/ul>\n\n\n\n<ul class=\"wp-block-list\">\n<li><a href=\"https:\/\/sig-arq.ufpb.br\/arquivos\/2021016032f8f3367038899c13436d55b\/Res._12.2021_Consuni.pdf\" target=\"_blank\" rel=\"noreferrer noopener\">Resolu\u00e7\u00e3o 12\/2021 CONSUNI\/UFPB<\/a><strong>&#8211;<\/strong>Estabelece o Apoio Estudantil Emergencial para estudantes em situa\u00e7\u00e3o de extrema vulnerabilidade social.<\/li>\n<\/ul>\n\n\n\n<ul class=\"wp-block-list\">\n<li><a href=\"https:\/\/sig-arq.ufpb.br\/arquivos\/20152441353b13095951e434315f79e3\/Runi39_2013.pdf\" target=\"_blank\" rel=\"noreferrer noopener\">Resolu\u00e7\u00e3o 39\/2013 CONSUNI\/UFPB<\/a> &#8211; Aprova a utiliza\u00e7\u00e3o do nome social por Discentes, Servidores T\u00e9cnico-Administrativos e Docentes no \u00e2mbito da Universidade Federal da Para\u00edba e d\u00e1 outras provid\u00eancias.<\/li>\n<\/ul>\n\n\n\n<ul class=\"wp-block-list\">\n<li><a href=\"https:\/\/www.propesq.ufpb.br\/propesq\/contents\/editais-e-chamadas\/edital-04-2025-propesq-cgpaic\/site-edital-04_2025-final-v2-rt3\" target=\"_blank\" rel=\"noreferrer noopener\">Editais PIBIC da PROPESQ\/UFPB<\/a> &#8211; Cota para Docentes que tiveram Licen\u00e7a Maternidade ou Licen\u00e7a Adotante nos 5 anos Anteriores nos Editais do Programa Inicia\u00e7\u00e3o Cient\u00edfica (PIBIC) da Pr\u00f3-Reitoria de Pesquisa (PROPESQ\/UFPB) (item 9.7 do edital).<\/li>\n<\/ul>\n<\/div>\n\n\n\n<p class=\"has-text-align-center has-pale-pink-background-color has-background\"><strong>Minutas de Resolu\u00e7\u00e3o em Tramita\u00e7\u00e3o<\/strong>:<\/p>\n\n\n\n<div class=\"wp-block-columns is-layout-flex wp-container-core-columns-is-layout-9d6595d7 wp-block-columns-is-layout-flex\">\n<div class=\"wp-block-column is-layout-flow wp-block-column-is-layout-flow\" style=\"flex-basis:100%\">\n<div class=\"wp-block-group is-layout-grid wp-container-core-group-is-layout-9649a0d9 wp-block-group-is-layout-grid\">\n<ul class=\"wp-block-list\">\n<li><strong>Minuta de Resolu\u00e7\u00e3o de Cota para Mulheres Trans nos Cursos de gradua\u00e7\u00e3o e de P\u00f3s-Gradua\u00e7\u00e3o da UFPB<\/strong> (Processo SIPAC\/UFPB 23074.009293\/2025-83)<\/li>\n<\/ul>\n\n\n\n<ul class=\"wp-block-list\">\n<li><strong>Minuta de Resolu\u00e7\u00e3o de Pol\u00edticas Afirmativas da PROEX <\/strong>(Processo SIPAC\/UFPB 23074.004412\/2026-44)<\/li>\n<\/ul>\n\n\n\n<ul class=\"wp-block-list\">\n<li><strong>Cria\u00e7\u00e3o e implementa\u00e7\u00e3o da Cuidoteca<\/strong> \u2013 a\u00e7\u00e3o em desenvolvimento pela PRAPE (Processo SIPAC\/UFPB 23074.127564\/2025-06)<\/li>\n<\/ul>\n\n\n\n<ul class=\"wp-block-list wp-container-content-69bc4bdf\">\n<li><strong>Minuta de Resolu\u00e7\u00e3o de Pol\u00edtica Institucional de Enfrentamento \u00e0s Viol\u00eancias contra as Mulheres e Pol\u00edticas de Equidade para as Mulheres<\/strong> (Processo SIPAC\/UFPB 23074.094676\/2020-59)<\/li>\n<\/ul>\n<\/div>\n<\/div>\n<\/div>\n\n\n\n<p><\/p>\n","protected":false},"excerpt":{"rendered":"<p>A cria\u00e7\u00e3o e atua\u00e7\u00e3o da CoMu \u2013 Equipamento Institucional de Enfrentamento \u00e0s Viol\u00eancias contra as [&hellip;]<\/p>\n","protected":false},"author":236,"featured_media":0,"parent":0,"menu_order":0,"comment_status":"closed","ping_status":"closed","template":"","meta":{"footnotes":""},"class_list":["post-143","page","type-page","status-publish","hentry"],"_links":{"self":[{"href":"https:\/\/www.ufpb.br\/comu\/wp-json\/wp\/v2\/pages\/143","targetHints":{"allow":["GET"]}}],"collection":[{"href":"https:\/\/www.ufpb.br\/comu\/wp-json\/wp\/v2\/pages"}],"about":[{"href":"https:\/\/www.ufpb.br\/comu\/wp-json\/wp\/v2\/types\/page"}],"author":[{"embeddable":true,"href":"https:\/\/www.ufpb.br\/comu\/wp-json\/wp\/v2\/users\/236"}],"replies":[{"embeddable":true,"href":"https:\/\/www.ufpb.br\/comu\/wp-json\/wp\/v2\/comments?post=143"}],"version-history":[{"count":20,"href":"https:\/\/www.ufpb.br\/comu\/wp-json\/wp\/v2\/pages\/143\/revisions"}],"predecessor-version":[{"id":1371,"href":"https:\/\/www.ufpb.br\/comu\/wp-json\/wp\/v2\/pages\/143\/revisions\/1371"}],"wp:attachment":[{"href":"https:\/\/www.ufpb.br\/comu\/wp-json\/wp\/v2\/media?parent=143"}],"curies":[{"name":"wp","href":"https:\/\/api.w.org\/{rel}","templated":true}]}}