{"id":1548,"date":"2026-05-04T09:06:46","date_gmt":"2026-05-04T12:06:46","guid":{"rendered":"https:\/\/www.ufpb.br\/comu\/?page_id=1548"},"modified":"2026-05-07T09:06:51","modified_gmt":"2026-05-07T12:06:51","slug":"uso-de-banheiros-da-ufpb-por-identidade-de-genero","status":"publish","type":"page","link":"https:\/\/www.ufpb.br\/comu\/uso-de-banheiros-da-ufpb-por-identidade-de-genero\/","title":{"rendered":"Uso de banheiros por identidade de g\u00eanero na UFPB"},"content":{"rendered":"<div class=\"wp-block-image\">\n<figure class=\"alignleft size-large is-resized\"><img loading=\"lazy\" decoding=\"async\" width=\"819\" height=\"1024\" src=\"https:\/\/www.ufpb.br\/comu\/wp-content\/uploads\/sites\/79\/sites\/269\/2026\/05\/CoMunicacao-2026-1-819x1024.png\" alt=\"\" class=\"wp-image-1577\" style=\"aspect-ratio:0.8000675732747698;width:394px;height:auto\" srcset=\"https:\/\/www.ufpb.br\/comu\/wp-content\/uploads\/sites\/79\/sites\/269\/2026\/05\/CoMunicacao-2026-1-819x1024.png 819w, https:\/\/www.ufpb.br\/comu\/wp-content\/uploads\/sites\/79\/sites\/269\/2026\/05\/CoMunicacao-2026-1-240x300.png 240w, https:\/\/www.ufpb.br\/comu\/wp-content\/uploads\/sites\/79\/sites\/269\/2026\/05\/CoMunicacao-2026-1-768x960.png 768w, https:\/\/www.ufpb.br\/comu\/wp-content\/uploads\/sites\/79\/sites\/269\/2026\/05\/CoMunicacao-2026-1-1229x1536.png 1229w, https:\/\/www.ufpb.br\/comu\/wp-content\/uploads\/sites\/79\/sites\/269\/2026\/05\/CoMunicacao-2026-1-1639x2048.png 1639w, https:\/\/www.ufpb.br\/comu\/wp-content\/uploads\/sites\/79\/sites\/269\/2026\/05\/CoMunicacao-2026-1-scaled.png 2048w\" sizes=\"auto, (max-width: 819px) 100vw, 819px\" \/><\/figure>\n<\/div>\n\n\n<details class=\"wp-block-details is-layout-flow wp-block-details-is-layout-flow\"><summary><strong>Quer colocar as placas de banheiro por identidade  na sua unidade?<\/strong><\/summary>\n<div class=\"wp-block-group is-vertical is-layout-flex wp-container-core-group-is-layout-8cf370e7 wp-block-group-is-layout-flex\">\n<p><strong>Orienta\u00e7\u00e3o para confec\u00e7\u00e3o:<\/strong>&nbsp;<\/p>\n\n\n\n<ul class=\"wp-block-list\">\n<li>Impress\u00e3o colorida&nbsp;<\/li>\n\n\n\n<li>Dimens\u00e3o: 50cm x 28cm<\/li>\n\n\n\n<li>Sugest\u00e3o do material: Placa PVC Adesivada&nbsp;<\/li>\n<\/ul>\n\n\n\n<p><a href=\"https:\/\/www.ufpb.br\/comu\/wp-content\/uploads\/sites\/79\/sites\/269\/2026\/05\/PLACA-FEMININO_50cmx28cm-1.png\" data-type=\"link\" data-id=\"https:\/\/www.ufpb.br\/comu\/wp-content\/uploads\/sites\/79\/sites\/269\/2026\/05\/PLACA-FEMININO_50cmx28cm-1.png\" target=\"_blank\" rel=\"noreferrer noopener\">PDF PARA PLACA FEMININO<\/a><\/p>\n\n\n\n<p><a href=\"https:\/\/www.ufpb.br\/comu\/wp-content\/uploads\/sites\/79\/sites\/269\/2026\/05\/PLACA-MASCULINO_50cmx28cm-1.png\" data-type=\"link\" data-id=\"https:\/\/www.ufpb.br\/comu\/wp-content\/uploads\/sites\/79\/sites\/269\/2026\/05\/PLACA-MASCULINO_50cmx28cm-1.png\" target=\"_blank\" rel=\"noreferrer noopener\">PDF PARA PLACA MASCULINO<\/a><\/p>\n<\/div>\n<\/details>\n\n\n\n<p><\/p>\n\n\n\n<p><\/p>\n\n\n\n<p><\/p>\n\n\n\n<p><\/p>\n\n\n\n<p><\/p>\n\n\n\n<p><\/p>\n\n\n\n<p><\/p>\n\n\n\n<p><\/p>\n\n\n\n<p><\/p>\n\n\n\n<p><\/p>\n\n\n\n<p><\/p>\n\n\n\n<p><\/p>\n\n\n\n<p><strong>Uso de banheiros por identidade de g\u00eanero na UFPB<\/strong><\/p>\n\n\n\n<p>Na UFPB, pessoas transg\u00eanero, transexuais, travestis, e n\u00e3o bin\u00e1rias utilizam os banheiros de acordo com sua identidade de g\u00eanero autodeclarada.<\/p>\n\n\n\n<p>A <a href=\"https:\/\/sig-arq.ufpb.br\/arquivos\/20240471748006633202118637a38f46e\/Resoluo_n_01.2024_Consuni.pdf\" data-type=\"link\" data-id=\"https:\/\/sig-arq.ufpb.br\/arquivos\/20240471748006633202118637a38f46e\/Resoluo_n_01.2024_Consuni.pdf\" target=\"_blank\" rel=\"noreferrer noopener\">RESOLU\u00c7\u00c3O N.\u00ba 01\/2024 CONSUNI\/UFPB<\/a> garante o direito \u00e0 utiliza\u00e7\u00e3o dos sanit\u00e1rios e de outros espa\u00e7os segregados por g\u00eanero (como vesti\u00e1rios e dormit\u00f3rios) de acordo com a identidade de g\u00eanero autodeclarada, independentemente das informa\u00e7\u00f5es constantes no registro civil.&nbsp;<\/p>\n\n\n\n<p><strong>Essa resolu\u00e7\u00e3o representa um marco hist\u00f3rico na promo\u00e7\u00e3o da equidade de g\u00eanero e na garantia de direitos no \u00e2mbito do ensino superior p\u00fablico, reafirmando o compromisso institucional com a dignidade e a inclus\u00e3o.<\/strong>&nbsp;<\/p>\n\n\n\n<p><strong><em>O contexto de cria\u00e7\u00e3o na UFPB<\/em><\/strong><\/p>\n\n\n\n<p>Na UFPB, o debate sobre a ado\u00e7\u00e3o de medidas mais inclusivas em rela\u00e7\u00e3o ao uso de banheiros j\u00e1 vinha sendo pautado h\u00e1 alguns anos pelo coletivo Cine Trava. Em 2023, com a intensifica\u00e7\u00e3o de casos de transfobia envolvendo pessoas trans nos banheiros da universidade, a necessidade de regulamenta\u00e7\u00e3o tornou-se ainda mais urgente.&nbsp;<\/p>\n\n\n\n<p>Diante desse cen\u00e1rio, houve mobiliza\u00e7\u00e3o da comunidade acad\u00eamica LGBTQIAP+ e aliados, com a realiza\u00e7\u00e3o de atos contra situa\u00e7\u00f5es de transfobia na institui\u00e7\u00e3o. Em resposta, registraram-se rea\u00e7\u00f5es violentas que evidenciaram a presen\u00e7a de pr\u00e1ticas transf\u00f3bicas estruturais e institucionais no ambiente universit\u00e1rio.&nbsp;<\/p>\n\n\n\n<p>\u00c9 nesse contexto que o projeto de extens\u00e3o Coletivo Cine Trava, em articula\u00e7\u00e3o com o N\u00facleo de Extens\u00e3o Popular (NEP) Flor de Mandacaru, constituiu uma comiss\u00e3o para elabora\u00e7\u00e3o da minuta de resolu\u00e7\u00e3o que regulamenta o uso de banheiros na UFPB. A proposta foi protocolada, em articula\u00e7\u00e3o com a CoMu, em 3 de abril de 2023, por meio do processo SIPAC 23074.029584\/2023-88.&nbsp;<\/p>\n\n\n\n<p class=\"has-text-align-center has-white-color has-text-color has-background has-link-color has-medium-font-size wp-elements-ad05913d8ac2a682e366966be30c4740\" style=\"background-color:#8c16fbad\"><strong>Principais Pontos da Resolu\u00e7\u00e3o<\/strong> <strong>01\/2024 CONSUNI\/UFPB<\/strong><\/p>\n\n\n\n<ul class=\"wp-block-list\">\n<li>Assegura \u00e0s pessoas travestis, transexuais, n\u00e3o bin\u00e1rias e transg\u00eanero o uso de banheiros e demais espa\u00e7os segregados por g\u00eanero, de acordo com sua identidade de g\u00eanero autodeclarada, independentemente do registro civil;&nbsp;<\/li>\n\n\n\n<li>Garante o uso de banheiros com base na identidade de g\u00eanero;<\/li>\n\n\n\n<li>Promove a perman\u00eancia digna de todas as pessoas na UFPB, assegurando o acesso a um direito humano b\u00e1sico.<\/li>\n<\/ul>\n\n\n\n<p><strong><em>A SInaliza\u00e7\u00e3o dos Espa\u00e7os e Responsabilidades Institucionais&nbsp;<\/em><\/strong><\/p>\n\n\n\n<p>Conforme disposto na Resolu\u00e7\u00e3o&nbsp; 01\/2024 CONSUNI\/UFPB, todas as portas dos banheiros e demais espa\u00e7os segregados por g\u00eanero da UFPB devem conter sinaliza\u00e7\u00e3o institucional indicando o uso conforme a identidade de g\u00eanero.&nbsp;<\/p>\n\n\n\n<p>No \u00e2mbito da Resolu\u00e7\u00e3o 01\/2024 CONSUNI\/UFPB, foram definidas atribui\u00e7\u00f5es espec\u00edficas para a implementa\u00e7\u00e3o da sinaliza\u00e7\u00e3o dos espa\u00e7os segregados por g\u00eanero na UFPB.&nbsp;<\/p>\n\n\n\n<p><strong><em>\u2192 Atribui\u00e7\u00e3o da CoMu&nbsp;<\/em><\/strong><\/p>\n\n\n\n<p>\u2192 Coube \u00e0 CoMu a elabora\u00e7\u00e3o da arte e do conte\u00fado da sinaliza\u00e7\u00e3o a ser afixada nas portas dos banheiros e demais espa\u00e7os segregados por g\u00eanero (par\u00e1grafo \u00fanico do Art. 1\u00ba da Resolu\u00e7\u00e3o&nbsp; 01\/2024 CONSUNI\/UFPB).&nbsp;<\/p>\n\n\n\n<p>A elabora\u00e7\u00e3o foi realizada em articula\u00e7\u00e3o da CoMu com a comiss\u00e3o respons\u00e1vel pela minuta da resolu\u00e7\u00e3o.&nbsp;<\/p>\n\n\n\n<p><strong><em>\u2192 Responsabilidade Institucional&nbsp;<\/em><\/strong><\/p>\n\n\n\n<p>\u2192 A produ\u00e7\u00e3o e a instala\u00e7\u00e3o das placas, de acordo com a arte institucional elaborada, s\u00e3o de responsabilidade da administra\u00e7\u00e3o superior da UFPB.&nbsp;<\/p>\n\n\n<div class=\"wp-block-image\">\n<figure class=\"aligncenter size-large is-resized\"><img loading=\"lazy\" decoding=\"async\" width=\"1553\" height=\"1941\" src=\"https:\/\/www.ufpb.br\/comu\/wp-content\/uploads\/sites\/79\/sites\/269\/2026\/05\/CoMunicacao-2026-3-edited.png\" alt=\"\" class=\"wp-image-1597\" style=\"aspect-ratio:0.8000540577066018;width:225px;height:auto\" srcset=\"https:\/\/www.ufpb.br\/comu\/wp-content\/uploads\/sites\/79\/sites\/269\/2026\/05\/CoMunicacao-2026-3-edited.png 1553w, https:\/\/www.ufpb.br\/comu\/wp-content\/uploads\/sites\/79\/sites\/269\/2026\/05\/CoMunicacao-2026-3-edited-240x300.png 240w, https:\/\/www.ufpb.br\/comu\/wp-content\/uploads\/sites\/79\/sites\/269\/2026\/05\/CoMunicacao-2026-3-edited-819x1024.png 819w, https:\/\/www.ufpb.br\/comu\/wp-content\/uploads\/sites\/79\/sites\/269\/2026\/05\/CoMunicacao-2026-3-edited-768x960.png 768w, https:\/\/www.ufpb.br\/comu\/wp-content\/uploads\/sites\/79\/sites\/269\/2026\/05\/CoMunicacao-2026-3-edited-1229x1536.png 1229w\" sizes=\"auto, (max-width: 1553px) 100vw, 1553px\" \/><\/figure>\n<\/div>\n\n\n<details class=\"wp-block-details is-layout-flow wp-block-details-is-layout-flow\"><summary><strong>Gloss\u00e1rio da Resolu\u00e7\u00e3o<\/strong><\/summary>\n<div class=\"wp-block-group\"><div class=\"wp-block-group__inner-container is-layout-constrained wp-block-group-is-layout-constrained\">\n<p><strong>O que \u00e9 identidade de g\u00eanero?<\/strong><\/p>\n\n\n\n<p><strong>Sexo:<\/strong> Na medicina, refere-se \u00e0 caracteriza\u00e7\u00e3o anat\u00f4mica e fisiol\u00f3gica dos corpos como masculino, feminino ou intersexo. As interpreta\u00e7\u00f5es e significados atribu\u00eddos a essas caracter\u00edsticas s\u00e3o constru\u00eddos historicamente e culturalmente.&nbsp;<\/p>\n\n\n\n<p><strong>Identidades de g\u00eanero:<\/strong> Refere-se \u00e0 forma como a pessoa se reconhece e se identifica em rela\u00e7\u00e3o ao g\u00eanero, podendo corresponder ao masculino, ao feminino ou a outras possibilidades al\u00e9m dessas categorias. Exemplos: mulher cis, mulher trans,travesti,&nbsp; homem cis, homem trans e pessoa n\u00e3o bin\u00e1ria.&nbsp;<\/p>\n\n\n\n<p><strong>Pessoa cisg\u00eanero<\/strong><\/p>\n\n\n\n<p>Pessoa que se identifica com com o sexo e \u00e0s caracter\u00edsticas atribu\u00eddas ao nascimento.<strong>&nbsp;<\/strong><\/p>\n\n\n\n<p><strong>Pessoa transg\u00eanero&nbsp;<\/strong><\/p>\n\n\n\n<p>Pessoa cuja identidade de g\u00eanero n\u00e3o corresponde ao sexo que lhe foi atribu\u00eddo ao nascimento, vivenciando sua identidade de forma independente dessa designa\u00e7\u00e3o inicial.&nbsp;<\/p>\n<\/div><\/div>\n<\/details>\n\n\n\n<div class=\"wp-block-group\"><div class=\"wp-block-group__inner-container is-layout-constrained wp-block-group-is-layout-constrained\">\n<details class=\"wp-block-details is-layout-flow wp-block-details-is-layout-flow\"><summary><strong>Saiba mais&#8230;<\/strong><\/summary>\n<p><strong><em>Qual a import\u00e2ncia de pol\u00edticas institucionais para pessoas transg\u00eanero?&nbsp;<\/em><\/strong><\/p>\n\n\n\n<p>A Pol\u00edtica Nacional de Cotas (Lei 12.711\/2012, atualizada pela Lei n\u00ba 14.723\/2023) tem sido fundamental para a democratiza\u00e7\u00e3o do acesso ao ensino superior, especialmente para grupos historicamente marginalizados. Embora ainda n\u00e3o exista uma modalidade espec\u00edfica de reserva de vagas para pessoas trans e travestis, essas popula\u00e7\u00f5es t\u00eam ampliado sua presen\u00e7a nas institui\u00e7\u00f5es p\u00fablicas de ensino superior.&nbsp;<\/p>\n\n\n\n<p>Dados da Associa\u00e7\u00e3o Nacional dos Dirigentes das Institui\u00e7\u00f5es Federais de Ensino Superior (ANDIFES) indicam que pessoas trans representam cerca de 0,2% a 0,3% do total de estudantes no ensino superior brasileiro. Esse percentual evidencia n\u00e3o apenas a presen\u00e7a, mas tamb\u00e9m as barreiras estruturais enfrentadas por essa popula\u00e7\u00e3o.&nbsp;<\/p>\n\n\n\n<p>Segundo a Associa\u00e7\u00e3o Nacional de Travestis e Transexuais (ANTRA), aproximadamente 70% das pessoas trans e travestis no Brasil n\u00e3o conclu\u00edram o ensino m\u00e9dio. J\u00e1 dados do Instituto de Pesquisa Econ\u00f4mica Aplicada (IPEA) apontam que apenas cerca de 25% das pessoas trans estavam em emprego formal em 2023. Ainda de acordo com a ANTRA, em 2026 o Brasil permanece entre os pa\u00edses com maiores \u00edndices de viol\u00eancia letal contra pessoas trans e travestis no mundo.&nbsp;<\/p>\n\n\n\n<p>Diante desse contexto de exclus\u00e3o e viol\u00eancia estrutural, pol\u00edticas institucionais que assegurem o respeito \u00e0 identidade de g\u00eanero s\u00e3o fundamentais para a promo\u00e7\u00e3o da equidade, da dignidade, do respeito \u00e0s diferen\u00e7as e dos direitos humanos no ambiente universit\u00e1rio e assim promover um ambiente mais justo, inclusivo e democr\u00e1tico.<\/p>\n\n\n\n<p>A Declara\u00e7\u00e3o Universal dos Direitos Humanos, em seus artigos 1\u00ba e 2\u00ba, estabelece que todas as pessoas nascem livres e iguais em dignidade e direitos, sem distin\u00e7\u00e3o de qualquer natureza.&nbsp;<\/p>\n\n\n\n<p>No \u00e2mbito do Sistema Internacional de Prote\u00e7\u00e3o dos Direitos Humanos, destacam-se tamb\u00e9m o Pacto Internacional sobre Direitos Civis e Pol\u00edticos (art. 26) e os Princ\u00edpios de Yogyakarta, que orientam a garantia do reconhecimento legal, da seguran\u00e7a pessoal e da privacidade das pessoas, de acordo com sua identidade de g\u00eanero.<\/p>\n\n\n\n<p>No campo da sa\u00fade, a Organiza\u00e7\u00e3o Mundial da Sa\u00fade (OMS), em 2019, retirou a transexualidade da classifica\u00e7\u00e3o de transtornos mentais da Classifica\u00e7\u00e3o Internacional de Doen\u00e7as (CID). No Brasil, a Resolu\u00e7\u00e3o n\u00ba 01\/2018 do Conselho Federal de Psicologia (CFP) regulamenta que a atua\u00e7\u00e3o profissional de psic\u00f3logas e psic\u00f3logos no Brasil para que travestilidades e transexualidades n\u00e3o sejam consideradas patologia.&nbsp;<\/p>\n\n\n\n<p>No campo jur\u00eddico, o Supremo Tribunal Federal (STF), em 2019, ao julgar a ADO 26, reconheceu a omiss\u00e3o legislativa e equiparou atos de homotransfobia ao crime de racismo, nos termos da Lei 7.716\/1989. Dessa forma, a proibi\u00e7\u00e3o ou o constrangimento no uso de espa\u00e7os segregados por g\u00eanero com base na identidade de g\u00eanero configura pr\u00e1tica discriminat\u00f3ria e pass\u00edvel de responsabiliza\u00e7\u00e3o legal.&nbsp;<\/p>\n<\/details>\n<\/div><\/div>\n\n\n\n<p><\/p>\n\n\n\n<p><\/p>\n","protected":false},"excerpt":{"rendered":"<p>Uso de banheiros por identidade de g\u00eanero na UFPB Na UFPB, pessoas transg\u00eanero, transexuais, travestis, [&hellip;]<\/p>\n","protected":false},"author":137,"featured_media":0,"parent":0,"menu_order":0,"comment_status":"closed","ping_status":"closed","template":"","meta":{"footnotes":""},"class_list":["post-1548","page","type-page","status-publish","hentry"],"_links":{"self":[{"href":"https:\/\/www.ufpb.br\/comu\/wp-json\/wp\/v2\/pages\/1548","targetHints":{"allow":["GET"]}}],"collection":[{"href":"https:\/\/www.ufpb.br\/comu\/wp-json\/wp\/v2\/pages"}],"about":[{"href":"https:\/\/www.ufpb.br\/comu\/wp-json\/wp\/v2\/types\/page"}],"author":[{"embeddable":true,"href":"https:\/\/www.ufpb.br\/comu\/wp-json\/wp\/v2\/users\/137"}],"replies":[{"embeddable":true,"href":"https:\/\/www.ufpb.br\/comu\/wp-json\/wp\/v2\/comments?post=1548"}],"version-history":[{"count":35,"href":"https:\/\/www.ufpb.br\/comu\/wp-json\/wp\/v2\/pages\/1548\/revisions"}],"predecessor-version":[{"id":1623,"href":"https:\/\/www.ufpb.br\/comu\/wp-json\/wp\/v2\/pages\/1548\/revisions\/1623"}],"wp:attachment":[{"href":"https:\/\/www.ufpb.br\/comu\/wp-json\/wp\/v2\/media?parent=1548"}],"curies":[{"name":"wp","href":"https:\/\/api.w.org\/{rel}","templated":true}]}}