{"id":20,"date":"2025-03-12T12:39:05","date_gmt":"2025-03-12T15:39:05","guid":{"rendered":"https:\/\/www.ufpb.br\/comu\/?page_id=20"},"modified":"2026-03-18T21:38:03","modified_gmt":"2026-03-19T00:38:03","slug":"direcao-e-equipe-tecnica","status":"publish","type":"page","link":"https:\/\/www.ufpb.br\/comu\/direcao-e-equipe-tecnica\/","title":{"rendered":"Dire\u00e7\u00e3o e Equipe T\u00e9cnica"},"content":{"rendered":"\n<p><\/p>\n\n\n\n<p class=\"has-vivid-red-color has-text-color has-link-color has-medium-font-size wp-elements-fdbc89c62879e08952014c6e0eafbb45\"><strong>Gest\u00e3o Atual <\/strong><\/p>\n\n\n\n<ul class=\"wp-block-list\">\n<li style=\"font-size:17px\"><strong>Diretora: <\/strong>Profa. Dra. Val\u00e9ria Machado Rufino \u00a0(<a href=\"http:\/\/lattes.cnpq.br\/1961260680119303\" target=\"_blank\" rel=\"noreferrer noopener\">CV Lattes<\/a>)<\/li>\n\n\n\n<li style=\"font-size:17px\"><strong>Vice-Diretora:<\/strong> Me. Maria de Lourdes Teixeira da Silva (<a href=\"http:\/\/lattes.cnpq.br\/6666654581846315\" target=\"_blank\" rel=\"noreferrer noopener\">CV Lattes<\/a>)<\/li>\n<\/ul>\n\n\n\n<p style=\"font-size:17px\"><a href=\"https:\/\/www.ufpb.br\/comu\/gestoes-anteriores\/\"><strong><mark style=\"background-color:#ffffff\" class=\"has-inline-color has-vivid-cyan-blue-color\"><span style=\"text-decoration: underline\">Gest\u00f5es Anteriores<\/span><\/mark><\/strong><\/a><\/p>\n\n\n\n<h2 class=\"wp-block-heading has-vivid-red-color has-text-color has-link-color has-medium-font-size wp-elements-d1106a208f547e09b515b45987538acd\"><div class=\"linha-header\"><strong>Equipa T\u00e9cnica Multiprofissional<\/strong><\/div><\/h2>\n\n\n\n<ul class=\"wp-block-list\">\n<li style=\"font-size:17px\"><strong>Ana G\u00e9lica Alves Gomes<\/strong> \u2013 Psic\u00f3loga <em>(jun\/2025 \u2013 atual)<\/em> (<a href=\"http:\/\/lattes.cnpq.br\/7992584094618477\" target=\"_blank\" rel=\"noreferrer noopener\">CV Lattes<\/a>)<\/li>\n\n\n\n<li><strong>Bianca Valeska Marques da Silva<\/strong> \u2013 Assistente Social <em>(out\/2025 \u2013 atual) <\/em>(<a href=\"http:\/\/lattes.cnpq.br\/8891033471898562\" data-type=\"link\" data-id=\"http:\/\/lattes.cnpq.br\/8891033471898562\" target=\"_blank\" rel=\"noreferrer noopener\">CV Lattes<\/a>)<\/li>\n\n\n\n<li style=\"font-size:17px\"><strong>Joseane da Silva Leite<\/strong> \u2013 Assistente Social <em>(abril\/2019 \u2013 atual)<\/em> ( <a href=\"http:\/\/lattes.cnpq.br\/0583444909190284\" target=\"_blank\" rel=\"noreferrer noopener\">CV Lattes<\/a>)<\/li>\n\n\n\n<li style=\"font-size:17px\"><strong>Nayanna Morais Dias<\/strong> \u2013 Assistente em Administra\u00e7\u00e3o (com forma\u00e7\u00e3o em direito) <em>(ago\/2025 \u2013 atual) <\/em>\u00a0(<a href=\"http:\/\/lattes.cnpq.br\/9267222467822872\" target=\"_blank\" rel=\"noreferrer noopener\">CV Lattes<\/a>)<\/li>\n<\/ul>\n\n\n\n<h3 class=\"wp-block-heading has-vivid-red-color has-text-color has-link-color has-medium-font-size wp-elements-6ca0b4acd2913b1601b703420482e01e\"><strong>Secretaria da CoMu<\/strong><\/h3>\n\n\n\n<ul class=\"wp-block-list\">\n<li style=\"font-size:17px\"><strong>L\u00edgia Alves de Barros Costa<\/strong> \u2013 Assistente em Administra\u00e7\u00e3o <em>(fev\/2025 \u2013 atual)<\/em> ( <a href=\"http:\/\/lattes.cnpq.br\/0083029605770432\" target=\"_blank\" rel=\"noreferrer noopener\">CV Lattes<\/a>)<em><br><\/em><\/li>\n<\/ul>\n\n\n\n<h3 class=\"wp-block-heading has-medium-font-size\"><strong>Contribui\u00e7\u00f5es anteriores<\/strong> da Equipe T\u00e9cnica<\/h3>\n\n\n\n<ul class=\"wp-block-list\">\n<li style=\"font-size:17px\"><strong>Lis Carolinne Lemos<\/strong> \u2013 Jornalista <em>(nov\/2018 \u2013 jan\/2025)<\/em> (<a href=\"http:\/\/lattes.cnpq.br\/2386995487502059\" target=\"_blank\" rel=\"noreferrer noopener\">CV Lattes<\/a>)<\/li>\n<\/ul>\n\n\n\n<p class=\"has-medium-font-size\"><\/p>\n\n\n\n<p><\/p>\n","protected":false},"excerpt":{"rendered":"<p>Gest\u00e3o Atual Gest\u00f5es Anteriores Equipa T\u00e9cnica Multiprofissional Secretaria da CoMu Contribui\u00e7\u00f5es anteriores da Equipe T\u00e9cnica<\/p>\n","protected":false},"author":47,"featured_media":0,"parent":0,"menu_order":0,"comment_status":"closed","ping_status":"closed","template":"","meta":{"footnotes":""},"class_list":["post-20","page","type-page","status-publish","hentry"],"_links":{"self":[{"href":"https:\/\/www.ufpb.br\/comu\/wp-json\/wp\/v2\/pages\/20","targetHints":{"allow":["GET"]}}],"collection":[{"href":"https:\/\/www.ufpb.br\/comu\/wp-json\/wp\/v2\/pages"}],"about":[{"href":"https:\/\/www.ufpb.br\/comu\/wp-json\/wp\/v2\/types\/page"}],"author":[{"embeddable":true,"href":"https:\/\/www.ufpb.br\/comu\/wp-json\/wp\/v2\/users\/47"}],"replies":[{"embeddable":true,"href":"https:\/\/www.ufpb.br\/comu\/wp-json\/wp\/v2\/comments?post=20"}],"version-history":[{"count":25,"href":"https:\/\/www.ufpb.br\/comu\/wp-json\/wp\/v2\/pages\/20\/revisions"}],"predecessor-version":[{"id":1327,"href":"https:\/\/www.ufpb.br\/comu\/wp-json\/wp\/v2\/pages\/20\/revisions\/1327"}],"wp:attachment":[{"href":"https:\/\/www.ufpb.br\/comu\/wp-json\/wp\/v2\/media?parent=20"}],"curies":[{"name":"wp","href":"https:\/\/api.w.org\/{rel}","templated":true}]}}