{"id":275,"date":"2025-09-08T16:20:38","date_gmt":"2025-09-08T19:20:38","guid":{"rendered":"https:\/\/www.ufpb.br\/comu\/?page_id=275"},"modified":"2025-12-18T11:14:13","modified_gmt":"2025-12-18T14:14:13","slug":"quem-compoe-a-cg-comu","status":"publish","type":"page","link":"https:\/\/www.ufpb.br\/comu\/cg-comu\/quem-compoe-a-cg-comu\/","title":{"rendered":"Como \u00e9 composta a CG-CoMu?"},"content":{"rendered":"\n<p><\/p>\n\n\n\n<p>\u00b7 \u00a0 \u00a0 \u00a0 \u00a0Conforme nova Resolu\u00e7\u00e3o da CoMu <strong>(Resolu\u00e7\u00e3o 18\/2025 CONSUNI\/UFPB)<\/strong><\/p>\n\n\n\n<p>S\u00e3o 16 representa\u00e7\u00f5es de mulheres, sendo:<\/p>\n\n\n\n<ul class=\"wp-block-list\">\n<li>04 representantes eleitas das docentes (sendo uma de cada campus);<\/li>\n\n\n\n<li>04 representantes eleitas das discentes (sendo uma de cada campus);<\/li>\n<\/ul>\n\n\n\n<ul class=\"wp-block-list\">\n<li>04 representantes eleitas das t\u00e9cnico-administrativas (sendo uma de cada campus);<\/li>\n\n\n\n<li>03 representa\u00e7\u00f5es institucionais indicadas pela PRAPE, PROGEP e Corregedoria Geral da UFPB<\/li>\n\n\n\n<li>01 &#8211; Dire\u00e7\u00e3o da CoMu na presid\u00eancia do Conselho.<\/li>\n<\/ul>\n\n\n\n<p><\/p>\n\n\n\n<p><\/p>\n\n\n\n<p>\u00b7 \u00a0 \u00a0 \u00a0 \u00a0 <strong>De 2018 a 2025(Resolu\u00e7\u00e3o 26\/2018 CONSUNI\/UFPB)<\/strong>, a CG-CoMu era composta por 09 representa\u00e7\u00f5es de mulheres, sendo:<\/p>\n\n\n\n<ul class=\"wp-block-list\">\n<li>01 representa\u00e7\u00e3o eleita das Discentes,&nbsp;<\/li>\n\n\n\n<li>01 representa\u00e7\u00e3o eleita das Docentes;<\/li>\n\n\n\n<li>01 representa\u00e7\u00e3o&nbsp; eleita das t\u00e9cnicas administrativas;<\/li>\n\n\n\n<li>02 representa\u00e7\u00f5es indicadas pelo F\u00f3rum de Mulheres em Luta da UFPB<\/li>\n\n\n\n<li>03 representantes institucionais: indicadas pela PRAPE, PROGEP e Corregedoria Geral da UFPB;<\/li>\n\n\n\n<li>01 &#8211; a Coordena\u00e7\u00e3o da CoMu na presid\u00eancia do Conselho.<\/li>\n<\/ul>\n\n\n\n<h2 class=\"wp-block-heading\"><div class=\"linha-header\"><strong><mark style=\"background-color:#ffffff\" class=\"has-inline-color has-vivid-purple-color\">A participa\u00e7\u00e3o como conselheira na CG-CoMu \u00e9 reconhecida no campo acad\u00eamico e profissional?<\/mark><\/strong><\/div><\/h2>\n\n\n\n<p><strong>Sim, essa foi uma importante conquista na nova resolu\u00e7\u00e3o da CoMu&nbsp; (Resolu\u00e7\u00e3o 18\/2025 CONSUNI\/UFPB).<\/strong><\/p>\n\n\n\n<p><strong>O exerc\u00edcio das fun\u00e7\u00f5es da Conselheira da&nbsp; CG-CoMu ser\u00e1 equiparado:<\/strong><\/p>\n\n\n\n<ul class=\"wp-block-list\">\n<li>\u00e0s atividades de representa\u00e7\u00e3o para as servidoras t\u00e9cnico-administrativas e docentes, conforme resolu\u00e7\u00f5es em vigor;<\/li>\n\n\n\n<li>\u00e0s atividades complementares flex\u00edveis para as discentes, aproveitadas como representa\u00e7\u00e3o discente em \u00f3rg\u00e3os colegiados da UFPB, nas atividades complementares, de acordo com o Projetos Pedag\u00f3gicos de cada curso.<\/li>\n<\/ul>\n\n\n\n<p><\/p>\n","protected":false},"excerpt":{"rendered":"<p>\u00b7 \u00a0 \u00a0 \u00a0 \u00a0Conforme nova Resolu\u00e7\u00e3o da CoMu (Resolu\u00e7\u00e3o 18\/2025 CONSUNI\/UFPB) S\u00e3o 16 representa\u00e7\u00f5es [&hellip;]<\/p>\n","protected":false},"author":236,"featured_media":0,"parent":381,"menu_order":1,"comment_status":"closed","ping_status":"closed","template":"","meta":{"footnotes":""},"class_list":["post-275","page","type-page","status-publish","hentry"],"_links":{"self":[{"href":"https:\/\/www.ufpb.br\/comu\/wp-json\/wp\/v2\/pages\/275","targetHints":{"allow":["GET"]}}],"collection":[{"href":"https:\/\/www.ufpb.br\/comu\/wp-json\/wp\/v2\/pages"}],"about":[{"href":"https:\/\/www.ufpb.br\/comu\/wp-json\/wp\/v2\/types\/page"}],"author":[{"embeddable":true,"href":"https:\/\/www.ufpb.br\/comu\/wp-json\/wp\/v2\/users\/236"}],"replies":[{"embeddable":true,"href":"https:\/\/www.ufpb.br\/comu\/wp-json\/wp\/v2\/comments?post=275"}],"version-history":[{"count":6,"href":"https:\/\/www.ufpb.br\/comu\/wp-json\/wp\/v2\/pages\/275\/revisions"}],"predecessor-version":[{"id":900,"href":"https:\/\/www.ufpb.br\/comu\/wp-json\/wp\/v2\/pages\/275\/revisions\/900"}],"up":[{"embeddable":true,"href":"https:\/\/www.ufpb.br\/comu\/wp-json\/wp\/v2\/pages\/381"}],"wp:attachment":[{"href":"https:\/\/www.ufpb.br\/comu\/wp-json\/wp\/v2\/media?parent=275"}],"curies":[{"name":"wp","href":"https:\/\/api.w.org\/{rel}","templated":true}]}}