{"id":285,"date":"2025-09-08T16:35:20","date_gmt":"2025-09-08T19:35:20","guid":{"rendered":"https:\/\/www.ufpb.br\/comu\/?page_id=285"},"modified":"2025-12-18T11:14:33","modified_gmt":"2025-12-18T14:14:33","slug":"quem-compoe-a-cg-comu-2","status":"publish","type":"page","link":"https:\/\/www.ufpb.br\/comu\/cg-comu\/quem-compoe-a-cg-comu-2\/","title":{"rendered":"CG-CoMu 2025-2027"},"content":{"rendered":"\n<p><\/p>\n\n\n\n<figure class=\"wp-block-image size-full\"><img loading=\"lazy\" decoding=\"async\" width=\"761\" height=\"55\" src=\"http:\/\/www.ufpb.br\/comu\/wp-content\/uploads\/sites\/79\/sites\/269\/2025\/12\/Captura-de-tela-2025-12-17-003533.png\" alt=\"\" class=\"wp-image-909\" srcset=\"https:\/\/www.ufpb.br\/comu\/wp-content\/uploads\/sites\/79\/sites\/269\/2025\/12\/Captura-de-tela-2025-12-17-003533.png 761w, https:\/\/www.ufpb.br\/comu\/wp-content\/uploads\/sites\/79\/sites\/269\/2025\/12\/Captura-de-tela-2025-12-17-003533-300x22.png 300w\" sizes=\"auto, (max-width: 761px) 100vw, 761px\" \/><\/figure>\n\n\n\n<p><\/p>\n\n\n\n<p><strong>1.&nbsp; Presid\u00eancia da CG-CoMu (Dire\u00e7\u00e3o da CoMu)<\/strong>:<\/p>\n\n\n\n<p>     Titular: Val\u00e9ria Machado Rufino<\/p>\n\n\n\n<p>     Suplente: Maria Lourdes Teixeira da Silva<\/p>\n\n\n\n<p><\/p>\n\n\n\n<p><strong>2.&nbsp; Representa\u00e7\u00e3o Docente do Campus I:<\/strong><\/p>\n\n\n\n<p>         Titular: Xaman Korai Pinheiro Minillo<\/p>\n\n\n\n<p>         Suplente: Clarissa Cecilia Ferreira Alves<\/p>\n\n\n\n<p><\/p>\n\n\n\n<p><strong>3. Representa\u00e7\u00e3o Discente do Campus I:<\/strong><\/p>\n\n\n\n<p>    Titular: Ana Paula Brito Nunes<\/p>\n\n\n\n<p>    Suplente: Larissa Gorgonho Soares Da Silva Ver\u00edssimo\u00a0<\/p>\n\n\n\n<p><\/p>\n\n\n\n<p><strong>4.&nbsp; Representa\u00e7\u00e3o Docente do Campus II:<\/strong><\/p>\n\n\n\n<p>    Titular:\u00a0 Sheila Costa de Farias<\/p>\n\n\n\n<p>    Suplente: \u00c2ngela Cristina Alves Albino<\/p>\n\n\n\n<p><\/p>\n\n\n\n<p><strong>5.&nbsp; Representa\u00e7\u00e3o T\u00e9cnica-Administrativa do Campus II:&nbsp;<\/strong><\/p>\n\n\n\n<p>    Titular:\u00a0 Rociane Trajano da Fonseca<\/p>\n\n\n\n<p>    Suplente:\u00a0 Camylla Ten\u00f3rio Barros<\/p>\n\n\n\n<p><\/p>\n\n\n\n<p><strong>6. Representa\u00e7\u00e3o Discente do Campus II:&nbsp;<\/strong><\/p>\n\n\n\n<p>    Titular: Thomazia De Oliveira Emiliano<\/p>\n\n\n\n<p>    Suplente: Maria Augusta De Lima Andrade<\/p>\n\n\n\n<p><\/p>\n\n\n\n<p><strong>&nbsp;&nbsp;&nbsp;&nbsp;&nbsp;Representa\u00e7\u00e3o Docente do Campus III: <\/strong>n\u00e3o h\u00e1<\/p>\n\n\n\n<p><strong>&nbsp;&nbsp;&nbsp;&nbsp;&nbsp;Representa\u00e7\u00e3o T\u00e9cnica-Administrativa do Campus III: <\/strong>n\u00e3o h\u00e1<\/p>\n\n\n\n<p><strong>&nbsp;&nbsp;&nbsp;&nbsp;&nbsp;Representa\u00e7\u00e3o Discente do Campus III: <\/strong>n\u00e3o h\u00e1<\/p>\n\n\n\n<p><strong>7.&nbsp; Representa\u00e7\u00e3o Docente do Campus IV:<\/strong><\/p>\n\n\n\n<p>Titular: Laura Taddei Alves Pereira Pinto Berqu\u00f3<\/p>\n\n\n\n<p>Suplente: Raquel Vigolvino Lopes<\/p>\n\n\n\n<p><strong>&nbsp;&nbsp;&nbsp;&nbsp;&nbsp;Representa\u00e7\u00e3o T\u00e9cnica-Administrativa do Campus IV: <\/strong>n\u00e3o h\u00e1<\/p>\n\n\n\n<p><\/p>\n\n\n\n<p><strong>8. Representa\u00e7\u00e3o Discente do Campus IV:&nbsp;<\/strong><\/p>\n\n\n\n<p>    Titular: Telma Lima do Nascimento Gomes<\/p>\n\n\n\n<p>    Suplente: Ana Lu\u00edsa Freitas Melo<\/p>\n\n\n\n<p><\/p>\n\n\n\n<p><strong>9. Representa\u00e7\u00e3o da PROGEP:<\/strong><\/p>\n\n\n\n<p>    Titular: Jannine Jolanda Araujo Diniz<\/p>\n\n\n\n<p>    Suplente: \u2014&#8211;<\/p>\n\n\n\n<p><\/p>\n\n\n\n<p><strong>10. Representa\u00e7\u00e3o da PRAPE:<\/strong><\/p>\n\n\n\n<p>    Titular: Vanessa Da Silva<\/p>\n\n\n\n<p>    Suplente: Natalia Lins Pequeno de Assis<\/p>\n\n\n\n<p><\/p>\n\n\n\n<p><strong>11. Representa\u00e7\u00e3o da Corregedoria:<\/strong><\/p>\n\n\n\n<p>     Titular: Laura Cristina Menezes Nunes\u00a0<\/p>\n\n\n\n<p>     Suplente: \u2014&#8211;<\/p>\n\n\n\n<p><\/p>\n","protected":false},"excerpt":{"rendered":"<p>1.&nbsp; Presid\u00eancia da CG-CoMu (Dire\u00e7\u00e3o da CoMu): Titular: Val\u00e9ria Machado Rufino Suplente: Maria Lourdes Teixeira [&hellip;]<\/p>\n","protected":false},"author":236,"featured_media":0,"parent":381,"menu_order":2,"comment_status":"closed","ping_status":"closed","template":"","meta":{"footnotes":""},"class_list":["post-285","page","type-page","status-publish","hentry"],"_links":{"self":[{"href":"https:\/\/www.ufpb.br\/comu\/wp-json\/wp\/v2\/pages\/285","targetHints":{"allow":["GET"]}}],"collection":[{"href":"https:\/\/www.ufpb.br\/comu\/wp-json\/wp\/v2\/pages"}],"about":[{"href":"https:\/\/www.ufpb.br\/comu\/wp-json\/wp\/v2\/types\/page"}],"author":[{"embeddable":true,"href":"https:\/\/www.ufpb.br\/comu\/wp-json\/wp\/v2\/users\/236"}],"replies":[{"embeddable":true,"href":"https:\/\/www.ufpb.br\/comu\/wp-json\/wp\/v2\/comments?post=285"}],"version-history":[{"count":5,"href":"https:\/\/www.ufpb.br\/comu\/wp-json\/wp\/v2\/pages\/285\/revisions"}],"predecessor-version":[{"id":912,"href":"https:\/\/www.ufpb.br\/comu\/wp-json\/wp\/v2\/pages\/285\/revisions\/912"}],"up":[{"embeddable":true,"href":"https:\/\/www.ufpb.br\/comu\/wp-json\/wp\/v2\/pages\/381"}],"wp:attachment":[{"href":"https:\/\/www.ufpb.br\/comu\/wp-json\/wp\/v2\/media?parent=285"}],"curies":[{"name":"wp","href":"https:\/\/api.w.org\/{rel}","templated":true}]}}