{"id":381,"date":"2025-11-11T19:37:02","date_gmt":"2025-11-11T22:37:02","guid":{"rendered":"https:\/\/www.ufpb.br\/comu\/?page_id=381"},"modified":"2026-03-09T14:27:33","modified_gmt":"2026-03-09T17:27:33","slug":"cg-comu","status":"publish","type":"page","link":"https:\/\/www.ufpb.br\/comu\/cg-comu\/","title":{"rendered":"Conselho Gestor da CoMu (CG-CoMu)"},"content":{"rendered":"\n<p><a href=\"https:\/\/www.ufpb.br\/comu\/cg-comu\/o-que-e-a-cg-comu\/\" data-type=\"page\" data-id=\"271\">O que \u00e9 a CG-CoMu?<\/a><\/p>\n\n\n\n<p><a href=\"https:\/\/www.ufpb.br\/comu\/cg-comu\/quem-compoe-a-cg-comu\/\" data-type=\"page\" data-id=\"275\">Como \u00e9 composta a CG-CoMu?<\/a><\/p>\n\n\n\n<p><a href=\"https:\/\/www.ufpb.br\/comu\/cg-comu\/quem-compoe-a-cg-comu-2\/\" data-type=\"page\" data-id=\"285\">Quem comp\u00f5e a CG-CoMu?<\/a><\/p>\n\n\n\n<p><a href=\"https:\/\/www.ufpb.br\/comu\/cg-comu\/composicoes-anteriores-da-cg-comu\/\" data-type=\"page\" data-id=\"290\">Composi\u00e7\u00f5es anteriores da CG-CoMu<\/a><\/p>\n\n\n\n<p><a href=\"https:\/\/www.ufpb.br\/comu\/calendario-anual-2026-de-reunioes-ordinarias-cg-comu\/\">Calend\u00e1rio das reuni\u00f5es ordin\u00e1rias 2026 CG-CoMu  <\/a><\/p>\n\n\n\n<p><\/p>\n","protected":false},"excerpt":{"rendered":"<p>O que \u00e9 a CG-CoMu? Como \u00e9 composta a CG-CoMu? Quem comp\u00f5e a CG-CoMu? Composi\u00e7\u00f5es [&hellip;]<\/p>\n","protected":false},"author":47,"featured_media":0,"parent":0,"menu_order":0,"comment_status":"closed","ping_status":"closed","template":"","meta":{"footnotes":""},"class_list":["post-381","page","type-page","status-publish","hentry"],"_links":{"self":[{"href":"https:\/\/www.ufpb.br\/comu\/wp-json\/wp\/v2\/pages\/381","targetHints":{"allow":["GET"]}}],"collection":[{"href":"https:\/\/www.ufpb.br\/comu\/wp-json\/wp\/v2\/pages"}],"about":[{"href":"https:\/\/www.ufpb.br\/comu\/wp-json\/wp\/v2\/types\/page"}],"author":[{"embeddable":true,"href":"https:\/\/www.ufpb.br\/comu\/wp-json\/wp\/v2\/users\/47"}],"replies":[{"embeddable":true,"href":"https:\/\/www.ufpb.br\/comu\/wp-json\/wp\/v2\/comments?post=381"}],"version-history":[{"count":5,"href":"https:\/\/www.ufpb.br\/comu\/wp-json\/wp\/v2\/pages\/381\/revisions"}],"predecessor-version":[{"id":1267,"href":"https:\/\/www.ufpb.br\/comu\/wp-json\/wp\/v2\/pages\/381\/revisions\/1267"}],"wp:attachment":[{"href":"https:\/\/www.ufpb.br\/comu\/wp-json\/wp\/v2\/media?parent=381"}],"curies":[{"name":"wp","href":"https:\/\/api.w.org\/{rel}","templated":true}]}}