{"id":401,"date":"2025-11-11T19:43:33","date_gmt":"2025-11-11T22:43:33","guid":{"rendered":"https:\/\/www.ufpb.br\/comu\/?page_id=401"},"modified":"2026-02-20T14:37:07","modified_gmt":"2026-02-20T17:37:07","slug":"materiais-de-prevencao-da-comu","status":"publish","type":"page","link":"https:\/\/www.ufpb.br\/comu\/materiais-de-prevencao-da-comu\/","title":{"rendered":"Materiais de Preven\u00e7\u00e3o da CoMu"},"content":{"rendered":"\n<p><a href=\"https:\/\/www.ufpb.br\/wp-content\/uploads\/sites\/79\/sites\/79\/2026\/02\/PlanoUFPBPrevencaoEnfrentamentoAssedioDiscriminacaoeOutrasViolencias.pdf\">PLANO UFPB DE PREVEN\u00c7\u00c3O E ENFRENTAMENTO DO ASS\u00c9DIO, DA DISCRIMINA\u00c7\u00c3O E DE OUTRAS VIOL\u00caNCIAS &#8211; UFPB<\/a><\/p>\n","protected":false},"excerpt":{"rendered":"<p>PLANO UFPB DE PREVEN\u00c7\u00c3O E ENFRENTAMENTO DO ASS\u00c9DIO, DA DISCRIMINA\u00c7\u00c3O E DE OUTRAS VIOL\u00caNCIAS &#8211; [&hellip;]<\/p>\n","protected":false},"author":47,"featured_media":0,"parent":0,"menu_order":0,"comment_status":"closed","ping_status":"closed","template":"","meta":{"footnotes":""},"class_list":["post-401","page","type-page","status-publish","hentry"],"_links":{"self":[{"href":"https:\/\/www.ufpb.br\/comu\/wp-json\/wp\/v2\/pages\/401","targetHints":{"allow":["GET"]}}],"collection":[{"href":"https:\/\/www.ufpb.br\/comu\/wp-json\/wp\/v2\/pages"}],"about":[{"href":"https:\/\/www.ufpb.br\/comu\/wp-json\/wp\/v2\/types\/page"}],"author":[{"embeddable":true,"href":"https:\/\/www.ufpb.br\/comu\/wp-json\/wp\/v2\/users\/47"}],"replies":[{"embeddable":true,"href":"https:\/\/www.ufpb.br\/comu\/wp-json\/wp\/v2\/comments?post=401"}],"version-history":[{"count":3,"href":"https:\/\/www.ufpb.br\/comu\/wp-json\/wp\/v2\/pages\/401\/revisions"}],"predecessor-version":[{"id":1224,"href":"https:\/\/www.ufpb.br\/comu\/wp-json\/wp\/v2\/pages\/401\/revisions\/1224"}],"wp:attachment":[{"href":"https:\/\/www.ufpb.br\/comu\/wp-json\/wp\/v2\/media?parent=401"}],"curies":[{"name":"wp","href":"https:\/\/api.w.org\/{rel}","templated":true}]}}