{"id":475,"date":"2025-12-09T18:12:55","date_gmt":"2025-12-09T21:12:55","guid":{"rendered":"https:\/\/www.ufpb.br\/comu\/?page_id=475"},"modified":"2026-02-20T14:48:49","modified_gmt":"2026-02-20T17:48:49","slug":"cursos-e-formacao-continuada","status":"publish","type":"page","link":"https:\/\/www.ufpb.br\/comu\/cursos-e-formacao-continuada\/","title":{"rendered":"Cursos e Forma\u00e7\u00e3o Continuada"},"content":{"rendered":"\n<p class=\"has-small-font-size\"><\/p>\n\n\n\n<div class=\"wp-block-media-text is-stacked-on-mobile is-image-fill-element\" style=\"grid-template-columns:37% auto\"><figure class=\"wp-block-media-text__media\"><img loading=\"lazy\" decoding=\"async\" width=\"1024\" height=\"694\" src=\"http:\/\/www.ufpb.br\/comu\/wp-content\/uploads\/sites\/79\/sites\/269\/2025\/12\/image-126-1024x694.png\" alt=\"\" class=\"wp-image-821 size-full\" style=\"object-position:31% 50%\" srcset=\"https:\/\/www.ufpb.br\/comu\/wp-content\/uploads\/sites\/79\/sites\/269\/2025\/12\/image-126-1024x694.png 1024w, https:\/\/www.ufpb.br\/comu\/wp-content\/uploads\/sites\/79\/sites\/269\/2025\/12\/image-126-300x203.png 300w, https:\/\/www.ufpb.br\/comu\/wp-content\/uploads\/sites\/79\/sites\/269\/2025\/12\/image-126-768x520.png 768w, https:\/\/www.ufpb.br\/comu\/wp-content\/uploads\/sites\/79\/sites\/269\/2025\/12\/image-126-1536x1041.png 1536w, https:\/\/www.ufpb.br\/comu\/wp-content\/uploads\/sites\/79\/sites\/269\/2025\/12\/image-126.png 1600w\" sizes=\"auto, (max-width: 1024px) 100vw, 1024px\" \/><\/figure><div class=\"wp-block-media-text__content\">\n<h2 class=\"wp-block-heading\"><div class=\"linha-header\"><strong>Viol\u00eancia de g\u00eanero contra mulheres e meninas: preven\u00e7\u00e3o em tr\u00eas n\u00edveis<\/strong><\/div><\/h2>\n\n\n\n<p class=\"has-small-font-size\"><em>promovido pela ENAP em parceria com o Minist\u00e9rio das Mulheres (Mulheres) e o Minist\u00e9rio dos Direitos Humanos e Cidadania (MDHC)<\/em>; Neste curso, voc\u00ea aprender\u00e1 a prevenir viol\u00eancias contra mulheres e meninas. Vamos conhecer os principais temas &nbsp; conceitos, adotando uma vis\u00e3o ampla e inclusiva para entender as din\u00e2micas sociais que perpetuam essas viol\u00eancias. Al\u00e9m disso, abordaremos estrat\u00e9gias pr\u00e1ticas&nbsp;<\/p>\n\n\n\n<p><a href=\"https:\/\/www.escolavirtual.gov.br\/curso\/1204\">ACESSE AQUI! <\/a><\/p>\n<\/div><\/div>\n\n\n\n<div class=\"wp-block-media-text is-stacked-on-mobile is-image-fill-element\" style=\"grid-template-columns:37% auto\" id=\"https:\/\/www.escolavirtual.gov.br\/curso\/1440\"><figure class=\"wp-block-media-text__media\"><img loading=\"lazy\" decoding=\"async\" width=\"800\" height=\"500\" src=\"http:\/\/www.ufpb.br\/comu\/wp-content\/uploads\/sites\/79\/sites\/269\/2025\/12\/image-131.png\" alt=\"\" class=\"wp-image-844 size-medium\" style=\"object-position:50% 50%\" srcset=\"https:\/\/www.ufpb.br\/comu\/wp-content\/uploads\/sites\/79\/sites\/269\/2025\/12\/image-131.png 800w, https:\/\/www.ufpb.br\/comu\/wp-content\/uploads\/sites\/79\/sites\/269\/2025\/12\/image-131-300x188.png 300w, https:\/\/www.ufpb.br\/comu\/wp-content\/uploads\/sites\/79\/sites\/269\/2025\/12\/image-131-768x480.png 768w\" sizes=\"auto, (max-width: 800px) 100vw, 800px\" \/><\/figure><div class=\"wp-block-media-text__content\">\n<h2 class=\"wp-block-heading\"><div class=\"linha-header\"><strong>Viol\u00eancia Baseada em G\u00eanero: Qual a nossa Responsabilidade como Rede?<\/strong><\/div><\/h2>\n\n\n\n<p class=\"has-small-font-size\">Neste curso, voc\u00ea ir\u00e1 aprender sobre os fundamentos da Viol\u00eancia Baseada no G\u00eanero, os principais marcos legais, a atua\u00e7\u00e3o intersetorial e o atendimento humanizado, garantindo respostas \u00e9ticas, eficazes e sem causar danos \u00e0s pessoas em situa\u00e7\u00e3o de viol\u00eancia. Quer saber mais? Inscreva-se!<br><\/p>\n\n\n\n<p><a href=\"https:\/\/www.escolavirtual.gov.br\/curso\/1440\">ACESSE AQUI!<\/a><\/p>\n<\/div><\/div>\n\n\n\n<div class=\"wp-block-media-text is-stacked-on-mobile is-image-fill-element\" style=\"grid-template-columns:37% auto\" id=\"https:\/\/www.escolavirtual.gov.br\/curso\/1440\"><figure class=\"wp-block-media-text__media\"><img loading=\"lazy\" decoding=\"async\" width=\"800\" height=\"520\" src=\"http:\/\/www.ufpb.br\/comu\/wp-content\/uploads\/sites\/79\/sites\/269\/2025\/12\/image-134.png\" alt=\"\" class=\"wp-image-862 size-medium\" style=\"object-position:50% 50%\" srcset=\"https:\/\/www.ufpb.br\/comu\/wp-content\/uploads\/sites\/79\/sites\/269\/2025\/12\/image-134.png 800w, https:\/\/www.ufpb.br\/comu\/wp-content\/uploads\/sites\/79\/sites\/269\/2025\/12\/image-134-300x195.png 300w, https:\/\/www.ufpb.br\/comu\/wp-content\/uploads\/sites\/79\/sites\/269\/2025\/12\/image-134-768x499.png 768w\" sizes=\"auto, (max-width: 800px) 100vw, 800px\" \/><\/figure><div class=\"wp-block-media-text__content\">\n<h2 class=\"wp-block-heading\"><div class=\"linha-header\"><strong><strong>Como prevenir o ass\u00e9dio e a viol\u00eancia contra a mulher<\/strong><\/strong><\/div><\/h2>\n\n\n\n<p class=\"has-small-font-size\">Realizado com apoio do TJSP (Resolu\u00e7\u00e3o CNJ n\u00ba 558\/2024), este curso convida voc\u00ea a aprender mais sobre desigualdade de g\u00eanero, ciclo e tipos de viol\u00eancia, diferentes formas de ass\u00e9dio e estrat\u00e9gias pr\u00e1ticas de preven\u00e7\u00e3o e enfrentamento. Uma oportunidade de ampliar a vis\u00e3o e transformar realidades. Quer saber mais? Inscreva-se!&nbsp;<br><\/p>\n\n\n\n<p><a href=\"https:\/\/www.escolavirtual.gov.br\/curso\/1452\">ACESSE AQUI!<\/a><\/p>\n<\/div><\/div>\n\n\n\n<div class=\"wp-block-media-text is-stacked-on-mobile is-image-fill-element\" style=\"grid-template-columns:37% auto\" id=\"https:\/\/www.escolavirtual.gov.br\/curso\/1440\"><figure class=\"wp-block-media-text__media\"><img loading=\"lazy\" decoding=\"async\" width=\"800\" height=\"520\" src=\"http:\/\/www.ufpb.br\/comu\/wp-content\/uploads\/sites\/79\/sites\/269\/2025\/12\/image-135.png\" alt=\"\" class=\"wp-image-863 size-medium\" style=\"object-position:50% 50%\" srcset=\"https:\/\/www.ufpb.br\/comu\/wp-content\/uploads\/sites\/79\/sites\/269\/2025\/12\/image-135.png 800w, https:\/\/www.ufpb.br\/comu\/wp-content\/uploads\/sites\/79\/sites\/269\/2025\/12\/image-135-300x195.png 300w, https:\/\/www.ufpb.br\/comu\/wp-content\/uploads\/sites\/79\/sites\/269\/2025\/12\/image-135-768x499.png 768w\" sizes=\"auto, (max-width: 800px) 100vw, 800px\" \/><\/figure><div class=\"wp-block-media-text__content\">\n<h2 class=\"wp-block-heading\"><div class=\"linha-header\"><strong><strong><strong>Preven\u00e7\u00e3o de Enfretamento do Ass\u00e9dio sexual e Moral<\/strong><\/strong><\/strong><\/div><\/h2>\n\n\n\n<p class=\"has-small-font-size\">Neste curso, voc\u00ea conhecer\u00e1 os elementos caracterizadores e as causas estruturantes do ass\u00e9dio moral e tamb\u00e9m sexual. Al\u00e9m disso, s\u00e3o apresentadas informa\u00e7\u00f5es que contribuem para a preven\u00e7\u00e3o e o combate ao ass\u00e9dio na Administra\u00e7\u00e3o P\u00fablica, por meio da indica\u00e7\u00e3o de ferramentas e estrat\u00e9gias de enfrentamento. O curso tem como base o Programa de Aux\u00edlio \u00e0 Preven\u00e7\u00e3o e Enfrentamento ao Ass\u00e9dio Sexual da Procuradoria-Geral Federal (PGF). Fa\u00e7a j\u00e1 sua inscri\u00e7\u00e3o e colabore com uma cultura institucional de respeito e seguran\u00e7a. <\/p>\n\n\n\n<p class=\"has-small-font-size\"><a href=\"https:\/\/www.escolavirtual.gov.br\/curso\/1115\">ACESSE AQUI!<\/a><\/p>\n<\/div><\/div>\n\n\n\n<div class=\"wp-block-media-text is-stacked-on-mobile is-image-fill-element\" style=\"grid-template-columns:37% auto\" id=\"https:\/\/www.escolavirtual.gov.br\/curso\/1440\"><figure class=\"wp-block-media-text__media\"><img loading=\"lazy\" decoding=\"async\" width=\"800\" height=\"520\" src=\"https:\/\/www.ufpb.br\/comu\/wp-content\/uploads\/sites\/79\/sites\/269\/2025\/12\/imagem_curso_836.png\" alt=\"\" class=\"wp-image-884 size-medium\" style=\"object-position:50% 50%\" srcset=\"https:\/\/www.ufpb.br\/comu\/wp-content\/uploads\/sites\/79\/sites\/269\/2025\/12\/imagem_curso_836.png 800w, https:\/\/www.ufpb.br\/comu\/wp-content\/uploads\/sites\/79\/sites\/269\/2025\/12\/imagem_curso_836-300x195.png 300w, https:\/\/www.ufpb.br\/comu\/wp-content\/uploads\/sites\/79\/sites\/269\/2025\/12\/imagem_curso_836-768x499.png 768w\" sizes=\"auto, (max-width: 800px) 100vw, 800px\" \/><\/figure><div class=\"wp-block-media-text__content\">\n<h2 class=\"wp-block-heading\"><div class=\"linha-header\"><strong><strong><strong><strong>Ass\u00e9dio moral: O que saber e fazer<\/strong><br><\/strong><\/strong><\/strong><\/div><\/h2>\n\n\n\n<p class=\"has-small-font-size\">Conhecer e refletir sobre o Ass\u00e9dio Moral no trabalho \u00e9 uma das medidas que podem proteger a organiza\u00e7\u00e3o desse mal que tanto prejudica as rela\u00e7\u00f5es de trabalho. Neste curso, voc\u00ea ir\u00e1 refletir sobre este tema, estabelecer paralelos com a realidade que voc\u00ea vivencia e refletir se algo na sua conduta profissional ou no seu ambiente de trabalho precisa ser revisto.<\/p>\n\n\n\n<p><a href=\"https:\/\/www.escolavirtual.gov.br\/curso\/836\">ACESSE AQUI!<\/a><\/p>\n<\/div><\/div>\n\n\n\n<div class=\"wp-block-media-text is-stacked-on-mobile is-image-fill-element\" style=\"grid-template-columns:37% auto\"><figure class=\"wp-block-media-text__media\"><img loading=\"lazy\" decoding=\"async\" width=\"800\" height=\"520\" src=\"http:\/\/www.ufpb.br\/comu\/wp-content\/uploads\/sites\/79\/sites\/269\/2025\/12\/image-140.png\" alt=\"\" class=\"wp-image-886 size-full\" style=\"object-position:45% 53%\" srcset=\"https:\/\/www.ufpb.br\/comu\/wp-content\/uploads\/sites\/79\/sites\/269\/2025\/12\/image-140.png 800w, https:\/\/www.ufpb.br\/comu\/wp-content\/uploads\/sites\/79\/sites\/269\/2025\/12\/image-140-300x195.png 300w, https:\/\/www.ufpb.br\/comu\/wp-content\/uploads\/sites\/79\/sites\/269\/2025\/12\/image-140-768x499.png 768w\" sizes=\"auto, (max-width: 800px) 100vw, 800px\" \/><\/figure><div class=\"wp-block-media-text__content\">\n<h2 class=\"wp-block-heading\"><div class=\"linha-header\"><strong>Gest\u00e3o e implementa\u00e7\u00e3o de pol\u00edticas p\u00fablicas e de organismos de pol\u00edticas para mulheres<\/strong><\/div><\/h2>\n\n\n\n<p class=\"has-small-font-size\">Neste Curso voc\u00ea ter\u00e1 acesso aos elementos b\u00e1sicos para planejar, gerir e implementar pol\u00edticas para as mulheres numa perspectiva interseccional. Desde a discuss\u00e3o mais simples sobre fundamentos do Estado e das Pol\u00edticas P\u00fablicas, passando pela constru\u00e7\u00e3o e sustentabilidade dos Organismos de Pol\u00edticas para as Mulheres, o curso busca qualificar lideran\u00e7as femininas e suas equipes na gest\u00e3o p\u00fablica dos diferentes n\u00edveis e aperfei\u00e7oar seus conhecimentos na atua\u00e7\u00e3o pol\u00edtico-institucional na constru\u00e7\u00e3o dessas pol\u00edticas p\u00fablicas. <\/p>\n\n\n\n<p><a href=\"https:\/\/www.escolavirtual.gov.br\/curso\/1163\">ACESSE AQUI!<\/a><\/p>\n<\/div><\/div>\n\n\n\n<div class=\"wp-block-media-text is-stacked-on-mobile is-image-fill-element\" style=\"grid-template-columns:37% auto\" id=\"https:\/\/www.escolavirtual.gov.br\/curso\/1440\"><figure class=\"wp-block-media-text__media\"><img loading=\"lazy\" decoding=\"async\" width=\"800\" height=\"520\" src=\"http:\/\/www.ufpb.br\/comu\/wp-content\/uploads\/sites\/79\/sites\/269\/2025\/12\/image-141.png\" alt=\"\" class=\"wp-image-887 size-medium\" style=\"object-position:23% 41%\" srcset=\"https:\/\/www.ufpb.br\/comu\/wp-content\/uploads\/sites\/79\/sites\/269\/2025\/12\/image-141.png 800w, https:\/\/www.ufpb.br\/comu\/wp-content\/uploads\/sites\/79\/sites\/269\/2025\/12\/image-141-300x195.png 300w, https:\/\/www.ufpb.br\/comu\/wp-content\/uploads\/sites\/79\/sites\/269\/2025\/12\/image-141-768x499.png 768w\" sizes=\"auto, (max-width: 800px) 100vw, 800px\" \/><\/figure><div class=\"wp-block-media-text__content\">\n<h2 class=\"wp-block-heading\"><div class=\"linha-header\"><strong><strong><strong>O Protagonismo das Mulheres: passos para a atua\u00e7\u00e3o pol\u00edtica das mulheres em espa\u00e7os de poder e decis\u00e3o<\/strong><\/strong><\/strong><\/div><\/h2>\n\n\n\n<p class=\"has-small-font-size\">O curso incentiva a participa\u00e7\u00e3o feminina em espa\u00e7os de poder e decis\u00e3o, focando no debate de g\u00eanero. Ele explora o papel das mulheres na pol\u00edtica, seus desafios, conquistas e contribui\u00e7\u00f5es ao longo da hist\u00f3ria e na atualidade. O objetivo \u00e9 mostrar a hist\u00f3ria da participa\u00e7\u00e3o pol\u00edtica das mulheres e destacar seu protagonismo nesses espa\u00e7os. Quer saber mais? Inscreva-se!\u00a0<br>\u00a0<\/p>\n\n\n\n<p><a href=\"https:\/\/www.escolavirtual.gov.br\/curso\/1452\">ACESSE AQUI!<\/a><\/p>\n<\/div><\/div>\n\n\n\n<div class=\"wp-block-media-text is-stacked-on-mobile is-image-fill-element\" style=\"grid-template-columns:37% auto\" id=\"https:\/\/www.escolavirtual.gov.br\/curso\/1440\"><figure class=\"wp-block-media-text__media\"><img loading=\"lazy\" decoding=\"async\" width=\"800\" height=\"500\" src=\"http:\/\/www.ufpb.br\/comu\/wp-content\/uploads\/sites\/79\/sites\/269\/2025\/12\/image-142.png\" alt=\"\" class=\"wp-image-888 size-medium\" style=\"object-position:50% 50%\" srcset=\"https:\/\/www.ufpb.br\/comu\/wp-content\/uploads\/sites\/79\/sites\/269\/2025\/12\/image-142.png 800w, https:\/\/www.ufpb.br\/comu\/wp-content\/uploads\/sites\/79\/sites\/269\/2025\/12\/image-142-300x188.png 300w, https:\/\/www.ufpb.br\/comu\/wp-content\/uploads\/sites\/79\/sites\/269\/2025\/12\/image-142-768x480.png 768w\" sizes=\"auto, (max-width: 800px) 100vw, 800px\" \/><\/figure><div class=\"wp-block-media-text__content\">\n<h2 class=\"wp-block-heading\"><div class=\"linha-header\"><strong><strong><strong>Gest\u00e3o de casos de viol\u00eancia baseada no g\u00eanero<\/strong><\/strong><\/strong><\/div><\/h2>\n\n\n\n<p><\/p>\n\n\n\n<p><\/p>\n\n\n\n<p class=\"has-small-font-size\">Neste curso, voc\u00ea aprender\u00e1 sobre padr\u00f5es m\u00ednimos de resposta, gest\u00e3o de casos, atua\u00e7\u00e3o intersetorial e atendimento humanizado para apoiar, sem causar danos, pessoas em situa\u00e7\u00e3o de viol\u00eancia de g\u00eanero. Quer saber mais? Inscreva-se.&nbsp;<br><\/p>\n\n\n\n<p><a href=\"https:\/\/www.escolavirtual.gov.br\/curso\/653\">ACESSE AQUI!<\/a><\/p>\n<\/div><\/div>\n\n\n\n<p><\/p>\n\n\n\n<div class=\"wp-block-media-text is-stacked-on-mobile is-image-fill-element\" style=\"grid-template-columns:37% auto\" id=\"https:\/\/www.escolavirtual.gov.br\/curso\/1440\"><figure class=\"wp-block-media-text__media\"><img loading=\"lazy\" decoding=\"async\" width=\"800\" height=\"500\" src=\"http:\/\/www.ufpb.br\/comu\/wp-content\/uploads\/sites\/79\/sites\/269\/2025\/12\/image-143.png\" alt=\"\" class=\"wp-image-889 size-medium\" style=\"object-position:83% 50%\" srcset=\"https:\/\/www.ufpb.br\/comu\/wp-content\/uploads\/sites\/79\/sites\/269\/2025\/12\/image-143.png 800w, https:\/\/www.ufpb.br\/comu\/wp-content\/uploads\/sites\/79\/sites\/269\/2025\/12\/image-143-300x188.png 300w, https:\/\/www.ufpb.br\/comu\/wp-content\/uploads\/sites\/79\/sites\/269\/2025\/12\/image-143-768x480.png 768w\" sizes=\"auto, (max-width: 800px) 100vw, 800px\" \/><\/figure><div class=\"wp-block-media-text__content\">\n<h2 class=\"wp-block-heading\"><div class=\"linha-header\"><strong><strong><strong>Marcos Legais Antirracistas para Igualdade Racial<\/strong><\/strong><\/strong><\/div><\/h2>\n\n\n\n<p><\/p>\n\n\n\n<p><\/p>\n\n\n\n<p class=\"has-small-font-size\">Explore as din\u00e2micas das identidades raciais em discuss\u00f5es sobre racismo, ra\u00e7a e g\u00eanero! O curso aborda quest\u00f5es sociais, econ\u00f4micas e pol\u00edticas, promovendo troca de experi\u00eancias e an\u00e1lise cr\u00edtica. Desenvolva repert\u00f3rio para interpretar e combater pr\u00e1ticas racistas e discriminat\u00f3rias de forma reflexiva.<\/p>\n\n\n\n<p><a href=\"https:\/\/www.escolavirtual.gov.br\/curso\/1054\">ACESSE AQUI!<\/a><\/p>\n<\/div><\/div>\n\n\n\n<p><\/p>\n\n\n\n<div class=\"wp-block-media-text is-stacked-on-mobile is-image-fill-element\" style=\"grid-template-columns:37% auto\" id=\"https:\/\/www.escolavirtual.gov.br\/curso\/1440\"><figure class=\"wp-block-media-text__media\"><img loading=\"lazy\" decoding=\"async\" width=\"1024\" height=\"666\" src=\"http:\/\/www.ufpb.br\/comu\/wp-content\/uploads\/sites\/79\/sites\/269\/2025\/12\/image-144-1024x666.png\" alt=\"\" class=\"wp-image-890 size-medium\" style=\"object-position:63% 48%\" srcset=\"https:\/\/www.ufpb.br\/comu\/wp-content\/uploads\/sites\/79\/sites\/269\/2025\/12\/image-144-1024x666.png 1024w, https:\/\/www.ufpb.br\/comu\/wp-content\/uploads\/sites\/79\/sites\/269\/2025\/12\/image-144-300x195.png 300w, https:\/\/www.ufpb.br\/comu\/wp-content\/uploads\/sites\/79\/sites\/269\/2025\/12\/image-144-768x499.png 768w, https:\/\/www.ufpb.br\/comu\/wp-content\/uploads\/sites\/79\/sites\/269\/2025\/12\/image-144-1536x998.png 1536w, https:\/\/www.ufpb.br\/comu\/wp-content\/uploads\/sites\/79\/sites\/269\/2025\/12\/image-144.png 1600w\" sizes=\"auto, (max-width: 1024px) 100vw, 1024px\" \/><\/figure><div class=\"wp-block-media-text__content\">\n<h2 class=\"wp-block-heading\"><div class=\"linha-header\"><strong><strong><strong>Comunica\u00e7\u00e3o n\u00e3o violenta<\/strong><\/strong><\/strong>                                             <\/div><\/h2>\n\n\n\n<p><\/p>\n\n\n\n<p class=\"has-small-font-size\">O que voc\u00ea entende por Comunica\u00e7\u00e3o N\u00e3o Violenta (CNV)? Quer conhecer sobre este assunto? Este curso apresenta os principais conceitos e pilares para a realiza\u00e7\u00e3o de uma comunica\u00e7\u00e3o mais assertiva e emp\u00e1tica. H\u00e1 dicas importantes para o aperfei\u00e7oamento pessoal que voc\u00ea n\u00e3o pode deixar de conhecer. Fa\u00e7a sua inscri\u00e7\u00e3o e saiba mais!<br><br><\/p>\n\n\n\n<p><a href=\"https:\/\/www.escolavirtual.gov.br\/programa\/172\/curso\/463\">ACESSE AQUI!<\/a><\/p>\n<\/div><\/div>\n\n\n\n<div class=\"wp-block-media-text is-stacked-on-mobile is-image-fill-element\" style=\"grid-template-columns:37% auto\" id=\"https:\/\/www.escolavirtual.gov.br\/curso\/1440\"><figure class=\"wp-block-media-text__media\"><img loading=\"lazy\" decoding=\"async\" width=\"800\" height=\"520\" src=\"http:\/\/www.ufpb.br\/comu\/wp-content\/uploads\/sites\/79\/sites\/269\/2025\/12\/image-145.png\" alt=\"\" class=\"wp-image-891 size-medium\" style=\"object-position:52% 59%\" srcset=\"https:\/\/www.ufpb.br\/comu\/wp-content\/uploads\/sites\/79\/sites\/269\/2025\/12\/image-145.png 800w, https:\/\/www.ufpb.br\/comu\/wp-content\/uploads\/sites\/79\/sites\/269\/2025\/12\/image-145-300x195.png 300w, https:\/\/www.ufpb.br\/comu\/wp-content\/uploads\/sites\/79\/sites\/269\/2025\/12\/image-145-768x499.png 768w\" sizes=\"auto, (max-width: 800px) 100vw, 800px\" \/><\/figure><div class=\"wp-block-media-text__content\">\n<h2 class=\"wp-block-heading\"><div class=\"linha-header\"><strong><strong><strong>Inclus\u00e3o de G\u00eanero na ponta da l\u00edngua<\/strong><\/strong><\/strong><\/div><\/h2>\n\n\n\n<p><\/p>\n\n\n\n<p class=\"has-small-font-size\">A l\u00edngua, muitas vezes, \u00e9 um componente social que contribui fortemente com a viol\u00eancia simb\u00f3lica e o preconceito de g\u00eanero. Neste curso, voc\u00ea compreender\u00e1 os principais pontos para evitar o uso sexista da l\u00edngua e utiliz\u00e1-la da maneira mais inclusiva poss\u00edvel. Nessa experi\u00eancia, voc\u00ea conhecer\u00e1 orienta\u00e7\u00f5es objetivas de uso inclusivo da l\u00edngua para aplicar no seu dia a dia. Inscreva-se j\u00e1.<\/p>\n\n\n\n<p><a href=\"https:\/\/www.escolavirtual.gov.br\/programa\/172\/curso\/924\">ACESSE AQUI!<\/a><\/p>\n<\/div><\/div>\n\n\n\n<div class=\"wp-block-media-text is-stacked-on-mobile is-image-fill-element\" style=\"grid-template-columns:37% auto\" id=\"https:\/\/www.escolavirtual.gov.br\/curso\/1440\"><figure class=\"wp-block-media-text__media\"><img loading=\"lazy\" decoding=\"async\" width=\"800\" height=\"520\" src=\"http:\/\/www.ufpb.br\/comu\/wp-content\/uploads\/sites\/79\/sites\/269\/2025\/12\/image-146.png\" alt=\"\" class=\"wp-image-892 size-medium\" style=\"object-position:30% 61%\" srcset=\"https:\/\/www.ufpb.br\/comu\/wp-content\/uploads\/sites\/79\/sites\/269\/2025\/12\/image-146.png 800w, https:\/\/www.ufpb.br\/comu\/wp-content\/uploads\/sites\/79\/sites\/269\/2025\/12\/image-146-300x195.png 300w, https:\/\/www.ufpb.br\/comu\/wp-content\/uploads\/sites\/79\/sites\/269\/2025\/12\/image-146-768x499.png 768w\" sizes=\"auto, (max-width: 800px) 100vw, 800px\" \/><\/figure><div class=\"wp-block-media-text__content\">\n<h2 class=\"wp-block-heading\"><div class=\"linha-header\"><strong><strong><strong>Promo\u00e7\u00e3o e Defesa dos Direitos das Pessoas LGBTQIA+<\/strong><\/strong><\/strong><\/div><\/h2>\n\n\n\n<p class=\"has-small-font-size\">Para fortalecer a cultura de direitos humanos, a partir do reconhecimento, valoriza\u00e7\u00e3o e respeito \u00e0 diversidade \u00e9 necess\u00e1rio compreender os principais desafios vivenciados por pessoas LGBTQIA+. Neste curso, voc\u00ea ir\u00e1 aprender os conceitos, conhecer experi\u00eancias e aspectos espec\u00edficos de viol\u00eancias, exclus\u00e3o, discrimina\u00e7\u00e3o e desigualdade vividos por pessoas LGBTQIA+, bem como estrat\u00e9gias para a garantia, promo\u00e7\u00e3o e defesa de seus direitos.<br><\/p>\n\n\n\n<p><a href=\"https:\/\/www.escolavirtual.gov.br\/programa\/172\/curso\/950\">ACESSE AQUI!<\/a><\/p>\n<\/div><\/div>\n\n\n\n<p><\/p>\n","protected":false},"excerpt":{"rendered":"<p>Viol\u00eancia de g\u00eanero contra mulheres e meninas: preven\u00e7\u00e3o em tr\u00eas n\u00edveis promovido pela ENAP em [&hellip;]<\/p>\n","protected":false},"author":47,"featured_media":0,"parent":0,"menu_order":0,"comment_status":"closed","ping_status":"closed","template":"","meta":{"footnotes":""},"class_list":["post-475","page","type-page","status-publish","hentry"],"_links":{"self":[{"href":"https:\/\/www.ufpb.br\/comu\/wp-json\/wp\/v2\/pages\/475","targetHints":{"allow":["GET"]}}],"collection":[{"href":"https:\/\/www.ufpb.br\/comu\/wp-json\/wp\/v2\/pages"}],"about":[{"href":"https:\/\/www.ufpb.br\/comu\/wp-json\/wp\/v2\/types\/page"}],"author":[{"embeddable":true,"href":"https:\/\/www.ufpb.br\/comu\/wp-json\/wp\/v2\/users\/47"}],"replies":[{"embeddable":true,"href":"https:\/\/www.ufpb.br\/comu\/wp-json\/wp\/v2\/comments?post=475"}],"version-history":[{"count":23,"href":"https:\/\/www.ufpb.br\/comu\/wp-json\/wp\/v2\/pages\/475\/revisions"}],"predecessor-version":[{"id":1231,"href":"https:\/\/www.ufpb.br\/comu\/wp-json\/wp\/v2\/pages\/475\/revisions\/1231"}],"wp:attachment":[{"href":"https:\/\/www.ufpb.br\/comu\/wp-json\/wp\/v2\/media?parent=475"}],"curies":[{"name":"wp","href":"https:\/\/api.w.org\/{rel}","templated":true}]}}