{"id":15,"date":"2024-04-02T00:07:28","date_gmt":"2024-04-02T00:07:28","guid":{"rendered":"https:\/\/www.ufpb.br\/consultaprevia\/?page_id=15"},"modified":"2024-05-16T16:28:11","modified_gmt":"2024-05-16T16:28:11","slug":"comissao-especial","status":"publish","type":"page","link":"https:\/\/www.ufpb.br\/consultaprevia\/comissoes\/comissao-especial\/","title":{"rendered":"Comiss\u00e3o Especial"},"content":{"rendered":"\n<p><a href=\"http:\/\/www.ufpb.br\/consultaprevia\/wp-content\/uploads\/sites\/79\/sites\/165\/2024\/04\/BS_18-2024_nomeia_comissoes.pdf\" data-type=\"link\" data-id=\"http:\/\/www.ufpb.br\/consultaprevia\/wp-content\/uploads\/sites\/79\/sites\/165\/2024\/04\/Resolucao_02_2024_Regulamenta_Consulta.pdf\">Portaria 041 &#8211; Nomeia Comiss\u00e3o &#8211; Especial<\/a><\/p>\n\n\n\n<p>A Comiss\u00e3o Especial foi constitu\u00edda de acordo com a Portaria N\u00ba 41, de 28 de mar\u00e7o de 2024, com representa\u00e7\u00e3o do Consuni, Consepe e das tr\u00eas entidades representativas de docentes, t\u00e9cnico-administrativos e discentes (ADUFPB, SINTESPB e DCE)<\/p>\n\n\n\n<p>Os 03 (tr\u00eas) representantes do Consuni, com os seus respectivos suplentes, escolhidos pelos pare s\u00e3o:<\/p>\n\n\n\n<ol class=\"wp-block-list\">\n<li>a) Titular: Jailson Jos\u00e9 Gomes da Rocha<\/li>\n\n\n\n<li>b) Suplente: Ingrid Concei\u00e7\u00e3o Dantas Gon\u00e7alves<\/li>\n\n\n\n<li>c) Titular: Ednaldo Alves Costa<\/li>\n\n\n\n<li>d) Suplente: Andr\u00e9 Luiz Queiroga Reis<\/li>\n\n\n\n<li>e) Titular: George Rodrigo Beltr\u00e3o da Cruz<\/li>\n\n\n\n<li>f) Suplente: Ulisses Carvalho da Silva<\/li>\n<\/ol>\n\n\n\n<p>Os 03 (tr\u00eas) representantes do Consepe, com os seus respectivos suplentes, escolhidos pelos pares:<\/p>\n\n\n\n<ol class=\"wp-block-list\">\n<li>a) Titular: Am\u00e1lia Geiza Gama Pessoa<\/li>\n\n\n\n<li>b) Suplente: Rafael de Almeida Travassos<\/li>\n\n\n\n<li>c) Titular: Vilson Lacerda Brasileiro J\u00fanior<\/li>\n\n\n\n<li>d) Suplente: Anne Karoline C\u00e2ndido Ara\u00fajo<\/li>\n\n\n\n<li>e) Titular: Jo\u00e3o Marcelo Dias Ferreira<\/li>\n\n\n\n<li>f) Suplente: Jo\u00e3o Paulo de Sousa Prado<\/li>\n<\/ol>\n\n\n\n<p>01 (um) representante da ADUFPB, com seu respectivo suplente, escolhidos pelos seus pares:<\/p>\n\n\n\n<ol class=\"wp-block-list\">\n<li>a) Titular: Fernando Jos\u00e9 De Paula Cunha<\/li>\n\n\n\n<li>b) Suplente: Azamor Cirne de Azevedo Filho<\/li>\n<\/ol>\n\n\n\n<p>01 (um) representante do Sindicato dos Trabalhadores em Ensino Superior do Estado da Para\u00edba (SINTESPB),com seu respectivo suplente, escolhidos pelos seus pares:<\/p>\n\n\n\n<ol class=\"wp-block-list\">\n<li>a) Titular: Rejane Maria Oliveira Dias Santana de Vasconcelos<\/li>\n\n\n\n<li>b) Suplente: Marcos da Paz Figueiredo<\/li>\n<\/ol>\n\n\n\n<p>01 (um) representante do Diret\u00f3rio Central dos Estudantes (DCE), com o seu respectivo suplente, escolhidos pelos seus pares:<\/p>\n\n\n\n<ol class=\"wp-block-list\">\n<li>a) Titular: Jardel da Cunha Nascimento<\/li>\n\n\n\n<li>b) Suplente: Ademilson Bezerra Teixeira<\/li>\n<\/ol>\n","protected":false},"excerpt":{"rendered":"<p>Portaria 041 &#8211; Nomeia Comiss\u00e3o &#8211; Especial A Comiss\u00e3o Especial foi constitu\u00edda de acordo com [&hellip;]<\/p>\n","protected":false},"author":47,"featured_media":0,"parent":31,"menu_order":0,"comment_status":"closed","ping_status":"closed","template":"","meta":{"footnotes":""},"class_list":["post-15","page","type-page","status-publish","hentry"],"_links":{"self":[{"href":"https:\/\/www.ufpb.br\/consultaprevia\/wp-json\/wp\/v2\/pages\/15","targetHints":{"allow":["GET"]}}],"collection":[{"href":"https:\/\/www.ufpb.br\/consultaprevia\/wp-json\/wp\/v2\/pages"}],"about":[{"href":"https:\/\/www.ufpb.br\/consultaprevia\/wp-json\/wp\/v2\/types\/page"}],"author":[{"embeddable":true,"href":"https:\/\/www.ufpb.br\/consultaprevia\/wp-json\/wp\/v2\/users\/47"}],"replies":[{"embeddable":true,"href":"https:\/\/www.ufpb.br\/consultaprevia\/wp-json\/wp\/v2\/comments?post=15"}],"version-history":[{"count":7,"href":"https:\/\/www.ufpb.br\/consultaprevia\/wp-json\/wp\/v2\/pages\/15\/revisions"}],"predecessor-version":[{"id":433,"href":"https:\/\/www.ufpb.br\/consultaprevia\/wp-json\/wp\/v2\/pages\/15\/revisions\/433"}],"up":[{"embeddable":true,"href":"https:\/\/www.ufpb.br\/consultaprevia\/wp-json\/wp\/v2\/pages\/31"}],"wp:attachment":[{"href":"https:\/\/www.ufpb.br\/consultaprevia\/wp-json\/wp\/v2\/media?parent=15"}],"curies":[{"name":"wp","href":"https:\/\/api.w.org\/{rel}","templated":true}]}}