{"id":25,"date":"2024-04-02T00:12:45","date_gmt":"2024-04-02T00:12:45","guid":{"rendered":"https:\/\/www.ufpb.br\/consultaprevia\/?page_id=25"},"modified":"2024-05-16T16:28:11","modified_gmt":"2024-05-16T16:28:11","slug":"atas","status":"publish","type":"page","link":"https:\/\/www.ufpb.br\/consultaprevia\/atas\/","title":{"rendered":"Atas"},"content":{"rendered":"\n<p><a href=\"http:\/\/www.ufpb.br\/consultaprevia\/wp-content\/uploads\/sites\/79\/sites\/165\/2024\/04\/ATA-Primeira-reuniao-ordinaria-da-Comissao-Especial.pdf\">Ata da primeira reuni\u00e3o ordin\u00e1ria da Comiss\u00e3o Especial &#8211; 01\/04\/2024<\/a><\/p>\n","protected":false},"excerpt":{"rendered":"<p>Ata da primeira reuni\u00e3o ordin\u00e1ria da Comiss\u00e3o Especial &#8211; 01\/04\/2024<\/p>\n","protected":false},"author":47,"featured_media":0,"parent":0,"menu_order":0,"comment_status":"closed","ping_status":"closed","template":"","meta":{"footnotes":""},"class_list":["post-25","page","type-page","status-publish","hentry"],"_links":{"self":[{"href":"https:\/\/www.ufpb.br\/consultaprevia\/wp-json\/wp\/v2\/pages\/25","targetHints":{"allow":["GET"]}}],"collection":[{"href":"https:\/\/www.ufpb.br\/consultaprevia\/wp-json\/wp\/v2\/pages"}],"about":[{"href":"https:\/\/www.ufpb.br\/consultaprevia\/wp-json\/wp\/v2\/types\/page"}],"author":[{"embeddable":true,"href":"https:\/\/www.ufpb.br\/consultaprevia\/wp-json\/wp\/v2\/users\/47"}],"replies":[{"embeddable":true,"href":"https:\/\/www.ufpb.br\/consultaprevia\/wp-json\/wp\/v2\/comments?post=25"}],"version-history":[{"count":2,"href":"https:\/\/www.ufpb.br\/consultaprevia\/wp-json\/wp\/v2\/pages\/25\/revisions"}],"predecessor-version":[{"id":198,"href":"https:\/\/www.ufpb.br\/consultaprevia\/wp-json\/wp\/v2\/pages\/25\/revisions\/198"}],"wp:attachment":[{"href":"https:\/\/www.ufpb.br\/consultaprevia\/wp-json\/wp\/v2\/media?parent=25"}],"curies":[{"name":"wp","href":"https:\/\/api.w.org\/{rel}","templated":true}]}}