{"id":27,"date":"2024-04-02T00:13:09","date_gmt":"2024-04-02T00:13:09","guid":{"rendered":"https:\/\/www.ufpb.br\/consultaprevia\/?page_id=27"},"modified":"2024-05-16T16:28:11","modified_gmt":"2024-05-16T16:28:11","slug":"documentos","status":"publish","type":"page","link":"https:\/\/www.ufpb.br\/consultaprevia\/documentos\/","title":{"rendered":"Documentos"},"content":{"rendered":"\n<p><a href=\"http:\/\/www.ufpb.br\/consultaprevia\/wp-content\/uploads\/sites\/79\/sites\/165\/2024\/04\/Resolucao_02_2024_Regulamenta_Consulta.pdf\" data-type=\"link\" data-id=\"http:\/\/www.ufpb.br\/consultaprevia\/wp-content\/uploads\/sites\/79\/sites\/165\/2024\/04\/Resolucao_02_2024_Regulamenta_Consulta.pdf\">Resolu\u00e7\u00e3o 02\/2024 &#8211; Regulamenta Consulta Pr\u00e9via &#8211; UFPB &#8211; 2024<\/a><\/p>\n\n\n\n<p><a href=\"http:\/\/www.ufpb.br\/consultaprevia\/wp-content\/uploads\/sites\/79\/sites\/165\/2024\/04\/DEMANDAS-AO-GABINETE-23074025358202418.pdf\">Demandas da Comiss\u00e3o ao Chefe de Gabinete<\/a><\/p>\n\n\n\n<p><a href=\"http:\/\/www.ufpb.br\/consultaprevia\/wp-content\/uploads\/sites\/79\/sites\/165\/2024\/04\/oficios_-_comsisao_setorial_-_adufpb_assinado.pdf\">Of\u00edcio para a ADUFPB &#8211; Solicita indicar representantes para Comiss\u00f5es Setoriais<\/a><\/p>\n\n\n\n<p><a href=\"http:\/\/www.ufpb.br\/consultaprevia\/wp-content\/uploads\/sites\/79\/sites\/165\/2024\/04\/oficios_-_comsisao_setorial_-_sintespb_assinado.pdf\">Of\u00edcio para o SINTESPB &#8211; Solicita indicar representantes para Comiss\u00f5es Setoriais<\/a><\/p>\n\n\n\n<p><a href=\"http:\/\/www.ufpb.br\/consultaprevia\/wp-content\/uploads\/sites\/79\/sites\/165\/2024\/04\/oficios_-_comsisao_setorial_-_dce_assinado.pdf\">Of\u00edcio para o DCE\/UFPB &#8211; Solicita indicar representantes para Comiss\u00f5es Setoriais<\/a><\/p>\n\n\n\n<p><a href=\"http:\/\/www.ufpb.br\/consultaprevia\/wp-content\/uploads\/sites\/79\/sites\/165\/2024\/04\/Portaria-Homologacao-das-chapas.pdf\">Portaria 06\/2024 &#8211; Comiss\u00e3o homologa inscri\u00e7\u00e3o de chapas<\/a><\/p>\n\n\n\n<p><a href=\"http:\/\/www.ufpb.br\/consultaprevia\/wp-content\/uploads\/sites\/79\/sites\/165\/2024\/04\/Certidao-4_2024-deliberacoes-comissao-especial-04042024.pdf\">Certid\u00e3o 04\/2024 &#8211; Veda uso de cores e s\u00edmbolos oficias da institui\u00e7\u00e3o nos materiais de campanha e define datas de debates<\/a><\/p>\n\n\n\n<p><a href=\"http:\/\/www.ufpb.br\/consultaprevia\/wp-content\/uploads\/sites\/79\/sites\/165\/2024\/04\/CERTIDAO-COMISSAO-ESPECIAL-3-REUNIAO-ORDINARIA.pdf\">Certid\u00e3o 05\/2024 &#8211; Certifica homologa\u00e7\u00e3o de chapas e aprova\u00e7\u00e3o de normas para os debates<\/a><\/p>\n\n\n\n<p><a href=\"http:\/\/www.ufpb.br\/consultaprevia\/wp-content\/uploads\/sites\/79\/sites\/165\/2024\/04\/PORTARIA-CCHSA-COMISSAO-SETORIAL.pdf\">Portaria 10\/2024 &#8211; Nomeia Comiss\u00e3o Setorial Campus III &#8211; CCHSA &#8211; Bananeiras<\/a><\/p>\n\n\n\n<p><a href=\"http:\/\/www.ufpb.br\/consultaprevia\/wp-content\/uploads\/sites\/79\/sites\/165\/2024\/04\/PORTARIA-CCA-COMISSAO-SETORIAL.pdf\">Portaria 11\/2024 &#8211; Nomeia Comiss\u00e3o Setorial Campus II &#8211; CCA &#8211; Areia<\/a><\/p>\n\n\n\n<p><a href=\"http:\/\/www.ufpb.br\/consultaprevia\/wp-content\/uploads\/sites\/79\/sites\/165\/2024\/04\/PORTARIA_12_2024_CBIOTEC-DC6007637952981162637.pdf\">Portaria 12\/2024 &#8211; Nomeia Comiss\u00e3o Setorial Campus IV &#8211; CCAE<\/a> <\/p>\n\n\n\n<p><a href=\"http:\/\/www.ufpb.br\/consultaprevia\/wp-content\/uploads\/sites\/79\/sites\/165\/2024\/04\/CERTIDAO-COMISSAO-ESPECIAL-REUNIAO-EXTRAORDINARIA-LISTA-DE-VOTANTES.pdf\">Certid\u00e3o 07\/2024 &#8211; Certifica lista de votantes e urnas para a Consulta Eleitoral 2024.<\/a><\/p>\n\n\n\n<p><a href=\"http:\/\/www.ufpb.br\/consultaprevia\/wp-content\/uploads\/sites\/79\/sites\/165\/2024\/04\/PORTARIA_MESARIOS_CAMPUS_I_assinado.pdf\">Portaria de Nomea\u00e7\u00e3o de Mes\u00e1rios do Campus I &#8211; Jo\u00e3o Pessoa<\/a><\/p>\n\n\n\n<p><a href=\"http:\/\/www.ufpb.br\/consultaprevia\/wp-content\/uploads\/sites\/79\/sites\/165\/2024\/04\/PORTARIA_-_MESARIOS_-_MANGABEIRA_assinado.pdf\">Portaria de Nomea\u00e7\u00e3o de Mes\u00e1rios &#8211; Centros de Mangabeira<\/a><\/p>\n\n\n\n<p><a href=\"http:\/\/www.ufpb.br\/consultaprevia\/wp-content\/uploads\/sites\/79\/sites\/165\/2024\/04\/PORTARIA_-_MESARIOS_-_SANTA_RITA_assinado.pdf\">Portaria de Nomea\u00e7\u00e3o de Mes\u00e1rios do CCJ &#8211; Santa Rita<\/a><\/p>\n\n\n\n<p><a href=\"http:\/\/www.ufpb.br\/consultaprevia\/wp-content\/uploads\/sites\/79\/sites\/165\/2024\/04\/PORTARIA_-_MESARIOS_CAMPUS_II_assinado.pdf\">Portaria de Nomea\u00e7\u00e3o de Mes\u00e1rios do Campus II &#8211; CCA Areia<\/a><\/p>\n\n\n\n<p><a href=\"http:\/\/www.ufpb.br\/consultaprevia\/wp-content\/uploads\/sites\/79\/sites\/165\/2024\/04\/PORTARIA_-_MESARIOS_-_CAMPUS_III_assinado.pdf\">Portaria de Nomea\u00e7\u00e3o de Mes\u00e1rios do Campus III &#8211; CCHSA &#8211; Bananeiras<\/a><\/p>\n\n\n\n<p><a href=\"http:\/\/www.ufpb.br\/consultaprevia\/wp-content\/uploads\/sites\/79\/sites\/165\/2024\/04\/PORTARIA_-_MESARIOS_-_CAMPUS_IV_assinado.pdf\">Portaria de Nomea\u00e7\u00e3o de Mes\u00e1rios do Campus IV &#8211; CCAE &#8211; Litoral Norte<\/a><\/p>\n\n\n\n<p><a href=\"https:\/\/www.ufpb.br\/consultaprevia\/wp-content\/uploads\/sites\/79\/sites\/165\/2024\/04\/PORTARIA-COMPLEMENTAR-MESARIOS-CAMPUS-I.pdf\">Portaria complementar dos MES\u00c1RIOS DO CAMPUS I&nbsp; \u2013 23 de abril<\/a><\/p>\n\n\n\n<p><a href=\"https:\/\/www.ufpb.br\/consultaprevia\/2024\/04\/26\/divulgado-resultado-final-da-consulta-previa-para-a-ufpb-2024\/\">RESULTADO FINAL DA CONSULTA 2024<\/a><\/p>\n\n\n\n<p><a href=\"https:\/\/www.ufpb.br\/consultaprevia\/wp-content\/uploads\/sites\/79\/sites\/165\/2024\/04\/DECLARACAO_COMISSAO_ESPECIAL_assinado.pdf\">Declara\u00e7\u00e3o Comiss\u00e3o Especial<\/a><\/p>\n\n\n\n<p><a href=\"https:\/\/www.ufpb.br\/consultaprevia\/wp-content\/uploads\/sites\/79\/sites\/165\/2024\/04\/DECLARACAO_COMISSAO_DE_ETICA_assinado.pdf\">Declara\u00e7\u00e3o Comiss\u00e3o de \u00c9tica<\/a><\/p>\n\n\n\n<p><a href=\"https:\/\/www.ufpb.br\/consultaprevia\/wp-content\/uploads\/sites\/79\/sites\/165\/2024\/04\/DECLARACAO_SETORIAL_CAMPUS_II_assinado.pdf\">Declara\u00e7\u00e3o Comiss\u00e3o Setorial Campus II<\/a><\/p>\n\n\n\n<p><a href=\"https:\/\/www.ufpb.br\/consultaprevia\/wp-content\/uploads\/sites\/79\/sites\/165\/2024\/04\/DECLARACAO_SETORIAL_CAMPUS_III_assinado.pdf\">Declara\u00e7\u00e3o Comiss\u00e3o Setorial Campus III<\/a><\/p>\n\n\n\n<p><a href=\"https:\/\/www.ufpb.br\/consultaprevia\/wp-content\/uploads\/sites\/79\/sites\/165\/2024\/04\/DECLARACAO_SETORIAL_CAMPUS_IV_assinado.pdf\">Declara\u00e7\u00e3o Comiss\u00e3o Setorial Campus IV<\/a><\/p>\n\n\n\n<p><a href=\"https:\/\/www.ufpb.br\/consultaprevia\/wp-content\/uploads\/sites\/79\/sites\/165\/2024\/04\/DECLARACAO_SUPORTE_TI_assinado.pdf\">Declara\u00e7\u00e3o Suporte Tecnologia da Informa\u00e7\u00e3o &#8211; Dia<\/a><\/p>\n\n\n\n<p><a href=\"https:\/\/www.ufpb.br\/consultaprevia\/wp-content\/uploads\/sites\/79\/sites\/165\/2024\/04\/DECLARACAO_TREINAMENTO_TI_assinado.pdf\">Declara\u00e7\u00e3o Suporte Tecnologia da Informa\u00e7\u00e3o &#8211; Treinamento<\/a><\/p>\n\n\n\n<p><a href=\"https:\/\/www.ufpb.br\/consultaprevia\/wp-content\/uploads\/sites\/79\/sites\/165\/2024\/04\/DECLARACAO_JUNTAS_DE_APURACAO_assinado.pdf\">Declara\u00e7\u00e3o Juntas&nbsp;de&nbsp;Apura\u00e7\u00e3o<\/a><\/p>\n\n\n\n<p><a href=\"https:\/\/www.ufpb.br\/consultaprevia\/wp-content\/uploads\/sites\/79\/sites\/165\/2024\/05\/DECLARACAO_STI_-_APURACAO_assinado.pdf\">Declara\u00e7\u00e3o T\u00e9cnicos STI &#8211; Apura\u00e7\u00e3o<\/a><\/p>\n\n\n\n<p><a href=\"https:\/\/www.ufpb.br\/consultaprevia\/wp-content\/uploads\/sites\/79\/sites\/165\/2024\/04\/DOC-20240429-WA0033.pdf\">Declara\u00e7\u00e3o de trabalhos como mes\u00e1rio(a) na Consulta do dia 25 de abril<\/a><\/p>\n\n\n\n<p><br><\/p>\n","protected":false},"excerpt":{"rendered":"<p>Resolu\u00e7\u00e3o 02\/2024 &#8211; Regulamenta Consulta Pr\u00e9via &#8211; UFPB &#8211; 2024 Demandas da Comiss\u00e3o ao Chefe [&hellip;]<\/p>\n","protected":false},"author":47,"featured_media":0,"parent":0,"menu_order":0,"comment_status":"closed","ping_status":"closed","template":"","meta":{"footnotes":""},"class_list":["post-27","page","type-page","status-publish","hentry"],"_links":{"self":[{"href":"https:\/\/www.ufpb.br\/consultaprevia\/wp-json\/wp\/v2\/pages\/27","targetHints":{"allow":["GET"]}}],"collection":[{"href":"https:\/\/www.ufpb.br\/consultaprevia\/wp-json\/wp\/v2\/pages"}],"about":[{"href":"https:\/\/www.ufpb.br\/consultaprevia\/wp-json\/wp\/v2\/types\/page"}],"author":[{"embeddable":true,"href":"https:\/\/www.ufpb.br\/consultaprevia\/wp-json\/wp\/v2\/users\/47"}],"replies":[{"embeddable":true,"href":"https:\/\/www.ufpb.br\/consultaprevia\/wp-json\/wp\/v2\/comments?post=27"}],"version-history":[{"count":43,"href":"https:\/\/www.ufpb.br\/consultaprevia\/wp-json\/wp\/v2\/pages\/27\/revisions"}],"predecessor-version":[{"id":430,"href":"https:\/\/www.ufpb.br\/consultaprevia\/wp-json\/wp\/v2\/pages\/27\/revisions\/430"}],"wp:attachment":[{"href":"https:\/\/www.ufpb.br\/consultaprevia\/wp-json\/wp\/v2\/media?parent=27"}],"curies":[{"name":"wp","href":"https:\/\/api.w.org\/{rel}","templated":true}]}}