{"id":35,"date":"2024-04-02T00:15:35","date_gmt":"2024-04-02T00:15:35","guid":{"rendered":"https:\/\/www.ufpb.br\/consultaprevia\/?page_id=35"},"modified":"2024-05-16T16:28:11","modified_gmt":"2024-05-16T16:28:11","slug":"comissao-de-etica-2","status":"publish","type":"page","link":"https:\/\/www.ufpb.br\/consultaprevia\/comissoes\/comissao-de-etica-2\/","title":{"rendered":"Comiss\u00e3o de \u00c9tica"},"content":{"rendered":"\n<p>A Comiss\u00e3o de \u00c9tica foi constitu\u00edda por meio da Portaria N\u00ba 42, de 18 de mar\u00e7o de 2024, com representa\u00e7\u00e3o do Consuni, Consepe e das tr\u00eas entidades representativas de docentes, t\u00e9cnico-administrativos e discentes (ADUFPB, SINTESPB e DCE), conforme Art. 09. Da Resolu\u00e7\u00e3o 02\/2024 do Consuni.<\/p>\n\n\n\n<p>Os 02 (dois) representantes do Consuni, com os seus respectivos suplentes, escolhidos pelos pares s\u00e3o:<\/p>\n\n\n\n<p>a) Titular: Willians Gon\u00e7alves Silva<\/p>\n\n\n\n<p>b) Suplente: Jos\u00e9 R\u00f4mulo Batista Xavier<\/p>\n\n\n\n<p>c) Titular: Marlene Helena de Oliveira Fran\u00e7a<\/p>\n\n\n\n<p>d) Suplente: Gilberto Augusto Amado Moreira<\/p>\n\n\n\n<p>Os 02 (dois) representantes do Consepe, com os seus respectivos suplentes, escolhidos pelos pares:<\/p>\n\n\n\n<p>a) Titular: M\u00e1rcia Maria de Medeiros Travassos Saeger<\/p>\n\n\n\n<p>b) Suplente: Cibelle da Silva Santiago<\/p>\n\n\n\n<p>c) Titular: Cauby Dantas<\/p>\n\n\n\n<p>d) Suplente: Anabelle Camarotti de Lima Batista<\/p>\n\n\n\n<p>01 (um) representante da ADUFPB, com seu respectivo suplente, escolhidos pelos seus pares:<\/p>\n\n\n\n<p>a) Titular: Iranice Gon\u00e7alves Muniz<\/p>\n\n\n\n<p>b) Suplente: Edson Franco de Moraes<\/p>\n\n\n\n<p>01 (um) representante do Sindicato dos Trabalhadores em Ensino Superior do Estado da Para\u00edba (SINTESPB), com seu respectivo suplente, escolhidos pelos seus pares:<\/p>\n\n\n\n<p>a) Titular: Manoel Lopes de Macedo Neto<\/p>\n\n\n\n<p>b) Suplente: Pedro Jos\u00e9 de Souza Bias<\/p>\n\n\n\n<p>01 (um) representante do Diret\u00f3rio Central dos Estudantes (DCE), com o seu respectivo suplente, escolhidos pelos seus pares:<\/p>\n\n\n\n<p>a) Titular: Fernando Soares da Silva Neto<\/p>\n\n\n\n<p>b) Suplente: Fabr\u00edcia de Souza Ferreira<\/p>\n","protected":false},"excerpt":{"rendered":"<p>A Comiss\u00e3o de \u00c9tica foi constitu\u00edda por meio da Portaria N\u00ba 42, de 18 de [&hellip;]<\/p>\n","protected":false},"author":47,"featured_media":0,"parent":31,"menu_order":0,"comment_status":"closed","ping_status":"closed","template":"","meta":{"footnotes":""},"class_list":["post-35","page","type-page","status-publish","hentry"],"_links":{"self":[{"href":"https:\/\/www.ufpb.br\/consultaprevia\/wp-json\/wp\/v2\/pages\/35","targetHints":{"allow":["GET"]}}],"collection":[{"href":"https:\/\/www.ufpb.br\/consultaprevia\/wp-json\/wp\/v2\/pages"}],"about":[{"href":"https:\/\/www.ufpb.br\/consultaprevia\/wp-json\/wp\/v2\/types\/page"}],"author":[{"embeddable":true,"href":"https:\/\/www.ufpb.br\/consultaprevia\/wp-json\/wp\/v2\/users\/47"}],"replies":[{"embeddable":true,"href":"https:\/\/www.ufpb.br\/consultaprevia\/wp-json\/wp\/v2\/comments?post=35"}],"version-history":[{"count":2,"href":"https:\/\/www.ufpb.br\/consultaprevia\/wp-json\/wp\/v2\/pages\/35\/revisions"}],"predecessor-version":[{"id":180,"href":"https:\/\/www.ufpb.br\/consultaprevia\/wp-json\/wp\/v2\/pages\/35\/revisions\/180"}],"up":[{"embeddable":true,"href":"https:\/\/www.ufpb.br\/consultaprevia\/wp-json\/wp\/v2\/pages\/31"}],"wp:attachment":[{"href":"https:\/\/www.ufpb.br\/consultaprevia\/wp-json\/wp\/v2\/media?parent=35"}],"curies":[{"name":"wp","href":"https:\/\/api.w.org\/{rel}","templated":true}]}}