{"id":121,"date":"2025-10-15T20:12:03","date_gmt":"2025-10-15T23:12:03","guid":{"rendered":"https:\/\/www.ufpb.br\/corregedoriageral\/?page_id=121"},"modified":"2025-10-15T21:38:35","modified_gmt":"2025-10-16T00:38:35","slug":"expedicao-de-certidoes","status":"publish","type":"page","link":"https:\/\/www.ufpb.br\/corregedoriageral\/expedicao-de-certidoes\/","title":{"rendered":"Expedi\u00e7\u00e3o de Certid\u00f5es"},"content":{"rendered":"\n<p>Para realizar a solicita\u00e7\u00e3o de Declara\u00e7\u00e3o Negativa Correcional, basta encaminhar sua solicita\u00e7\u00e3o para o e-mail <strong>corregedoria.geral@reitoria.ufpb.br<\/strong>. Na solicita\u00e7\u00e3o, devem constar os seguintes dados: Nome completo, SIAPE, Cargo, Lota\u00e7\u00e3o e CPF.<\/p>\n\n\n\n<p><\/p>\n","protected":false},"excerpt":{"rendered":"<p>Para realizar a solicita\u00e7\u00e3o de Declara\u00e7\u00e3o Negativa Correcional, basta encaminhar sua solicita\u00e7\u00e3o para o e-mail [&hellip;]<\/p>\n","protected":false},"author":369,"featured_media":0,"parent":0,"menu_order":0,"comment_status":"closed","ping_status":"closed","template":"","meta":{"footnotes":""},"class_list":["post-121","page","type-page","status-publish","hentry"],"_links":{"self":[{"href":"https:\/\/www.ufpb.br\/corregedoriageral\/wp-json\/wp\/v2\/pages\/121","targetHints":{"allow":["GET"]}}],"collection":[{"href":"https:\/\/www.ufpb.br\/corregedoriageral\/wp-json\/wp\/v2\/pages"}],"about":[{"href":"https:\/\/www.ufpb.br\/corregedoriageral\/wp-json\/wp\/v2\/types\/page"}],"author":[{"embeddable":true,"href":"https:\/\/www.ufpb.br\/corregedoriageral\/wp-json\/wp\/v2\/users\/369"}],"replies":[{"embeddable":true,"href":"https:\/\/www.ufpb.br\/corregedoriageral\/wp-json\/wp\/v2\/comments?post=121"}],"version-history":[{"count":3,"href":"https:\/\/www.ufpb.br\/corregedoriageral\/wp-json\/wp\/v2\/pages\/121\/revisions"}],"predecessor-version":[{"id":144,"href":"https:\/\/www.ufpb.br\/corregedoriageral\/wp-json\/wp\/v2\/pages\/121\/revisions\/144"}],"wp:attachment":[{"href":"https:\/\/www.ufpb.br\/corregedoriageral\/wp-json\/wp\/v2\/media?parent=121"}],"curies":[{"name":"wp","href":"https:\/\/api.w.org\/{rel}","templated":true}]}}