{"id":18,"date":"2024-11-11T19:48:33","date_gmt":"2024-11-11T22:48:33","guid":{"rendered":"https:\/\/www.ufpb.br\/corregedoriageral\/?page_id=18"},"modified":"2025-11-04T14:47:36","modified_gmt":"2025-11-04T17:47:36","slug":"apresentacao","status":"publish","type":"page","link":"https:\/\/www.ufpb.br\/corregedoriageral\/apresentacao\/","title":{"rendered":"Apresenta\u00e7\u00e3o"},"content":{"rendered":"\n<p class=\"rtejustify\">A Corregedoria-Geral \u00e9 o principal \u00f3rg\u00e3o respons\u00e1vel pela atividade correcional na UFPB. Diretamente vinculada o Gabinete da Reitoria, ela foi criada em 25 de mar\u00e7o de 2019 com a aprova\u00e7\u00e3o da Resolu\u00e7\u00e3o n\u00ba 04\/2019 do Consuni, posteriormente alterada pela Resolu\u00e7\u00e3o n\u00ba 09\/2019.<\/p>\n\n\n\n<p><\/p>\n\n\n\n<p><strong>Corregedor-Geral:<\/strong><\/p>\n\n\n\n<p>S\u00e9rgio Ricardo Figueiredo de Souza<\/p>\n\n\n\n<p><\/p>\n\n\n\n<p><\/p>\n\n\n\n<p class=\"rtejustify has-medium-font-size\"><strong>UCI &#8211; Unidade de Correi\u00e7\u00e3o Institu\u00edda (CGU)<\/strong><\/p>\n\n\n\n<figure class=\"wp-block-image\"><a href=\"https:\/\/www.ufabc.edu.br\/administracao\/corregedoria?view=article&amp;id=16717:uci-unidades-de-correicao-instituidas&amp;catid=177\"><img decoding=\"async\" src=\"https:\/\/www.ufabc.edu.br\/images\/cache\/3930c66960e81b3109f2adf580675587_w99_h99_cp.jpg\" alt=\"logo selouci fundo branco\"\/><\/a><\/figure>\n\n\n\n<p class=\"has-text-align-left\">Com a publica\u00e7\u00e3o da Resolu\u00e7\u00e3o n\u00ba 04\/2019, a Corregedoria-Geral da UFPB passou a ser considerada como&nbsp;<a href=\"https:\/\/www.ufabc.edu.br\/administracao\/corregedoria?view=article&amp;id=16717:uci-unidades-de-correicao-instituidas&amp;catid=177\" target=\"_blank\" rel=\"noreferrer noopener\">unidade de correi\u00e7\u00e3o institu\u00edda (UCI)<\/a>. A&nbsp;<strong>institui\u00e7\u00e3o da UCI<\/strong> corresponde \u00e0 exist\u00eancia de uma unidade correcional espec\u00edfica prevista na estrutura organizacional e sua compet\u00eancia aprovada pela inst\u00e2ncia m\u00e1xima do \u00f3rg\u00e3o, e dirigida por um Corregedor que tenha seu nome submetido e aprovado pela&nbsp;<strong>Controladoria-Geral da Uni\u00e3o (CGU-CRG),<\/strong>&nbsp;que dessa forma tem seu&nbsp;mandato resguardado contra eventuais discricionariedades de gestores, garantindo-se ao titular da \u00e1rea sua manuten\u00e7\u00e3o no cargo at\u00e9 o fim de seu mandato regular.<\/p>\n\n\n\n<p class=\"has-medium-font-size\"><strong>Compet\u00eancia<\/strong><\/p>\n\n\n\n<p>Dentre as compet\u00eancias da Corregedoria-Geral da UFPB destacam-se:<\/p>\n\n\n\n<ul class=\"wp-block-list\">\n<li>Instaurar e conduzir procedimentos investigativos;<\/li>\n\n\n\n<li>Realizar o ju\u00edzo de admissibilidade das den\u00fancias, das representa\u00e7\u00f5es e dos demais meios de not\u00edcias de infra\u00e7\u00f5es disciplinares e de atos lesivos \u00e0 Administra\u00e7\u00e3o P\u00fablica;<\/li>\n\n\n\n<li>Propor a celebra\u00e7\u00e3o e celebrar Termo de Ajustamento de Conduta &#8211; TAC;<\/li>\n\n\n\n<li>Instaurar e conduzir processos correcionais;<\/li>\n\n\n\n<li>Julgar processos correcionais, respeitadas as compet\u00eancias legais;<\/li>\n\n\n\n<li>Instruir os procedimentos investigativos e os processos correcionais, emitindo manifesta\u00e7\u00e3o t\u00e9cnica pr\u00e9via ao julgamento da autoridade competente;<\/li>\n\n\n\n<li>Propor ao \u00d3rg\u00e3o Central medidas que visem \u00e0 defini\u00e7\u00e3o, padroniza\u00e7\u00e3o, sistematiza\u00e7\u00e3o e normatiza\u00e7\u00e3o dos procedimentos investigativos e processos correcionais atinentes \u00e0 atividade de correi\u00e7\u00e3o;<\/li>\n\n\n\n<li>Participar de atividades que exijam a\u00e7\u00f5es conjuntas das unidades integrantes do Siscor, com vistas ao aprimoramento do exerc\u00edcio das atividades que lhes s\u00e3o comuns;<\/li>\n\n\n\n<li>Promover a\u00e7\u00f5es educativas e de preven\u00e7\u00e3o de il\u00edcitos;<\/li>\n\n\n\n<li>Promover a divulga\u00e7\u00e3o e transpar\u00eancia de dados acerca das atividades de correi\u00e7\u00e3o, de modo a propiciar o controle social, com resguardo das informa\u00e7\u00f5es restritas ou sigilosas;<\/li>\n\n\n\n<li>Exercer fun\u00e7\u00e3o de integridade no \u00e2mbito das atividades correcionais da organiza\u00e7\u00e3o;<\/li>\n<\/ul>\n\n\n\n<p class=\"rtejustify\"><\/p>\n\n\n\n<p><\/p>\n\n\n\n<p><\/p>\n\n\n\n<p><\/p>\n\n\n\n<p><\/p>\n\n\n\n<p><\/p>\n","protected":false},"excerpt":{"rendered":"<p>A Corregedoria-Geral \u00e9 o principal \u00f3rg\u00e3o respons\u00e1vel pela atividade correcional na UFPB. Diretamente vinculada o Gabinete da Reitoria, ela foi criada em 25 de mar\u00e7o de 2019 com a aprova\u00e7\u00e3o da Resolu\u00e7\u00e3o n\u00ba 04\/2019 do Conuni, posteriormente alterada pela Resolu\u00e7\u00e3o n\u00ba 09\/2019.<\/p>\n","protected":false},"author":47,"featured_media":7,"parent":0,"menu_order":0,"comment_status":"closed","ping_status":"closed","template":"","meta":{"footnotes":""},"class_list":["post-18","page","type-page","status-publish","has-post-thumbnail","hentry"],"_links":{"self":[{"href":"https:\/\/www.ufpb.br\/corregedoriageral\/wp-json\/wp\/v2\/pages\/18","targetHints":{"allow":["GET"]}}],"collection":[{"href":"https:\/\/www.ufpb.br\/corregedoriageral\/wp-json\/wp\/v2\/pages"}],"about":[{"href":"https:\/\/www.ufpb.br\/corregedoriageral\/wp-json\/wp\/v2\/types\/page"}],"author":[{"embeddable":true,"href":"https:\/\/www.ufpb.br\/corregedoriageral\/wp-json\/wp\/v2\/users\/47"}],"replies":[{"embeddable":true,"href":"https:\/\/www.ufpb.br\/corregedoriageral\/wp-json\/wp\/v2\/comments?post=18"}],"version-history":[{"count":25,"href":"https:\/\/www.ufpb.br\/corregedoriageral\/wp-json\/wp\/v2\/pages\/18\/revisions"}],"predecessor-version":[{"id":163,"href":"https:\/\/www.ufpb.br\/corregedoriageral\/wp-json\/wp\/v2\/pages\/18\/revisions\/163"}],"wp:featuredmedia":[{"embeddable":true,"href":"https:\/\/www.ufpb.br\/corregedoriageral\/wp-json\/wp\/v2\/media\/7"}],"wp:attachment":[{"href":"https:\/\/www.ufpb.br\/corregedoriageral\/wp-json\/wp\/v2\/media?parent=18"}],"curies":[{"name":"wp","href":"https:\/\/api.w.org\/{rel}","templated":true}]}}