{"id":35,"date":"2024-11-11T19:56:45","date_gmt":"2024-11-11T22:56:45","guid":{"rendered":"https:\/\/www.ufpb.br\/corregedoriageral\/?page_id=35"},"modified":"2024-12-11T09:33:00","modified_gmt":"2024-12-11T12:33:00","slug":"pad-rito-ordinario","status":"publish","type":"page","link":"https:\/\/www.ufpb.br\/corregedoriageral\/pad-rito-ordinario\/","title":{"rendered":"PAD &#8211; Rito Ordin\u00e1rio"},"content":{"rendered":"\n<p class=\"has-medium-font-size\"><strong>O que \u00e9?<\/strong><\/p>\n\n\n\n<p>O processo administrativo disciplinar (PAD) &#8211; rito ordin\u00e1rio \u00e9 um instrumento pelo qual a administra\u00e7\u00e3o p\u00fablica exerce seu poder-dever para apurar as infra\u00e7\u00f5es funcionais e aplicar penalidades aos seus agentes p\u00fablicos e \u00e0queles que possuem uma rela\u00e7\u00e3o jur\u00eddica com a administra\u00e7\u00e3o.<\/p>\n\n\n\n<p>O PAD \u00e9 o instrumento destinado a apurar responsabilidade de servidor por infra\u00e7\u00e3o praticada no exerc\u00edcio de suas atribui\u00e7\u00f5es, ou que tenham rela\u00e7\u00e3o com as atribui\u00e7\u00f5es do cargo em que se encontra investido (Lei n\u00ba 8.112\/1990, art. 148).<\/p>\n\n\n\n<p>Este procedimento n\u00e3o tem por finalidade apenas apurar a culpabilidade do servidor acusado de falta, mas, tamb\u00e9m, oferecer-lhe oportunidade de provar sua inoc\u00eancia, m\u00e1xima do direito com garantias de ampla defesa e do contradit\u00f3rio (Lei n\u00ba 8.112\/1990, Art. 143).<\/p>\n\n\n\n<p>O PAD \u2013 rito ordin\u00e1rio deve ser conduzido por comiss\u00e3o formada por tr\u00eas servidores est\u00e1veis e este procedimento caracteriza-se e diferencia-se do PAD \u2013 rito sum\u00e1rio, dentre outros aspectos, no que se refere ao prazo de apura\u00e7\u00e3o, que \u00e9 de at\u00e9 60 (sessenta) dias, podendo ser prorrogado por igual per\u00edodo.*<\/p>\n\n\n\n<p>*Material Elaborado pela Coordena\u00e7\u00e3o de Processos Administrativos da Universidade Federal de Goi\u00e1s (UFG).<\/p>\n\n\n\n<div class=\"wp-block-file\"><a id=\"wp-block-file--media-0f32c618-068d-48a6-8d7b-9bbd2f4e7da8\" href=\"https:\/\/www.ufpb.br\/corregedoriageral\/wp-content\/uploads\/sites\/79\/sites\/232\/2024\/11\/pad-rito-ordinario-passo-a-passo.png\">PAD &#8211; Rito Ordin\u00e1rio &#8211; Passo a passo<br><\/a><a href=\"https:\/\/www.ufpb.br\/corregedoriageral\/wp-content\/uploads\/sites\/79\/sites\/232\/2024\/11\/pad-rito-ordinario-passo-a-passo.png\" class=\"wp-block-file__button wp-element-button\" download aria-describedby=\"wp-block-file--media-0f32c618-068d-48a6-8d7b-9bbd2f4e7da8\">Baixar<\/a><\/div>\n\n\n\n<p><strong>Modelos de Documentos Utilizados<\/strong><\/p>\n\n\n\n<p><strong>A1<\/strong>&nbsp;&#8211;&nbsp;<a href=\"http:\/\/plone.ufpb.br\/corregedoriageral\/contents\/documentos\/a1-ata-de-instalacao-ordinario.docx\">Ata de INSTALA\u00c7\u00c3O<\/a><\/p>\n\n\n\n<p><strong>A2<\/strong>&nbsp;&#8211;&nbsp;<a href=\"http:\/\/plone.ufpb.br\/corregedoriageral\/contents\/documentos\/a2-portaria-de-designacao-de-secretario-ordinario.docx\">Portaria de Designa\u00e7\u00e3o de SECRET\u00c1RIO<\/a><a href=\"http:\/\/plone.ufpb.br\/corregedoriageral\/contents\/menu\/pad-rito-ordinario\/resolveuid\/84adc7ca9ef04e2db22e7fcf788c3e6f\">&nbsp;<\/a><\/p>\n\n\n\n<p><strong>A3<\/strong>&nbsp;&#8211;<a href=\"http:\/\/plone.ufpb.br\/corregedoriageral\/contents\/menu\/pad-rito-ordinario\/resolveuid\/2d19df26223442e2a49c5f37bf2005be\">&nbsp;<\/a><a href=\"http:\/\/plone.ufpb.br\/corregedoriageral\/contents\/documentos\/a3-memorando-001-ao-reitor-a-instalacao-ordinario.docx\">Memorando n\u00ba 001 &#8211; ao REITOR &#8211; Instala\u00e7\u00e3o<\/a><\/p>\n\n\n\n<p><strong>A4<\/strong>&nbsp;&#8211;&nbsp;<a href=\"http:\/\/plone.ufpb.br\/corregedoriageral\/contents\/documentos\/a4-memorando-002-a-unidade-ou-orgao-instalacao-de-pad-ordinario.docx\">Memorando n\u00ba 002 &#8211; \u00e0 UNIDADE\/\u00d3RG\u00c3O &#8211; Instala\u00e7\u00e3o<\/a><\/p>\n\n\n\n<p><strong>A5<\/strong>&nbsp;&#8211;<a href=\"http:\/\/plone.ufpb.br\/corregedoriageral\/contents\/menu\/pad-rito-ordinario\/resolveuid\/ccb0b8670fac4aaca562e102d8f59c54\">&nbsp;<\/a><a href=\"http:\/\/plone.ufpb.br\/corregedoriageral\/contents\/documentos\/a5-memorando-003-cpgp-progep-instalacao-ordinario.docx\">Memorando n\u00ba 003 &#8211; ao DP &#8211; Instala\u00e7\u00e3o<\/a><a href=\"http:\/\/plone.ufpb.br\/corregedoriageral\/contents\/menu\/pad-rito-ordinario\/resolveuid\/ccb0b8670fac4aaca562e102d8f59c54\">&nbsp;<\/a><\/p>\n\n\n\n<p><strong>A6<\/strong>&nbsp;&#8211;&nbsp;<a href=\"http:\/\/plone.ufpb.br\/corregedoriageral\/contents\/documentos\/a6-notificacao-previa-ordinario.docx\">Notifica\u00e7\u00e3o Pr\u00e9via &#8211; NOME SERVIDOR<\/a><\/p>\n\n\n\n<p><strong>B1<\/strong>&nbsp;&#8211;&nbsp;<a href=\"http:\/\/plone.ufpb.br\/corregedoriageral\/contents\/documentos\/b1-intimacao-de-testemunha-acusado-ordinario.docx\">Intima\u00e7\u00e3o Testemunha-Acusado<\/a><\/p>\n\n\n\n<p><strong>B2<\/strong>&nbsp;&#8211;&nbsp;<a href=\"http:\/\/plone.ufpb.br\/corregedoriageral\/contents\/documentos\/b2-notificacao-ao-diretor-sobre-intimacao-de-testemunha-acusado-ordinario.docx\">Notifica\u00e7\u00e3o ao Diretor &#8211; Acusado &#8211; Sobre intima\u00e7\u00e3o Acusado Testemunha<\/a><a href=\"http:\/\/plone.ufpb.br\/corregedoriageral\/contents\/menu\/pad-rito-ordinario\/resolveuid\/4eb7931d3ae44654b02db6be8a4c51ac\">&nbsp;<\/a><\/p>\n\n\n\n<p><strong>B3<\/strong>&nbsp;&#8211;&nbsp;<a href=\"http:\/\/plone.ufpb.br\/corregedoriageral\/contents\/documentos\/b3-termo-de-depoimento-testemunha-ordinario.docx\">Termo de Depoimento &#8211; Testemunha<\/a><\/p>\n\n\n\n<p><strong>B4<\/strong>&nbsp;&#8211;<a href=\"http:\/\/plone.ufpb.br\/corregedoriageral\/contents\/documentos\/b4-termo-de-depoimento-testemunha-acusado-nao-compareceu-ordinario.docx\">&nbsp;Termo de Depoimento &#8211; Testemunha &#8211; Acusado n\u00e3o compareceu<\/a><\/p>\n\n\n\n<p><strong>B5<\/strong>&nbsp;&#8211;&nbsp;<a href=\"http:\/\/plone.ufpb.br\/corregedoriageral\/contents\/documentos\/b5-termo-de-interrogatorio-acusado-ordinario.docx\">Termo de Interrogat\u00f3rio &#8211; Nome Acusado<\/a><\/p>\n\n\n\n<p><strong>B6<\/strong>&nbsp;&#8211;&nbsp;<a href=\"http:\/\/plone.ufpb.br\/corregedoriageral\/contents\/documentos\/b6-termo-de-acareacao-ordinario.docx\">Termo de Acarea\u00e7\u00e3o &#8211; Testemunhas<\/a><\/p>\n\n\n\n<p><strong>C1<\/strong>&nbsp;&#8211;<a href=\"http:\/\/plone.ufpb.br\/corregedoriageral\/contents\/menu\/pad-rito-ordinario\/resolveuid\/1faf2d26639d4252a37a8144d0b26a30\">&nbsp;<\/a><a href=\"http:\/\/plone.ufpb.br\/corregedoriageral\/contents\/documentos\/c1-ata-de-deliberacao-ordinario.docx\">Ata de Delibera\u00e7\u00e3o<\/a>&nbsp;<\/p>\n\n\n\n<p><strong>C2<\/strong>&nbsp;&#8211;&nbsp;<a href=\"http:\/\/plone.ufpb.br\/corregedoriageral\/contents\/documentos\/c2-termo-de-juntada-de-documento-ordinario.docx\">Termo de Juntada de Documentos<\/a><\/p>\n\n\n\n<p><strong>C3<\/strong>&nbsp;&#8211;<a href=\"http:\/\/plone.ufpb.br\/corregedoriageral\/contents\/menu\/pad-rito-ordinario\/resolveuid\/f0c433ccf0034f66954c2d06373a0242\">&nbsp;<\/a><a href=\"http:\/\/plone.ufpb.br\/corregedoriageral\/contents\/documentos\/c3-memorando-prorrogacao-do-pad-ordinario.docx\">Memorando &#8211; Prorroga\u00e7\u00e3o<\/a><\/p>\n\n\n\n<p><strong>C4<\/strong>&nbsp;&#8211;&nbsp;<a href=\"http:\/\/plone.ufpb.br\/corregedoriageral\/contents\/documentos\/c4-memorando-reconducao-ordinario.doc\">Memorando &#8211; Recondu\u00e7\u00e3o<\/a><\/p>\n\n\n\n<p><strong>D1<\/strong>&nbsp;&#8211;&nbsp;<a href=\"http:\/\/plone.ufpb.br\/corregedoriageral\/contents\/documentos\/d1-citacao-indiciado-acusado-ordinario.doc\">Cita\u00e7\u00e3o Indiciado-Acusado<\/a><\/p>\n\n\n\n<p><strong>D2<\/strong>&nbsp;&#8211;&nbsp;<a href=\"http:\/\/plone.ufpb.br\/corregedoriageral\/contents\/documentos\/d2-termo-de-indiciacao-ordinario.doc\">Termo de Indicia\u00e7\u00e3o<\/a><\/p>\n\n\n\n<p><strong>D4<\/strong>&nbsp;&#8211;<a href=\"http:\/\/plone.ufpb.br\/corregedoriageral\/contents\/documentos\/d4-memorando-reitor-solicita-publicar-edital-de-citacao-indiciado-nao-encontrado-ordinario.doc\">&nbsp;Memorando Reitor &#8211; Solicita publicar edital de cita\u00e7\u00e3o &#8211; Indiciado n\u00e3o encontrado<\/a><\/p>\n\n\n\n<p><strong>D5<\/strong>&nbsp;&#8211;&nbsp;<a href=\"http:\/\/plone.ufpb.br\/corregedoriageral\/contents\/documentos\/d4-memorando-reitor-solicita-publicar-edital-de-citacao-indiciado-nao-encontrado-ordinario.doc\">Edital de Cita\u00e7\u00e3o &#8211; Indiciado n\u00e3o encontrado<\/a><\/p>\n\n\n\n<p><strong>D6<\/strong>&nbsp;&#8211;&nbsp;<a href=\"http:\/\/plone.ufpb.br\/corregedoriageral\/contents\/documentos\/d6-termo-de-revelia-ordinario.doc\">Termo de Revelia<\/a><\/p>\n\n\n\n<p><strong>D7<\/strong>&nbsp;&#8211;&nbsp;<a href=\"http:\/\/plone.ufpb.br\/corregedoriageral\/contents\/documentos\/d7-memorando-reitor-solicita-defensor-dativo-para-indiciado-nao-encontrado-sem-defesa-ordinario.doc\">Memorando Reitor &#8211; Solicita Defensor Dativo para Indiciado n\u00e3o encontrado &#8211; Sem defesa<\/a><\/p>\n\n\n\n<p><strong>E1<\/strong>&nbsp;&#8211;&nbsp;<a href=\"http:\/\/plone.ufpb.br\/corregedoriageral\/contents\/documentos\/e1-relatorio-final-ordinario.doc\">Relat\u00f3rio Final<\/a><\/p>\n\n\n\n<p><strong>MOD1<\/strong>&nbsp;&#8211;&nbsp;<a href=\"http:\/\/plone.ufpb.br\/corregedoriageral\/contents\/documentos\/mod1-roteiro-questoes-depoimento-de-testemunhas-ordinario.doc\">Roteiro Quest\u00f5es &#8211; Depoimento de Testemunhas<\/a>&nbsp;<\/p>\n","protected":false},"excerpt":{"rendered":"<p>O que \u00e9? O processo administrativo disciplinar (PAD) &#8211; rito ordin\u00e1rio \u00e9 um instrumento pelo [&hellip;]<\/p>\n","protected":false},"author":47,"featured_media":0,"parent":0,"menu_order":0,"comment_status":"closed","ping_status":"closed","template":"","meta":{"footnotes":""},"class_list":["post-35","page","type-page","status-publish","hentry"],"_links":{"self":[{"href":"https:\/\/www.ufpb.br\/corregedoriageral\/wp-json\/wp\/v2\/pages\/35","targetHints":{"allow":["GET"]}}],"collection":[{"href":"https:\/\/www.ufpb.br\/corregedoriageral\/wp-json\/wp\/v2\/pages"}],"about":[{"href":"https:\/\/www.ufpb.br\/corregedoriageral\/wp-json\/wp\/v2\/types\/page"}],"author":[{"embeddable":true,"href":"https:\/\/www.ufpb.br\/corregedoriageral\/wp-json\/wp\/v2\/users\/47"}],"replies":[{"embeddable":true,"href":"https:\/\/www.ufpb.br\/corregedoriageral\/wp-json\/wp\/v2\/comments?post=35"}],"version-history":[{"count":8,"href":"https:\/\/www.ufpb.br\/corregedoriageral\/wp-json\/wp\/v2\/pages\/35\/revisions"}],"predecessor-version":[{"id":79,"href":"https:\/\/www.ufpb.br\/corregedoriageral\/wp-json\/wp\/v2\/pages\/35\/revisions\/79"}],"wp:attachment":[{"href":"https:\/\/www.ufpb.br\/corregedoriageral\/wp-json\/wp\/v2\/media?parent=35"}],"curies":[{"name":"wp","href":"https:\/\/api.w.org\/{rel}","templated":true}]}}