{"id":47,"date":"2024-11-11T20:03:23","date_gmt":"2024-11-11T23:03:23","guid":{"rendered":"https:\/\/www.ufpb.br\/corregedoriageral\/?page_id=47"},"modified":"2024-12-11T09:33:00","modified_gmt":"2024-12-11T12:33:00","slug":"sindicancia-acusatoria","status":"publish","type":"page","link":"https:\/\/www.ufpb.br\/corregedoriageral\/sindicancia-acusatoria\/","title":{"rendered":"Sindic\u00e2ncia Acusat\u00f3ria"},"content":{"rendered":"\n<p class=\"has-medium-font-size\"><strong>O que \u00e9?<\/strong><\/p>\n\n\n\n<p>As sindic\u00e2ncias s\u00e3o divididas em dois tipos de procedimentos: sindic\u00e2ncia acusat\u00f3ria e sindic\u00e2ncia investigativa.<\/p>\n\n\n\n<p>Segundo o Manual de Processo Administrativo Disciplinar da CGU (Maio de 2017, p. 56)*, tem-se que:<\/p>\n\n\n\n<p>&#8220;Podemos conceituar sindic\u00e2ncia acusat\u00f3ria, punitiva ou contradit\u00f3ria como o procedimento legal instaurado para apurar responsabilidade de menor potencial ofensivo, em que dever\u00e1 ser respeitada a regra do devido processo legal, por meio da ampla defesa, do contradit\u00f3rio e da produ\u00e7\u00e3o de todos os meios de provas admitidos em direito.<\/p>\n\n\n\n<p>As diferen\u00e7as existentes entre a sindic\u00e2ncia meramente investigativa (preparat\u00f3ria) e a punitiva (acusat\u00f3ria) s\u00e3o de fundamental import\u00e2ncia para a fase instrut\u00f3ria do procedimento e, consequentemente, para o regular desfecho do processo quando a comiss\u00e3o propuser seu relat\u00f3rio final. Assim, com a instaura\u00e7\u00e3o da sindic\u00e2ncia, a comiss\u00e3o deve ater-se ao tipo de instrumento utilizado, investigativo ou punitivo.<\/p>\n\n\n\n<p>No caso do processo acusat\u00f3rio ou punitivo, a comiss\u00e3o \u00e9 obrigada a respeitar os princ\u00edpios constitucionais do contradit\u00f3rio e da ampla defesa, sob pena de invalidade e de sua posterior declara\u00e7\u00e3o de nulidade pela pr\u00f3pria Administra\u00e7\u00e3o P\u00fablica ou pelo Poder Judici\u00e1rio.<\/p>\n\n\n\n<p>Consoante visto no item 6.1.2, a sindic\u00e2ncia investigativa dispensa autoria e materialidade definidas, prescinde do contradit\u00f3rio e da ampla defesa, pode ser conduzida por um ou mais sindicantes, n\u00e3o possui etapas pr\u00e9-definidas. Enfim, \u00e9 um procedimento preparat\u00f3rio para a instaura\u00e7\u00e3o de um processo administrativo disciplinar ou mesmo de uma sindic\u00e2ncia acusat\u00f3ria\/punitiva \u2013 caso haja materialidade e poss\u00edvel autoria \u2013 ou para a propositura de arquivamento da den\u00fancia \u2013 no caso de inexistirem ind\u00edcios de irregularidades ou de n\u00e3o se encontrar nenhum suspeito pela pr\u00e1tica do fato.<\/p>\n\n\n\n<p>Por outro lado, a sindic\u00e2ncia acusat\u00f3ria\/punitiva deve ser conduzida por comiss\u00e3o composta por dois ou mais servidores est\u00e1veis (de prefer\u00eancia tr\u00eas), e observar as etapas dispostas no rito ordin\u00e1rio do processo administrativo disciplinar, ou seja, inqu\u00e9rito administrativo: instru\u00e7\u00e3o, defesa e relat\u00f3rio&#8221;.&nbsp;<\/p>\n\n\n\n<p>Da sindic\u00e2ncia acusat\u00f3ria poder\u00e1 resultar (Art. 145 da Lei n\u00ba 8.112\/1990):<\/p>\n\n\n\n<p>I &#8211; arquivamento do processo, no caso de inexist\u00eancia de irregularidade ou de impossibilidade de se apurar a autoria;<\/p>\n\n\n\n<p>II &#8211; aplica\u00e7\u00e3o de penalidade de advert\u00eancia ou suspens\u00e3o de at\u00e9 30 (trinta) dias; ou<\/p>\n\n\n\n<p>III \u2013 instaura\u00e7\u00e3o de processo disciplinar.<\/p>\n\n\n\n<p>* Material Dispon\u00edvel em:&nbsp;<a href=\"http:\/\/www.cgu.gov.br\/Publicacoes\/atividade-disciplinar\/curso-de-pad\" target=\"_blank\" rel=\"noreferrer noopener\">http:\/\/www.cgu.gov.br\/Publicacoes\/atividade-disciplinar\/curso-de-pad<\/a>.&nbsp;<\/p>\n\n\n\n<div class=\"wp-block-file\"><a id=\"wp-block-file--media-0596648a-dc22-405a-b5d0-bee7cc9ffb73\" href=\"https:\/\/www.ufpb.br\/corregedoriageral\/wp-content\/uploads\/sites\/79\/sites\/232\/2024\/11\/sindicancia_-_passo_a_passo.png\">Sindic\u00e2ncia &#8211; Passo a Passo<\/a><a href=\"https:\/\/www.ufpb.br\/corregedoriageral\/wp-content\/uploads\/sites\/79\/sites\/232\/2024\/11\/sindicancia_-_passo_a_passo.png\" class=\"wp-block-file__button wp-element-button\" download aria-describedby=\"wp-block-file--media-0596648a-dc22-405a-b5d0-bee7cc9ffb73\">Baixar<\/a><\/div>\n\n\n\n<p><\/p>\n\n\n\n<p>Modelos elaborados pela Coordena\u00e7\u00e3o de Processos Administrativos da Universidade Federal de Goi\u00e1s e adaptados pela CPPRAD para Universidade Federal da Para\u00edba.\u00a0<\/p>\n\n\n\n<p><strong>A1<\/strong>&nbsp;&#8211;&nbsp;<a href=\"http:\/\/plone.ufpb.br\/corregedoriageral\/contents\/documentos\/a1-ata-de-instalacao.docx\">Ata de INSTALA\u00c7\u00c3O<\/a><\/p>\n\n\n\n<p><strong>A2<\/strong>&nbsp;&#8211;<a href=\"http:\/\/plone.ufpb.br\/corregedoriageral\/contents\/menu\/sindicancia-acusatoria\/resolveuid\/ec7ab6b5137e4c68b30825fd4ba6ebc1\">&nbsp;<\/a><a href=\"http:\/\/plone.ufpb.br\/corregedoriageral\/contents\/documentos\/a2-portaria-de-designacao-de-secretario-a.doc\">Portaria de Designa\u00e7\u00e3o de SECRET\u00c1RIO<\/a><\/p>\n\n\n\n<p><strong>A4<\/strong>&nbsp;&#8211;<a href=\"http:\/\/plone.ufpb.br\/corregedoriageral\/contents\/documentos\/a4-memorando-no-001-a-unidade-orgao-instalacao.doc\">&nbsp;Memorando n\u00ba 001 &#8211; \u00e0 UNIDADE\/\u00d3RG\u00c3O &#8211; Instala\u00e7\u00e3o<\/a><\/p>\n\n\n\n<p><strong>B1<\/strong>&nbsp;&#8211;&nbsp;<a href=\"http:\/\/plone.ufpb.br\/corregedoriageral\/contents\/documentos\/b1-intimacao-de-testemunha-denunciante.doc\">Intima\u00e7\u00e3o Testemunha-Denunciante<\/a><\/p>\n\n\n\n<p><strong>B2<\/strong>&nbsp;&#8211;&nbsp;<a href=\"http:\/\/plone.ufpb.br\/corregedoriageral\/contents\/documentos\/b2-notificacao-ao-diretor-sobre-intimacao-testemunha-acusado.doc\">Notifica\u00e7\u00e3o ao Diretor &#8211; Sobre Intima\u00e7\u00e3o &#8211; Testemunha-Acusado<\/a><\/p>\n\n\n\n<p><strong>B2<\/strong>&nbsp;&#8211;&nbsp;<a href=\"http:\/\/plone.ufpb.br\/corregedoriageral\/contents\/documentos\/b2-notificacao-ao-diretor-sobre-intimacao-testemunha-acusado.doc\">Notifica\u00e7\u00e3o ao Diretor &#8211; Sobre Intima\u00e7\u00e3o &#8211; Testemunha-Denunciante<\/a><\/p>\n\n\n\n<p><strong>B3<\/strong>&nbsp;&#8211;&nbsp;<a href=\"http:\/\/plone.ufpb.br\/corregedoriageral\/contents\/documentos\/b3-termo-de-depoimento_testemunha.doc\">Termo de Depoimento &#8211; Testemunha<\/a><\/p>\n\n\n\n<p><strong>B4<\/strong>&nbsp;&#8211;&nbsp;<a href=\"http:\/\/plone.ufpb.br\/corregedoriageral\/contents\/documentos\/b4-termo-de-depoimento-testemunha-acusado-nao-compareceu.doc\">Termo de Depoimento &#8211; Testemunha &#8211; Acusado n\u00e3o Compareceu<\/a><\/p>\n\n\n\n<p><strong>B6<\/strong>&nbsp;&#8211;&nbsp;<a href=\"http:\/\/plone.ufpb.br\/corregedoriageral\/contents\/documentos\/b6-termo-de-acareacao-testemunhas.doc\">Termo de Acarea\u00e7\u00e3o &#8211; Testemunhas<\/a><\/p>\n\n\n\n<p><strong>C1<\/strong>&nbsp;&#8211;&nbsp;<a href=\"http:\/\/plone.ufpb.br\/corregedoriageral\/contents\/documentos\/c1-ata-de-deliberacao.doc\">Ata de Delibera\u00e7\u00e3o<\/a><\/p>\n\n\n\n<p><strong>C2<\/strong>&nbsp;&#8211;&nbsp;<a href=\"http:\/\/plone.ufpb.br\/corregedoriageral\/contents\/documentos\/c2-termo-de-juntada-de-documentos.doc\">Termo de Juntada de Documentos<\/a><\/p>\n\n\n\n<p><strong>C3<\/strong>&nbsp;&#8211;&nbsp;<a href=\"http:\/\/plone.ufpb.br\/corregedoriageral\/contents\/documentos\/c3-memorando-prorrogacao.doc\">Memorando &#8211; Prorroga\u00e7\u00e3o<\/a><\/p>\n\n\n\n<p><strong>C4<\/strong>&nbsp;&#8211;&nbsp;<a href=\"http:\/\/plone.ufpb.br\/corregedoriageral\/contents\/documentos\/c4-memorando-reconducao.docx\">Memorando &#8211; Recondu\u00e7\u00e3o<\/a><\/p>\n\n\n\n<p><strong>E1<\/strong>&nbsp;&#8211;&nbsp;<a href=\"http:\/\/plone.ufpb.br\/corregedoriageral\/contents\/documentos\/e1-relatorio-final.doc\">Relat\u00f3rio Final<\/a><\/p>\n\n\n\n<p><strong>E2<\/strong>&nbsp;&#8211;&nbsp;<a href=\"http:\/\/plone.ufpb.br\/corregedoriageral\/contents\/documentos\/e2-despacho-para-procuradoria-juridica-analise-de-legalidade.doc\">Despacho para Procuradoria Jur\u00eddica para An\u00e1lise de Legalidade do Procedimento<\/a><\/p>\n\n\n\n<p><strong>E3<\/strong>&nbsp;&#8211;&nbsp;<a href=\"http:\/\/plone.ufpb.br\/corregedoriageral\/contents\/documentos\/e3-termo-de-encerramento-sindicancia-acusatoria.doc\">Termo de Encerramento<\/a><\/p>\n\n\n\n<p><strong>MOD1<\/strong>&nbsp;&#8211;&nbsp;<a href=\"http:\/\/plone.ufpb.br\/corregedoriageral\/contents\/documentos\/mod-1-roteito-questoes-depoimento-de-testemunhas.doc\">Roteiro Quest\u00f5es &#8211; Depoimento de Testemunhas<\/a><\/p>\n","protected":false},"excerpt":{"rendered":"<p>O que \u00e9? As sindic\u00e2ncias s\u00e3o divididas em dois tipos de procedimentos: sindic\u00e2ncia acusat\u00f3ria e [&hellip;]<\/p>\n","protected":false},"author":47,"featured_media":0,"parent":0,"menu_order":0,"comment_status":"closed","ping_status":"closed","template":"","meta":{"footnotes":""},"class_list":["post-47","page","type-page","status-publish","hentry"],"_links":{"self":[{"href":"https:\/\/www.ufpb.br\/corregedoriageral\/wp-json\/wp\/v2\/pages\/47","targetHints":{"allow":["GET"]}}],"collection":[{"href":"https:\/\/www.ufpb.br\/corregedoriageral\/wp-json\/wp\/v2\/pages"}],"about":[{"href":"https:\/\/www.ufpb.br\/corregedoriageral\/wp-json\/wp\/v2\/types\/page"}],"author":[{"embeddable":true,"href":"https:\/\/www.ufpb.br\/corregedoriageral\/wp-json\/wp\/v2\/users\/47"}],"replies":[{"embeddable":true,"href":"https:\/\/www.ufpb.br\/corregedoriageral\/wp-json\/wp\/v2\/comments?post=47"}],"version-history":[{"count":2,"href":"https:\/\/www.ufpb.br\/corregedoriageral\/wp-json\/wp\/v2\/pages\/47\/revisions"}],"predecessor-version":[{"id":50,"href":"https:\/\/www.ufpb.br\/corregedoriageral\/wp-json\/wp\/v2\/pages\/47\/revisions\/50"}],"wp:attachment":[{"href":"https:\/\/www.ufpb.br\/corregedoriageral\/wp-json\/wp\/v2\/media?parent=47"}],"curies":[{"name":"wp","href":"https:\/\/api.w.org\/{rel}","templated":true}]}}