{"id":25,"date":"2025-11-26T09:12:53","date_gmt":"2025-11-26T12:12:53","guid":{"rendered":"https:\/\/www.ufpb.br\/cppd\/?page_id=25"},"modified":"2025-11-26T09:14:17","modified_gmt":"2025-11-26T12:14:17","slug":"contato","status":"publish","type":"page","link":"https:\/\/www.ufpb.br\/cppd\/contato\/","title":{"rendered":"Contato"},"content":{"rendered":"\n<h2 class=\"wp-block-heading\"><div class=\"linha-header\">Local de Trabalho <\/div><\/h2>\n\n\n\n<p> A CPPD atualmente atende de forma tempor\u00e1ria no 3\u00b0 andar do pr\u00e9dio da reitoria (Sala 12) por motivo de reforma na sala que atende normalmente (andar t\u00e9rreo do pr\u00e9dio da reitoria).<\/p>\n\n\n\n<h2 class=\"wp-block-heading\"><div class=\"linha-header\"><br>Contato do setor<\/div><\/h2>\n\n\n\n<p><br>cppd@reitoria.ufpb.br<\/p>\n\n\n\n<p> (83) 3216-7138 (telefone temporariamente indispon\u00edvel).<\/p>\n\n\n\n<p><\/p>\n","protected":false},"excerpt":{"rendered":"<p>Local de Trabalho A CPPD atualmente atende de forma tempor\u00e1ria no 3\u00b0 andar do pr\u00e9dio [&hellip;]<\/p>\n","protected":false},"author":47,"featured_media":0,"parent":0,"menu_order":0,"comment_status":"closed","ping_status":"closed","template":"","meta":{"footnotes":""},"class_list":["post-25","page","type-page","status-publish","hentry"],"_links":{"self":[{"href":"https:\/\/www.ufpb.br\/cppd\/wp-json\/wp\/v2\/pages\/25","targetHints":{"allow":["GET"]}}],"collection":[{"href":"https:\/\/www.ufpb.br\/cppd\/wp-json\/wp\/v2\/pages"}],"about":[{"href":"https:\/\/www.ufpb.br\/cppd\/wp-json\/wp\/v2\/types\/page"}],"author":[{"embeddable":true,"href":"https:\/\/www.ufpb.br\/cppd\/wp-json\/wp\/v2\/users\/47"}],"replies":[{"embeddable":true,"href":"https:\/\/www.ufpb.br\/cppd\/wp-json\/wp\/v2\/comments?post=25"}],"version-history":[{"count":2,"href":"https:\/\/www.ufpb.br\/cppd\/wp-json\/wp\/v2\/pages\/25\/revisions"}],"predecessor-version":[{"id":28,"href":"https:\/\/www.ufpb.br\/cppd\/wp-json\/wp\/v2\/pages\/25\/revisions\/28"}],"wp:attachment":[{"href":"https:\/\/www.ufpb.br\/cppd\/wp-json\/wp\/v2\/media?parent=25"}],"curies":[{"name":"wp","href":"https:\/\/api.w.org\/{rel}","templated":true}]}}