{"id":31,"date":"2025-11-26T09:17:33","date_gmt":"2025-11-26T12:17:33","guid":{"rendered":"https:\/\/www.ufpb.br\/cppd\/?page_id=31"},"modified":"2025-11-26T09:17:34","modified_gmt":"2025-11-26T12:17:34","slug":"progressao-para-classe-d-titular","status":"publish","type":"page","link":"https:\/\/www.ufpb.br\/cppd\/progressao-para-classe-d-titular\/","title":{"rendered":"Progress\u00e3o para classe \u2018D\u2019 titular"},"content":{"rendered":"\n<h2 class=\"wp-block-heading\"><div class=\"linha-header\">Magist\u00e9rio Superior:<\/div><\/h2>\n\n\n\n<p><br>Solicitar declara\u00e7\u00e3o de progress\u00e3o funcional atualizada atrav\u00e9s do e-mail:<br>cppd@reitoria.ufpb.com.br<\/p>\n\n\n\n<p><br>O processo dever\u00e1 ser aberto via SIPAC e enviado \u00e0 REITORIA \u2013 COMISS\u00c3O PERMANENTE DE PESSOAL DOCENTE (CPPD) (11.00.46.91), devendo nele constar os seguintes documentos:<br>1) Requerimento para Titular (pode ser baixado atrav\u00e9s do seguinte link:<br>http:\/\/www.progep.ufpb.br\/progep\/contents\/documentos\/formularios\/Requerimento%<br>20-%20Promocao%20para%20Titular\/view );<br>2) Declara\u00e7\u00e3o de Progress\u00f5es Funcionais (emitida pela CPPD)<br>3) Indica\u00e7\u00e3o dos membros que ir\u00e3o compor a Banca (4 membros Titulares,<br>sendo 3 externos e 1 interno; e 2 membros Suplentes, sendo 1 interno e 1 externo)<br>com suas respectivas institui\u00e7\u00f5es;<br>4) E-mail para contato APENAS do Presidente da Banca;<br>5) Data, Hora e Local da Defesa, ou a plataforma virtual a ser utilizada para a<br>videoconfer\u00eancia;<br>6) Comprova\u00e7\u00e3o de que os membros externos s\u00e3o Professores Titulares (c\u00f3pia<br>da portaria de concess\u00e3o da \u00faltima progress\u00e3o dos mesmos, ou outro documento<br>equivalente emitido pela institui\u00e7\u00e3o de origem);<br>7) Relat\u00f3rio Individual das atividades desenvolvidas como Associado IV<br>(inclusive indicando os per\u00edodos letivos que comp\u00f5em o interst\u00edcio bienal utilizado<br>para a progress\u00e3o requerida);<br>8) Todos os documentos comprobat\u00f3rios das atividades mencionadas no<br>Relat\u00f3rio Individual (Declara\u00e7\u00f5es, Certificados, etc.);<br>9) Memorial Acad\u00eamico ou Tese Acad\u00eamica In\u00e9dita;<br>10) Declara\u00e7\u00e3o de Disciplinas Ministradas (emitida por meio do SIGAA);<br>11) Curr\u00edculo Lattes;<br>12) Diploma de Doutor (frente e verso).<br>** Os itens 3, 4 e 5 podem ser informados em um \u00fanico documento.<br>OBS.: Alguns documentos que cont\u00eam informa\u00e7\u00f5es pessoais (como o<br>Requerimento, por exemplo), recomendamos que sejam cadastrados com natureza<br>de documento \u2018restrito\u2019; no entanto, os demais documentos devem estar ostensivos.<br>A abertura do processo poder\u00e1 ser feita 60 dias antes de completo o interst\u00edcio<br>temporal de 24 meses, no que se refere \u00e0 \u00faltima progress\u00e3o efetuada, nos moldes<br>da Resolu\u00e7\u00e3o n\u00ba 33\/2014 do CONSEPE\/UFPB.<br>Sugerimos que o processo seja aberto com pelo menos 15 (quinze) dias \u00fateis de<br>anteced\u00eancia da data sugerida para a defesa, pois a CPPD ir\u00e1 analisar os<br>documentos anexados ao processo, e preparar\u00e1 todo o material para ser utilizado<br>pela Banca no dia da Defesa (Portaria de Designa\u00e7\u00e3o dos Membros da Banca;<br>Tabela de Pontua\u00e7\u00e3o; Relat\u00f3rio e Parecer) e encaminhar\u00e1 por e-mail ao presidente<br>da Banca.<br>Ademais, \u00e9 responsabilidade exclusiva do docente disponibilizar ao presidente, e<br>aos demais membros da Banca, acesso ao memorial acad\u00eamico e \u00e0s demais pe\u00e7as<br>que comp\u00f5em o processo.<br>Quaisquer d\u00favidas ou solicita\u00e7\u00f5es devem ser encaminhadas diretamente para este<br>e-mail (cppd@reitoria.ufpb.br).<\/p>\n\n\n\n<h2 class=\"wp-block-heading\"><div class=\"linha-header\"><br>Professor do EBTT:<\/div><\/h2>\n\n\n\n<p><br>Solicitar declara\u00e7\u00e3o atualizada atrav\u00e9s do e-mail: cppd@reitoria.ufpb.com.br<br>Aproveitamos o ensejo para fornecer as orienta\u00e7\u00f5es abaixo, relativas \u00e0 solicita\u00e7\u00e3o<br>de promo\u00e7\u00e3o funcional para a Classe de Professor Titular.<br>O processo dever\u00e1 ser aberto via SIPAC e enviado \u00e0 REITORIA \u2013 COMISS\u00c3O<br>PERMANENTE DE PESSOAL DOCENTE (CPPD) (11.00.46.90), devendo nele<br>constar os seguintes documentos:<br>1) Requerimento;<br>2) Declara\u00e7\u00e3o de Progress\u00f5es Funcionais (emitida pela CPPD);<br>3) Indica\u00e7\u00e3o dos membros que ir\u00e3o compor a Banca (4 membros Titulares,<br>sendo 3 externos e 1 interno; e 3 membros Suplentes, sendo 2 externos e 1<br>interno);<br>4) E-mail para contato do Presidente da Banca;<br>5) Comprova\u00e7\u00e3o de que os membros externos s\u00e3o Professores Titulares ou<br>ocupantes da Classe C N\u00edvel 4 da Carreira de Magist\u00e9rio do EBTT (c\u00f3pia da<br>portaria de concess\u00e3o da \u00faltima progress\u00e3o dos mesmos, ou outro documento<br>equivalente emitido pela institui\u00e7\u00e3o de origem);<br>6) Relat\u00f3rio Individual das atividades desenvolvidas como D404 (inclusive<br>indicando os per\u00edodos letivos que comp\u00f5em o interst\u00edcio bienal utilizado para a<br>progress\u00e3o requerida);<br>7) Todos os documentos comprobat\u00f3rios das atividades mencionadas no<br>Relat\u00f3rio Individual (Declara\u00e7\u00f5es, Certificados, Certid\u00f5es, etc.);<br>8) Memorial Descritivo; (Toda documenta\u00e7\u00e3o)<br>9) Declara\u00e7\u00e3o de Disciplinas Ministradas (emitida por meio do SIGAA);<br>10) Curr\u00edculo Lattes;<br>11) Diploma de Doutor (frente e verso).<br>** Os itens 3 e 4 podem ser informados em um \u00fanico documento.<br>OBS.: Alguns documentos que cont\u00eam informa\u00e7\u00f5es pessoais (como o<br>Requerimento, por exemplo), recomendamos que sejam cadastrados com natureza<br>de documento \u2018restrito\u2019.<br>Protocolado o processo, a CPPD preparar\u00e1 todo o material a ser utilizado pela<br>Comiss\u00e3o Especial de Avalia\u00e7\u00e3o, para fins de an\u00e1lise do Memorial Descritivo<br>(Portaria de Designa\u00e7\u00e3o dos Membros da Banca; Tabela de Pontua\u00e7\u00e3o; Relat\u00f3rio e<br>Parecer), e o encaminhar\u00e1 por e-mail ao presidente da Banca.<br>Ademais, \u00e9 responsabilidade exclusiva do docente disponibilizar ao presidente, e<br>aos demais membros da Banca, acesso ao Memorial Descritivo e \u00e0s demais pe\u00e7as<br>que comp\u00f5em o processo.<br>Quaisquer d\u00favidas ou solicita\u00e7\u00f5es devem ser encaminhadas diretamente para este<br>e-mail (cppd@reitoria.ufpb.br).<\/p>\n","protected":false},"excerpt":{"rendered":"<p>Magist\u00e9rio Superior: Solicitar declara\u00e7\u00e3o de progress\u00e3o funcional atualizada atrav\u00e9s do e-mail:cppd@reitoria.ufpb.com.br O processo dever\u00e1 ser [&hellip;]<\/p>\n","protected":false},"author":47,"featured_media":0,"parent":0,"menu_order":0,"comment_status":"closed","ping_status":"closed","template":"","meta":{"footnotes":""},"class_list":["post-31","page","type-page","status-publish","hentry"],"_links":{"self":[{"href":"https:\/\/www.ufpb.br\/cppd\/wp-json\/wp\/v2\/pages\/31","targetHints":{"allow":["GET"]}}],"collection":[{"href":"https:\/\/www.ufpb.br\/cppd\/wp-json\/wp\/v2\/pages"}],"about":[{"href":"https:\/\/www.ufpb.br\/cppd\/wp-json\/wp\/v2\/types\/page"}],"author":[{"embeddable":true,"href":"https:\/\/www.ufpb.br\/cppd\/wp-json\/wp\/v2\/users\/47"}],"replies":[{"embeddable":true,"href":"https:\/\/www.ufpb.br\/cppd\/wp-json\/wp\/v2\/comments?post=31"}],"version-history":[{"count":1,"href":"https:\/\/www.ufpb.br\/cppd\/wp-json\/wp\/v2\/pages\/31\/revisions"}],"predecessor-version":[{"id":32,"href":"https:\/\/www.ufpb.br\/cppd\/wp-json\/wp\/v2\/pages\/31\/revisions\/32"}],"wp:attachment":[{"href":"https:\/\/www.ufpb.br\/cppd\/wp-json\/wp\/v2\/media?parent=31"}],"curies":[{"name":"wp","href":"https:\/\/api.w.org\/{rel}","templated":true}]}}