{"id":37,"date":"2025-11-26T09:19:44","date_gmt":"2025-11-26T12:19:44","guid":{"rendered":"https:\/\/www.ufpb.br\/cppd\/?page_id=37"},"modified":"2025-11-26T09:19:45","modified_gmt":"2025-11-26T12:19:45","slug":"mudanca-de-regime","status":"publish","type":"page","link":"https:\/\/www.ufpb.br\/cppd\/mudanca-de-regime\/","title":{"rendered":"Mudan\u00e7a de regime"},"content":{"rendered":"\n<p>Base Legal, conforme a Resolu\u00e7\u00e3o 64\/2009- CONSEPE.<br>Documentos constantes nos autos:<br>*Requerimento do Docente<br>*Proposta de Trabalho individual com as atividades de ensino, pesquisa extens\u00e3o<br>que justifiquem a mudan\u00e7a de regime de trabalho:<br>*Relat\u00f3rio das atividades de ensino, pesquisa extens\u00e3o e administrativas<br>desenvolvidas pelo docente no atual regime de trabalho<br>*Relat\u00f3rio das atividades a serem desenvolvidas fora da UFPB, as quais dever\u00e3o<br>guardar rela\u00e7\u00e3o direta com sua \u00e1rea de atua\u00e7\u00e3o no Magist\u00e9rio Superior, com<br>indica\u00e7\u00e3o das respectivas cargas hor\u00e1rias<br>*Demonstra\u00e7\u00e3o da compatibilidade de hor\u00e1rios entre as atividades do docente na<br>UFPB fora dela<br>*Termo de responsabilidade, assinado pelo requerente, reconhecendo como<br>verdadeiras as declara\u00e7\u00f5es a respeito da compatibilidade de hor\u00e1rios acima<br>mencionada:<\/p>\n\n\n\n<ul class=\"wp-block-list\">\n<li>Aprova\u00e7\u00e3o por maioria de votos no Departamento<\/li>\n\n\n\n<li>Homologado pelo Conselho de Centro<br>*Parecer favor\u00e1vel da Comiss\u00e3o Permanente de Acumula\u00e7\u00e3o de Cargos e<br>Empregos (CPACE);<br>*Despacho da Divis\u00e3o de Sele\u00e7\u00e3o e Provis\u00e3o (DSP), com registro no Banco de<br>Professor-Equivalente;<br>*Servidor conta com mais de 05 (cinco) anos para adquirir direito \u00e0 aposentadoria<br>volunt\u00e1ria;<\/li>\n\n\n\n<li>Em caso de j\u00e1 ter adquirido o direito \u00e0 aposentadoria volunt\u00e1ria, apresentou o<br>termo de compromisso.<\/li>\n<\/ul>\n","protected":false},"excerpt":{"rendered":"<p>Base Legal, conforme a Resolu\u00e7\u00e3o 64\/2009- CONSEPE.Documentos constantes nos autos:*Requerimento do Docente*Proposta de Trabalho individual [&hellip;]<\/p>\n","protected":false},"author":47,"featured_media":0,"parent":0,"menu_order":0,"comment_status":"closed","ping_status":"closed","template":"","meta":{"footnotes":""},"class_list":["post-37","page","type-page","status-publish","hentry"],"_links":{"self":[{"href":"https:\/\/www.ufpb.br\/cppd\/wp-json\/wp\/v2\/pages\/37","targetHints":{"allow":["GET"]}}],"collection":[{"href":"https:\/\/www.ufpb.br\/cppd\/wp-json\/wp\/v2\/pages"}],"about":[{"href":"https:\/\/www.ufpb.br\/cppd\/wp-json\/wp\/v2\/types\/page"}],"author":[{"embeddable":true,"href":"https:\/\/www.ufpb.br\/cppd\/wp-json\/wp\/v2\/users\/47"}],"replies":[{"embeddable":true,"href":"https:\/\/www.ufpb.br\/cppd\/wp-json\/wp\/v2\/comments?post=37"}],"version-history":[{"count":1,"href":"https:\/\/www.ufpb.br\/cppd\/wp-json\/wp\/v2\/pages\/37\/revisions"}],"predecessor-version":[{"id":38,"href":"https:\/\/www.ufpb.br\/cppd\/wp-json\/wp\/v2\/pages\/37\/revisions\/38"}],"wp:attachment":[{"href":"https:\/\/www.ufpb.br\/cppd\/wp-json\/wp\/v2\/media?parent=37"}],"curies":[{"name":"wp","href":"https:\/\/api.w.org\/{rel}","templated":true}]}}