{"id":39,"date":"2025-11-26T09:20:18","date_gmt":"2025-11-26T12:20:18","guid":{"rendered":"https:\/\/www.ufpb.br\/cppd\/?page_id=39"},"modified":"2025-11-26T09:20:18","modified_gmt":"2025-11-26T12:20:18","slug":"estagio-probatorio","status":"publish","type":"page","link":"https:\/\/www.ufpb.br\/cppd\/estagio-probatorio\/","title":{"rendered":"Est\u00e1gio Probat\u00f3rio"},"content":{"rendered":"\n<ul class=\"wp-block-list\">\n<li>Resolu\u00e7\u00e3o CONSUNI n\u00ba 05\/99<\/li>\n<\/ul>\n\n\n\n<ol class=\"wp-block-list\">\n<li>Formul\u00e1rios de Acompanhamento Docente \u2013 Question\u00e1rios e tabelas de<br>pontua\u00e7\u00e3o de todos os per\u00edodos avaliados, apresentados de forma individual.<\/li>\n\n\n\n<li>Planos e Relat\u00f3rios de Atividades \u2013 Planos e relat\u00f3rios referentes \u00e0s<br>atividades desenvolvidas em cada per\u00edodo de avalia\u00e7\u00e3o.<\/li>\n\n\n\n<li>Formul\u00e1rio de Avalia\u00e7\u00e3o de Atividades Acad\u00eamicas (Discentes) \u2013<br>Avalia\u00e7\u00f5es aplicadas junto ao corpo discente ou emitidas via SIGAA.<\/li>\n\n\n\n<li>Relat\u00f3rio Final da Comiss\u00e3o de Avalia\u00e7\u00e3o Docente \u2013 Documento<br>conclusivo emitido pela Comiss\u00e3o de Avalia\u00e7\u00e3o.<\/li>\n\n\n\n<li>Certid\u00e3o de Aprova\u00e7\u00e3o do Departamento \u2013 Documento emitido e aprovado<br>pelo respectivo Departamento.<\/li>\n\n\n\n<li>Certid\u00e3o de Aprova\u00e7\u00e3o do Conselho de Centro \u2013 Documento emitido e<br>aprovado pelo Conselho de Centro correspondente.<\/li>\n<\/ol>\n","protected":false},"excerpt":{"rendered":"","protected":false},"author":47,"featured_media":0,"parent":0,"menu_order":0,"comment_status":"closed","ping_status":"closed","template":"","meta":{"footnotes":""},"class_list":["post-39","page","type-page","status-publish","hentry"],"_links":{"self":[{"href":"https:\/\/www.ufpb.br\/cppd\/wp-json\/wp\/v2\/pages\/39","targetHints":{"allow":["GET"]}}],"collection":[{"href":"https:\/\/www.ufpb.br\/cppd\/wp-json\/wp\/v2\/pages"}],"about":[{"href":"https:\/\/www.ufpb.br\/cppd\/wp-json\/wp\/v2\/types\/page"}],"author":[{"embeddable":true,"href":"https:\/\/www.ufpb.br\/cppd\/wp-json\/wp\/v2\/users\/47"}],"replies":[{"embeddable":true,"href":"https:\/\/www.ufpb.br\/cppd\/wp-json\/wp\/v2\/comments?post=39"}],"version-history":[{"count":1,"href":"https:\/\/www.ufpb.br\/cppd\/wp-json\/wp\/v2\/pages\/39\/revisions"}],"predecessor-version":[{"id":40,"href":"https:\/\/www.ufpb.br\/cppd\/wp-json\/wp\/v2\/pages\/39\/revisions\/40"}],"wp:attachment":[{"href":"https:\/\/www.ufpb.br\/cppd\/wp-json\/wp\/v2\/media?parent=39"}],"curies":[{"name":"wp","href":"https:\/\/api.w.org\/{rel}","templated":true}]}}