{"id":41,"date":"2025-11-26T09:20:48","date_gmt":"2025-11-26T12:20:48","guid":{"rendered":"https:\/\/www.ufpb.br\/cppd\/?page_id=41"},"modified":"2025-11-26T09:20:49","modified_gmt":"2025-11-26T12:20:49","slug":"progressao-ebtt-a-1-a-b-4","status":"publish","type":"page","link":"https:\/\/www.ufpb.br\/cppd\/progressao-ebtt-a-1-a-b-4\/","title":{"rendered":"Progress\u00e3o EBTT A &#8211; 1 a B &#8211; 4"},"content":{"rendered":"\n<p>Resolu\u00e7\u00e3o CONSEPE 05\/2019<br>CHECKLIST \u2013<\/p>\n\n\n\n<ol class=\"wp-block-list\">\n<li>Cadastro no SIPAC \u2013 O(a) docente deve abrir o processo eletr\u00f4nico de<br>Progress\u00e3o Funcional EBTT no SIPAC, anexando toda a documenta\u00e7\u00e3o<br>exigida (requerimento, relat\u00f3rios, declara\u00e7\u00f5es e comprovantes).<\/li>\n\n\n\n<li>Encaminhamento ao Departamento de Origem \u2013 Ap\u00f3s o cadastro, o<br>processo \u00e9 enviado ao Departamento de lota\u00e7\u00e3o do docente, respons\u00e1vel por<br>iniciar a avalia\u00e7\u00e3o.<\/li>\n\n\n\n<li>Avalia\u00e7\u00e3o pela Comiss\u00e3o de 3 Docentes \u2013 O Chefe de Departamento<br>designa Comiss\u00e3o Avaliadora composta por tr\u00eas docentes de classe e\/ou<br>n\u00edvel superior ao do requerente.<\/li>\n\n\n\n<li>Delibera\u00e7\u00e3o do Colegiado de Departamento \u2013 O parecer da Comiss\u00e3o \u00e9<br>submetido ao Colegiado do Departamento, que delibera pela aprova\u00e7\u00e3o ou<br>n\u00e3o da progress\u00e3o funcional. A decis\u00e3o deve ser registrada em ata e<br>anexada ao processo no SIPAC.<\/li>\n\n\n\n<li>Aprova\u00e7\u00e3o pelo Conselho de Centro \u2013 Ap\u00f3s a aprova\u00e7\u00e3o departamental, o<br>processo segue para o Conselho de Centro, que realiza a an\u00e1lise e<br>homologa\u00e7\u00e3o da decis\u00e3o.<\/li>\n\n\n\n<li>Encaminhamento \u00e0 CPPD \u2013 Conclu\u00eddas as etapas anteriores, o processo \u00e9<br>enviado \u00e0 CPPD, que realiza a an\u00e1lise final e emite o parecer conclusivo.<\/li>\n<\/ol>\n","protected":false},"excerpt":{"rendered":"<p>Resolu\u00e7\u00e3o CONSEPE 05\/2019CHECKLIST \u2013<\/p>\n","protected":false},"author":47,"featured_media":0,"parent":0,"menu_order":0,"comment_status":"closed","ping_status":"closed","template":"","meta":{"footnotes":""},"class_list":["post-41","page","type-page","status-publish","hentry"],"_links":{"self":[{"href":"https:\/\/www.ufpb.br\/cppd\/wp-json\/wp\/v2\/pages\/41","targetHints":{"allow":["GET"]}}],"collection":[{"href":"https:\/\/www.ufpb.br\/cppd\/wp-json\/wp\/v2\/pages"}],"about":[{"href":"https:\/\/www.ufpb.br\/cppd\/wp-json\/wp\/v2\/types\/page"}],"author":[{"embeddable":true,"href":"https:\/\/www.ufpb.br\/cppd\/wp-json\/wp\/v2\/users\/47"}],"replies":[{"embeddable":true,"href":"https:\/\/www.ufpb.br\/cppd\/wp-json\/wp\/v2\/comments?post=41"}],"version-history":[{"count":1,"href":"https:\/\/www.ufpb.br\/cppd\/wp-json\/wp\/v2\/pages\/41\/revisions"}],"predecessor-version":[{"id":42,"href":"https:\/\/www.ufpb.br\/cppd\/wp-json\/wp\/v2\/pages\/41\/revisions\/42"}],"wp:attachment":[{"href":"https:\/\/www.ufpb.br\/cppd\/wp-json\/wp\/v2\/media?parent=41"}],"curies":[{"name":"wp","href":"https:\/\/api.w.org\/{rel}","templated":true}]}}