{"id":43,"date":"2025-11-26T09:21:31","date_gmt":"2025-11-26T12:21:31","guid":{"rendered":"https:\/\/www.ufpb.br\/cppd\/?page_id=43"},"modified":"2025-11-28T13:34:04","modified_gmt":"2025-11-28T16:34:04","slug":"progressao-ebtt-c-1-a-c-4","status":"publish","type":"page","link":"https:\/\/www.ufpb.br\/cppd\/progressao-ebtt-c-1-a-c-4\/","title":{"rendered":"Progress\u00e3o EBTT C &#8211; 1 a C &#8211; 4"},"content":{"rendered":"\n<p>Resolu\u00e7\u00e3o CONSEPE 05\/2019<br>Cadastro no SIPAC \u2013 O(a) docente deve abrir o processo eletr\u00f4nico de Progress\u00e3o<br>Funcional EBTT no SIPAC direto para a CPPD (11.00.46.91)<br>O processo deve conter os seguintes documentos:<\/p>\n\n\n\n<ul class=\"wp-block-list\">\n<li>Progress\u00e3o Funcional EBTT (C &#8211; 1 a C &#8211; 4 ) \u2013 Requerimento solicitando a<br>progress\u00e3o<\/li>\n\n\n\n<li>Declara\u00e7\u00e3o de Progress\u00f5es Funcionais;<\/li>\n\n\n\n<li>Declara\u00e7\u00e3o de Disciplinas Ministradas (emitida via SIGAA);<\/li>\n\n\n\n<li>Relat\u00f3rio Individual de Atividades (referente aos per\u00edodos letivos<br>abrangidos pelo interst\u00edcio a ser utilizado);<\/li>\n\n\n\n<li>Pontua\u00e7\u00f5es m\u00ednimas: 600 (seiscentos) pontos no interst\u00edcio de 24 (vinte e<br>quatro) meses para o docente no Regime de Trabalho T40, com ou sem<br>Dedica\u00e7\u00e3o Exclusiva. Para o docente no Regime de Trabalho T20, ser\u00e1<br>exigido no m\u00ednimo 300 (trezentos) pontos.<\/li>\n<\/ul>\n","protected":false},"excerpt":{"rendered":"<p>Resolu\u00e7\u00e3o CONSEPE 05\/2019Cadastro no SIPAC \u2013 O(a) docente deve abrir o processo eletr\u00f4nico de Progress\u00e3oFuncional [&hellip;]<\/p>\n","protected":false},"author":47,"featured_media":0,"parent":0,"menu_order":0,"comment_status":"closed","ping_status":"closed","template":"","meta":{"footnotes":""},"class_list":["post-43","page","type-page","status-publish","hentry"],"_links":{"self":[{"href":"https:\/\/www.ufpb.br\/cppd\/wp-json\/wp\/v2\/pages\/43","targetHints":{"allow":["GET"]}}],"collection":[{"href":"https:\/\/www.ufpb.br\/cppd\/wp-json\/wp\/v2\/pages"}],"about":[{"href":"https:\/\/www.ufpb.br\/cppd\/wp-json\/wp\/v2\/types\/page"}],"author":[{"embeddable":true,"href":"https:\/\/www.ufpb.br\/cppd\/wp-json\/wp\/v2\/users\/47"}],"replies":[{"embeddable":true,"href":"https:\/\/www.ufpb.br\/cppd\/wp-json\/wp\/v2\/comments?post=43"}],"version-history":[{"count":3,"href":"https:\/\/www.ufpb.br\/cppd\/wp-json\/wp\/v2\/pages\/43\/revisions"}],"predecessor-version":[{"id":96,"href":"https:\/\/www.ufpb.br\/cppd\/wp-json\/wp\/v2\/pages\/43\/revisions\/96"}],"wp:attachment":[{"href":"https:\/\/www.ufpb.br\/cppd\/wp-json\/wp\/v2\/media?parent=43"}],"curies":[{"name":"wp","href":"https:\/\/api.w.org\/{rel}","templated":true}]}}