{"id":45,"date":"2025-11-26T09:21:48","date_gmt":"2025-11-26T12:21:48","guid":{"rendered":"https:\/\/www.ufpb.br\/cppd\/?page_id=45"},"modified":"2025-11-26T09:21:49","modified_gmt":"2025-11-26T12:21:49","slug":"retroativo-de-progressao-funcional","status":"publish","type":"page","link":"https:\/\/www.ufpb.br\/cppd\/retroativo-de-progressao-funcional\/","title":{"rendered":"Retroativo de Progress\u00e3o Funcional"},"content":{"rendered":"\n<p>O processo deve ser autuado com<br>encaminhamento direto \u00e0 CPPD com a juntada:<\/p>\n\n\n\n<ol class=\"wp-block-list\">\n<li>Do requerimento indicando nome, siape e breve relato sobre o que precisa<br>ser modificado na portaria de progress\u00e3o;<\/li>\n\n\n\n<li>Da portaria de progress\u00e3o que cont\u00e9m o equ\u00edvoco e precisa ser retificada.<br>Base legal: PARECER n. 00038\/2023\/CGGP\/DECOR\/CGU\/AGU &#8211; DESPACHO n.<br>00728\/2024\/DEPJUR\/PFUFPB\/PGF\/AGU<\/li>\n<\/ol>\n","protected":false},"excerpt":{"rendered":"<p>O processo deve ser autuado comencaminhamento direto \u00e0 CPPD com a juntada:<\/p>\n","protected":false},"author":47,"featured_media":0,"parent":0,"menu_order":0,"comment_status":"closed","ping_status":"closed","template":"","meta":{"footnotes":""},"class_list":["post-45","page","type-page","status-publish","hentry"],"_links":{"self":[{"href":"https:\/\/www.ufpb.br\/cppd\/wp-json\/wp\/v2\/pages\/45","targetHints":{"allow":["GET"]}}],"collection":[{"href":"https:\/\/www.ufpb.br\/cppd\/wp-json\/wp\/v2\/pages"}],"about":[{"href":"https:\/\/www.ufpb.br\/cppd\/wp-json\/wp\/v2\/types\/page"}],"author":[{"embeddable":true,"href":"https:\/\/www.ufpb.br\/cppd\/wp-json\/wp\/v2\/users\/47"}],"replies":[{"embeddable":true,"href":"https:\/\/www.ufpb.br\/cppd\/wp-json\/wp\/v2\/comments?post=45"}],"version-history":[{"count":1,"href":"https:\/\/www.ufpb.br\/cppd\/wp-json\/wp\/v2\/pages\/45\/revisions"}],"predecessor-version":[{"id":46,"href":"https:\/\/www.ufpb.br\/cppd\/wp-json\/wp\/v2\/pages\/45\/revisions\/46"}],"wp:attachment":[{"href":"https:\/\/www.ufpb.br\/cppd\/wp-json\/wp\/v2\/media?parent=45"}],"curies":[{"name":"wp","href":"https:\/\/api.w.org\/{rel}","templated":true}]}}