{"id":47,"date":"2025-11-26T09:22:04","date_gmt":"2025-11-26T12:22:04","guid":{"rendered":"https:\/\/www.ufpb.br\/cppd\/?page_id=47"},"modified":"2025-11-27T14:10:22","modified_gmt":"2025-11-27T17:10:22","slug":"retribuicao-por-titulacao","status":"publish","type":"page","link":"https:\/\/www.ufpb.br\/cppd\/retribuicao-por-titulacao\/","title":{"rendered":"Retribui\u00e7\u00e3o por Titula\u00e7\u00e3o"},"content":{"rendered":"\n<ol class=\"wp-block-list\">\n<li>Requerimento solicitando a RT;<\/li>\n\n\n\n<li>Diploma adquirido;<\/li>\n\n\n\n<li>Termo de posse, conforme indica o manual do servidor.<br>Fundamenta\u00e7\u00e3o legal: Lei n\u00ba 12.772\/2012 nos artigos 17 e 18, respectivamente.<br>Observa\u00e7\u00e3o: Em virtude da INSTRU\u00c7\u00c3O NORMATIVA SGP\/SEDGG\/ME N\u00ba 66, DE<br>16 DE SETEMBRO DE 2022, Art. 36, para a comprova\u00e7\u00e3o da titula\u00e7\u00e3o exigida ser\u00e1<br>aceito apenas o diploma de conclus\u00e3o de curso de especializa\u00e7\u00e3o, mestrado ou de<br>doutorado, n\u00e3o sendo poss\u00edvel a apresenta\u00e7\u00e3o de outros documentos em sua<br>substitui\u00e7\u00e3o.<\/li>\n<\/ol>\n\n\n\n<p><\/p>\n","protected":false},"excerpt":{"rendered":"","protected":false},"author":47,"featured_media":0,"parent":0,"menu_order":0,"comment_status":"closed","ping_status":"closed","template":"","meta":{"footnotes":""},"class_list":["post-47","page","type-page","status-publish","hentry"],"_links":{"self":[{"href":"https:\/\/www.ufpb.br\/cppd\/wp-json\/wp\/v2\/pages\/47","targetHints":{"allow":["GET"]}}],"collection":[{"href":"https:\/\/www.ufpb.br\/cppd\/wp-json\/wp\/v2\/pages"}],"about":[{"href":"https:\/\/www.ufpb.br\/cppd\/wp-json\/wp\/v2\/types\/page"}],"author":[{"embeddable":true,"href":"https:\/\/www.ufpb.br\/cppd\/wp-json\/wp\/v2\/users\/47"}],"replies":[{"embeddable":true,"href":"https:\/\/www.ufpb.br\/cppd\/wp-json\/wp\/v2\/comments?post=47"}],"version-history":[{"count":3,"href":"https:\/\/www.ufpb.br\/cppd\/wp-json\/wp\/v2\/pages\/47\/revisions"}],"predecessor-version":[{"id":94,"href":"https:\/\/www.ufpb.br\/cppd\/wp-json\/wp\/v2\/pages\/47\/revisions\/94"}],"wp:attachment":[{"href":"https:\/\/www.ufpb.br\/cppd\/wp-json\/wp\/v2\/media?parent=47"}],"curies":[{"name":"wp","href":"https:\/\/api.w.org\/{rel}","templated":true}]}}