{"id":49,"date":"2025-11-26T09:22:44","date_gmt":"2025-11-26T12:22:44","guid":{"rendered":"https:\/\/www.ufpb.br\/cppd\/?page_id=49"},"modified":"2025-11-26T09:22:45","modified_gmt":"2025-11-26T12:22:45","slug":"progressao-funcional-classe-associado","status":"publish","type":"page","link":"https:\/\/www.ufpb.br\/cppd\/progressao-funcional-classe-associado\/","title":{"rendered":"Progress\u00e3o Funcional &#8211; Classe Associado"},"content":{"rendered":"\n<p>Solicitar declara\u00e7\u00e3o atualizada atrav\u00e9s do e-mail: cppd@reitoria.ufpb.com.br<br>A solicita\u00e7\u00e3o de progress\u00e3o para Associado (1, 2, 3 ou 4) deve incluir declara\u00e7\u00e3o<br>atualizada de interst\u00edcio, solicitada via e-mail: cppd@reitoria.ufpb.br.<br>O processo deve ser aberto via SIPAC e enviado para:<br>REITORIA \u2013 COMISS\u00c3O PERMANENTE DE PESSOAL DOCENTE \u2013 CPPD<br>(11.00.46.91)<br>Documentos obrigat\u00f3rios (para todos os n\u00edveis da Classe Associado)<br>1\ufe0f\u20e3Requerimento correspondente ao n\u00edvel pretendido (Associado 1, 2, 3 ou 4).<br>2\ufe0f\u20e3Declara\u00e7\u00e3o de Progress\u00f5es Funcionais (atualizada).<br>3\ufe0f\u20e3Diploma de Doutorado (frente e verso). (Somente para Associado 1)<br>4\ufe0f\u20e3Declara\u00e7\u00e3o de Disciplinas Ministradas (emitida pelo SIGAA).<br>5\ufe0f\u20e3Curr\u00edculo Lattes atualizado (n\u00e3o h\u00e1 necessidade de anexar detalhamento<br>completo das produ\u00e7\u00f5es j\u00e1 comprovadas).<br>6\ufe0f\u20e3Relat\u00f3rio Individual de Atividades referente aos per\u00edodos letivos que comp\u00f5em o<br>interst\u00edcio.<br>7\ufe0f\u20e3Documentos comprobat\u00f3rios das atividades descritas no Relat\u00f3rio, separados<br>conforme as se\u00e7\u00f5es abaixo:<br>\u25cf Se\u00e7\u00e3o I: Atividades de Ensino<br>\u25cf Se\u00e7\u00e3o II: Produ\u00e7\u00e3o Intelectual<br>\u25cf Se\u00e7\u00e3o III: Atividades de Pesquisa<br>\u25cf Se\u00e7\u00e3o IV: Atividades de Extens\u00e3o<br>\u25cf Se\u00e7\u00e3o V: Atividades Administrativas<br>\u25cf Se\u00e7\u00e3o VI: Atividades de Representa\u00e7\u00e3o<br>\u25cf Se\u00e7\u00e3o VII: Outras Atividades<br>\u25cf Se\u00e7\u00e3o VIII: Atividades de Qualifica\u00e7\u00e3o<br>\ud83d\udccc Ordem de anexa\u00e7\u00e3o deve ser rigorosamente observada e cada item anexado<br>separadamente, sem juntar documentos em um \u00fanico PDF.<br>Pontua\u00e7\u00e3o m\u00ednima exigida<br>N\u00edvel<br>pretendido<br>Pontua\u00e7\u00e3o<br>Total<br>Pontua\u00e7\u00e3o m\u00ednima \u2013 Produ\u00e7\u00e3o<br>Intelectual<br>Associado 1 350 pts 1 ponto<br>Associado 2 350 pts 1 ponto<br>Associado 3 350 pts 15 pontos<br>Associado 4 350 pts 20 pontos<br><br>Declaro que desempenho as seguintes atividades relacionadas a processos de<br>afastamento: instru\u00e7\u00e3o e triagem de pedidos de afastamento (curta, curt\u00edssima,<br>longa dura\u00e7\u00e3o, P\u00f3s-Doutorado e licen\u00e7a de capacita\u00e7\u00e3o); elabora\u00e7\u00e3o e<br>acompanhamento de pareceres; resposta a e-mails e comunica\u00e7\u00f5es; envio de<br>expedientes para publica\u00e7\u00e3o no Di\u00e1rio Oficial da Uni\u00e3o (DOU); alimenta\u00e7\u00e3o e<br>manuten\u00e7\u00e3o da planilha de controle e atualiza\u00e7\u00e3o no SIGP.<\/p>\n","protected":false},"excerpt":{"rendered":"<p>Solicitar declara\u00e7\u00e3o atualizada atrav\u00e9s do e-mail: cppd@reitoria.ufpb.com.brA solicita\u00e7\u00e3o de progress\u00e3o para Associado (1, 2, 3 [&hellip;]<\/p>\n","protected":false},"author":47,"featured_media":0,"parent":0,"menu_order":0,"comment_status":"closed","ping_status":"closed","template":"","meta":{"footnotes":""},"class_list":["post-49","page","type-page","status-publish","hentry"],"_links":{"self":[{"href":"https:\/\/www.ufpb.br\/cppd\/wp-json\/wp\/v2\/pages\/49","targetHints":{"allow":["GET"]}}],"collection":[{"href":"https:\/\/www.ufpb.br\/cppd\/wp-json\/wp\/v2\/pages"}],"about":[{"href":"https:\/\/www.ufpb.br\/cppd\/wp-json\/wp\/v2\/types\/page"}],"author":[{"embeddable":true,"href":"https:\/\/www.ufpb.br\/cppd\/wp-json\/wp\/v2\/users\/47"}],"replies":[{"embeddable":true,"href":"https:\/\/www.ufpb.br\/cppd\/wp-json\/wp\/v2\/comments?post=49"}],"version-history":[{"count":1,"href":"https:\/\/www.ufpb.br\/cppd\/wp-json\/wp\/v2\/pages\/49\/revisions"}],"predecessor-version":[{"id":50,"href":"https:\/\/www.ufpb.br\/cppd\/wp-json\/wp\/v2\/pages\/49\/revisions\/50"}],"wp:attachment":[{"href":"https:\/\/www.ufpb.br\/cppd\/wp-json\/wp\/v2\/media?parent=49"}],"curies":[{"name":"wp","href":"https:\/\/api.w.org\/{rel}","templated":true}]}}