{"id":59,"date":"2025-11-26T09:25:56","date_gmt":"2025-11-26T12:25:56","guid":{"rendered":"https:\/\/www.ufpb.br\/cppd\/?page_id=59"},"modified":"2025-11-26T09:25:56","modified_gmt":"2025-11-26T12:25:56","slug":"licenca-para-capacitacao","status":"publish","type":"page","link":"https:\/\/www.ufpb.br\/cppd\/licenca-para-capacitacao\/","title":{"rendered":"Licen\u00e7a para Capacita\u00e7\u00e3o"},"content":{"rendered":"\n<p>(APC \u2013 Art. 87 da Lei 8.112\/1990)<\/p>\n\n\n\n<p><br>Informa\u00e7\u00f5es obrigat\u00f3rias<\/p>\n\n\n\n<p><br>\u25cf Local de realiza\u00e7\u00e3o;<br>\u25cf Per\u00edodo da licen\u00e7a;<br>\u25cf Comprovante de matr\u00edcula\/carta-convite com carga hor\u00e1ria semanal;<br>\u25cf Custos diretos da a\u00e7\u00e3o;<br>\u25cf Custos com di\u00e1rias e passagens;<br>\u25cf Solicita\u00e7\u00e3o de exonera\u00e7\u00e3o\/dispensa quando superior a 30 dias;<br>\u25cf Curr\u00edculo atualizado (SouGov.br);<br>\u25cf Justificativa do Departamento sobre imprescindibilidade;<br>\u25cf Justificativa de interesse da Administra\u00e7\u00e3o (Chefia);<br>\u25cf C\u00f3pia do trecho do PDP 2025 e linha em PDF.<\/p>\n\n\n\n<p><br>Documentos obrigat\u00f3rios (Art. 7\u00ba, \u00a73\u00ba da Resolu\u00e7\u00e3o CONSEPE n\u00ba 07\/2004)<\/p>\n\n\n\n<ol class=\"wp-block-list\">\n<li>Requerimento solicitando afastamento e justificando relev\u00e2ncia;<\/li>\n\n\n\n<li>Formul\u00e1rio de afastamento (PROGEP);<\/li>\n\n\n\n<li>Plano sucinto de estudos\/atividades;<\/li>\n\n\n\n<li>Documento da DLCP comprovando aquisi\u00e7\u00e3o do direito;<\/li>\n\n\n\n<li>Documento da chefia ratificando o interesse do Departamento;<\/li>\n\n\n\n<li>Documento comprobat\u00f3rio do tempo de efetivo exerc\u00edcio (DLCP<\/li>\n<\/ol>\n","protected":false},"excerpt":{"rendered":"<p>(APC \u2013 Art. 87 da Lei 8.112\/1990) Informa\u00e7\u00f5es obrigat\u00f3rias \u25cf Local de realiza\u00e7\u00e3o;\u25cf Per\u00edodo da [&hellip;]<\/p>\n","protected":false},"author":47,"featured_media":0,"parent":0,"menu_order":0,"comment_status":"closed","ping_status":"closed","template":"","meta":{"footnotes":""},"class_list":["post-59","page","type-page","status-publish","hentry"],"_links":{"self":[{"href":"https:\/\/www.ufpb.br\/cppd\/wp-json\/wp\/v2\/pages\/59","targetHints":{"allow":["GET"]}}],"collection":[{"href":"https:\/\/www.ufpb.br\/cppd\/wp-json\/wp\/v2\/pages"}],"about":[{"href":"https:\/\/www.ufpb.br\/cppd\/wp-json\/wp\/v2\/types\/page"}],"author":[{"embeddable":true,"href":"https:\/\/www.ufpb.br\/cppd\/wp-json\/wp\/v2\/users\/47"}],"replies":[{"embeddable":true,"href":"https:\/\/www.ufpb.br\/cppd\/wp-json\/wp\/v2\/comments?post=59"}],"version-history":[{"count":1,"href":"https:\/\/www.ufpb.br\/cppd\/wp-json\/wp\/v2\/pages\/59\/revisions"}],"predecessor-version":[{"id":60,"href":"https:\/\/www.ufpb.br\/cppd\/wp-json\/wp\/v2\/pages\/59\/revisions\/60"}],"wp:attachment":[{"href":"https:\/\/www.ufpb.br\/cppd\/wp-json\/wp\/v2\/media?parent=59"}],"curies":[{"name":"wp","href":"https:\/\/api.w.org\/{rel}","templated":true}]}}