{"id":61,"date":"2025-11-26T09:26:12","date_gmt":"2025-11-26T12:26:12","guid":{"rendered":"https:\/\/www.ufpb.br\/cppd\/?page_id=61"},"modified":"2025-11-26T09:26:13","modified_gmt":"2025-11-26T12:26:13","slug":"legislacao-geral","status":"publish","type":"page","link":"https:\/\/www.ufpb.br\/cppd\/legislacao-geral\/","title":{"rendered":"Legisla\u00e7\u00e3o Geral"},"content":{"rendered":"\n<p>Resolu\u00e7\u00e3o N\u00b0 20\/2020 &#8211; Aprova o Regimento Interno da Comiss\u00e3o Permanente de<br>Pessoal Docente &#8211; CPPD da UFPB. (Magist\u00e9rio Superior e Ensino B\u00e1sico, T\u00e9cnico e<br>Tecnol\u00f3gico).<\/p>\n\n\n\n<p><br>LEI N\u00ba 12.772, DE 28 DE DEZEMBRO DE 2012 &#8211; Disp\u00f5e sobre a estrutura\u00e7\u00e3o do<br>Plano de Carreiras e Cargos de Magist\u00e9rio Federal<\/p>\n","protected":false},"excerpt":{"rendered":"<p>Resolu\u00e7\u00e3o N\u00b0 20\/2020 &#8211; Aprova o Regimento Interno da Comiss\u00e3o Permanente dePessoal Docente &#8211; CPPD [&hellip;]<\/p>\n","protected":false},"author":47,"featured_media":0,"parent":0,"menu_order":0,"comment_status":"closed","ping_status":"closed","template":"","meta":{"footnotes":""},"class_list":["post-61","page","type-page","status-publish","hentry"],"_links":{"self":[{"href":"https:\/\/www.ufpb.br\/cppd\/wp-json\/wp\/v2\/pages\/61","targetHints":{"allow":["GET"]}}],"collection":[{"href":"https:\/\/www.ufpb.br\/cppd\/wp-json\/wp\/v2\/pages"}],"about":[{"href":"https:\/\/www.ufpb.br\/cppd\/wp-json\/wp\/v2\/types\/page"}],"author":[{"embeddable":true,"href":"https:\/\/www.ufpb.br\/cppd\/wp-json\/wp\/v2\/users\/47"}],"replies":[{"embeddable":true,"href":"https:\/\/www.ufpb.br\/cppd\/wp-json\/wp\/v2\/comments?post=61"}],"version-history":[{"count":1,"href":"https:\/\/www.ufpb.br\/cppd\/wp-json\/wp\/v2\/pages\/61\/revisions"}],"predecessor-version":[{"id":62,"href":"https:\/\/www.ufpb.br\/cppd\/wp-json\/wp\/v2\/pages\/61\/revisions\/62"}],"wp:attachment":[{"href":"https:\/\/www.ufpb.br\/cppd\/wp-json\/wp\/v2\/media?parent=61"}],"curies":[{"name":"wp","href":"https:\/\/api.w.org\/{rel}","templated":true}]}}