{"id":136,"date":"2025-02-13T12:04:17","date_gmt":"2025-02-13T15:04:17","guid":{"rendered":"https:\/\/www.ufpb.br\/cras\/?page_id=136"},"modified":"2026-03-12T16:13:28","modified_gmt":"2026-03-12T19:13:28","slug":"perguntas-frequentes","status":"publish","type":"page","link":"https:\/\/www.ufpb.br\/cras\/perguntas-frequentes\/","title":{"rendered":"Perguntas frequentes"},"content":{"rendered":"\n<p><\/p>\n\n\n\n<p class=\"has-cyan-bluish-gray-background-color has-background\">1 &#8211; <strong>Quem<\/strong> pode fazer o <strong>cadastro no Cras<\/strong>?<\/p>\n\n\n\n<p>Todos os <strong>discentes da UFPB<\/strong>, com matr\u00edcula ativa.<\/p>\n\n\n\n<p>Todos os <strong>servidores ativos da UFPB<\/strong>, que n\u00e3o recebam suplementar sa\u00fade ou fa\u00e7am parte de plano de autogest\u00e3o ASSEFAZ ou GEAP.<\/p>\n\n\n\n<p class=\"has-cyan-bluish-gray-background-color has-background\">2 &#8211; <strong>Como<\/strong> fazer o <strong>cadastro no Cras<\/strong>?<\/p>\n\n\n\n<p>Bastar responder o <a href=\"https:\/\/docs.google.com\/forms\/d\/e\/1FAIpQLSfCqXtKSfPir3nC7Def_ev0JymQA18LAGrDtlFbjZNJdfecZw\/viewform?usp=header\">formul\u00e1rio de cadastro<\/a> e anexar documentos comprobat\u00f3rios solicitados: RG, CPF, atestado de matr\u00edcula atualizado e\/ou contracheque atual. <a href=\"https:\/\/docs.google.com\/forms\/d\/e\/1FAIpQLSfCqXtKSfPir3nC7Def_ev0JymQA18LAGrDtlFbjZNJdfecZw\/viewform?usp=header\">Clique Aqui!<\/a><\/p>\n\n\n\n<p>O comprovante de que \u00e9 aluno assistido pela Prape pode ser o edital de resultado, com o nome do aluno grifado!<\/p>\n\n\n\n<p>Se voc\u00ea n\u00e3o \u00e9 assistido pela Prape, deixa a quest\u00e3o em branco!<\/p>\n\n\n\n<p>O tempo para efetivar o cadastro depender\u00e1 da demanda, portanto, aguarde o retorno no email cadastrado!<\/p>\n\n\n\n<p class=\"has-cyan-bluish-gray-background-color has-background\">3 &#8211; <strong>Quais<\/strong> os <strong>servi\u00e7os<\/strong> prestados pelo Cras?<\/p>\n\n\n\n<p>O Cras oferta consultas m\u00e9dicas com cl\u00ednico geral e com diferentes especialistas, al\u00e9m de consultas e procedimentos com odont\u00f3logos, cirurgi\u00f5es bucomaxilo, psic\u00f3logos, nutricionistas, enfermeiros e alguns exames.  <\/p>\n\n\n\n<p><strong>Veja<\/strong> todos os <strong>servi\u00e7os ofertados pelo Cras<\/strong> est\u00e3o na nossa <a href=\"https:\/\/www.ufpb.br\/cras\/wp-content\/uploads\/sites\/79\/sites\/251\/2025\/09\/anexo-2_carta-de-servico-25.9.pdf\">Carta de Servi\u00e7os<\/a>.<\/p>\n\n\n\n<p><strong>Teleatendimento<\/strong> j\u00e1 <strong>implantado<\/strong> e <strong>funcionando<\/strong> para usu\u00e1rio dos <em>Campi <\/em>de Areia, Bananeiras e Rio Tinto\/Mamanguape. Agende <a href=\"https:\/\/docs.google.com\/forms\/d\/e\/1FAIpQLScDALskODgSWJUqSN7v_qT2cqcP7i6eS55harBDo3pjmIIp4g\/viewform?usp=header\">aqui!<\/a> <\/p>\n\n\n\n<p class=\"has-cyan-bluish-gray-background-color has-background\">4 &#8211; <strong>Como<\/strong> <strong>agendar<\/strong> as consultas ou exames realizados no Cras?<\/p>\n\n\n\n<p>Atualmente, a maioria dos <a href=\"https:\/\/www.ufpb.br\/cras\/agendamento\/\">agendamentos<\/a> de servi\u00e7os est\u00e3o dispon\u00edveis online (<strong>exceto consultas com psic\u00f3logas<\/strong> &#8211; lista de espera com <strong>agendamento presencial no Cras Cl\u00ednico I)<\/strong>. <a href=\"https:\/\/www.ufpb.br\/cras\/agendamento\/\">Clique Aqui!<\/a><\/p>\n\n\n\n<p>Teleatendimento pra usu\u00e1rio de Areia, Bananeiras e Rio Tinto\/Mamanguape: <a href=\"http:\/\/Ufpb.br\/cras\/agendamento\/\">clique aqui!<\/a><\/p>\n\n\n\n<p class=\"has-cyan-bluish-gray-background-color has-background\">4.1 &#8211; <strong>Como<\/strong> <strong>agendar<\/strong> exames laboratoriais encaminhados pelo Cras e <strong>realizados no HULW<\/strong>?<\/p>\n\n\n\n<p>Atualmente, oferecemos exames laboratoriais (requisitado pelo CRAS e realizado no<strong> HULW<\/strong>). <\/p>\n\n\n\n<p>Para que o exame seja requisitado ao HULW \u00e9 necess\u00e1rio que o usu\u00e1rio se dirija pessoalmente \u00e0 <strong>RECEP\u00c7\u00c3O<\/strong> do <strong>CRAS Cl\u00ednico I<\/strong> com os seguintes documentos:<\/p>\n\n\n\n<ul class=\"wp-block-list\">\n<li>Requisi\u00e7\u00e3o feita por profissional do CRAS (m\u00e9dico ou odont\u00f3logo);<\/li>\n<\/ul>\n\n\n\n<ul class=\"wp-block-list\">\n<li>Documento de identidade original com foto (RG, CIN ou Habilita\u00e7\u00e3o);<\/li>\n\n\n\n<li>Comprovante de resid\u00eancia atualizado;<\/li>\n\n\n\n<li>N\u00famero do cart\u00e3o SUS e do HULW;<\/li>\n\n\n\n<li>Atestado de matr\u00edcula atualizado (se discente);<\/li>\n\n\n\n<li>Contracheque atualizado (se servidor);<\/li>\n<\/ul>\n\n\n\n<p>O envio das requisi\u00e7\u00f5es \u00e9 realizado todas as ter\u00e7as-feiras.<\/p>\n\n\n\n<p class=\"has-cyan-bluish-gray-background-color has-background\">5 &#8211; O Cras tem <strong>Teleatendimento<\/strong>?<\/p>\n\n\n\n<p>O teleatendimento para o usu\u00e1rio dos <em>Campi<\/em> do interior iniciou em 02\/06\/2025!<\/p>\n\n\n\n<p>Pode solicitar agendamento <a href=\"https:\/\/www.ufpb.br\/cras\/agendamento\/\">aqui<\/a> o usu\u00e1rio (discente ou servidor da UFPB) cujo v\u00ednculo \u00e9 o <em>Campi<\/em> de Areia, Bananeiras ou Rio Tinto\/Mamanguape.<\/p>\n\n\n\n<p>Pr\u00e9-consulta com a nutricionista deve ser feita <a href=\"https:\/\/docs.google.com\/forms\/d\/e\/1FAIpQLScC6nuEPw-O6QmAUtTdAmL5AdR0SRAq3Qr8XPYI35SWyw2A1w\/viewform?usp=header\">aqui!<\/a> (somente para teleatendimento)<\/p>\n\n\n\n<p>A portaria que disp\u00f5e sobre teleatendimento pode ser lida <a href=\"https:\/\/www.ufpb.br\/cras\/wp-content\/uploads\/sites\/79\/sites\/251\/2025\/05\/portaria-14.25-dispoe-sobre-teleatendimento-CRAS.pdf\">aqui<\/a>!<\/p>\n\n\n\n<p>A plataforma de teleatendimento ser\u00e1 acessada diretamente pelo link enviado ao telefone informado no agendamento ou <a href=\"https:\/\/cras-ufpb.clinic.wisecare.com.br.\/\">aqui!<\/a><\/p>\n\n\n\n<p class=\"has-cyan-bluish-gray-background-color has-background\">6 &#8211; O teleatendimento est\u00e1 dispon\u00edvel <strong>para todos<\/strong> os usu\u00e1rios da UFPB?<\/p>\n\n\n\n<p>Infelizmente, <strong>n\u00e3o<\/strong>. Usu\u00e1rio cujo vinculo \u00e9 com o <em>Campus <\/em>I devem ser atendidos presencialmente em nossas unidades.<\/p>\n\n\n\n<p class=\"has-cyan-bluish-gray-background-color has-background\">7 &#8211; Todas as especialidades tem agenda para <strong>atendimento imediato<\/strong>?<\/p>\n\n\n\n<p>Infelizmente, <strong>n\u00e3o<\/strong>. Algumas especialidades possuem agenda lotada. Assim que as vagas ficam dispon\u00edveis publicamos aviso no site.<\/p>\n\n\n\n<p>No caso da <strong>Odontologia Cl\u00ednica<\/strong>, a agenda \u00e9 aberta <strong>uma vez por m\u00eas<\/strong> e esse <strong>dia est\u00e1 informado<\/strong> no formul\u00e1rio! Portanto, apenas <strong>neste dia<\/strong> e <strong>at\u00e9 o n\u00famero de vagas dispon\u00edveis<\/strong> o formul\u00e1rio fica aberto para respostas!<\/p>\n\n\n\n<p>Se vc precisar de atendimento psic\u00f3logo e n\u00e3o conseguiu vaga em nosso servi\u00e7o listamos alguns servi\u00e7os para tentar te ajudar <a href=\"https:\/\/www.ufpb.br\/cras\/wp-content\/uploads\/sites\/79\/sites\/251\/2025\/06\/Onde-Buscar-Ajuda-Atualizado-2025.pdf\">aqui<\/a>!<\/p>\n\n\n\n<p class=\"has-cyan-bluish-gray-background-color has-background\">8 &#8211; \u00c9 preciso<strong> encaminhamento <\/strong>para fazer as consultas no Cras?<\/p>\n\n\n\n<p><strong>N\u00e3o<\/strong>. Todas as especialidades do Cras s\u00e3o por <strong>demanda espont\u00e2nea<\/strong>. Basta fazer o <a href=\"https:\/\/www.ufpb.br\/cras\/cadastro\/\">cadastro<\/a> e <a href=\"https:\/\/www.ufpb.br\/cras\/agendamento\/\">agendar<\/a> sua consulta.<\/p>\n\n\n\n<p class=\"has-cyan-bluish-gray-background-color has-background\">9 &#8211; Era aluno de gradua\u00e7\u00e3o e tinha cadastro no Cras. Hoje sou aluno de p\u00f3s-gradua\u00e7\u00e3o, <strong>como atualizar<\/strong> meu cadastro?<\/p>\n\n\n\n<p>Voc\u00ea deve fazer um novo <a href=\"https:\/\/www.ufpb.br\/cras\/cadastro\/\">cadastro<\/a> no Cras, com seu <strong>novo v\u00ednculo<\/strong>.<\/p>\n\n\n\n<p class=\"has-cyan-bluish-gray-background-color has-background\">10 &#8211; Posso <strong>solicitar mais de uma consulta <\/strong>ao mesmo tempo?<\/p>\n\n\n\n<p>Sim. <strong>Dependendo da disponibilidade<\/strong> elas ser\u00e3o agendadas para voc\u00ea no mesmo atendimento. Voc\u00ea receber\u00e1 email <strong>confirmando agendamento das que estiverem dispon\u00edveis<\/strong>. O agendamento ser\u00e1 feito <strong>n\u00e3o necessariamente no mesmo dia<\/strong> (a depender da agenda de cada profissional solicitado).<\/p>\n\n\n\n<p class=\"has-cyan-bluish-gray-background-color has-background\">11 &#8211; O que acontece quando eu <strong>falto<\/strong> a uma consulta?<\/p>\n\n\n\n<p>Se voc\u00ea \u00e9 paciente atendido pelo Cras e faz um agendamento, voc\u00ea esta ocupando um hor\u00e1rio do profissional. Se voc\u00ea perde a consulta <strong>isso impacta a produtividade do profissional<\/strong> que ficou te esperando e <strong>retira a vaga de algu\u00e9m que tamb\u00e9m precisa daquele atendimento<\/strong>. Portanto, disciplinamos esse assunto por meio da <a href=\"http:\/\/www.ufpb.br\/cras\/wp-content\/uploads\/sites\/79\/sites\/251\/2025\/04\/portaria-09.25-dispoe-sobre-absenteismo.pdf\">portaria 09\/25<\/a> e <a href=\"https:\/\/www.ufpb.br\/cras\/wp-content\/uploads\/sites\/79\/sites\/251\/2025\/06\/portaria-15.25-absenteismo-odonto-e-buco-1.pdf\">portaria 15\/25<\/a>.<\/p>\n\n\n\n<p class=\"has-cyan-bluish-gray-background-color has-background\">12 &#8211; Solicitei agendamento de consulta e <strong>n\u00e3o recebi resposta<\/strong>?<\/p>\n\n\n\n<p>Por favor, veja se sua caixa de entrada de email esta cheia ou se n\u00e3o foi para a sua caixa de spam. Lembramos que a depender da demanda a resposta pode demorar at\u00e9 48 h.<\/p>\n\n\n\n<p>Se n\u00e3o for o caso, pedimos que fa\u00e7a um novo <a href=\"https:\/\/www.ufpb.br\/cras\/agendamento\/\">agendamento<\/a>.<\/p>\n\n\n\n<p class=\"has-cyan-bluish-gray-background-color has-background\">13 &#8211; <strong>Sou aluno\/servidor de um campus do interior<\/strong> e gostaria de agendar uma consulta por teleatendimento?<\/p>\n\n\n\n<p><strong>O teleatendimento foi IMPLEMENTADO em 02\/06\/25!<\/strong> <\/p>\n\n\n\n<p>As teleconsultas s\u00e3o disponibilizadas apenas para alunos\/servidores dos campi do interior que s\u00e3o <a href=\"https:\/\/www.ufpb.br\/cras\/cadastro\/\">cadastrados no Cras<\/a>.<\/p>\n\n\n\n<p>A teleconsulta <strong>DEVE<\/strong> ser realizada na <strong>sala indicada<\/strong> para isso em cada centro para que possamos garantir a qualidade do atentimento e tamb\u00e9m para o registro do atendimento (assinatura do mapa de atendimento).<\/p>\n\n\n\n<p>A plataforma de teleatendimento ser\u00e1 acessada diretamente pelo link enviado ao telefone informado no agendamento ou <a href=\"https:\/\/cras-ufpb.clinic.wisecare.com.br.\/\">aqui!<\/a><\/p>\n\n\n\n<p class=\"has-cyan-bluish-gray-background-color has-background\">14 &#8211; Sou aluno\/servidor da UFPB, mas n\u00e3o sou assistido pela Prape e no formul\u00e1rio de cadastro pede comprovante, o que fazer?<\/p>\n\n\n\n<p>Nossos formul\u00e1rios tem perguntas que s\u00e3o classificadas como de resposta obrigat\u00f3ria e perguntas que n\u00e3o s\u00e3o de resposta obrigat\u00f3ria. <strong>Perguntas com asterisco vermelho devem ser respondidas <\/strong>para que se possa passar para a fase seguinte.<\/p>\n\n\n\n<p>No caso da pergunta sobre a assist\u00eancia recebida da Prape, por alunos, <strong>a resposta n\u00e3o \u00e9 obrigat\u00f3ria<\/strong>, contudo \u00e9 <strong>muito importante que ela seja <\/strong>respondida pelos alunos assistidos pois eles <strong>s\u00e3o nosso p\u00fablico-alvo priorit\u00e1rio<\/strong> e serve para que possamos fazer estat\u00edsticas do perfil do p\u00fablico atendido e impactam em nosso or\u00e7amento.<\/p>\n\n\n\n<p class=\"has-cyan-bluish-gray-background-color has-background\">15 &#8211; Onde posso fazer a <strong>AVALIA\u00c7\u00c3O DE SATISFA\u00c7\u00c3O<\/strong>?<\/p>\n\n\n\n<p>Por favor, fa\u00e7am a <a href=\"https:\/\/docs.google.com\/forms\/d\/e\/1FAIpQLScTpjFDxz3r9j4yOGLEU8j5LK_xy-ru44Rqr35Qr4kURqZaFw\/viewform?usp=header\">AVALIA\u00c7\u00c3O DE SATISFA\u00c7\u00c3O<\/a> dos nossos servi\u00e7os <a href=\"https:\/\/docs.google.com\/forms\/d\/e\/1FAIpQLScTpjFDxz3r9j4yOGLEU8j5LK_xy-ru44Rqr35Qr4kURqZaFw\/viewform?usp=header\" data-type=\"page\" data-id=\"23\">aqui!<\/a><\/p>\n\n\n\n<p class=\"has-cyan-bluish-gray-background-color has-background\">16 &#8211; Recebi <strong>mensagem de erro<\/strong> ao finalizar o formul\u00e1rio. O que fazer?<\/p>\n\n\n\n<p>Os formul\u00e1rios do google <strong>n\u00e3o costumam<\/strong> dar mensagem de erro ao fazer o envio final.<\/p>\n\n\n\n<p>Se ocorreu esse erro com vc<strong> tente novamente usando outra m\u00e1quina<\/strong> (aparelho celular, computador ou laptop), <strong>verifique sua conex\u00e3o e <strong>tente fazer usando outro<\/strong> navegador<\/strong>.<\/p>\n\n\n\n<p class=\"has-cyan-bluish-gray-background-color has-background\">17 &#8211; N\u00e3o consigo fazer upload de arquivo no formul\u00e1rio. O que fazer?<\/p>\n\n\n\n<p>Os formul\u00e1rios do google <strong>n\u00e3o costumam<\/strong> dar mensagem de erro ao enviar arquivo.<\/p>\n\n\n\n<p>Se vc n\u00e3o conseguiu fazer o upload<strong> tente novamente usando outra m\u00e1quina<\/strong> (aparelho celular, computador ou laptop), <strong>verifique sua conex\u00e3o e tente fazer usando outro navegador<\/strong>.<\/p>\n\n\n\n<p>Caso ainda n\u00e3o consiga, tente alternar o local onde o arquivo se encontra: drive do computador ou celular e nuvem (upload de arquivos na nuvem costuma ser bem sucedido).<\/p>\n\n\n\n<p class=\"has-cyan-bluish-gray-background-color has-background\">18 &#8211; Fui usu\u00e1rio do CRAS e preciso do relat\u00f3rio do meu atendimento ou outro documento oficial. Como fazer o pedido formal?<\/p>\n\n\n\n<p>Para solicitar qualquer documento relativo ao seu atendimento no Cras vc pode acessar o <a href=\"https:\/\/sipac.ufpb.br\/sipac\/?modo=classico\">SIPAC<\/a> com a requisi\u00e7\u00e3o clara do que vc quer e os dados b\u00e1sicos para que possamos localizar e dar a resposta o mais breve poss\u00edvel (nome completo; email e telefone; v\u00ednculo: matr\u00edcula, curso, centro; qual foi o atendimento: m\u00e9dico, odontol\u00f3gico, psicol\u00f3gico; c\u00f3pia do seu documento de identidade e outros que julgar necess\u00e1rio pro esclarecimento do pedido).<\/p>\n\n\n\n<p>A entrega dos documentos ser\u00e1 realizada em m\u00e3os, pessoalmente na recep\u00e7\u00e3o do Cras Sede, mediante apresenta\u00e7\u00e3o de documento de identidade e a assinatura de um termo de recebimento dos documentos solicitados.<\/p>\n\n\n\n<p>Nesse caso o processo ser\u00e1 arquivado com o recebido do usu\u00e1rio.<\/p>\n\n\n\n<p>Outro caminho poss\u00edvel \u00e9 atrav\u00e9s do <a href=\"https:\/\/falabr.cgu.gov.br\/web\/login?tipo=8&amp;redirect=\/v-app\/manifestacao\/criar?tipo=8\">FALA.BR<\/a>, indicando que \u00e9 uma solicita\u00e7\u00e3o de informa\u00e7\u00e3o para o Cras da UFPB e com a requisi\u00e7\u00e3o clara do que vc quer e os dados b\u00e1sicos para que possamos localizar e dar a resposta o mais breve poss\u00edvel (nome completo; email e telefone; v\u00ednculo: matr\u00edcula, curso, centro; qual foi o atendimento: m\u00e9dico, odontol\u00f3gico, psicol\u00f3gico; e outros que julgar necess\u00e1rio pro esclarecimento do pedido).<\/p>\n\n\n\n<p>A entrega dos documentos ser\u00e1 realizada atrav\u00e9s do sistema e a resposta ser\u00e1 considerada entregue no momento que for registrada online.<\/p>\n\n\n\n<p><\/p>\n\n\n\n<p><\/p>\n\n\n\n<p class=\"has-cyan-bluish-gray-background-color has-background\">19 \u2013 O CRAS-UFPB presta os mesmos servi\u00e7os sociais do CRAS municipal?<\/p>\n\n\n\n<p><strong>N\u00e3o<\/strong>. Temos a mesma sigla por coincid\u00eancia. <\/p>\n\n\n\n<p>O CRAS-UFPB \u00e9 o <strong>Centro de Refer\u00eancia em Aten\u00e7\u00e3o \u00e0 Sa\u00fade <\/strong>e representa uma nova concep\u00e7\u00e3o no <strong>atendimento integrado \u00e0 sa\u00fade<\/strong>. Criado pela Resolu\u00e7\u00e3o Consuni n\u00ba 04\/2014, de 28 de fevereiro de 2014, ele est\u00e1 situado no <em>Campus I<\/em> da UFPB, em Jo\u00e3o Pessoa, e tem por finalidades: Prestar <strong>assist\u00eancia \u00e0 sa\u00fade<\/strong> aos <strong>discentes regularmente matriculados<\/strong>, <strong>docentes e t\u00e9cnico administrativos que n\u00e3o recebam sa\u00fade suplementar <\/strong>ou sejam usu\u00e1rios do plano de autogest\u00e3o ASSEFAZ ou GEAP.&nbsp;&nbsp;<\/p>\n\n\n\n<p>O CRAS municipal \u00e9 o Centro de Refer\u00eancia de Assist\u00eancia Social, uma unidade p\u00fablica que atua como a porta de entrada para a pol\u00edtica de assist\u00eancia social no munic\u00edpio.<\/p>\n\n\n\n<p><\/p>\n\n\n\n<p class=\"has-cyan-bluish-gray-background-color has-background\">20 \u2013 O que \u00e9 necess\u00e1rio para agendar consulta com oftalmologista?<\/p>\n\n\n\n<p>Neste caso, a consulta \u00e9 agendada  pelo CRAS de forma online e realizada no HULW. Por este motivo \u00e9 imprescind\u00edvel que o usu\u00e1rio  tenha o <strong>N\u00famero do Cadastro do HULW.&nbsp;<\/strong><\/p>\n\n\n\n<p>Se o usu\u00e1rio <strong>n\u00e3o<\/strong> tiver esse cadastro, <strong>se dirija pessoalmente<\/strong> ao <strong>CRAS Cl\u00ednico &#8211; Recep\u00e7\u00e3o<\/strong> para solicitar o <strong>encaminhamento para o cadastro no HU<\/strong>LW. <\/p>\n\n\n\n<p>Ap\u00f3s realizar o seu cadastro no HULW, voc\u00ea pode fazer seu agendamento de forma <a href=\"https:\/\/www.ufpb.br\/cras\/agendamento\/\" data-type=\"page\" data-id=\"19\">online<\/a> .<\/p>\n\n\n\n<p><\/p>\n\n\n\n<p class=\"has-cyan-bluish-gray-background-color has-background\">21 \u2013 Reagendamento para data mais conveniente para o usu\u00e1rio!<\/p>\n\n\n\n<p>Se voc\u00ea precisa reagendar uma consulta, ap\u00f3s ter agendado via online, pode se dirigir ao Cras Sede e procurar a recep\u00e7\u00e3o.<\/p>\n\n\n\n<p>Somente dessa forma os atendentes poder\u00e3o analisar caso a caso e reagendar conforme disponibilidade de agenda (<strong>reagendar \u00e9 exce\u00e7\u00e3o<\/strong>).<\/p>\n\n\n\n<p><\/p>\n\n\n\n<p class=\"has-cyan-bluish-gray-background-color has-background\">22 \u2013 Esqueci o n\u00famero de cadastro!<\/p>\n\n\n\n<p>Voc\u00ea pode se dirigir a Recep\u00e7\u00e3o do Cras Sede ou preencher novamente o formul\u00e1rio de cadastro colocando ao lado do seu nome a express\u00e3o &#8220;Atualiza\u00e7\u00e3o Cadastro&#8221;, assim a recep\u00e7\u00e3o vai lhe enviar o n\u00famero no email indicado.<\/p>\n\n\n\n<p class=\"has-cyan-bluish-gray-background-color has-background\">23 \u2013 O formul\u00e1rio de agendamento do Projeto de Extens\u00e3o realizado no Cras esta FECHADO !<\/p>\n\n\n\n<p>Os Projetos de Extens\u00e3o realizados no Cras s\u00e3o de responsabilidade do Coordenador do Projeto, que \u00e9 quem estipula as datas de realiza\u00e7\u00e3o e a dura\u00e7\u00e3o do Projeto.<\/p>\n\n\n\n<p>Portanto, a abertura e fechamento dos formul\u00e1rios de agendamento n\u00e3o dependem da administra\u00e7\u00e3o do Cras. Se o formul\u00e1rio de agendamento est\u00e1 indispon\u00edvel, solicitamos que procure informa\u00e7\u00e3o diretamente com os Coordenadores do Projeto.<\/p>\n\n\n\n<p class=\"has-cyan-bluish-gray-background-color has-background\">24 \u2013 Ainda n\u00e3o encontrei resposta para minha d\u00favida!<\/p>\n\n\n\n<p>Se voc\u00ea leu as resposta acima e n\u00e3o resolveu a sua d\u00favida, nosso email \u00e9 cras@ufpb.br<\/p>\n\n\n\n<p><\/p>\n","protected":false},"excerpt":{"rendered":"<p>1 &#8211; Quem pode fazer o cadastro no Cras? Todos os discentes da UFPB, com matr\u00edcula ativa. Todos os servidores ativos da UFPB, que n\u00e3o recebam suplementar sa\u00fade ou fa\u00e7am parte de plano de autogest\u00e3o ASSEFAZ ou GEAP. 2 &#8211; Como fazer o cadastro no Cras? Bastar responder o formul\u00e1rio de cadastro e anexar documentos [&hellip;]<\/p>\n","protected":false},"author":47,"featured_media":0,"parent":0,"menu_order":0,"comment_status":"closed","ping_status":"closed","template":"","meta":{"footnotes":""},"class_list":["post-136","page","type-page","status-publish","hentry"],"_links":{"self":[{"href":"https:\/\/www.ufpb.br\/cras\/wp-json\/wp\/v2\/pages\/136","targetHints":{"allow":["GET"]}}],"collection":[{"href":"https:\/\/www.ufpb.br\/cras\/wp-json\/wp\/v2\/pages"}],"about":[{"href":"https:\/\/www.ufpb.br\/cras\/wp-json\/wp\/v2\/types\/page"}],"author":[{"embeddable":true,"href":"https:\/\/www.ufpb.br\/cras\/wp-json\/wp\/v2\/users\/47"}],"replies":[{"embeddable":true,"href":"https:\/\/www.ufpb.br\/cras\/wp-json\/wp\/v2\/comments?post=136"}],"version-history":[{"count":69,"href":"https:\/\/www.ufpb.br\/cras\/wp-json\/wp\/v2\/pages\/136\/revisions"}],"predecessor-version":[{"id":855,"href":"https:\/\/www.ufpb.br\/cras\/wp-json\/wp\/v2\/pages\/136\/revisions\/855"}],"wp:attachment":[{"href":"https:\/\/www.ufpb.br\/cras\/wp-json\/wp\/v2\/media?parent=136"}],"curies":[{"name":"wp","href":"https:\/\/api.w.org\/{rel}","templated":true}]}}