{"id":19,"date":"2025-02-03T14:44:02","date_gmt":"2025-02-03T17:44:02","guid":{"rendered":"https:\/\/www.ufpb.br\/cras\/?page_id=19"},"modified":"2025-12-09T14:56:44","modified_gmt":"2025-12-09T17:56:44","slug":"agendamento","status":"publish","type":"page","link":"https:\/\/www.ufpb.br\/cras\/agendamento\/","title":{"rendered":"Agendamento"},"content":{"rendered":"\n<p>Apenas <strong>discentes <\/strong>(matr\u00edcula ativa)<strong> <\/strong>e<strong> servidores ativos<\/strong> (sem sa\u00fade suplementar e sem ASSEFAZ ou GEAP) poder\u00e3o receber atendimento no CRAS, conforme recomenda\u00e7\u00e3o dos \u00f3rg\u00e3os de controle como CGU e MP (<a href=\"https:\/\/www.ufpb.br\/cras\/wp-content\/uploads\/sites\/79\/sites\/251\/2025\/02\/comunicado-01.21.pdf\">comunicado 01\/2021<\/a>).<\/p>\n\n\n\n<p>Leia as <a href=\"https:\/\/www.ufpb.br\/cras\/perguntas-frequentes\/\">perguntas frequentes<\/a>, sua d\u00favida j\u00e1 pode ter sido esclarecida!<\/p>\n\n\n\n<p>O agendamento \u00e9 feito atrav\u00e9s do <strong>formul\u00e1rio<\/strong> dispon\u00edvel abaixo, clicando no \u00edcone de cada servi\u00e7o.<\/p>\n\n\n\n<ul class=\"wp-block-list\">\n<li>\u00c9 necess\u00e1rio anexar ao formul\u00e1rio o atestado de matr\u00edcula (discente) ou o contracheque (servidores).<\/li>\n<\/ul>\n\n\n\n<ul class=\"wp-block-list\">\n<li>\u00c9 necess\u00e1rio anexar ao formul\u00e1rio de exame a guia de solicita\u00e7\u00e3o..<\/li>\n<\/ul>\n\n\n\n<p><strong>Faltas \u00e0s consultas<\/strong> de acompanhamento est\u00e3o disciplinadas na <a href=\"https:\/\/www.ufpb.br\/cras\/wp-content\/uploads\/sites\/79\/sites\/251\/2025\/04\/portaria-09.25-dispoe-sobre-absenteismo.pdf\">Portaria 09\/2025<\/a> e <a href=\"https:\/\/www.ufpb.br\/cras\/wp-content\/uploads\/sites\/79\/sites\/251\/2025\/06\/portaria-15.25-absenteismo-odonto-e-buco-1.pdf\">Portaria 15\/2025<\/a>.<\/p>\n\n\n\n<p>No dia e hor\u00e1rio da consulta o usu\u00e1rio dever\u00e1 assinar o mapa de atendimento <a href=\"https:\/\/www.ufpb.br\/cras\/wp-content\/uploads\/sites\/79\/sites\/251\/2025\/05\/portaria-11.25-dispoe-sobre-mapa-de-atendimento-CRAS.pdf\">Portaria 11\/2025<\/a>.<\/p>\n\n\n\n<p>O<strong> TELEATENDIMENTO <\/strong>para o usu\u00e1rio dos <em>Campi<\/em> do interior iniciou no <strong>dia 02\/06\/2025<\/strong>! (<a href=\"https:\/\/www.ufpb.br\/cras\/wp-content\/uploads\/sites\/79\/sites\/251\/2025\/05\/portaria-14.25-dispoe-sobre-teleatendimento-CRAS.pdf\">Portaria 14\/2025<\/a>).<\/p>\n\n\n\n<p> ** Somente para <strong>TELECONSULTA com a NUTRICIONISTA<\/strong> preencher o formul\u00e1rio de <a href=\"https:\/\/docs.google.com\/forms\/d\/e\/1FAIpQLScC6nuEPw-O6QmAUtTdAmL5AdR0SRAq3Qr8XPYI35SWyw2A1w\/viewform?usp=header\">PR\u00c9-CONSULTA<\/a> (ap\u00f3s solicitar agendamento para nutricionista responda a pr\u00e9-consulta<a href=\"https:\/\/docs.google.com\/forms\/d\/e\/1FAIpQLScC6nuEPw-O6QmAUtTdAmL5AdR0SRAq3Qr8XPYI35SWyw2A1w\/viewform?usp=header\" data-type=\"link\" data-id=\"https:\/\/docs.google.com\/forms\/d\/e\/1FAIpQLScC6nuEPw-O6QmAUtTdAmL5AdR0SRAq3Qr8XPYI35SWyw2A1w\/viewform?usp=header\"> aqui!<\/a>).<\/p>\n\n\n\n<figure class=\"wp-block-table\"><table class=\"has-fixed-layout\"><tbody><tr><td class=\"has-text-align-center\" data-align=\"center\"><a href=\"https:\/\/docs.google.com\/forms\/d\/e\/1FAIpQLScDALskODgSWJUqSN7v_qT2cqcP7i6eS55harBDo3pjmIIp4g\/viewform?usp=header\"><img loading=\"lazy\" decoding=\"async\" width=\"512\" height=\"512\" class=\"wp-image-105\" style=\"width: 100px\" src=\"http:\/\/www.ufpb.br\/cras\/wp-content\/uploads\/sites\/79\/sites\/251\/2025\/02\/stethoscope_809957.png\" alt=\"\" srcset=\"https:\/\/www.ufpb.br\/cras\/wp-content\/uploads\/sites\/79\/sites\/251\/2025\/02\/stethoscope_809957.png 512w, https:\/\/www.ufpb.br\/cras\/wp-content\/uploads\/sites\/79\/sites\/251\/2025\/02\/stethoscope_809957-300x300.png 300w, https:\/\/www.ufpb.br\/cras\/wp-content\/uploads\/sites\/79\/sites\/251\/2025\/02\/stethoscope_809957-150x150.png 150w\" sizes=\"auto, (max-width: 512px) 100vw, 512px\" \/><\/a><\/td><td class=\"has-text-align-center\" data-align=\"center\"><a href=\"https:\/\/docs.google.com\/forms\/d\/e\/1FAIpQLScDALskODgSWJUqSN7v_qT2cqcP7i6eS55harBDo3pjmIIp4g\/viewform?usp=header\"><strong>TELEATENDIMENTO <\/strong><\/a><br>SOMENTE PARA USU\u00c1RIOS DO INTERIOR!<\/td><\/tr><\/tbody><\/table><\/figure>\n\n\n\n<div class=\"wp-block-group\"><div class=\"wp-block-group__inner-container is-layout-constrained wp-block-group-is-layout-constrained\">\n<div class=\"wp-block-group\"><div class=\"wp-block-group__inner-container is-layout-constrained wp-block-group-is-layout-constrained\">\n<figure class=\"wp-block-table has-medium-font-size\"><table class=\"has-fixed-layout\"><tbody><tr><td class=\"has-text-align-center\" data-align=\"center\"><a href=\"https:\/\/forms.gle\/25qpukgyCvisGVFw9\" data-type=\"link\" data-id=\"https:\/\/docs.google.com\/forms\/d\/e\/1FAIpQLSdeZZsj4AJgPyXUBx8Smquy3OF-nusTdluwkh5ynP-T_QDy8A\/viewform?usp=publish-editor\"><strong>Consulta M\u00e9dica<\/strong> Presencial<\/a><br><\/td><td class=\"has-text-align-center\" data-align=\"center\"><a href=\"https:\/\/forms.gle\/25qpukgyCvisGVFw9\"><img loading=\"lazy\" decoding=\"async\" width=\"512\" height=\"512\" class=\"wp-image-105\" style=\"width: 100px\" src=\"http:\/\/www.ufpb.br\/cras\/wp-content\/uploads\/sites\/79\/sites\/251\/2025\/02\/stethoscope_809957.png\" alt=\"\" srcset=\"https:\/\/www.ufpb.br\/cras\/wp-content\/uploads\/sites\/79\/sites\/251\/2025\/02\/stethoscope_809957.png 512w, https:\/\/www.ufpb.br\/cras\/wp-content\/uploads\/sites\/79\/sites\/251\/2025\/02\/stethoscope_809957-300x300.png 300w, https:\/\/www.ufpb.br\/cras\/wp-content\/uploads\/sites\/79\/sites\/251\/2025\/02\/stethoscope_809957-150x150.png 150w\" sizes=\"auto, (max-width: 512px) 100vw, 512px\" \/><\/a><\/td><\/tr><\/tbody><\/table><\/figure>\n\n\n\n<figure class=\"wp-block-table has-medium-font-size\"><table class=\"has-fixed-layout\"><tbody><tr><td class=\"has-text-align-center\" data-align=\"center\"><a href=\"https:\/\/docs.google.com\/forms\/d\/e\/1FAIpQLSeSL5tPoX3XTTwenOQkKBO1PG-yadACOwuxiH09X3hcC6DaaA\/viewform?usp=header\"><img loading=\"lazy\" decoding=\"async\" width=\"512\" height=\"512\" class=\"wp-image-107\" style=\"width: 100px\" src=\"http:\/\/www.ufpb.br\/cras\/wp-content\/uploads\/sites\/79\/sites\/251\/2025\/02\/OFTALMO.png\" alt=\"\" srcset=\"https:\/\/www.ufpb.br\/cras\/wp-content\/uploads\/sites\/79\/sites\/251\/2025\/02\/OFTALMO.png 512w, https:\/\/www.ufpb.br\/cras\/wp-content\/uploads\/sites\/79\/sites\/251\/2025\/02\/OFTALMO-300x300.png 300w, https:\/\/www.ufpb.br\/cras\/wp-content\/uploads\/sites\/79\/sites\/251\/2025\/02\/OFTALMO-150x150.png 150w\" sizes=\"auto, (max-width: 512px) 100vw, 512px\" \/><\/a><\/td><td class=\"has-text-align-center\" data-align=\"center\"><strong><strong><a href=\"https:\/\/docs.google.com\/forms\/d\/e\/1FAIpQLSeSL5tPoX3XTTwenOQkKBO1PG-yadACOwuxiH09X3hcC6DaaA\/viewform?usp=header\">Consulta Oftalmol\u00f3gica<\/a><\/strong><\/strong><\/td><\/tr><\/tbody><\/table><\/figure>\n<\/div><\/div>\n\n\n\n<div class=\"wp-block-group\"><div class=\"wp-block-group__inner-container is-layout-constrained wp-block-group-is-layout-constrained\">\n<figure class=\"wp-block-table has-medium-font-size\"><table class=\"has-fixed-layout\"><tbody><tr><td class=\"has-text-align-center\" data-align=\"center\"><strong><a href=\"https:\/\/docs.google.com\/forms\/d\/10VIBYmzu1_X7lzpbPV5UJ1k527rf5bxPwQJdDXQk4Iw\/edit\">Consulta\/procedimento Odontol\u00f3gico<\/a><\/strong><\/td><td class=\"has-text-align-center\" data-align=\"center\"><a href=\"https:\/\/docs.google.com\/forms\/d\/10VIBYmzu1_X7lzpbPV5UJ1k527rf5bxPwQJdDXQk4Iw\/edit\"><img loading=\"lazy\" decoding=\"async\" width=\"512\" height=\"512\" class=\"wp-image-108\" style=\"width: 100px\" src=\"http:\/\/www.ufpb.br\/cras\/wp-content\/uploads\/sites\/79\/sites\/251\/2025\/02\/CADEIRA.png\" alt=\"\" srcset=\"https:\/\/www.ufpb.br\/cras\/wp-content\/uploads\/sites\/79\/sites\/251\/2025\/02\/CADEIRA.png 512w, https:\/\/www.ufpb.br\/cras\/wp-content\/uploads\/sites\/79\/sites\/251\/2025\/02\/CADEIRA-300x300.png 300w, https:\/\/www.ufpb.br\/cras\/wp-content\/uploads\/sites\/79\/sites\/251\/2025\/02\/CADEIRA-150x150.png 150w\" sizes=\"auto, (max-width: 512px) 100vw, 512px\" \/><\/a><\/td><\/tr><\/tbody><\/table><\/figure>\n\n\n\n<figure class=\"wp-block-table has-medium-font-size\"><table class=\"has-fixed-layout\"><tbody><tr><td class=\"has-text-align-center\" data-align=\"center\"><a href=\"https:\/\/docs.google.com\/forms\/d\/e\/1FAIpQLSdA-kUgYFfJ8zW3fcedBMoPfLEzcfbHdaDgfj-JhX8joxDpMA\/viewform?usp=pp_url\"><img loading=\"lazy\" decoding=\"async\" width=\"512\" height=\"512\" class=\"wp-image-109\" style=\"width: 100px\" src=\"http:\/\/www.ufpb.br\/cras\/wp-content\/uploads\/sites\/79\/sites\/251\/2025\/02\/IMPLANTE-1.png\" alt=\"\" srcset=\"https:\/\/www.ufpb.br\/cras\/wp-content\/uploads\/sites\/79\/sites\/251\/2025\/02\/IMPLANTE-1.png 512w, https:\/\/www.ufpb.br\/cras\/wp-content\/uploads\/sites\/79\/sites\/251\/2025\/02\/IMPLANTE-1-300x300.png 300w, https:\/\/www.ufpb.br\/cras\/wp-content\/uploads\/sites\/79\/sites\/251\/2025\/02\/IMPLANTE-1-150x150.png 150w\" sizes=\"auto, (max-width: 512px) 100vw, 512px\" \/><\/a><\/td><td class=\"has-text-align-center\" data-align=\"center\"><strong><strong><a href=\"https:\/\/docs.google.com\/forms\/d\/e\/1FAIpQLSdA-kUgYFfJ8zW3fcedBMoPfLEzcfbHdaDgfj-JhX8joxDpMA\/viewform?usp=pp_url\">Consulta\/procedimento Bucomaxilo<\/a><\/strong><\/strong><\/td><\/tr><\/tbody><\/table><\/figure>\n<\/div><\/div>\n<\/div><\/div>\n\n\n\n<div class=\"wp-block-group\"><div class=\"wp-block-group__inner-container is-layout-constrained wp-block-group-is-layout-constrained\">\n<div class=\"wp-block-group\"><div class=\"wp-block-group__inner-container is-layout-constrained wp-block-group-is-layout-constrained\">\n<figure class=\"wp-block-table has-medium-font-size\"><table class=\"has-fixed-layout\"><tbody><tr><td class=\"has-text-align-center\" data-align=\"center\"><a href=\"https:\/\/forms.gle\/5Bygctuk85teVWq79\"><img loading=\"lazy\" decoding=\"async\" width=\"512\" height=\"512\" class=\"wp-image-685\" style=\"width: 100px\" src=\"http:\/\/www.ufpb.br\/cras\/wp-content\/uploads\/sites\/79\/sites\/251\/2025\/07\/happy_15121889.png\" alt=\"\" srcset=\"https:\/\/www.ufpb.br\/cras\/wp-content\/uploads\/sites\/79\/sites\/251\/2025\/07\/happy_15121889.png 512w, https:\/\/www.ufpb.br\/cras\/wp-content\/uploads\/sites\/79\/sites\/251\/2025\/07\/happy_15121889-300x300.png 300w, https:\/\/www.ufpb.br\/cras\/wp-content\/uploads\/sites\/79\/sites\/251\/2025\/07\/happy_15121889-150x150.png 150w\" sizes=\"auto, (max-width: 512px) 100vw, 512px\" \/><\/a><\/td><td class=\"has-text-align-center\" data-align=\"center\"><strong><strong><a href=\"https:\/\/forms.gle\/5Bygctuk85teVWq79\">Consulta Psicol\u00f3gica<\/a><\/strong><\/strong><br><br>Outras op\u00e7\u00f5es de ajuda <a href=\"https:\/\/www.ufpb.br\/cras\/wp-content\/uploads\/sites\/79\/sites\/251\/2025\/06\/Onde-Buscar-Ajuda-Atualizado-2025.pdf\">aqui!<\/a><\/td><\/tr><\/tbody><\/table><\/figure>\n\n\n\n<figure class=\"wp-block-table has-medium-font-size\"><table class=\"has-fixed-layout\"><tbody><tr><td class=\"has-text-align-center\" data-align=\"center\"><strong><a href=\"https:\/\/docs.google.com\/forms\/d\/e\/1FAIpQLScui7KfQGWzxJY6ccMoYZDxAEhh1ZXMxvx-MsqqKIF8WMW0dw\/viewform?usp=header\">Consulta Nutricionista<\/a><\/strong><\/td><td class=\"has-text-align-center\" data-align=\"center\"><a href=\"https:\/\/docs.google.com\/forms\/d\/e\/1FAIpQLScui7KfQGWzxJY6ccMoYZDxAEhh1ZXMxvx-MsqqKIF8WMW0dw\/viewform?usp=header\"><img loading=\"lazy\" decoding=\"async\" width=\"512\" height=\"512\" class=\"wp-image-110\" style=\"width: 100px\" src=\"http:\/\/www.ufpb.br\/cras\/wp-content\/uploads\/sites\/79\/sites\/251\/2025\/02\/NUTRIC.png\" alt=\"\" srcset=\"https:\/\/www.ufpb.br\/cras\/wp-content\/uploads\/sites\/79\/sites\/251\/2025\/02\/NUTRIC.png 512w, https:\/\/www.ufpb.br\/cras\/wp-content\/uploads\/sites\/79\/sites\/251\/2025\/02\/NUTRIC-300x300.png 300w, https:\/\/www.ufpb.br\/cras\/wp-content\/uploads\/sites\/79\/sites\/251\/2025\/02\/NUTRIC-150x150.png 150w\" sizes=\"auto, (max-width: 512px) 100vw, 512px\" \/><\/a><\/td><\/tr><\/tbody><\/table><\/figure>\n<\/div><\/div>\n\n\n\n<div class=\"wp-block-group\"><div class=\"wp-block-group__inner-container is-layout-constrained wp-block-group-is-layout-constrained\">\n<figure class=\"wp-block-table has-medium-font-size\"><table class=\"has-fixed-layout\"><tbody><tr><td class=\"has-text-align-center\" data-align=\"center\"><strong><a href=\"https:\/\/docs.google.com\/forms\/d\/e\/1FAIpQLSeV6gn0JFzVyUpLOuAKbkPLSMufDLh13ZdWLRzoYtBvM57dGA\/viewform?usp=header\">Exames: ECO<\/a><\/strong><\/td><td class=\"has-text-align-center\" data-align=\"center\"><a href=\"https:\/\/docs.google.com\/forms\/d\/e\/1FAIpQLSeV6gn0JFzVyUpLOuAKbkPLSMufDLh13ZdWLRzoYtBvM57dGA\/viewform?usp=header\"><img loading=\"lazy\" decoding=\"async\" width=\"512\" height=\"512\" class=\"wp-image-76\" style=\"width: 100px\" src=\"http:\/\/www.ufpb.br\/cras\/wp-content\/uploads\/sites\/79\/sites\/251\/2025\/02\/resume_7891720.png\" alt=\"\" srcset=\"https:\/\/www.ufpb.br\/cras\/wp-content\/uploads\/sites\/79\/sites\/251\/2025\/02\/resume_7891720.png 512w, https:\/\/www.ufpb.br\/cras\/wp-content\/uploads\/sites\/79\/sites\/251\/2025\/02\/resume_7891720-300x300.png 300w, https:\/\/www.ufpb.br\/cras\/wp-content\/uploads\/sites\/79\/sites\/251\/2025\/02\/resume_7891720-150x150.png 150w\" sizes=\"auto, (max-width: 512px) 100vw, 512px\" \/><\/a><\/td><\/tr><\/tbody><\/table><\/figure>\n\n\n\n<figure class=\"wp-block-table has-medium-font-size\"><table class=\"has-fixed-layout\"><tbody><tr><td class=\"has-text-align-center\" data-align=\"center\"><a href=\"https:\/\/docs.google.com\/forms\/d\/e\/1FAIpQLSdB5IuUrzyRptmRCNvM0Uj1w88P0EpfCp-acyDd90VloWkluw\/viewform?usp=header\"><img loading=\"lazy\" decoding=\"async\" width=\"512\" height=\"512\" class=\"wp-image-277\" style=\"width: 100px\" src=\"http:\/\/www.ufpb.br\/cras\/wp-content\/uploads\/sites\/79\/sites\/251\/2025\/02\/reproductive-health_17306441.png\" alt=\"\" srcset=\"https:\/\/www.ufpb.br\/cras\/wp-content\/uploads\/sites\/79\/sites\/251\/2025\/02\/reproductive-health_17306441.png 512w, https:\/\/www.ufpb.br\/cras\/wp-content\/uploads\/sites\/79\/sites\/251\/2025\/02\/reproductive-health_17306441-300x300.png 300w, https:\/\/www.ufpb.br\/cras\/wp-content\/uploads\/sites\/79\/sites\/251\/2025\/02\/reproductive-health_17306441-150x150.png 150w\" sizes=\"auto, (max-width: 512px) 100vw, 512px\" \/><\/a><\/td><td class=\"has-text-align-center\" data-align=\"center\"><strong><a href=\"https:\/\/docs.google.com\/forms\/d\/e\/1FAIpQLSdB5IuUrzyRptmRCNvM0Uj1w88P0EpfCp-acyDd90VloWkluw\/viewform?usp=header\">Exames Citol\u00f3gicos<\/a><\/strong><br> <\/td><\/tr><\/tbody><\/table><\/figure>\n<\/div><\/div>\n<\/div><\/div>\n\n\n\n<figure class=\"wp-block-table\"><table class=\"has-fixed-layout\"><tbody><tr><td class=\"has-text-align-center\" data-align=\"center\"><a href=\"https:\/\/docs.google.com\/forms\/d\/e\/1FAIpQLSemlWM88HVVYEgG8lGLh2CjeueSev4dk_ky7L4j16520n2U6g\/viewform?usp=header\">Inser\u00e7\u00e3o de DIU e Citopatol\u00f3gicos<strong> <\/strong><\/a><a href=\"https:\/\/docs.google.com\/forms\/d\/e\/1FAIpQLSdB5IuUrzyRptmRCNvM0Uj1w88P0EpfCp-acyDd90VloWkluw\/viewform?usp=header\"><\/a><\/td><td class=\"has-text-align-center\" data-align=\"center\"><a href=\"https:\/\/docs.google.com\/forms\/d\/e\/1FAIpQLSemlWM88HVVYEgG8lGLh2CjeueSev4dk_ky7L4j16520n2U6g\/viewform?usp=header\"><img loading=\"lazy\" decoding=\"async\" width=\"512\" height=\"512\" class=\"wp-image-722\" style=\"width: 100px\" src=\"http:\/\/www.ufpb.br\/cras\/wp-content\/uploads\/sites\/79\/sites\/251\/2025\/09\/iud_7077973.png\" alt=\"\" srcset=\"https:\/\/www.ufpb.br\/cras\/wp-content\/uploads\/sites\/79\/sites\/251\/2025\/09\/iud_7077973.png 512w, https:\/\/www.ufpb.br\/cras\/wp-content\/uploads\/sites\/79\/sites\/251\/2025\/09\/iud_7077973-300x300.png 300w, https:\/\/www.ufpb.br\/cras\/wp-content\/uploads\/sites\/79\/sites\/251\/2025\/09\/iud_7077973-150x150.png 150w\" sizes=\"auto, (max-width: 512px) 100vw, 512px\" \/><\/a><\/td><\/tr><\/tbody><\/table><\/figure>\n\n\n\n<p><\/p>\n","protected":false},"excerpt":{"rendered":"<p>Apenas discentes (matr\u00edcula ativa) e servidores ativos (sem sa\u00fade suplementar e sem ASSEFAZ ou GEAP) poder\u00e3o receber atendimento no CRAS, conforme recomenda\u00e7\u00e3o dos \u00f3rg\u00e3os de controle como CGU e MP (comunicado 01\/2021). Leia as perguntas frequentes, sua d\u00favida j\u00e1 pode ter sido esclarecida! O agendamento \u00e9 feito atrav\u00e9s do formul\u00e1rio dispon\u00edvel abaixo, clicando no \u00edcone [&hellip;]<\/p>\n","protected":false},"author":47,"featured_media":0,"parent":0,"menu_order":0,"comment_status":"closed","ping_status":"closed","template":"","meta":{"footnotes":""},"class_list":["post-19","page","type-page","status-publish","hentry"],"_links":{"self":[{"href":"https:\/\/www.ufpb.br\/cras\/wp-json\/wp\/v2\/pages\/19","targetHints":{"allow":["GET"]}}],"collection":[{"href":"https:\/\/www.ufpb.br\/cras\/wp-json\/wp\/v2\/pages"}],"about":[{"href":"https:\/\/www.ufpb.br\/cras\/wp-json\/wp\/v2\/types\/page"}],"author":[{"embeddable":true,"href":"https:\/\/www.ufpb.br\/cras\/wp-json\/wp\/v2\/users\/47"}],"replies":[{"embeddable":true,"href":"https:\/\/www.ufpb.br\/cras\/wp-json\/wp\/v2\/comments?post=19"}],"version-history":[{"count":84,"href":"https:\/\/www.ufpb.br\/cras\/wp-json\/wp\/v2\/pages\/19\/revisions"}],"predecessor-version":[{"id":822,"href":"https:\/\/www.ufpb.br\/cras\/wp-json\/wp\/v2\/pages\/19\/revisions\/822"}],"wp:attachment":[{"href":"https:\/\/www.ufpb.br\/cras\/wp-json\/wp\/v2\/media?parent=19"}],"curies":[{"name":"wp","href":"https:\/\/api.w.org\/{rel}","templated":true}]}}