{"id":20,"date":"2025-10-25T09:31:57","date_gmt":"2025-10-25T12:31:57","guid":{"rendered":"https:\/\/www.ufpb.br\/editora\/?page_id=20"},"modified":"2025-12-05T11:16:43","modified_gmt":"2025-12-05T14:16:43","slug":"apresentacao","status":"publish","type":"page","link":"https:\/\/www.ufpb.br\/editora\/apresentacao\/","title":{"rendered":"Apresenta\u00e7\u00e3o"},"content":{"rendered":"\n<h2 class=\"wp-block-heading\"><div class=\"linha-header\">Quem somos?<\/div><\/h2>\n\n\n\n<p>A Editora UFPB \u00e9 um \u00f3rg\u00e3o suplementar vinculado \u00e0 Reitoria, que tem como prop\u00f3sito difundir e valorizar a produ\u00e7\u00e3o cient\u00edfica, t\u00e9cnica, art\u00edstica e cultural desenvolvida na UFPB e por autores comprometidos com o pensamento cr\u00edtico.<\/p>\n\n\n\n<p>Fundada em 1962, sob o nome de Imprensa Universit\u00e1ria, a Editora construiu uma trajet\u00f3ria marcada pela excel\u00eancia editorial, pela inova\u00e7\u00e3o nos processos de publica\u00e7\u00e3o e pela defesa do acesso democr\u00e1tico ao saber. Ao longo de mais de sessenta anos, consolidou-se como refer\u00eancia nacional entre as editoras universit\u00e1rias, contribuindo para a proje\u00e7\u00e3o da UFPB no cen\u00e1rio acad\u00eamico e cultural brasileiro.<\/p>\n\n\n\n<p>Em constante processo de renova\u00e7\u00e3o, a Editora reafirma seu compromisso p\u00fablico com o conhecimento como bem comum, ampliando seu alcance e fortalecendo o papel da universidade como agente transformador. Mais do que publicar livros, a Editora UFPB conecta ideias, pessoas e saberes, traduzindo a diversidade e a vitalidade intelectual da institui\u00e7\u00e3o em obras que inspiram reflex\u00e3o, di\u00e1logo e desenvolvimento social.<\/p>\n\n\n\n<h2 class=\"wp-block-heading\"><div class=\"linha-header\">Nossa Miss\u00e3o<\/div><\/h2>\n\n\n\n<p>Promover a difus\u00e3o do conhecimento cient\u00edfico, acad\u00eamico, cultural e art\u00edstico por meio da publica\u00e7\u00e3o de obras de excel\u00eancia, valorizando a produ\u00e7\u00e3o intelectual da UFPB e da comunidade paraibana, ampliando o acesso democr\u00e1tico ao saber.<\/p>\n\n\n\n<h2 class=\"wp-block-heading\"><div class=\"linha-header\">Nossa Vis\u00e3o<\/div><\/h2>\n\n\n\n<p>Ser reconhecida nacional e internacionalmente como uma editora universit\u00e1ria de refer\u00eancia na produ\u00e7\u00e3o e dissemina\u00e7\u00e3o do conhecimento cient\u00edfico, acad\u00eamico, cultural e art\u00edstico, fortalecendo a identidade institucional da UFPB.<\/p>\n\n\n\n<h2 class=\"wp-block-heading\"><div class=\"linha-header\">Nossos Valores<\/div><\/h2>\n\n\n\n<p>Gest\u00e3o democr\u00e1tica e participativa, integridade, confiabilidade, responsabilidade social, cuidado com as pessoas, promo\u00e7\u00e3o da sustentabilidade, inova\u00e7\u00e3o e internacionaliza\u00e7\u00e3o.<\/p>\n\n\n\n<p><\/p>\n","protected":false},"excerpt":{"rendered":"<p>Quem somos? A Editora UFPB \u00e9 um \u00f3rg\u00e3o suplementar vinculado \u00e0 Reitoria, que tem como [&hellip;]<\/p>\n","protected":false},"author":47,"featured_media":0,"parent":0,"menu_order":0,"comment_status":"closed","ping_status":"closed","template":"","meta":{"footnotes":""},"class_list":["post-20","page","type-page","status-publish","hentry"],"_links":{"self":[{"href":"https:\/\/www.ufpb.br\/editora\/wp-json\/wp\/v2\/pages\/20","targetHints":{"allow":["GET"]}}],"collection":[{"href":"https:\/\/www.ufpb.br\/editora\/wp-json\/wp\/v2\/pages"}],"about":[{"href":"https:\/\/www.ufpb.br\/editora\/wp-json\/wp\/v2\/types\/page"}],"author":[{"embeddable":true,"href":"https:\/\/www.ufpb.br\/editora\/wp-json\/wp\/v2\/users\/47"}],"replies":[{"embeddable":true,"href":"https:\/\/www.ufpb.br\/editora\/wp-json\/wp\/v2\/comments?post=20"}],"version-history":[{"count":4,"href":"https:\/\/www.ufpb.br\/editora\/wp-json\/wp\/v2\/pages\/20\/revisions"}],"predecessor-version":[{"id":231,"href":"https:\/\/www.ufpb.br\/editora\/wp-json\/wp\/v2\/pages\/20\/revisions\/231"}],"wp:attachment":[{"href":"https:\/\/www.ufpb.br\/editora\/wp-json\/wp\/v2\/media?parent=20"}],"curies":[{"name":"wp","href":"https:\/\/api.w.org\/{rel}","templated":true}]}}