{"id":25,"date":"2025-10-25T09:33:57","date_gmt":"2025-10-25T12:33:57","guid":{"rendered":"https:\/\/www.ufpb.br\/editora\/?page_id=25"},"modified":"2026-03-31T07:56:28","modified_gmt":"2026-03-31T10:56:28","slug":"carta-de-servicos","status":"publish","type":"page","link":"https:\/\/www.ufpb.br\/editora\/carta-de-servicos\/","title":{"rendered":"Carta de Servi\u00e7os"},"content":{"rendered":"\n<p>A Carta de Servi\u00e7os ao Usu\u00e1rio da Editora UFPB \u00e9 um instrumento de transpar\u00eancia p\u00fablica que tem como objetivo informar a comunidade acad\u00eamica e a sociedade sobre os servi\u00e7os prestados pela Editora, seus processos, prazos e canais de atendimento.<br>Elaborada em conformidade com a Lei n\u00ba 13.460\/2017 (Direitos dos Usu\u00e1rios de Servi\u00e7os P\u00fablicos), o Decreto n\u00ba 9.094\/2017 (Simplifica\u00e7\u00e3o do Atendimento) e a Lei n\u00ba 12.527\/2011 (Lei de Acesso \u00e0 Informa\u00e7\u00e3o), esta Carta detalha os principais servi\u00e7os da Editora, incluindo p\u00fablico-alvo, etapas dos processos, formas de acesso, canais de comunica\u00e7\u00e3o e base legal que fundamenta cada servi\u00e7o.<\/p>\n\n\n\n<p><a href=\"http:\/\/www.ufpb.br\/editora\/wp-content\/uploads\/sites\/79\/sites\/364\/2026\/03\/1441_CARTA_SERVICO_EDITORA_UFPB_2026_27_03_2026.pdf\">Acesse nossa Carta de Servi\u00e7os<\/a><\/p>\n\n\n\n<p><\/p>\n","protected":false},"excerpt":{"rendered":"<p>A Carta de Servi\u00e7os ao Usu\u00e1rio da Editora UFPB \u00e9 um instrumento de transpar\u00eancia p\u00fablica [&hellip;]<\/p>\n","protected":false},"author":47,"featured_media":0,"parent":0,"menu_order":0,"comment_status":"closed","ping_status":"closed","template":"","meta":{"footnotes":""},"class_list":["post-25","page","type-page","status-publish","hentry"],"_links":{"self":[{"href":"https:\/\/www.ufpb.br\/editora\/wp-json\/wp\/v2\/pages\/25","targetHints":{"allow":["GET"]}}],"collection":[{"href":"https:\/\/www.ufpb.br\/editora\/wp-json\/wp\/v2\/pages"}],"about":[{"href":"https:\/\/www.ufpb.br\/editora\/wp-json\/wp\/v2\/types\/page"}],"author":[{"embeddable":true,"href":"https:\/\/www.ufpb.br\/editora\/wp-json\/wp\/v2\/users\/47"}],"replies":[{"embeddable":true,"href":"https:\/\/www.ufpb.br\/editora\/wp-json\/wp\/v2\/comments?post=25"}],"version-history":[{"count":3,"href":"https:\/\/www.ufpb.br\/editora\/wp-json\/wp\/v2\/pages\/25\/revisions"}],"predecessor-version":[{"id":428,"href":"https:\/\/www.ufpb.br\/editora\/wp-json\/wp\/v2\/pages\/25\/revisions\/428"}],"wp:attachment":[{"href":"https:\/\/www.ufpb.br\/editora\/wp-json\/wp\/v2\/media?parent=25"}],"curies":[{"name":"wp","href":"https:\/\/api.w.org\/{rel}","templated":true}]}}