{"id":27,"date":"2025-10-25T09:35:56","date_gmt":"2025-10-25T12:35:56","guid":{"rendered":"https:\/\/www.ufpb.br\/editora\/?page_id=27"},"modified":"2026-03-31T08:02:39","modified_gmt":"2026-03-31T11:02:39","slug":"gestores-e-equipes","status":"publish","type":"page","link":"https:\/\/www.ufpb.br\/editora\/gestores-e-equipes\/","title":{"rendered":"Gestores e equipes"},"content":{"rendered":"\n<h2 class=\"wp-block-heading\"><div class=\"linha-header\">Apresenta\u00e7\u00e3o<\/div><\/h2>\n\n\n\n<p>Conhe\u00e7a a equipe gestora e os profissionais que integram a Editora Universit\u00e1ria da UFPB, respons\u00e1veis pela condu\u00e7\u00e3o das pol\u00edticas editoriais, administrativas e t\u00e9cnicas da institui\u00e7\u00e3o.<\/p>\n\n\n\n<h2 class=\"wp-block-heading\"><div class=\"linha-header\">Dire\u00e7\u00e3o<\/div><\/h2>\n\n\n\n<ul class=\"wp-block-list\">\n<li>Geysa Fl\u00e1via C\u00e2mara de Lima Nascimento (Diretora)<\/li>\n\n\n\n<li>Aline dos Santos Deir\u00f3 (Vice-Diretora)<\/li>\n\n\n\n<li>Amarildo Pereira Teodorico de Melo (Assessoria de Inform\u00e1tica)<\/li>\n<\/ul>\n\n\n\n<h2 class=\"wp-block-heading\"><div class=\"linha-header\">Divis\u00e3o de Administra\u00e7\u00e3o e Finan\u00e7as<\/div><\/h2>\n\n\n\n<ul class=\"wp-block-list\">\n<li>Everton Silva do Nascimento (Coordenador)<\/li>\n\n\n\n<li>Igor Araujo Alves<\/li>\n<\/ul>\n\n\n\n<h2 class=\"wp-block-heading\"><div class=\"linha-header\">Divis\u00e3o de Design Editorial<\/div><\/h2>\n\n\n\n<ul class=\"wp-block-list\">\n<li>Rildo Ferreira Coelho da Silva (Coordenador)<\/li>\n\n\n\n<li>M\u00f4nica C\u00e2mara da Silva (Vice-Coordenadora)<\/li>\n\n\n\n<li>Alexandre Jos\u00e9 Barbosa da C\u00e2mara<\/li>\n\n\n\n<li>Ana Gabriella Carvalho<\/li>\n\n\n\n<li>Emmanuel Luna Rodrigues<\/li>\n\n\n\n<li>Jerfson Oliveira de Souza<\/li>\n\n\n\n<li>Maria Alice Martins Brito<\/li>\n\n\n\n<li>Michele de Oliveira Mour\u00e3o Holanda <\/li>\n\n\n\n<li>Wellington Costa de Oliveira<\/li>\n\n\n\n<li>Renata Andrade de Lima<\/li>\n<\/ul>\n\n\n\n<h2 class=\"wp-block-heading\"><div class=\"linha-header\">Divis\u00e3o de Edi\u00e7\u00e3o Editoral<\/div><\/h2>\n\n\n\n<ul class=\"wp-block-list\">\n<li>Cassandra Campos<\/li>\n\n\n\n<li>Alexandro Carlos de Borges Souza<\/li>\n\n\n\n<li>Greg\u00f3rio Pereira de Vasconcelos<\/li>\n\n\n\n<li>Ana Roberta Sousa Mota (Portal de Peri\u00f3dicos)<\/li>\n<\/ul>\n\n\n\n<h2 class=\"wp-block-heading\"><div class=\"linha-header\">Divis\u00e3o de Comunica\u00e7\u00e3o e Log\u00edstica<\/div><\/h2>\n\n\n\n<ul class=\"wp-block-list\">\n<li>Aline dos Santos Deir\u00f3 (Coordenadora)<\/li>\n\n\n\n<li>Hamilton Barbosa Cardoso<\/li>\n\n\n\n<li>Lucas Ant\u00f4nio Rodrigues e Silva<\/li>\n\n\n\n<li>Aires Ant\u00f4nio de Lima Silva<\/li>\n\n\n\n<li>Eduardo Felix do Nascimento Filho<\/li>\n\n\n\n<li>Jos\u00e9 Augusto dos Santos Filho<\/li>\n\n\n\n<li>Vanderlucia da Silva Oliveira<\/li>\n\n\n\n<li>Almir Correia de Vasconcellos J\u00fanior<\/li>\n\n\n\n<li>Giovanna Mendes Oliveira (Estagi\u00e1ria de Jornalismo)<\/li>\n<\/ul>\n","protected":false},"excerpt":{"rendered":"<p>Apresenta\u00e7\u00e3o Conhe\u00e7a a equipe gestora e os profissionais que integram a Editora Universit\u00e1ria da UFPB, [&hellip;]<\/p>\n","protected":false},"author":47,"featured_media":0,"parent":0,"menu_order":0,"comment_status":"closed","ping_status":"closed","template":"","meta":{"footnotes":""},"class_list":["post-27","page","type-page","status-publish","hentry"],"_links":{"self":[{"href":"https:\/\/www.ufpb.br\/editora\/wp-json\/wp\/v2\/pages\/27","targetHints":{"allow":["GET"]}}],"collection":[{"href":"https:\/\/www.ufpb.br\/editora\/wp-json\/wp\/v2\/pages"}],"about":[{"href":"https:\/\/www.ufpb.br\/editora\/wp-json\/wp\/v2\/types\/page"}],"author":[{"embeddable":true,"href":"https:\/\/www.ufpb.br\/editora\/wp-json\/wp\/v2\/users\/47"}],"replies":[{"embeddable":true,"href":"https:\/\/www.ufpb.br\/editora\/wp-json\/wp\/v2\/comments?post=27"}],"version-history":[{"count":22,"href":"https:\/\/www.ufpb.br\/editora\/wp-json\/wp\/v2\/pages\/27\/revisions"}],"predecessor-version":[{"id":430,"href":"https:\/\/www.ufpb.br\/editora\/wp-json\/wp\/v2\/pages\/27\/revisions\/430"}],"wp:attachment":[{"href":"https:\/\/www.ufpb.br\/editora\/wp-json\/wp\/v2\/media?parent=27"}],"curies":[{"name":"wp","href":"https:\/\/api.w.org\/{rel}","templated":true}]}}