{"id":37,"date":"2025-10-25T09:43:28","date_gmt":"2025-10-25T12:43:28","guid":{"rendered":"https:\/\/www.ufpb.br\/editora\/?page_id=37"},"modified":"2026-03-11T12:48:03","modified_gmt":"2026-03-11T15:48:03","slug":"como-publicar","status":"publish","type":"page","link":"https:\/\/www.ufpb.br\/editora\/como-publicar\/","title":{"rendered":"Como publicar?"},"content":{"rendered":"\n<p>A Editora UFPB publica obras de car\u00e1ter cient\u00edfico, acad\u00eamico, cultural e art\u00edstico de relev\u00e2ncia para a sociedade, individuais ou em colet\u00e2neas:<\/p>\n\n\n\n<ul class=\"wp-block-list\">\n<li>Obras cient\u00edficas<\/li>\n\n\n\n<li>Obras did\u00e1ticas e paradid\u00e1ticas<\/li>\n\n\n\n<li>Guias<\/li>\n\n\n\n<li>S\u00e9ries especializadas e tem\u00e1ticas<\/li>\n<\/ul>\n\n\n\n<h2 class=\"wp-block-heading\"><div class=\"linha-header\">Submiss\u00e3o de Obras<\/div><\/h2>\n\n\n\n<p>A submiss\u00e3o de obras para aprecia\u00e7\u00e3o pelo Conselho Editorial da Editora UFPB ocorre exclusivamente por meio do sistema Open Monograph Press _ (OMP), dispon\u00edvel na op\u00e7\u00e3o <a href=\"https:\/\/www.editora.ufpb.br\/press5\/index.php\/UFPB\/login\">&#8220;ACESSO OMP&#8221;<\/a> do menu principal.<\/p>\n\n\n\n<p>As submiss\u00f5es s\u00e3o realizadas conforme os editais de publica\u00e7\u00e3o, incluindo aqueles em fluxo cont\u00ednuo. Recomenda-se a leitura atenta dos editais em vigor, nos quais constam as normas, os crit\u00e9rios de avalia\u00e7\u00e3o e os prazos para envio dos manuscritos. <a href=\"https:\/\/www.ufpb.br\/editora\/editais\/\" data-type=\"page\" data-id=\"15\">Consulte os editais em aberto<\/a>.<\/p>\n\n\n\n<h2 class=\"wp-block-heading\"><div class=\"linha-header\">Requisitos m\u00ednimos:<\/div><\/h2>\n\n\n\n<ul class=\"wp-block-list\">\n<li>As obras dever\u00e3o ser originais e in\u00e9ditas e devem seguir aos requisitos estabelecidos em Edital de publica\u00e7\u00e3o;<\/li>\n\n\n\n<li>As obras publicadas podem ser autoriais ou colet\u00e2neas. As autorais s\u00e3o aquelas em que at\u00e9 tr\u00eas pessoas respondem conjuntamente por todo o conte\u00fado, sem divis\u00e3o por cap\u00edtulos de autoria individual. J\u00e1 as colet\u00e2neas, organizadas por at\u00e9 tr\u00eas respons\u00e1veis, re\u00fanem textos de diferentes autores que devem estar claramente articulados em torno de um tema central;<\/li>\n\n\n\n<li>N\u00e3o aceitamos submiss\u00f5es de teses ou disserta\u00e7\u00f5es na \u00edntegra, sendo necess\u00e1rio adaptar a forma e a linguagem para publica\u00e7\u00e3o em formato de livro;<\/li>\n\n\n\n<li>Propostas de obras t\u00e9cnicas e livros em l\u00edngua estrangeira s\u00e3o aceitos apenas via editais espec\u00edficos.<\/li>\n\n\n\n<li>Publica\u00e7\u00f5es de peri\u00f3dicos seguem os crit\u00e9rios do Portal de Peri\u00f3dicos da UFPB<\/li>\n<\/ul>\n\n\n\n<h2 class=\"wp-block-heading\"><div class=\"linha-header\">Tutorial de cadastro de usu\u00e1rio no OMP<\/div><\/h2>\n\n\n\n<figure class=\"wp-block-video\"><video height=\"478\" style=\"aspect-ratio: 848 \/ 478;\" width=\"848\" controls src=\"http:\/\/www.ufpb.br\/editora\/wp-content\/uploads\/sites\/79\/sites\/364\/2026\/03\/tutorial.mp4\"><\/video><\/figure>\n\n\n\n<h2 class=\"wp-block-heading\"><div class=\"linha-header\">Tutorial de Submiss\u00e3o no OMP<\/div><\/h2>\n\n\n\n<figure class=\"wp-block-video\"><video height=\"478\" style=\"aspect-ratio: 848 \/ 478;\" width=\"848\" controls src=\"http:\/\/www.ufpb.br\/editora\/wp-content\/uploads\/sites\/79\/sites\/364\/2026\/03\/tutorial-2.mp4\"><\/video><\/figure>\n\n\n\n<h2 class=\"wp-block-heading\"><div class=\"linha-header\">Avalia\u00e7\u00e3o e sele\u00e7\u00e3o das obras:<\/div><\/h2>\n\n\n\n<p>O processo de avalia\u00e7\u00e3o inicia-se com uma an\u00e1lise preliminar realizada pela equipe editorial da Editora UFPB, que verifica o atendimento aos requisitos estabelecidos nos editais de publica\u00e7\u00e3o. Em seguida, um membro do Conselho Editorial, com atua\u00e7\u00e3o na \u00e1rea tem\u00e1tica da obra, realiza a leitura cr\u00edtica e emite um parecer t\u00e9cnico. Esse parecer \u00e9 submetido \u00e0 plen\u00e1ria do Conselho Editorial, que realiza a avalia\u00e7\u00e3o final dos originais, considerando as contribui\u00e7\u00f5es do parecerista. Nessa etapa, \u00e9 elaborado um parecer anal\u00edtico que descreve sinteticamente a obra, destacando suas qualidades, bem como eventuais fragilidades e lacunas. Caso aprovada, a obra segue para o fluxo editorial, que inclui as etapas de revis\u00e3o, normaliza\u00e7\u00e3o e diagrama\u00e7\u00e3o.<\/p>\n\n\n\n<h2 class=\"wp-block-heading\"><div class=\"linha-header\">Revis\u00e3o Lingu\u00edstica e de Normaliza\u00e7\u00e3o<\/div><\/h2>\n\n\n\n<p>Os livros selecionados para publica\u00e7\u00e3o pelo Conselho Editorial passam pela etapa de revis\u00e3o lingu\u00edstica e de normaliza\u00e7\u00e3o que engloba um conjunto de atividades de an\u00e1lise do texto.<br>A revis\u00e3o lingu\u00edstica compreende aspectos gramaticais, de coer\u00eancia e coes\u00e3o textual, entre outros.<br>A normaliza\u00e7\u00e3o compreende a revis\u00e3o e a adequa\u00e7\u00e3o de todas as partes da obra \u00e0s normas<br>da ABNT e do edital da Editora UFPB.<\/p>\n\n\n\n<h2 class=\"wp-block-heading\"><div class=\"linha-header\">Diagrama\u00e7\u00e3o do Livro<\/div><\/h2>\n\n\n\n<p>A etapa de diagrama\u00e7\u00e3o do livro envolve a elabora\u00e7\u00e3o do projeto gr\u00e1fico, a cria\u00e7\u00e3o da capa e a organiza\u00e7\u00e3o visual do conte\u00fado interno (miolo). Essa organiza\u00e7\u00e3o consiste na disposi\u00e7\u00e3o adequada dos textos e imagens conforme o projeto gr\u00e1fico definido, utilizando ferramentas espec\u00edficas de diagrama\u00e7\u00e3o, ilustra\u00e7\u00e3o, edi\u00e7\u00e3o de imagens e prepara\u00e7\u00e3o do arquivo final para impress\u00e3o. A capa \u00e9 desenvolvida por designers qualificados da equipe da Editora UFPB e, ap\u00f3s sua concep\u00e7\u00e3o inicial, \u00e9 apresentada aos autores ou organizadores para aprecia\u00e7\u00e3o e eventuais sugest\u00f5es.<\/p>\n\n\n\n<h2 class=\"wp-block-heading\"><div class=\"linha-header\">Revis\u00f5es Finais<\/div><\/h2>\n\n\n\n<p>Esta etapa corresponde \u00e0 an\u00e1lise minuciosa e criteriosa da vers\u00e3o diagramada e impressa do livro, contemplando tanto os aspectos lingu\u00edsticos quanto os elementos visuais e de design. Trata-se de um processo fundamental para garantir a qualidade final da obra e que exige a participa\u00e7\u00e3o ativa e colaborativa dos autores.<\/p>\n\n\n\n<h2 class=\"wp-block-heading\"><div class=\"linha-header\">Direito Autoral<\/div><\/h2>\n\n\n\n<p>Antes da publica\u00e7\u00e3o, o(s) autor(es) e\/ou organizador(es) dever\u00e1(\u00e3o) assinar o Termo de Cess\u00e3o de Direitos Autorais \u00e0 Editora UFPB, autorizando a publica\u00e7\u00e3o da obra. A distribui\u00e7\u00e3o dos exemplares impressos seguir\u00e1 o que for estabelecido nos editais de publica\u00e7\u00e3o.<\/p>\n\n\n\n<p><\/p>\n","protected":false},"excerpt":{"rendered":"<p>A Editora UFPB publica obras de car\u00e1ter cient\u00edfico, acad\u00eamico, cultural e art\u00edstico de relev\u00e2ncia para [&hellip;]<\/p>\n","protected":false},"author":47,"featured_media":0,"parent":0,"menu_order":0,"comment_status":"closed","ping_status":"closed","template":"","meta":{"footnotes":""},"class_list":["post-37","page","type-page","status-publish","hentry"],"_links":{"self":[{"href":"https:\/\/www.ufpb.br\/editora\/wp-json\/wp\/v2\/pages\/37","targetHints":{"allow":["GET"]}}],"collection":[{"href":"https:\/\/www.ufpb.br\/editora\/wp-json\/wp\/v2\/pages"}],"about":[{"href":"https:\/\/www.ufpb.br\/editora\/wp-json\/wp\/v2\/types\/page"}],"author":[{"embeddable":true,"href":"https:\/\/www.ufpb.br\/editora\/wp-json\/wp\/v2\/users\/47"}],"replies":[{"embeddable":true,"href":"https:\/\/www.ufpb.br\/editora\/wp-json\/wp\/v2\/comments?post=37"}],"version-history":[{"count":10,"href":"https:\/\/www.ufpb.br\/editora\/wp-json\/wp\/v2\/pages\/37\/revisions"}],"predecessor-version":[{"id":390,"href":"https:\/\/www.ufpb.br\/editora\/wp-json\/wp\/v2\/pages\/37\/revisions\/390"}],"wp:attachment":[{"href":"https:\/\/www.ufpb.br\/editora\/wp-json\/wp\/v2\/media?parent=37"}],"curies":[{"name":"wp","href":"https:\/\/api.w.org\/{rel}","templated":true}]}}