{"id":471,"date":"2026-03-31T12:14:11","date_gmt":"2026-03-31T15:14:11","guid":{"rendered":"https:\/\/www.ufpb.br\/editora\/?page_id=471"},"modified":"2026-04-14T14:28:44","modified_gmt":"2026-04-14T17:28:44","slug":"reservar-auditorio","status":"publish","type":"page","link":"https:\/\/www.ufpb.br\/editora\/reservar-auditorio\/","title":{"rendered":"Reservar Audit\u00f3rio"},"content":{"rendered":"\n<div style=\"font-family: 'Open Sans', sans-serif; max-width: 1000px; margin: 20px auto; border: 2px solid #d4af37; border-radius: 4px; overflow: hidden; background-color: #fff;\">\n    \n    <div style=\"background-color: #E6C74C; color: #ffffff; padding: 25px; text-align: center;\">\n        <h3 style=\"margin: 0; font-size: 20px; text-transform: uppercase;\">Agendamento<\/h3>\n        <p style=\"margin: 10px 0 0 0; opacity: 0.9;\">Disponibilidade do Audit\u00f3rio da Editora UFPB<\/p>\n    <\/div>\n\n    <div style=\"padding: 20px;\">\n        <div style=\"position: relative; padding-bottom: 75%; height: 0; overflow: hidden; border: 1px solid #eee;\">\n            <iframe src=\"https:\/\/calendar.google.com\/calendar\/embed?height=600&#038;wkst=1&#038;ctz=America%2FFortaleza&#038;showPrint=0&#038;src=YWdlbmRhbWVudG8uZWRpdG9yYS51ZnBiQGdtYWlsLmNvbQ&#038;src=cHQtYnIuYnJhemlsaWFuI2hvbGlkYXlAZ3JvdXAudi5jYWxlbmRhci5nb29nbGUuY29t&#038;color=%23f6bf26&#038;color=%230b8043\" style=\"position: absolute; top: 0; left: 0; width: 100%; height: 100%; border: 0;\" frameborder=\"0\" scrolling=\"no\"><\/iframe>\n        <\/div>\n    <\/div>\n\n    <div style=\"padding: 30px; text-align: center; border-top: 1px solid #eee;\">\n        <div style=\"margin-bottom: 20px;\">\n            <a href=\"https:\/\/drive.google.com\/file\/d\/1zAKdqQdNeGbz6PYeyUfs4lBxRwn4xeVq\/view?usp=sharing\" target=\"_blank\" style=\"color: #d4af37; font-weight: bold; text-decoration: underline;\">\n                \ud83d\udcc4 Consultar Normas de Uso (PDF)\n            <\/a>\n        <\/div>\n\n<div style=\"margin-bottom: 20px;\">\n            <a href=\"https:\/\/drive.google.com\/file\/d\/1ydTU2JfJ1MhY52yNrO_2d5ooCpFLvAeE\/view?usp=sharing\" target=\"_blank\" style=\"color: #d4af37; font-weight: bold; text-decoration: underline;\">\n                \ud83e\udd1d Termo de Responsabilidade e Compromisso (Preencha e Assine)\n            <\/a>\n        <\/div>\n\n        <a href=\"https:\/\/forms.gle\/yXKF53xa6yPkBzTn6\" target=\"_blank\" style=\"background-color: #d4af37; color: #fff; padding: 15px 35px; text-decoration: none; font-weight: bold; border-radius: 4px; display: inline-block; font-size: 18px;\">\n            SOLICITAR RESERVA\n        <\/a>\n\n        <p style=\"margin-top: 20px; font-size: 14px; color: #003366;\">\n            <strong>Lembrete:<\/strong> A visualiza\u00e7\u00e3o da agenda \u00e9 apenas para consulta da disponibilidade de datas.<br>\n            A reserva ser\u00e1 confirmada ap\u00f3s an\u00e1lise administrativa.\n        <\/p>\n        <p style=\"margin-top: 20px; font-size: 16px; color: #003366;\">\n            <br>\n            <strong>O &#8220;Termo de Responsabilidade e Compromisso&#8221; dever\u00e1 ser anexado \u00e0 sua solicita\u00e7\u00e3o de Reserva.<\/strong>\n        <\/p>\n    <\/div>\n<\/div>\n\n\n\n<p><\/p>\n","protected":false},"excerpt":{"rendered":"<p>Agendamento Disponibilidade do Audit\u00f3rio da Editora UFPB \ud83d\udcc4 Consultar Normas de Uso (PDF) \ud83e\udd1d Termo [&hellip;]<\/p>\n","protected":false},"author":498,"featured_media":0,"parent":0,"menu_order":0,"comment_status":"closed","ping_status":"closed","template":"","meta":{"footnotes":""},"class_list":["post-471","page","type-page","status-publish","hentry"],"_links":{"self":[{"href":"https:\/\/www.ufpb.br\/editora\/wp-json\/wp\/v2\/pages\/471","targetHints":{"allow":["GET"]}}],"collection":[{"href":"https:\/\/www.ufpb.br\/editora\/wp-json\/wp\/v2\/pages"}],"about":[{"href":"https:\/\/www.ufpb.br\/editora\/wp-json\/wp\/v2\/types\/page"}],"author":[{"embeddable":true,"href":"https:\/\/www.ufpb.br\/editora\/wp-json\/wp\/v2\/users\/498"}],"replies":[{"embeddable":true,"href":"https:\/\/www.ufpb.br\/editora\/wp-json\/wp\/v2\/comments?post=471"}],"version-history":[{"count":52,"href":"https:\/\/www.ufpb.br\/editora\/wp-json\/wp\/v2\/pages\/471\/revisions"}],"predecessor-version":[{"id":628,"href":"https:\/\/www.ufpb.br\/editora\/wp-json\/wp\/v2\/pages\/471\/revisions\/628"}],"wp:attachment":[{"href":"https:\/\/www.ufpb.br\/editora\/wp-json\/wp\/v2\/media?parent=471"}],"curies":[{"name":"wp","href":"https:\/\/api.w.org\/{rel}","templated":true}]}}