{"id":513,"date":"2026-04-08T11:28:25","date_gmt":"2026-04-08T14:28:25","guid":{"rendered":"https:\/\/www.ufpb.br\/editora\/?page_id=513"},"modified":"2026-04-08T11:28:25","modified_gmt":"2026-04-08T14:28:25","slug":"coordenacao-e-atribuicoes","status":"publish","type":"page","link":"https:\/\/www.ufpb.br\/editora\/coordenacao-e-atribuicoes\/","title":{"rendered":"Coordena\u00e7\u00e3o e Atribui\u00e7\u00f5es"},"content":{"rendered":"\n<p>A coordena\u00e7\u00e3o do Portal \u00e9 realizada pela Editora UFPB, \u00e0 qual compete:<\/p>\n\n\n\n<ul class=\"wp-block-list\">\n<li>Gerenciar e manter o Portal de Peri\u00f3dicos;<\/li>\n\n\n\n<li>Estabelecer diretrizes e pol\u00edticas editoriais institucionais;<\/li>\n\n\n\n<li>Oferecer suporte t\u00e9cnico \u00e0s equipes editoriais;<\/li>\n\n\n\n<li>Orientar quanto \u00e0s boas pr\u00e1ticas de editora\u00e7\u00e3o cient\u00edfica;<\/li>\n\n\n\n<li>Contribuir para a qualifica\u00e7\u00e3o e padroniza\u00e7\u00e3o dos peri\u00f3dicos;<\/li>\n\n\n\n<li>Apoiar processos de indexa\u00e7\u00e3o, normaliza\u00e7\u00e3o e melhoria da qualidade editorial.<\/li>\n<\/ul>\n\n\n\n<h2 class=\"wp-block-heading\"><div class=\"linha-header\">P\u00fablico-alvo:<\/div><\/h2>\n\n\n\n<ul class=\"wp-block-list\">\n<li>Editores e equipes editoriais;<\/li>\n\n\n\n<li>Pesquisadores e docentes;<\/li>\n\n\n\n<li>Estudantes de gradua\u00e7\u00e3o e p\u00f3s-gradua\u00e7\u00e3o;<\/li>\n\n\n\n<li>Comunidade cient\u00edfica nacional e internacional.<\/li>\n<\/ul>\n\n\n\n<p><\/p>\n","protected":false},"excerpt":{"rendered":"<p>A coordena\u00e7\u00e3o do Portal \u00e9 realizada pela Editora UFPB, \u00e0 qual compete: P\u00fablico-alvo:<\/p>\n","protected":false},"author":572,"featured_media":0,"parent":0,"menu_order":0,"comment_status":"closed","ping_status":"closed","template":"","meta":{"footnotes":""},"class_list":["post-513","page","type-page","status-publish","hentry"],"_links":{"self":[{"href":"https:\/\/www.ufpb.br\/editora\/wp-json\/wp\/v2\/pages\/513","targetHints":{"allow":["GET"]}}],"collection":[{"href":"https:\/\/www.ufpb.br\/editora\/wp-json\/wp\/v2\/pages"}],"about":[{"href":"https:\/\/www.ufpb.br\/editora\/wp-json\/wp\/v2\/types\/page"}],"author":[{"embeddable":true,"href":"https:\/\/www.ufpb.br\/editora\/wp-json\/wp\/v2\/users\/572"}],"replies":[{"embeddable":true,"href":"https:\/\/www.ufpb.br\/editora\/wp-json\/wp\/v2\/comments?post=513"}],"version-history":[{"count":1,"href":"https:\/\/www.ufpb.br\/editora\/wp-json\/wp\/v2\/pages\/513\/revisions"}],"predecessor-version":[{"id":514,"href":"https:\/\/www.ufpb.br\/editora\/wp-json\/wp\/v2\/pages\/513\/revisions\/514"}],"wp:attachment":[{"href":"https:\/\/www.ufpb.br\/editora\/wp-json\/wp\/v2\/media?parent=513"}],"curies":[{"name":"wp","href":"https:\/\/api.w.org\/{rel}","templated":true}]}}