{"id":529,"date":"2026-04-08T12:05:04","date_gmt":"2026-04-08T15:05:04","guid":{"rendered":"https:\/\/www.ufpb.br\/editora\/?page_id=529"},"modified":"2026-04-08T12:06:11","modified_gmt":"2026-04-08T15:06:11","slug":"para-editores","status":"publish","type":"page","link":"https:\/\/www.ufpb.br\/editora\/para-editores\/","title":{"rendered":"Para Editores"},"content":{"rendered":"\n<h2 class=\"wp-block-heading\"><div class=\"linha-header\">Inclus\u00e3o de Novos Peri\u00f3dicos<\/div><\/h2>\n\n\n\n<p>Peri\u00f3dicos interessados em integrar o Portal devem atender a crit\u00e9rios institucionais relacionados \u00e0 qualidade editorial, regularidade de publica\u00e7\u00e3o e vincula\u00e7\u00e3o acad\u00eamica.<\/p>\n\n\n\n<h3 class=\"wp-block-heading\">Para solicita\u00e7\u00e3o, os editores devem encaminhar \u00e0 Coordena\u00e7\u00e3o do Portal:<\/h3>\n\n\n\n<h4 class=\"wp-block-heading\">a) Documento de vincula\u00e7\u00e3o institucional:<br><\/h4>\n\n\n\n<ul class=\"wp-block-list\">\n<li>Comprova\u00e7\u00e3o de v\u00ednculo com Departamento, Programa de P\u00f3s-Gradua\u00e7\u00e3o o Grupo de Pesquisa certificado pelo CNPq.<\/li>\n<\/ul>\n\n\n\n<h4 class=\"wp-block-heading\">b) Projeto descritivo contendo:<\/h4>\n\n\n\n<ul class=\"wp-block-list\">\n<li>Nome e logomarca da revista;<\/li>\n\n\n\n<li>Equipe editorial:<\/li>\n\n\n\n<li>Editores respons\u00e1veis;<\/li>\n\n\n\n<li>Comiss\u00e3o editorial;<\/li>\n\n\n\n<li>Conselho consultivo;<\/li>\n\n\n\n<li>Suporte t\u00e9cnico;<\/li>\n\n\n\n<li>Foco e escopo;<\/li>\n\n\n\n<li>Periodicidade;<\/li>\n\n\n\n<li>Diretrizes para autores.<\/li>\n<\/ul>\n\n\n\n<h4 class=\"wp-block-heading\"><\/h4>\n\n\n\n<p class=\"has-text-align-center\">\u2139\ufe0f <a href=\"https:\/\/periodicos.ufpb.br\/capa\/duvidas.php\" target=\"_blank\">D\u00favidas? Clique aqui e saiba mais.<\/a><\/p>\n\n\n\n<p><\/p>\n\n\n\n<p><hr><\/p>\n\n\n\n<p><strong>Pol\u00edtica de Acesso Aberto<\/strong><\/p>\n\n\n\n<p>O Portal adota os princ\u00edpios do acesso aberto, garantindo acesso gratuito, imediato e irrestrito ao conte\u00fado publicado, sem cobran\u00e7a de taxas para leitura ou submiss\u00e3o.<\/p>\n\n\n\n<p>Essa pol\u00edtica fortalece a democratiza\u00e7\u00e3o do conhecimento cient\u00edfico e contribui para o avan\u00e7o da ci\u00eancia aberta.<\/p>\n\n\n\n<p><\/p>\n","protected":false},"excerpt":{"rendered":"<p>Inclus\u00e3o de Novos Peri\u00f3dicos Peri\u00f3dicos interessados em integrar o Portal devem atender a crit\u00e9rios institucionais [&hellip;]<\/p>\n","protected":false},"author":572,"featured_media":0,"parent":0,"menu_order":0,"comment_status":"closed","ping_status":"closed","template":"","meta":{"footnotes":""},"class_list":["post-529","page","type-page","status-publish","hentry"],"_links":{"self":[{"href":"https:\/\/www.ufpb.br\/editora\/wp-json\/wp\/v2\/pages\/529","targetHints":{"allow":["GET"]}}],"collection":[{"href":"https:\/\/www.ufpb.br\/editora\/wp-json\/wp\/v2\/pages"}],"about":[{"href":"https:\/\/www.ufpb.br\/editora\/wp-json\/wp\/v2\/types\/page"}],"author":[{"embeddable":true,"href":"https:\/\/www.ufpb.br\/editora\/wp-json\/wp\/v2\/users\/572"}],"replies":[{"embeddable":true,"href":"https:\/\/www.ufpb.br\/editora\/wp-json\/wp\/v2\/comments?post=529"}],"version-history":[{"count":18,"href":"https:\/\/www.ufpb.br\/editora\/wp-json\/wp\/v2\/pages\/529\/revisions"}],"predecessor-version":[{"id":548,"href":"https:\/\/www.ufpb.br\/editora\/wp-json\/wp\/v2\/pages\/529\/revisions\/548"}],"wp:attachment":[{"href":"https:\/\/www.ufpb.br\/editora\/wp-json\/wp\/v2\/media?parent=529"}],"curies":[{"name":"wp","href":"https:\/\/api.w.org\/{rel}","templated":true}]}}