{"id":10,"date":"2025-08-03T15:35:52","date_gmt":"2025-08-03T18:35:52","guid":{"rendered":"https:\/\/www.ccsa.ufpb.br\/educacaofinanceira\/?page_id=10"},"modified":"2025-08-05T09:38:10","modified_gmt":"2025-08-05T12:38:10","slug":"artigos","status":"publish","type":"page","link":"https:\/\/www.ufpb.br\/educacaofinanceira\/artigos\/","title":{"rendered":"Artigos"},"content":{"rendered":"\n<p><a href=\"http:\/\/plone.ufpb.br\/educacaofinanceira\/contents\/menu\/educacao-financeira\/edufin\/textos-em-parceria-com-o-tc\/arquitetura-de-escolhas-uma-armadilha-para-sua-saude-financeira\">Arquitetura de Escolhas: uma armadilha para sua sa\u00fade financeira<\/a><\/p>\n\n\n\n<p><a href=\"http:\/\/plone.ufpb.br\/educacaofinanceira\/contents\/menu\/educacao-financeira\/edufin\/textos-em-parceria-com-o-tc\/a-psicologia-do-dinheiro\">A Psicologia do Dinheiro<\/a><\/p>\n\n\n\n<p><a href=\"http:\/\/plone.ufpb.br\/educacaofinanceira\/contents\/menu\/educacao-financeira\/edufin\/textos-em-parceria-com-o-tc\/me-poupe-10-passos-para-nunca-mais-faltar-dinheiro-no-seu-bolso\">Me Poupe! 10 passos para nunca mais faltar dinheiro no seu bolso<\/a><\/p>\n\n\n\n<p><a href=\"http:\/\/plone.ufpb.br\/educacaofinanceira\/contents\/menu\/educacao-financeira\/edufin\/textos-em-parceria-com-o-tc\/esg-qual-o-ponto-de-partida-para-a-analise-das-empresas\">ESG: qual o ponto de partida para a an\u00e1lise das empresas?<\/a><\/p>\n\n\n\n<p><a href=\"http:\/\/plone.ufpb.br\/educacaofinanceira\/contents\/menu\/educacao-financeira\/edufin\/textos-em-parceria-com-o-tc\/educacao-financeira-para-criancas-por-onde-comecar\">Educa\u00e7\u00e3o financeira para crian\u00e7as: por onde come\u00e7ar<\/a><\/p>\n\n\n\n<p><a href=\"http:\/\/plone.ufpb.br\/educacaofinanceira\/contents\/menu\/educacao-financeira\/edufin\/textos-em-parceria-com-o-tc\/reeducacao-financeira-por-onde-comecar\">Reeduca\u00e7\u00e3o financeira: por onde come\u00e7ar?<\/a><\/p>\n\n\n\n<p><a href=\"http:\/\/plone.ufpb.br\/educacaofinanceira\/contents\/menu\/educacao-financeira\/edufin\/textos-em-parceria-com-o-tc\/black-friday-ou-black-fraude-dicas-para-aproveitar-essa-data-em-2020\">Black Friday ou Black Fraude? Dicas para aproveitar essa data em 2020<\/a>\u00a0<\/p>\n\n\n\n<p><a href=\"http:\/\/plone.ufpb.br\/educacaofinanceira\/contents\/menu\/educacao-financeira\/edufin\/textos-em-parceria-com-o-tc\/educacao-financeira-e-suas-externalidades\">Educa\u00e7\u00e3o financeira e suas externalidades<\/a><\/p>\n\n\n\n<p><a href=\"http:\/\/plone.ufpb.br\/educacaofinanceira\/contents\/menu\/educacao-financeira\/edufin\/textos-em-parceria-com-o-tc\/educacao-financeira-em-tempos-de-pandemia-dicas-para-amenizar-o-impacto-na-sua-vida\">Educa\u00e7\u00e3o Financeira em Tempos de Pandemia: dicas para amenizar o impacto na sua vida<\/a><\/p>\n\n\n\n<p><a href=\"http:\/\/plone.ufpb.br\/educacaofinanceira\/contents\/menu\/educacao-financeira\/edufin\/textos-em-parceria-com-o-tc\/investimentos-em-renda-variavel-qual-e-o-seu-medo\">Investimentos em renda vari\u00e1vel: qual \u00e9 o seu medo?<\/a><\/p>\n\n\n\n<p><a href=\"http:\/\/plone.ufpb.br\/educacaofinanceira\/contents\/menu\/educacao-financeira\/edufin\/textos-em-parceria-com-o-tc\/salario-minimo-tire-todas-as-suas-duvidas\">Sal\u00e1rio m\u00ednimo: tire todas as suas d\u00favidas!<\/a><\/p>\n\n\n\n<p><a href=\"http:\/\/plone.ufpb.br\/educacaofinanceira\/contents\/menu\/educacao-financeira\/edufin\/textos-em-parceria-com-o-tc\/dicas-para-negociar-suas-dividas\">Dicas para negociar suas d\u00edvidas<\/a><\/p>\n\n\n\n<p><a href=\"http:\/\/plone.ufpb.br\/educacaofinanceira\/contents\/menu\/educacao-financeira\/edufin\/textos-em-parceria-com-o-tc\/educacao-financeira-nas-escolas\">Educa\u00e7\u00e3o Financeira nas escolas<\/a><\/p>\n\n\n\n<p><a href=\"http:\/\/plone.ufpb.br\/educacaofinanceira\/contents\/menu\/educacao-financeira\/edufin\/textos-em-parceria-com-o-tc\/direito-de-retirada-como-os-socios-podem-se-proteger\">Direito de retirada: como os s\u00f3cios podem se proteger<\/a><\/p>\n\n\n\n<p><a href=\"http:\/\/plone.ufpb.br\/educacaofinanceira\/contents\/menu\/educacao-financeira\/edufin\/textos-em-parceria-com-o-tc\/o-papel-da-estrutura-de-capital-nas-empresas\">O papel da estrutura de capital nas empresas<\/a><\/p>\n\n\n\n<p><a href=\"http:\/\/plone.ufpb.br\/educacaofinanceira\/contents\/menu\/educacao-financeira\/edufin\/textos-em-parceria-com-o-tc\/aprenda-a-investir-no-tesouro-direto\">Aprenda a investir no Tesouro Direto<\/a><\/p>\n\n\n\n<p><a href=\"http:\/\/plone.ufpb.br\/educacaofinanceira\/contents\/menu\/educacao-financeira\/edufin\/textos-em-parceria-com-o-tc\/indice-vix-conheca-o-indice-do-medo\">\u00cdndice VIX: conhe\u00e7a o \u00edndice do medo<\/a><\/p>\n\n\n\n<p><a href=\"http:\/\/plone.ufpb.br\/educacaofinanceira\/contents\/menu\/educacao-financeira\/edufin\/textos-em-parceria-com-o-tc\/como-montar-a-sua-propria-planilha-financeira\">Como montar a sua pr\u00f3pria planilha financeira<\/a><\/p>\n\n\n\n<p><a href=\"http:\/\/plone.ufpb.br\/educacaofinanceira\/contents\/menu\/educacao-financeira\/edufin\/textos-em-parceria-com-o-tc\/como-comecar-a-investir-em-acoes-de-forma-simples-e-rapida\">Como come\u00e7ar a investir em a\u00e7\u00f5es de forma simples e r\u00e1pida<\/a><\/p>\n\n\n\n<p><a href=\"http:\/\/plone.ufpb.br\/educacaofinanceira\/contents\/menu\/educacao-financeira\/edufin\/textos-em-parceria-com-o-tc\/conheca-a-estrategia-de-investimento-buy-and-hold\">Conhe\u00e7a a estrat\u00e9gia de investimento buy and hold<\/a>\u00a0<\/p>\n\n\n\n<p><a href=\"http:\/\/plone.ufpb.br\/educacaofinanceira\/contents\/menu\/educacao-financeira\/edufin\/textos-em-parceria-com-o-tc\/chinese-wall-o-que-e-de-onde-vem-o-termo\">Chinese Wall: o que \u00e9? De onde vem o termo?<\/a><\/p>\n\n\n\n<p><a href=\"http:\/\/plone.ufpb.br\/educacaofinanceira\/contents\/menu\/educacao-financeira\/edufin\/textos-em-parceria-com-o-tc\/mercado-fracionario-de-acoes-entenda-o-que-e-e-como-investir\">Mercado fracion\u00e1rio de a\u00e7\u00f5es: entenda o que \u00e9 e como investir<\/a><\/p>\n\n\n\n<p><a href=\"http:\/\/plone.ufpb.br\/educacaofinanceira\/contents\/menu\/educacao-financeira\/edufin\/textos-em-parceria-com-o-tc\/chinese-wall-o-que-e-de-onde-vem-o-termo-1\">Chinese Wall: o que \u00e9? De onde vem o termo?<\/a><\/p>\n\n\n\n<p><a href=\"http:\/\/plone.ufpb.br\/educacaofinanceira\/contents\/menu\/educacao-financeira\/edufin\/textos-em-parceria-com-o-tc\/orcamento-participativo-o-que-e-e-para-que-serve\">Or\u00e7amento participativo: o que \u00e9 e para que serve?<\/a><\/p>\n\n\n\n<p><a href=\"http:\/\/plone.ufpb.br\/educacaofinanceira\/contents\/menu\/educacao-financeira\/edufin\/textos-em-parceria-com-o-tc\/market-timing-o-que-e-e-como-funciona\">Market Timing: o que \u00e9 e como funciona?<\/a><\/p>\n\n\n\n<p><a href=\"http:\/\/plone.ufpb.br\/educacaofinanceira\/contents\/menu\/educacao-financeira\/edufin\/textos-em-parceria-com-o-tc\/a-estrategia-de-warren-buffet-conheca-a-buffett2019s-alpha\">A estrat\u00e9gia de Warren Buffet: conhe\u00e7a a Buffett\u2019s Alpha<\/a><\/p>\n\n\n\n<p><a href=\"http:\/\/plone.ufpb.br\/educacaofinanceira\/contents\/menu\/educacao-financeira\/edufin\/textos-em-parceria-com-o-tc\/o-que-motiva-as-empresas-a-divulgarem-fatos-relevantes\">O que motiva as empresas a divulgarem fatos relevantes?<\/a><\/p>\n\n\n\n<p><a href=\"http:\/\/plone.ufpb.br\/educacaofinanceira\/contents\/menu\/educacao-financeira\/edufin\/textos-em-parceria-com-o-tc\/teoria-dos-jogos-no-mundo-das-financas\">Teoria dos Jogos no mundo das Finan\u00e7as<\/a><\/p>\n\n\n\n<p><a href=\"http:\/\/plone.ufpb.br\/educacaofinanceira\/contents\/menu\/educacao-financeira\/edufin\/textos-em-parceria-com-o-tc\/como-investir-em-acoes-fora-do-brasil\">Como investir em a\u00e7\u00f5es fora do Brasil?<\/a><\/p>\n\n\n\n<p><\/p>\n","protected":false},"excerpt":{"rendered":"<p>Arquitetura de Escolhas: uma armadilha para sua sa\u00fade financeira A Psicologia do Dinheiro Me Poupe! [&hellip;]<\/p>\n","protected":false},"author":47,"featured_media":0,"parent":0,"menu_order":0,"comment_status":"closed","ping_status":"closed","template":"","meta":{"footnotes":""},"class_list":["post-10","page","type-page","status-publish","hentry"],"_links":{"self":[{"href":"https:\/\/www.ufpb.br\/educacaofinanceira\/wp-json\/wp\/v2\/pages\/10","targetHints":{"allow":["GET"]}}],"collection":[{"href":"https:\/\/www.ufpb.br\/educacaofinanceira\/wp-json\/wp\/v2\/pages"}],"about":[{"href":"https:\/\/www.ufpb.br\/educacaofinanceira\/wp-json\/wp\/v2\/types\/page"}],"author":[{"embeddable":true,"href":"https:\/\/www.ufpb.br\/educacaofinanceira\/wp-json\/wp\/v2\/users\/47"}],"replies":[{"embeddable":true,"href":"https:\/\/www.ufpb.br\/educacaofinanceira\/wp-json\/wp\/v2\/comments?post=10"}],"version-history":[{"count":2,"href":"https:\/\/www.ufpb.br\/educacaofinanceira\/wp-json\/wp\/v2\/pages\/10\/revisions"}],"predecessor-version":[{"id":92,"href":"https:\/\/www.ufpb.br\/educacaofinanceira\/wp-json\/wp\/v2\/pages\/10\/revisions\/92"}],"wp:attachment":[{"href":"https:\/\/www.ufpb.br\/educacaofinanceira\/wp-json\/wp\/v2\/media?parent=10"}],"curies":[{"name":"wp","href":"https:\/\/api.w.org\/{rel}","templated":true}]}}