{"id":12,"date":"2025-08-03T15:36:04","date_gmt":"2025-08-03T18:36:04","guid":{"rendered":"https:\/\/www.ccsa.ufpb.br\/educacaofinanceira\/?page_id=12"},"modified":"2025-08-05T09:38:51","modified_gmt":"2025-08-05T12:38:51","slug":"gibis","status":"publish","type":"page","link":"https:\/\/www.ufpb.br\/educacaofinanceira\/gibis\/","title":{"rendered":"Gibis"},"content":{"rendered":"\n<p><a href=\"http:\/\/plone.ufpb.br\/educacaofinanceira\/contents\/menu\/educacao-financeira\/edufin\/gibis\/o-dia-em-que-o-coelhinho-da-pascoa-entendeu-sobre-financas\">O dia em que o coelhinho da P\u00e1scoa entendeu sobre finan\u00e7as<\/a><\/p>\n\n\n\n<p><a href=\"http:\/\/plone.ufpb.br\/educacaofinanceira\/contents\/menu\/educacao-financeira\/edufin\/gibis\/a-arvore-dos-desejos\">A \u00e1rvore dos desejos<\/a><\/p>\n\n\n\n<p><a href=\"http:\/\/plone.ufpb.br\/educacaofinanceira\/contents\/menu\/educacao-financeira\/edufin\/gibis\/a-caixa-forte-do-dinheiro\">A caixa forte do dinheiro<\/a><\/p>\n\n\n\n<p><a href=\"http:\/\/plone.ufpb.br\/educacaofinanceira\/contents\/menu\/educacao-financeira\/edufin\/gibis\/a-estrada-das-financas\">A estrada das finan\u00e7a<\/a><\/p>\n\n\n\n<p><a href=\"http:\/\/plone.ufpb.br\/educacaofinanceira\/contents\/menu\/educacao-financeira\/edufin\/gibis\/copy_of_a-estrada-das-financas\">Economizando no dia a dia<\/a><\/p>\n\n\n\n<p><a href=\"http:\/\/plone.ufpb.br\/educacaofinanceira\/contents\/menu\/educacao-financeira\/edufin\/gibis\/indo-as-compras-2013-parte-i\">Indo \u00e0s compras \u2013 Parte I<\/a><\/p>\n\n\n\n<p><\/p>\n","protected":false},"excerpt":{"rendered":"<p>O dia em que o coelhinho da P\u00e1scoa entendeu sobre finan\u00e7as A \u00e1rvore dos desejos [&hellip;]<\/p>\n","protected":false},"author":47,"featured_media":0,"parent":0,"menu_order":0,"comment_status":"closed","ping_status":"closed","template":"","meta":{"footnotes":""},"class_list":["post-12","page","type-page","status-publish","hentry"],"_links":{"self":[{"href":"https:\/\/www.ufpb.br\/educacaofinanceira\/wp-json\/wp\/v2\/pages\/12","targetHints":{"allow":["GET"]}}],"collection":[{"href":"https:\/\/www.ufpb.br\/educacaofinanceira\/wp-json\/wp\/v2\/pages"}],"about":[{"href":"https:\/\/www.ufpb.br\/educacaofinanceira\/wp-json\/wp\/v2\/types\/page"}],"author":[{"embeddable":true,"href":"https:\/\/www.ufpb.br\/educacaofinanceira\/wp-json\/wp\/v2\/users\/47"}],"replies":[{"embeddable":true,"href":"https:\/\/www.ufpb.br\/educacaofinanceira\/wp-json\/wp\/v2\/comments?post=12"}],"version-history":[{"count":2,"href":"https:\/\/www.ufpb.br\/educacaofinanceira\/wp-json\/wp\/v2\/pages\/12\/revisions"}],"predecessor-version":[{"id":93,"href":"https:\/\/www.ufpb.br\/educacaofinanceira\/wp-json\/wp\/v2\/pages\/12\/revisions\/93"}],"wp:attachment":[{"href":"https:\/\/www.ufpb.br\/educacaofinanceira\/wp-json\/wp\/v2\/media?parent=12"}],"curies":[{"name":"wp","href":"https:\/\/api.w.org\/{rel}","templated":true}]}}