{"id":7,"date":"2025-08-03T15:35:30","date_gmt":"2025-08-03T18:35:30","guid":{"rendered":"https:\/\/www.ccsa.ufpb.br\/educacaofinanceira\/?page_id=7"},"modified":"2025-08-03T15:35:31","modified_gmt":"2025-08-03T18:35:31","slug":"sobre-o-projeto","status":"publish","type":"page","link":"https:\/\/www.ufpb.br\/educacaofinanceira\/sobre-o-projeto\/","title":{"rendered":"Sobre o Projeto"},"content":{"rendered":"\n<figure class=\"wp-block-image size-large\"><img loading=\"lazy\" decoding=\"async\" width=\"1024\" height=\"249\" src=\"https:\/\/www.ccsa.ufpb.br\/educacaofinanceira\/wp-content\/uploads\/sites\/179\/sites\/347\/2025\/08\/ss-1024x249.jpg\" alt=\"\" class=\"wp-image-8\" srcset=\"https:\/\/www.ufpb.br\/educacaofinanceira\/wp-content\/uploads\/sites\/179\/sites\/347\/2025\/08\/ss-1024x249.jpg 1024w, https:\/\/www.ufpb.br\/educacaofinanceira\/wp-content\/uploads\/sites\/179\/sites\/347\/2025\/08\/ss-300x73.jpg 300w, https:\/\/www.ufpb.br\/educacaofinanceira\/wp-content\/uploads\/sites\/179\/sites\/347\/2025\/08\/ss-768x187.jpg 768w, https:\/\/www.ufpb.br\/educacaofinanceira\/wp-content\/uploads\/sites\/179\/sites\/347\/2025\/08\/ss.jpg 1160w\" sizes=\"auto, (max-width: 1024px) 100vw, 1024px\" \/><\/figure>\n\n\n\n<p class=\" \">A ideia do projeto \u201cEduca\u00e7\u00e3o Financeira para toda a Vida\u201d&nbsp;come\u00e7ou a se configurar&nbsp;a&nbsp;partir de um curso de especializa\u00e7\u00e3o em Finan\u00e7as Empresariais em 2008, onde foi observado em v\u00e1rios momentos, junto aos alunos, o total despreparo para controlar suas despesas.<\/p>\n\n\n\n<p class=\" \">&nbsp;Ao longo dos anos, o Professor Dr. Wenner Glaucio Lopes Lucena, sentiu vontade de criar um projeto que contribu\u00edsse com a sociedade e fizesse com que as pessoas conhecessem, um pouco mais, como administrar seu pr\u00f3prio dinheiro. Surgindo assim a necessidade de escrever um artigo na \u00e1rea e principalmente porque este curso de especializa\u00e7\u00e3o culminava no final com uma monografia. Com isso, foi conhecida a Teoria dos Prospectos, que trata das finan\u00e7as comportamentais, ou seja, o comportamento psicol\u00f3gico das pessoas influi no processo de decis\u00e3o financeira dos seres humanos.<\/p>\n\n\n\n<p class=\" \">Em seu \u00e2mbito familiar o Professor Dr. Wenner Glaucio Lopes Lucena teve a necessidade de incentivar e preparar suas filhas para que elas aprendessem em casa a ter uma Educa\u00e7\u00e3o Financeira. Ent\u00e3o, em meados de 2011, o mesmo teve a ideia de criar um cofrinho com caixa de leite longa vida no intuito de \u201centreter\u201d suas filhas nas f\u00e9rias. A mais velha j\u00e1 poupava para que sempre no dia das crian\u00e7as pudesse comprar seu presente. Parecia que as coisas se encaminhavam para criar o projeto.<\/p>\n\n\n\n<p class=\" \">Foram desenvolvidas pesquisas na internet e foi descoberto um programa desenvolvido pelo governo que trata de uma Estrat\u00e9gia Nacional de Educa\u00e7\u00e3o Financeira (ENEF) em que est\u00e1 sendo implantado nas escolas p\u00fablicas do Brasil. Ap\u00f3s visitas em alguns s\u00edtios, leituras de disserta\u00e7\u00f5es e artigos, o projeto foi elaborado.<\/p>\n\n\n\n<p class=\" \">Em 30 de mar\u00e7o de 2012 o projeto foi submetido ao Programa de Extens\u00e3o da Universidade Federal da Para\u00edba (UFPB). Cabe ressaltar que, antes da submiss\u00e3o, foi obtido o aval da Coordena\u00e7\u00e3o e do Departamento do curso de Ci\u00eancias Cont\u00e1beis.<\/p>\n\n\n\n<p class=\" \">Como o projeto \u00e9 aplicado \u00e0 educa\u00e7\u00e3o financeira infantil, uma visita foi feita a Escola de Educa\u00e7\u00e3o B\u00e1sica (antiga Creche) da UFPB e eles aceitaram a ideia. Ent\u00e3o, no ano de 2012, foi desenvolvido este projeto com as crian\u00e7as do 1\u00ba ano ao 5\u00ba ano.<\/p>\n","protected":false},"excerpt":{"rendered":"<p>A ideia do projeto \u201cEduca\u00e7\u00e3o Financeira para toda a Vida\u201d&nbsp;come\u00e7ou a se configurar&nbsp;a&nbsp;partir de um [&hellip;]<\/p>\n","protected":false},"author":47,"featured_media":0,"parent":0,"menu_order":0,"comment_status":"closed","ping_status":"closed","template":"","meta":{"footnotes":""},"class_list":["post-7","page","type-page","status-publish","hentry"],"_links":{"self":[{"href":"https:\/\/www.ufpb.br\/educacaofinanceira\/wp-json\/wp\/v2\/pages\/7","targetHints":{"allow":["GET"]}}],"collection":[{"href":"https:\/\/www.ufpb.br\/educacaofinanceira\/wp-json\/wp\/v2\/pages"}],"about":[{"href":"https:\/\/www.ufpb.br\/educacaofinanceira\/wp-json\/wp\/v2\/types\/page"}],"author":[{"embeddable":true,"href":"https:\/\/www.ufpb.br\/educacaofinanceira\/wp-json\/wp\/v2\/users\/47"}],"replies":[{"embeddable":true,"href":"https:\/\/www.ufpb.br\/educacaofinanceira\/wp-json\/wp\/v2\/comments?post=7"}],"version-history":[{"count":1,"href":"https:\/\/www.ufpb.br\/educacaofinanceira\/wp-json\/wp\/v2\/pages\/7\/revisions"}],"predecessor-version":[{"id":9,"href":"https:\/\/www.ufpb.br\/educacaofinanceira\/wp-json\/wp\/v2\/pages\/7\/revisions\/9"}],"wp:attachment":[{"href":"https:\/\/www.ufpb.br\/educacaofinanceira\/wp-json\/wp\/v2\/media?parent=7"}],"curies":[{"name":"wp","href":"https:\/\/api.w.org\/{rel}","templated":true}]}}