{"id":1032,"date":"2024-10-07T12:23:32","date_gmt":"2024-10-07T15:23:32","guid":{"rendered":"https:\/\/www.ufpb.br\/efopli2\/?page_id=1032"},"modified":"2026-02-25T12:21:33","modified_gmt":"2026-02-25T15:21:33","slug":"projeto-saber-conectado","status":"publish","type":"page","link":"https:\/\/www.ufpb.br\/efopli\/projeto-saber-conectado\/","title":{"rendered":"Projeto Saber Conectado"},"content":{"rendered":"\n<p>O Projeto <strong>Saber Conectado: promovendo o letramento digital do professor de l\u00edngua inglesa<\/strong> busca a difus\u00e3o do conhecimento para a integra\u00e7\u00e3o das tecnologias digitais de informa\u00e7\u00e3o e comunica\u00e7\u00e3o (TDIC) \u00e0s pr\u00e1ticas de professores de l\u00edngua inglesa. O projeto faz parte do EFOPLI e trabalha, desde 2018, na realiza\u00e7\u00e3o de encontros (presenciais, online e h\u00edbridos), atendimentos a professores, elabora\u00e7\u00e3o de material did\u00e1tico e promo\u00e7\u00e3o de oficinas e eventos de forma a aprimorar percep\u00e7\u00f5es e metodologias de como incorporar, de maneira cr\u00edtica e eficaz, ferramentas digitais \u00e0 sala de aula. <\/p>\n\n\n\n<p>Al\u00e9m de participar da organiza\u00e7\u00e3o do Encontro Paraibano de Professores de Ingl\u00eas (EPPI), o Projeto Saber Conectado realiza a\u00e7\u00f5es como:<\/p>\n\n\n\n<p>1. <a href=\"https:\/\/www.ufpb.br\/efopli\/efopli-da-inicio-aos-encontros-formativos-em-parceria-com-a-pmjp\/\" target=\"_blank\" rel=\"noreferrer noopener\">Forma\u00e7\u00e3o para Professores da Prefeitura Municipal de Jo\u00e3o Pessoa<\/a>, ocorrida Centro de L\u00ednguas Estrangeiras da Prefeitura da Municipal de Jo\u00e3o Pessoa (CELEST).<\/p>\n\n\n<div class=\"wp-block-image\">\n<figure class=\"aligncenter is-resized\"><img loading=\"lazy\" decoding=\"async\" width=\"1024\" height=\"768\" src=\"https:\/\/www.ufpb.br\/efopli2\/wp-content\/uploads\/sites\/122\/sites\/206\/2024\/10\/celest-1024x768.jpg\" alt=\"\" class=\"wp-image-1035\" style=\"width:510px;height:auto\" srcset=\"https:\/\/www.ufpb.br\/efopli\/wp-content\/uploads\/sites\/122\/sites\/206\/2024\/10\/celest-1024x768.jpg 1024w, https:\/\/www.ufpb.br\/efopli\/wp-content\/uploads\/sites\/122\/sites\/206\/2024\/10\/celest-300x225.jpg 300w, https:\/\/www.ufpb.br\/efopli\/wp-content\/uploads\/sites\/122\/sites\/206\/2024\/10\/celest-768x576.jpg 768w, https:\/\/www.ufpb.br\/efopli\/wp-content\/uploads\/sites\/122\/sites\/206\/2024\/10\/celest-1536x1152.jpg 1536w, https:\/\/www.ufpb.br\/efopli\/wp-content\/uploads\/sites\/122\/sites\/206\/2024\/10\/celest-2048x1536.jpg 2048w\" sizes=\"auto, (max-width: 1024px) 100vw, 1024px\" \/><\/figure>\n<\/div>\n\n\n<p class=\"has-text-align-center\"><\/p>\n\n\n\n<p>2. Oficinas em laborat\u00f3rios de inform\u00e1tica.<\/p>\n\n\n<div class=\"wp-block-image\">\n<figure class=\"aligncenter size-full is-resized\"><img loading=\"lazy\" decoding=\"async\" width=\"640\" height=\"427\" src=\"https:\/\/www.ufpb.br\/efopli\/wp-content\/uploads\/sites\/122\/sites\/206\/2025\/01\/oficina-lab.jpg\" alt=\"\" class=\"wp-image-2530\" style=\"width:506px;height:auto\" srcset=\"https:\/\/www.ufpb.br\/efopli\/wp-content\/uploads\/sites\/122\/sites\/206\/2025\/01\/oficina-lab.jpg 640w, https:\/\/www.ufpb.br\/efopli\/wp-content\/uploads\/sites\/122\/sites\/206\/2025\/01\/oficina-lab-300x200.jpg 300w, https:\/\/www.ufpb.br\/efopli\/wp-content\/uploads\/sites\/122\/sites\/206\/2025\/01\/oficina-lab-272x182.jpg 272w\" sizes=\"auto, (max-width: 640px) 100vw, 640px\" \/><\/figure>\n<\/div>\n\n\n<p class=\"has-text-align-center\">Oficinas em laborat\u00f3rios de inform\u00e1tica.<\/p>\n\n\n\n<p>3. <a href=\"https:\/\/www.ufpb.br\/efopli\/parcerias\/parceria-da-pmjp-com-a-ufpb-promove-formacao-para-professores-da-escola-bilingue\/\" target=\"_blank\" rel=\"noreferrer noopener\">Simp\u00f3sio com professores da Escola Bil\u00edngue Dom Jos\u00e9 Maria Pires (PMJP)<\/a>.<\/p>\n\n\n<div class=\"wp-block-image\">\n<figure class=\"aligncenter size-large is-resized\"><img loading=\"lazy\" decoding=\"async\" width=\"1024\" height=\"532\" src=\"http:\/\/www.ufpb.br\/efopli2\/wp-content\/uploads\/sites\/122\/sites\/206\/2024\/10\/simposio-escola-bilingue-1024x532.jpg\" alt=\"\" class=\"wp-image-1039\" style=\"width:511px;height:auto\" srcset=\"https:\/\/www.ufpb.br\/efopli\/wp-content\/uploads\/sites\/122\/sites\/206\/2024\/10\/simposio-escola-bilingue-1024x532.jpg 1024w, https:\/\/www.ufpb.br\/efopli\/wp-content\/uploads\/sites\/122\/sites\/206\/2024\/10\/simposio-escola-bilingue-300x156.jpg 300w, https:\/\/www.ufpb.br\/efopli\/wp-content\/uploads\/sites\/122\/sites\/206\/2024\/10\/simposio-escola-bilingue-768x399.jpg 768w, https:\/\/www.ufpb.br\/efopli\/wp-content\/uploads\/sites\/122\/sites\/206\/2024\/10\/simposio-escola-bilingue-1536x798.jpg 1536w, https:\/\/www.ufpb.br\/efopli\/wp-content\/uploads\/sites\/122\/sites\/206\/2024\/10\/simposio-escola-bilingue-2048x1063.jpg 2048w\" sizes=\"auto, (max-width: 1024px) 100vw, 1024px\" \/><\/figure>\n<\/div>\n\n\n<p class=\"has-text-align-center\"><\/p>\n\n\n\n<p>4. <a href=\"https:\/\/www.ufpb.br\/efopli\/oficinas-na-semana-de-letras-2018\/\" target=\"_blank\" rel=\"noreferrer noopener\">Oficina apresentada no evento da Semana de Letras &#8211; UFPB<\/a>: Recursos digitais para avalia\u00e7\u00e3o no ensino de l\u00edngua. Participantes: alunos de Letras Ingl\u00eas, Franc\u00eas, Espanhol e Portugu\u00eas.<\/p>\n\n\n<div class=\"wp-block-image\">\n<figure class=\"aligncenter is-resized\"><img loading=\"lazy\" decoding=\"async\" width=\"800\" height=\"800\" src=\"http:\/\/www.ufpb.br\/efopli2\/wp-content\/uploads\/sites\/122\/sites\/206\/2024\/10\/oficina.png\" alt=\"\" class=\"wp-image-1037\" style=\"width:506px;height:auto\" srcset=\"https:\/\/www.ufpb.br\/efopli\/wp-content\/uploads\/sites\/122\/sites\/206\/2024\/10\/oficina.png 800w, https:\/\/www.ufpb.br\/efopli\/wp-content\/uploads\/sites\/122\/sites\/206\/2024\/10\/oficina-300x300.png 300w, https:\/\/www.ufpb.br\/efopli\/wp-content\/uploads\/sites\/122\/sites\/206\/2024\/10\/oficina-150x150.png 150w, https:\/\/www.ufpb.br\/efopli\/wp-content\/uploads\/sites\/122\/sites\/206\/2024\/10\/oficina-768x768.png 768w\" sizes=\"auto, (max-width: 800px) 100vw, 800px\" \/><\/figure>\n<\/div>\n\n\n<p class=\"has-text-align-center\"><\/p>\n\n\n\n<p>5. <a href=\"https:\/\/www.ufpb.br\/efopli\/programa-efopli-abre-inscricoes-para-mooc-camp\/\" target=\"_blank\" rel=\"noreferrer noopener\">MOOC CAMP<\/a> &#8211; grupo de estudo realizado em paralelo ao curso online <em>Teaching English to Young Learners<\/em>.<\/p>\n\n\n<div class=\"wp-block-image\">\n<figure class=\"aligncenter size-large is-resized\"><img decoding=\"async\" src=\"https:\/\/www.ufpb.br\/efopli2\/wp-content\/uploads\/sites\/122\/sites\/206\/2024\/10\/IMG_20190506_144819496-1024x768.jpg\" alt=\"\" class=\"wp-image-1339\" style=\"width:501px;height:auto\" \/><\/figure>\n<\/div>\n\n\n<p class=\"has-text-align-center\"><\/p>\n\n\n\n<p class=\"has-text-align-left\">6. Atendimento a professores.<\/p>\n\n\n<div class=\"wp-block-image\">\n<figure class=\"aligncenter size-large is-resized\"><img loading=\"lazy\" decoding=\"async\" width=\"1024\" height=\"706\" src=\"http:\/\/www.ufpb.br\/efopli\/wp-content\/uploads\/sites\/122\/sites\/206\/2025\/03\/IMG_20190913_152501027-scaled-e1741187429980-1024x706.jpg\" alt=\"\" class=\"wp-image-2569\" style=\"width:501px;height:auto\" srcset=\"https:\/\/www.ufpb.br\/efopli\/wp-content\/uploads\/sites\/122\/sites\/206\/2025\/03\/IMG_20190913_152501027-scaled-e1741187429980-1024x706.jpg 1024w, https:\/\/www.ufpb.br\/efopli\/wp-content\/uploads\/sites\/122\/sites\/206\/2025\/03\/IMG_20190913_152501027-scaled-e1741187429980-300x207.jpg 300w, https:\/\/www.ufpb.br\/efopli\/wp-content\/uploads\/sites\/122\/sites\/206\/2025\/03\/IMG_20190913_152501027-scaled-e1741187429980-768x530.jpg 768w, https:\/\/www.ufpb.br\/efopli\/wp-content\/uploads\/sites\/122\/sites\/206\/2025\/03\/IMG_20190913_152501027-scaled-e1741187429980-1536x1059.jpg 1536w, https:\/\/www.ufpb.br\/efopli\/wp-content\/uploads\/sites\/122\/sites\/206\/2025\/03\/IMG_20190913_152501027-scaled-e1741187429980-2048x1412.jpg 2048w\" sizes=\"auto, (max-width: 1024px) 100vw, 1024px\" \/><\/figure>\n<\/div>\n\n\n<p class=\"has-text-align-center\"><\/p>\n\n\n\n<p>7. <a href=\"https:\/\/www.ufpb.br\/efopli\/podcast-efopli-connects\/\" target=\"_blank\" rel=\"noreferrer noopener\">Podcast EFOPLI Connects<\/a>.<\/p>\n\n\n<div class=\"wp-block-image\">\n<figure class=\"aligncenter size-full is-resized\"><a href=\"https:\/\/www.ufpb.br\/efopli2\/acoes\/2020-2\/\" target=\"_blank\" rel=\"noreferrer noopener\"><img loading=\"lazy\" decoding=\"async\" width=\"1888\" height=\"602\" src=\"https:\/\/www.ufpb.br\/efopli2\/wp-content\/uploads\/sites\/122\/sites\/206\/2024\/10\/efopli-connects-3.png\" alt=\"\" class=\"wp-image-1345\" style=\"width:519px;height:auto\" srcset=\"https:\/\/www.ufpb.br\/efopli\/wp-content\/uploads\/sites\/122\/sites\/206\/2024\/10\/efopli-connects-3.png 1888w, https:\/\/www.ufpb.br\/efopli\/wp-content\/uploads\/sites\/122\/sites\/206\/2024\/10\/efopli-connects-3-300x96.png 300w, https:\/\/www.ufpb.br\/efopli\/wp-content\/uploads\/sites\/122\/sites\/206\/2024\/10\/efopli-connects-3-1024x327.png 1024w, https:\/\/www.ufpb.br\/efopli\/wp-content\/uploads\/sites\/122\/sites\/206\/2024\/10\/efopli-connects-3-768x245.png 768w, https:\/\/www.ufpb.br\/efopli\/wp-content\/uploads\/sites\/122\/sites\/206\/2024\/10\/efopli-connects-3-1536x490.png 1536w\" sizes=\"auto, (max-width: 1888px) 100vw, 1888px\" \/><\/a><\/figure>\n<\/div>\n\n\n<p class=\"has-text-align-center\"><\/p>\n\n\n\n<p>8. Material para aprofundamento dos t\u00f3picos debatidos nos encontros por meio desta p\u00e1gina (<a href=\"https:\/\/www.ufpb.br\/efopli\/material\/\" target=\"_blank\" rel=\"noreferrer noopener\">aba Material<\/a>) e m\u00eddias sociais.<\/p>\n\n\n<div class=\"wp-block-image\">\n<figure class=\"aligncenter size-full is-resized\"><img loading=\"lazy\" decoding=\"async\" width=\"940\" height=\"788\" src=\"https:\/\/www.ufpb.br\/efopli2\/wp-content\/uploads\/sites\/122\/sites\/206\/2024\/10\/material.jpg\" alt=\"\" class=\"wp-image-1343\" style=\"width:498px;height:auto\" srcset=\"https:\/\/www.ufpb.br\/efopli\/wp-content\/uploads\/sites\/122\/sites\/206\/2024\/10\/material.jpg 940w, https:\/\/www.ufpb.br\/efopli\/wp-content\/uploads\/sites\/122\/sites\/206\/2024\/10\/material-300x251.jpg 300w, https:\/\/www.ufpb.br\/efopli\/wp-content\/uploads\/sites\/122\/sites\/206\/2024\/10\/material-768x644.jpg 768w\" sizes=\"auto, (max-width: 940px) 100vw, 940px\" \/><\/figure>\n<\/div>\n\n\n<p class=\"has-text-align-center\"><\/p>\n\n\n\n<p class=\"has-text-align-left\">9. <a href=\"https:\/\/open.spotify.com\/user\/31wtximncavpx2pq57chnbuhurvq\" target=\"_blank\" rel=\"noreferrer noopener\"><em>Playlists <\/em>na plataforma Spotify<\/a> com curadoria de m\u00fasicas sugeridas para uso em sala de aula.<\/p>\n\n\n<div class=\"wp-block-image\">\n<figure class=\"aligncenter size-full\"><img loading=\"lazy\" decoding=\"async\" width=\"613\" height=\"290\" src=\"https:\/\/www.ufpb.br\/efopli2\/wp-content\/uploads\/sites\/122\/sites\/206\/2024\/11\/spotify-playlists.png\" alt=\"\" class=\"wp-image-2108\" srcset=\"https:\/\/www.ufpb.br\/efopli\/wp-content\/uploads\/sites\/122\/sites\/206\/2024\/11\/spotify-playlists.png 613w, https:\/\/www.ufpb.br\/efopli\/wp-content\/uploads\/sites\/122\/sites\/206\/2024\/11\/spotify-playlists-300x142.png 300w\" sizes=\"auto, (max-width: 613px) 100vw, 613px\" \/><\/figure>\n<\/div>\n\n\n<p class=\"has-text-align-center\"><\/p>\n\n\n\n<p class=\"has-text-align-left\">10. Tutoriais sobre ferramentas digitais (dispon\u00edveis no <a href=\"https:\/\/www.youtube.com\/watch?v=O_IimFTnMUQ\" target=\"_blank\" rel=\"noreferrer noopener\">canal do EFOPLI no YouTube<\/a>).<\/p>\n\n\n\n<figure class=\"wp-block-embed aligncenter is-type-video is-provider-youtube wp-block-embed-youtube wp-embed-aspect-16-9 wp-has-aspect-ratio\"><div class=\"wp-block-embed__wrapper\">\n<iframe loading=\"lazy\" title=\"Tutorial EFOPLI 08 - Como utilizar o Padlet para dar aulas\" width=\"500\" height=\"281\" src=\"https:\/\/www.youtube.com\/embed\/O_IimFTnMUQ?feature=oembed\" frameborder=\"0\" allow=\"accelerometer; autoplay; clipboard-write; encrypted-media; gyroscope; picture-in-picture; web-share\" referrerpolicy=\"strict-origin-when-cross-origin\" allowfullscreen><\/iframe>\n<\/div><\/figure>\n\n\n\n<p class=\"has-text-align-center\"><\/p>\n\n\n\n<p>11. Atualiza\u00e7\u00e3o do website do EFOPLI.<\/p>\n\n\n\n<figure class=\"wp-block-image size-large\"><img loading=\"lazy\" decoding=\"async\" width=\"1024\" height=\"215\" src=\"http:\/\/www.ufpb.br\/efopli\/wp-content\/uploads\/sites\/122\/sites\/206\/2024\/11\/site-antigo-e-novo-1024x215.png\" alt=\"\" class=\"wp-image-2188\" srcset=\"https:\/\/www.ufpb.br\/efopli\/wp-content\/uploads\/sites\/122\/sites\/206\/2024\/11\/site-antigo-e-novo-1024x215.png 1024w, https:\/\/www.ufpb.br\/efopli\/wp-content\/uploads\/sites\/122\/sites\/206\/2024\/11\/site-antigo-e-novo-300x63.png 300w, https:\/\/www.ufpb.br\/efopli\/wp-content\/uploads\/sites\/122\/sites\/206\/2024\/11\/site-antigo-e-novo-768x161.png 768w, https:\/\/www.ufpb.br\/efopli\/wp-content\/uploads\/sites\/122\/sites\/206\/2024\/11\/site-antigo-e-novo-1536x323.png 1536w, https:\/\/www.ufpb.br\/efopli\/wp-content\/uploads\/sites\/122\/sites\/206\/2024\/11\/site-antigo-e-novo-2048x430.png 2048w\" sizes=\"auto, (max-width: 1024px) 100vw, 1024px\" \/><\/figure>\n\n\n\n<p class=\"has-text-align-center\"><\/p>\n\n\n\n<p class=\"has-text-align-left\">12. <a href=\"https:\/\/www.ufpb.br\/efopli\/projeto-saber-conectado\/tech-tip\/\" target=\"_blank\" rel=\"noreferrer noopener\">Projeto Tech Tip<\/a>: orienta\u00e7\u00f5es sobre recursos digitais para educa\u00e7\u00e3o.<\/p>\n\n\n<div class=\"wp-block-image\">\n<figure class=\"aligncenter size-full is-resized\"><img loading=\"lazy\" decoding=\"async\" width=\"500\" height=\"500\" src=\"http:\/\/www.ufpb.br\/efopli\/wp-content\/uploads\/sites\/122\/sites\/206\/2024\/11\/Tech-Tip.jpeg\" alt=\"\" class=\"wp-image-2364\" style=\"width:348px;height:auto\" srcset=\"https:\/\/www.ufpb.br\/efopli\/wp-content\/uploads\/sites\/122\/sites\/206\/2024\/11\/Tech-Tip.jpeg 500w, https:\/\/www.ufpb.br\/efopli\/wp-content\/uploads\/sites\/122\/sites\/206\/2024\/11\/Tech-Tip-300x300.jpeg 300w, https:\/\/www.ufpb.br\/efopli\/wp-content\/uploads\/sites\/122\/sites\/206\/2024\/11\/Tech-Tip-150x150.jpeg 150w\" sizes=\"auto, (max-width: 500px) 100vw, 500px\" \/><\/figure>\n<\/div>\n\n\n<p class=\"has-text-align-center\"><\/p>\n\n\n\n<p>13. <a href=\"https:\/\/www.ufpb.br\/efopli\/projeto-saber-conectado\/word-of-the-year-series\/\" target=\"_blank\" rel=\"noreferrer noopener\">Word of the Year Series<\/a>: pesquisa sobre quatro palavras do ano de 2025, todas relacionadas ao mundo digital.<\/p>\n\n\n<div class=\"wp-block-image\">\n<figure class=\"aligncenter size-large is-resized\"><img decoding=\"async\" src=\"http:\/\/www.ufpb.br\/efopli\/wp-content\/uploads\/sites\/122\/sites\/206\/2026\/02\/Untitled-design-5-1024x576.png\" alt=\"\" class=\"wp-image-3123\" style=\"width:439px;height:auto\" \/><\/figure>\n<\/div>\n\n\n<p>Mais detalhes sobre o projeto podem ser encontrados no perfil <a href=\"https:\/\/instagram.com\/saberconectado.ufpb\" target=\"_blank\" rel=\"noreferrer noopener\">@saberconectado.ufpb<\/a> no Instagram.<\/p>\n\n\n\n<p><\/p>\n","protected":false},"excerpt":{"rendered":"<p>O Projeto Saber Conectado: promovendo o letramento digital do professor de l\u00edngua inglesa busca a difus\u00e3o do conhecimento para a integra\u00e7\u00e3o das tecnologias digitais de informa\u00e7\u00e3o e comunica\u00e7\u00e3o (TDIC) \u00e0s pr\u00e1ticas de professores de l\u00edngua inglesa. O projeto faz parte do EFOPLI e trabalha, desde 2018, na realiza\u00e7\u00e3o de encontros (presenciais, online e h\u00edbridos), atendimentos [&hellip;]<\/p>\n","protected":false},"author":144,"featured_media":0,"parent":0,"menu_order":0,"comment_status":"closed","ping_status":"closed","template":"","meta":{"footnotes":""},"class_list":["post-1032","page","type-page","status-publish","hentry"],"_links":{"self":[{"href":"https:\/\/www.ufpb.br\/efopli\/wp-json\/wp\/v2\/pages\/1032","targetHints":{"allow":["GET"]}}],"collection":[{"href":"https:\/\/www.ufpb.br\/efopli\/wp-json\/wp\/v2\/pages"}],"about":[{"href":"https:\/\/www.ufpb.br\/efopli\/wp-json\/wp\/v2\/types\/page"}],"author":[{"embeddable":true,"href":"https:\/\/www.ufpb.br\/efopli\/wp-json\/wp\/v2\/users\/144"}],"replies":[{"embeddable":true,"href":"https:\/\/www.ufpb.br\/efopli\/wp-json\/wp\/v2\/comments?post=1032"}],"version-history":[{"count":40,"href":"https:\/\/www.ufpb.br\/efopli\/wp-json\/wp\/v2\/pages\/1032\/revisions"}],"predecessor-version":[{"id":3150,"href":"https:\/\/www.ufpb.br\/efopli\/wp-json\/wp\/v2\/pages\/1032\/revisions\/3150"}],"wp:attachment":[{"href":"https:\/\/www.ufpb.br\/efopli\/wp-json\/wp\/v2\/media?parent=1032"}],"curies":[{"name":"wp","href":"https:\/\/api.w.org\/{rel}","templated":true}]}}