{"id":1394,"date":"2024-10-14T09:55:47","date_gmt":"2024-10-14T12:55:47","guid":{"rendered":"https:\/\/www.ufpb.br\/efopli2\/?page_id=1394"},"modified":"2026-03-21T18:55:09","modified_gmt":"2026-03-21T21:55:09","slug":"acoes-2015","status":"publish","type":"page","link":"https:\/\/www.ufpb.br\/efopli\/acoes\/acoes-2015\/","title":{"rendered":"A\u00e7\u00f5es 2015"},"content":{"rendered":"\n<figure class=\"wp-block-image\"><img loading=\"lazy\" decoding=\"async\" width=\"950\" height=\"300\" src=\"http:\/\/www.ufpb.br\/efopli2\/wp-content\/uploads\/sites\/122\/sites\/206\/2024\/10\/Professional-Development-for-English-Teachers-2015.1.jpg\" alt=\"\" class=\"wp-image-1395\" srcset=\"https:\/\/www.ufpb.br\/efopli\/wp-content\/uploads\/sites\/122\/sites\/206\/2024\/10\/Professional-Development-for-English-Teachers-2015.1.jpg 950w, https:\/\/www.ufpb.br\/efopli\/wp-content\/uploads\/sites\/122\/sites\/206\/2024\/10\/Professional-Development-for-English-Teachers-2015.1-300x95.jpg 300w, https:\/\/www.ufpb.br\/efopli\/wp-content\/uploads\/sites\/122\/sites\/206\/2024\/10\/Professional-Development-for-English-Teachers-2015.1-768x243.jpg 768w\" sizes=\"auto, (max-width: 950px) 100vw, 950px\" \/><\/figure>\n\n\n\n<p class=\"has-text-align-center has-small-font-size\">Professional Development for English Teachers (Turma 1)<\/p>\n\n\n\n<h3 class=\"wp-block-heading\"><strong>Professional Development for English Teachers (Turma 1)<\/strong><\/h3>\n\n\n\n<p>O curso&nbsp;<em>Professional Development for English Teachers<\/em> foi uma a\u00e7\u00e3o do EFOPLI fruto de uma parceria entre a Universidade Federal da Para\u00edba e o Consulado Americano em Recife, sob coordena\u00e7\u00e3o das professoras Mariana P\u00e9rez e Ana Carolina Bastos e colabora\u00e7\u00e3o de Laura Mizuha &#8211; English Language Specialist (Consulado Americano em Recife).<\/p>\n\n\n\n<p>A primeira turma do curso foi exclusiva para professores de ingl\u00eas. O curso foi ofertado \u00e0s sextas-feiras pela manh\u00e3, com carga hor\u00e1ria total de quarenta (40) horas, entre os meses de agosto e novembro.<\/p>\n\n\n<div class=\"wp-block-image\">\n<figure class=\"aligncenter\"><img loading=\"lazy\" decoding=\"async\" width=\"290\" height=\"208\" src=\"http:\/\/www.ufpb.br\/efopli2\/wp-content\/uploads\/sites\/122\/sites\/206\/2024\/10\/Professional-Development-for-English-Teachers-Flyer.png\" alt=\"\" class=\"wp-image-1402\" \/><\/figure>\n<\/div>\n\n\n<p class=\"has-text-align-center has-small-font-size\">Postagem de divulga\u00e7\u00e3o do curso.<\/p>\n\n\n\n<p>O curso teve como foco a discuss\u00e3o de aspectos relacionados ao ensino da l\u00edngua inglesa na escola. Os professores tiveram oportunidade de desenvolver projetos em suas turmas a partir das reflex\u00f5es promovidas durante os encontros na UFPB. Alguns desses projetos foram apresentados no II EPPI.<\/p>\n\n\n\n<p>Veja mais fotos dessa a\u00e7\u00e3o em nosso <a class=\"external-link\" title=\"\" href=\"https:\/\/www.flickr.com\/photos\/150253444@N08\/albums\/72157685105409315\" target=\"_blank\" rel=\"noopener\">Flickr<\/a><\/p>\n\n\n\n<figure class=\"wp-block-image\"><img loading=\"lazy\" decoding=\"async\" width=\"866\" height=\"404\" src=\"http:\/\/www.ufpb.br\/efopli2\/wp-content\/uploads\/sites\/122\/sites\/206\/2024\/10\/Professional-Development-for-English-Teachers-2015.2.jpg\" alt=\"\" class=\"wp-image-1398\" srcset=\"https:\/\/www.ufpb.br\/efopli\/wp-content\/uploads\/sites\/122\/sites\/206\/2024\/10\/Professional-Development-for-English-Teachers-2015.2.jpg 866w, https:\/\/www.ufpb.br\/efopli\/wp-content\/uploads\/sites\/122\/sites\/206\/2024\/10\/Professional-Development-for-English-Teachers-2015.2-300x140.jpg 300w, https:\/\/www.ufpb.br\/efopli\/wp-content\/uploads\/sites\/122\/sites\/206\/2024\/10\/Professional-Development-for-English-Teachers-2015.2-768x358.jpg 768w\" sizes=\"auto, (max-width: 866px) 100vw, 866px\" \/><\/figure>\n\n\n\n<p class=\"has-text-align-center has-small-font-size\">Professional Development for English Teachers (Turma 2)<\/p>\n\n\n\n<h3 class=\"wp-block-heading\"><strong>Professional Development for English Teachers (Turma 2)<\/strong><\/h3>\n\n\n\n<p>Tamb\u00e9m realizada entre os meses de agosto e novembro, a turma 2 teve foco na forma\u00e7\u00e3o de estudantes do curso de Letras &#8211; Ingl\u00eas da UFPB. O curso foi ofertado \u00e0s ter\u00e7as-feiras no turno da tarde, com carga hor\u00e1ria total de quarenta (40) horas.<\/p>\n\n\n\n<p>Os professores em pr\u00e9-servi\u00e7o (estudantes de Letras &#8211; Ingl\u00eas) tiveram uma oportunidade de pr\u00e1tica da l\u00edngua, trocas culturais, al\u00e9m de vivenciarem atividades pr\u00e1ticas e discuss\u00f5es sobre a pr\u00e1tica docente. Dessas experi\u00eancias tamb\u00e9m resultaram apresenta\u00e7\u00f5es de p\u00f4steres no II EPPI.<\/p>\n\n\n\n<p>Para mais fotos dessa a\u00e7\u00e3o, acesse o \u00e1lbum dedicado a ela em nosso <a class=\"external-link\" title=\"\" href=\"https:\/\/www.flickr.com\/photos\/efopli\/albums\/72157683076482170\/\" target=\"_blank\" rel=\"noopener\">Flickr<\/a><\/p>\n\n\n\n<figure class=\"wp-block-image\"><img loading=\"lazy\" decoding=\"async\" width=\"884\" height=\"356\" src=\"http:\/\/www.ufpb.br\/efopli2\/wp-content\/uploads\/sites\/122\/sites\/206\/2024\/10\/Professional-Development-for-English-Teachers-2015.3.jpg\" alt=\"\" class=\"wp-image-1400\" srcset=\"https:\/\/www.ufpb.br\/efopli\/wp-content\/uploads\/sites\/122\/sites\/206\/2024\/10\/Professional-Development-for-English-Teachers-2015.3.jpg 884w, https:\/\/www.ufpb.br\/efopli\/wp-content\/uploads\/sites\/122\/sites\/206\/2024\/10\/Professional-Development-for-English-Teachers-2015.3-300x121.jpg 300w, https:\/\/www.ufpb.br\/efopli\/wp-content\/uploads\/sites\/122\/sites\/206\/2024\/10\/Professional-Development-for-English-Teachers-2015.3-768x309.jpg 768w\" sizes=\"auto, (max-width: 884px) 100vw, 884px\" \/><\/figure>\n\n\n\n<p class=\"has-text-align-center has-small-font-size\">Professional Development for English Teachers: ELT Workshops (Turma 3)<\/p>\n\n\n\n<h3 class=\"wp-block-heading\"><strong>Professional Development for English Teachers: ELT Workshops (Turma 3<\/strong><strong>)<\/strong><\/h3>\n\n\n\n<p>A terceira e \u00faltima turma do curso <em>Professional Development for English Teachers<\/em> formada durante o ano de 2015 foi destinada aos professores da rede estadual de ensino que n\u00e3o puderam participar da Turma 1, por motivos de hor\u00e1rio ou por serem de cidades diferentes. Esta turma teve o subt\u00edtulo <em>English Language Teaching Workshops<\/em>.<\/p>\n\n\n\n<p>Participaram dela professores de diversas cidades do estado. Al\u00e9m de Jo\u00e3o Pessoa, tivemos professores de Campina Grande, Patos, Boa Vista, Cajazeiras, Zabel\u00ea e Cruz do Esp\u00edrito Santo. O curso foi ofertado nas ter\u00e7as-feiras \u00e0 noite, com carga hor\u00e1ria total de quinze (15) horas, entre os meses de novembro e dezembro. Ap\u00f3s sua conclus\u00e3o, os professores tamb\u00e9m desenvolveram projetos apresentados no II EPPI.<\/p>\n\n\n\n<p>Confira o \u00e1lbum de fotos referente a esta a\u00e7\u00e3o em nosso <a class=\"external-link\" title=\"\" href=\"https:\/\/www.flickr.com\/photos\/150253444@N08\/albums\/72157683076482170\/with\/35202549401\/\" target=\"_blank\" rel=\"noopener\">Flickr<\/a><\/p>\n\n\n\n<figure class=\"wp-block-image\"><img loading=\"lazy\" decoding=\"async\" width=\"1280\" height=\"50\" src=\"http:\/\/www.ufpb.br\/efopli2\/wp-content\/uploads\/sites\/122\/sites\/206\/2024\/09\/Barra.png\" alt=\"\" class=\"wp-image-208\" srcset=\"https:\/\/www.ufpb.br\/efopli\/wp-content\/uploads\/sites\/122\/sites\/206\/2024\/09\/Barra.png 1280w, https:\/\/www.ufpb.br\/efopli\/wp-content\/uploads\/sites\/122\/sites\/206\/2024\/09\/Barra-300x12.png 300w, https:\/\/www.ufpb.br\/efopli\/wp-content\/uploads\/sites\/122\/sites\/206\/2024\/09\/Barra-1024x40.png 1024w, https:\/\/www.ufpb.br\/efopli\/wp-content\/uploads\/sites\/122\/sites\/206\/2024\/09\/Barra-768x30.png 768w\" sizes=\"auto, (max-width: 1280px) 100vw, 1280px\" \/><\/figure>\n\n\n\n<p class=\"has-text-align-center\"><\/p>\n\n\n\n<figure class=\"wp-block-image\"><img loading=\"lazy\" decoding=\"async\" width=\"847\" height=\"395\" src=\"http:\/\/www.ufpb.br\/efopli2\/wp-content\/uploads\/sites\/122\/sites\/206\/2024\/10\/II-EPPI.jpg\" alt=\"\" class=\"wp-image-1403\" srcset=\"https:\/\/www.ufpb.br\/efopli\/wp-content\/uploads\/sites\/122\/sites\/206\/2024\/10\/II-EPPI.jpg 847w, https:\/\/www.ufpb.br\/efopli\/wp-content\/uploads\/sites\/122\/sites\/206\/2024\/10\/II-EPPI-300x140.jpg 300w, https:\/\/www.ufpb.br\/efopli\/wp-content\/uploads\/sites\/122\/sites\/206\/2024\/10\/II-EPPI-768x358.jpg 768w\" sizes=\"auto, (max-width: 847px) 100vw, 847px\" \/><\/figure>\n\n\n\n<p class=\"has-text-align-center has-small-font-size\">II EPPI<\/p>\n\n\n\n<h3 class=\"wp-block-heading\">II Encontro Paraibano de Professores de Ingl\u00eas<\/h3>\n\n\n\n<p class=\"font_7\">A Universidade Federal da Para\u00edba (UFPB) sediou, nos dias 06 e 07 de novembro de 2015, o II EPPI: Encontro Paraibano de Professores de Ingl\u00eas.<\/p>\n\n\n\n<p class=\"font_7\">O EPPI \u00e9 uma a\u00e7\u00e3o do projeto EFOPLI: Espa\u00e7os para a Forma\u00e7\u00e3o do Professor de L\u00edngua Inglesa (PROBEX\/UFPB\/2015) que tem como objetivo oportunizar um espa\u00e7o para a reflex\u00e3o sobre o ensino de l\u00edngua inglesa &#8211;&nbsp;atrav\u00e9s da troca de experi\u00eancias, socializa\u00e7\u00e3o de pesquisas e pr\u00e1ticas &#8211; de&nbsp;professores de ingl\u00eas que atuam na Para\u00edba em diferentes n\u00edveis de ensino e contextos.<\/p>\n\n\n\n<p class=\"font_7\">Em sua segunda edi\u00e7\u00e3o, o evento incluiu, em sua programa\u00e7\u00e3o, plen\u00e1rias, mesa redonda, sess\u00e3o de p\u00f4steres, al\u00e9m da oferta de oficinas. O encontro busca congregar professores de escolas regulares e de l\u00ednguas, al\u00e9m de docentes de institui\u00e7\u00f5es de ensino superior, fortalecendo o di\u00e1logo entre os profissionais da \u00e1rea no estado da Para\u00edba.<\/p>\n","protected":false},"excerpt":{"rendered":"<p>Professional Development for English Teachers (Turma 1) Professional Development for English Teachers (Turma 1) O curso&nbsp;Professional Development for English Teachers foi uma a\u00e7\u00e3o do EFOPLI fruto de uma parceria entre a Universidade Federal da Para\u00edba e o Consulado Americano em Recife, sob coordena\u00e7\u00e3o das professoras Mariana P\u00e9rez e Ana Carolina Bastos e colabora\u00e7\u00e3o de Laura [&hellip;]<\/p>\n","protected":false},"author":146,"featured_media":0,"parent":80,"menu_order":0,"comment_status":"closed","ping_status":"closed","template":"","meta":{"footnotes":""},"class_list":["post-1394","page","type-page","status-publish","hentry"],"_links":{"self":[{"href":"https:\/\/www.ufpb.br\/efopli\/wp-json\/wp\/v2\/pages\/1394","targetHints":{"allow":["GET"]}}],"collection":[{"href":"https:\/\/www.ufpb.br\/efopli\/wp-json\/wp\/v2\/pages"}],"about":[{"href":"https:\/\/www.ufpb.br\/efopli\/wp-json\/wp\/v2\/types\/page"}],"author":[{"embeddable":true,"href":"https:\/\/www.ufpb.br\/efopli\/wp-json\/wp\/v2\/users\/146"}],"replies":[{"embeddable":true,"href":"https:\/\/www.ufpb.br\/efopli\/wp-json\/wp\/v2\/comments?post=1394"}],"version-history":[{"count":7,"href":"https:\/\/www.ufpb.br\/efopli\/wp-json\/wp\/v2\/pages\/1394\/revisions"}],"predecessor-version":[{"id":3359,"href":"https:\/\/www.ufpb.br\/efopli\/wp-json\/wp\/v2\/pages\/1394\/revisions\/3359"}],"up":[{"embeddable":true,"href":"https:\/\/www.ufpb.br\/efopli\/wp-json\/wp\/v2\/pages\/80"}],"wp:attachment":[{"href":"https:\/\/www.ufpb.br\/efopli\/wp-json\/wp\/v2\/media?parent=1394"}],"curies":[{"name":"wp","href":"https:\/\/api.w.org\/{rel}","templated":true}]}}