{"id":1422,"date":"2024-10-14T12:16:22","date_gmt":"2024-10-14T15:16:22","guid":{"rendered":"https:\/\/www.ufpb.br\/efopli2\/?page_id=1422"},"modified":"2024-11-14T13:45:11","modified_gmt":"2024-11-14T16:45:11","slug":"professional-development-for-english-teachers-2016","status":"publish","type":"page","link":"https:\/\/www.ufpb.br\/efopli\/professional-development-for-english-teachers-2016\/","title":{"rendered":"Professional Development for English Teachers (2016)"},"content":{"rendered":"<h3 style=\"text-align: center\"><img loading=\"lazy\" decoding=\"async\" class=\"alignnone size-full wp-image-1423\" src=\"http:\/\/www.ufpb.br\/efopli2\/wp-content\/uploads\/sites\/122\/sites\/206\/2024\/10\/2016-Professional-Development-for-English-Teachers-Turma-1.jpg\" alt=\"\" width=\"774\" height=\"293\" srcset=\"https:\/\/www.ufpb.br\/efopli\/wp-content\/uploads\/sites\/122\/sites\/206\/2024\/10\/2016-Professional-Development-for-English-Teachers-Turma-1.jpg 774w, https:\/\/www.ufpb.br\/efopli\/wp-content\/uploads\/sites\/122\/sites\/206\/2024\/10\/2016-Professional-Development-for-English-Teachers-Turma-1-300x114.jpg 300w, https:\/\/www.ufpb.br\/efopli\/wp-content\/uploads\/sites\/122\/sites\/206\/2024\/10\/2016-Professional-Development-for-English-Teachers-Turma-1-768x291.jpg 768w\" sizes=\"auto, (max-width: 774px) 100vw, 774px\" \/><\/h3>\n<p>Retornando ap\u00f3s uma experi\u00eancia exitosa no ano de 2015, o curso <em>Professional Development for English Teachers<\/em> foi novamente ofertado em 2016, desta vez para duas diferentes turmas. A turma 1 foi exclusiva para professores de ingl\u00eas. As oficinas ocorreram nas ter\u00e7as-feiras \u00e0 noite, com carga hor\u00e1ria total de trinta (30) horas, entre os meses de abril e junho.<\/p>\n<p>O curso teve como foco a discuss\u00e3o de aspectos relacionados ao ensino da l\u00edngua inglesa na escola. Os professores tiveram oportunidade de desenvolver projetos em suas turmas a partir das reflex\u00f5es nos encontros na UFPB. Alguns desses projetos foram apresentados no III EPPI.<\/p>\n<p>Para mais fotos dessa a\u00e7\u00e3o, acesse nosso <a class=\"external-link\" title=\"\" href=\"https:\/\/www.flickr.com\/photos\/150253444@N08\/albums\/72157685001066986\" target=\"_blank\" rel=\"noopener\">Flickr<\/a><\/p>\n","protected":false},"excerpt":{"rendered":"<p>Retornando ap\u00f3s uma experi\u00eancia exitosa no ano de 2015, o curso Professional Development for English Teachers foi novamente ofertado em 2016, desta vez para duas diferentes turmas. A turma 1 foi exclusiva para professores de ingl\u00eas. As oficinas ocorreram nas ter\u00e7as-feiras \u00e0 noite, com carga hor\u00e1ria total de trinta (30) horas, entre os meses de [&hellip;]<\/p>\n","protected":false},"author":146,"featured_media":0,"parent":0,"menu_order":0,"comment_status":"closed","ping_status":"closed","template":"","meta":{"footnotes":""},"class_list":["post-1422","page","type-page","status-publish","hentry"],"_links":{"self":[{"href":"https:\/\/www.ufpb.br\/efopli\/wp-json\/wp\/v2\/pages\/1422","targetHints":{"allow":["GET"]}}],"collection":[{"href":"https:\/\/www.ufpb.br\/efopli\/wp-json\/wp\/v2\/pages"}],"about":[{"href":"https:\/\/www.ufpb.br\/efopli\/wp-json\/wp\/v2\/types\/page"}],"author":[{"embeddable":true,"href":"https:\/\/www.ufpb.br\/efopli\/wp-json\/wp\/v2\/users\/146"}],"replies":[{"embeddable":true,"href":"https:\/\/www.ufpb.br\/efopli\/wp-json\/wp\/v2\/comments?post=1422"}],"version-history":[{"count":2,"href":"https:\/\/www.ufpb.br\/efopli\/wp-json\/wp\/v2\/pages\/1422\/revisions"}],"predecessor-version":[{"id":2192,"href":"https:\/\/www.ufpb.br\/efopli\/wp-json\/wp\/v2\/pages\/1422\/revisions\/2192"}],"wp:attachment":[{"href":"https:\/\/www.ufpb.br\/efopli\/wp-json\/wp\/v2\/media?parent=1422"}],"curies":[{"name":"wp","href":"https:\/\/api.w.org\/{rel}","templated":true}]}}